{"id":9456,"date":"2025-05-24T08:40:14","date_gmt":"2025-05-24T08:40:14","guid":{"rendered":"https:\/\/cuisine-la-nature.com\/?page_id=9456"},"modified":"2025-05-24T08:48:52","modified_gmt":"2025-05-24T08:48:52","slug":"recette-pralines-au-chocolat-et-aux-pousses-depicea","status":"publish","type":"page","link":"https:\/\/cuisine-la-nature.com\/fr_fr\/recette-pralines-au-chocolat-et-aux-pousses-depicea","title":{"rendered":"Recette Pralines au chocolat et aux pousses d&#8217;\u00e9pic\u00e9a"},"content":{"rendered":"\t\t<div data-elementor-type=\"wp-page\" data-elementor-id=\"9456\" class=\"elementor elementor-9456\">\n\t\t\t\t\t\t<section class=\"elementor-section elementor-top-section elementor-element elementor-element-df67875 elementor-section-boxed elementor-section-height-default elementor-section-height-default\" data-id=\"df67875\" data-element_type=\"section\" data-e-type=\"section\" data-settings=\"{&quot;background_background&quot;:&quot;classic&quot;}\">\n\t\t\t\t\t\t<div class=\"elementor-container elementor-column-gap-default\">\n\t\t\t\t\t<div class=\"elementor-column elementor-col-100 elementor-top-column elementor-element elementor-element-0100d3e\" data-id=\"0100d3e\" data-element_type=\"column\" data-e-type=\"column\" data-settings=\"{&quot;background_background&quot;:&quot;classic&quot;}\">\n\t\t\t<div class=\"elementor-widget-wrap elementor-element-populated\">\n\t\t\t\t\t\t<div class=\"elementor-element elementor-element-0c3a2ba elementor-widget elementor-widget-heading\" data-id=\"0c3a2ba\" data-element_type=\"widget\" data-e-type=\"widget\" data-widget_type=\"heading.default\">\n\t\t\t\t<div class=\"elementor-widget-container\">\n\t\t\t\t\t<h2 class=\"elementor-heading-title elementor-size-default\">Pralines au chocolat et aux pousses d'\u00e9pic\u00e9a<\/h2>\t\t\t\t<\/div>\n\t\t\t\t<\/div>\n\t\t\t\t\t<\/div>\n\t\t<\/div>\n\t\t\t\t\t<\/div>\n\t\t<\/section>\n\t\t\t\t<section class=\"elementor-section elementor-top-section elementor-element elementor-element-1c9041f elementor-section-boxed elementor-section-height-default elementor-section-height-default\" data-id=\"1c9041f\" data-element_type=\"section\" data-e-type=\"section\" data-settings=\"{&quot;background_background&quot;:&quot;classic&quot;}\">\n\t\t\t\t\t\t<div class=\"elementor-container elementor-column-gap-default\">\n\t\t\t\t\t<div class=\"elementor-column elementor-col-100 elementor-top-column elementor-element elementor-element-5069e14\" data-id=\"5069e14\" data-element_type=\"column\" data-e-type=\"column\" data-settings=\"{&quot;background_background&quot;:&quot;classic&quot;}\">\n\t\t\t<div class=\"elementor-widget-wrap elementor-element-populated\">\n\t\t\t\t\t\t<div class=\"elementor-element elementor-element-7b604c6 elementor-widget elementor-widget-heading\" data-id=\"7b604c6\" data-element_type=\"widget\" data-e-type=\"widget\" data-widget_type=\"heading.default\">\n\t\t\t\t<div class=\"elementor-widget-container\">\n\t\t\t\t\t<h2 class=\"elementor-heading-title elementor-size-default\">Recette de Yoann Hue<\/h2>\t\t\t\t<\/div>\n\t\t\t\t<\/div>\n\t\t\t\t\t<\/div>\n\t\t<\/div>\n\t\t\t\t\t<\/div>\n\t\t<\/section>\n\t\t\t\t<section class=\"elementor-section elementor-top-section elementor-element elementor-element-234d774 elementor-section-boxed elementor-section-height-default elementor-section-height-default\" data-id=\"234d774\" data-element_type=\"section\" data-e-type=\"section\" data-settings=\"{&quot;background_background&quot;:&quot;gradient&quot;}\">\n\t\t\t\t\t\t<div class=\"elementor-container elementor-column-gap-default\">\n\t\t\t\t\t<div class=\"elementor-column elementor-col-100 elementor-top-column elementor-element elementor-element-62abd44\" data-id=\"62abd44\" data-element_type=\"column\" data-e-type=\"column\">\n\t\t\t<div class=\"elementor-widget-wrap elementor-element-populated\">\n\t\t\t\t\t\t<section class=\"elementor-section elementor-inner-section elementor-element elementor-element-f024776 elementor-section-boxed elementor-section-height-default elementor-section-height-default\" data-id=\"f024776\" data-element_type=\"section\" data-e-type=\"section\">\n\t\t\t\t\t\t<div class=\"elementor-container elementor-column-gap-default\">\n\t\t\t\t\t<div class=\"elementor-column elementor-col-100 elementor-inner-column elementor-element elementor-element-f1da22c\" data-id=\"f1da22c\" data-element_type=\"column\" data-e-type=\"column\">\n\t\t\t<div class=\"elementor-widget-wrap elementor-element-populated\">\n\t\t\t\t\t\t<div class=\"elementor-element elementor-element-5c8274b elementor-widget elementor-widget-image\" data-id=\"5c8274b\" data-element_type=\"widget\" data-e-type=\"widget\" data-widget_type=\"image.default\">\n\t\t\t\t<div class=\"elementor-widget-container\">\n\t\t\t\t\t\t\t\t\t\t\t\t\t\t\t<img fetchpriority=\"high\" decoding=\"async\" width=\"600\" height=\"450\" src=\"https:\/\/i0.wp.com\/cuisine-la-nature.com\/wp-content\/uploads\/2025\/05\/Epicearecette3.jpg?fit=600%2C450&amp;ssl=1\" class=\"attachment-full size-full wp-image-9470\" alt=\"Pralines au chocolat et aux pousses d&#039;\u00e9pic\u00e9a\" srcset=\"https:\/\/i0.wp.com\/cuisine-la-nature.com\/wp-content\/uploads\/2025\/05\/Epicearecette3.jpg?w=600&amp;ssl=1 600w, https:\/\/i0.wp.com\/cuisine-la-nature.com\/wp-content\/uploads\/2025\/05\/Epicearecette3.jpg?resize=300%2C225&amp;ssl=1 300w, https:\/\/i0.wp.com\/cuisine-la-nature.com\/wp-content\/uploads\/2025\/05\/Epicearecette3.jpg?resize=16%2C12&amp;ssl=1 16w\" sizes=\"(max-width: 600px) 100vw, 600px\" \/>\t\t\t\t\t\t\t\t\t\t\t\t\t\t\t<\/div>\n\t\t\t\t<\/div>\n\t\t\t\t<div class=\"elementor-element elementor-element-cebe16c elementor-widget elementor-widget-text-editor\" data-id=\"cebe16c\" data-element_type=\"widget\" data-e-type=\"widget\" data-widget_type=\"text-editor.default\">\n\t\t\t\t<div class=\"elementor-widget-container\">\n\t\t\t\t\t\t\t\t\t<p style=\"text-align: center;\"><span style=\"color: #000000;\"><em>Photo de Yoann Hue<\/em><\/span><\/p>\t\t\t\t\t\t\t\t<\/div>\n\t\t\t\t<\/div>\n\t\t\t\t\t<\/div>\n\t\t<\/div>\n\t\t\t\t\t<\/div>\n\t\t<\/section>\n\t\t\t\t<section class=\"elementor-section elementor-inner-section elementor-element elementor-element-a9d50a7 elementor-section-boxed elementor-section-height-default elementor-section-height-default\" data-id=\"a9d50a7\" data-element_type=\"section\" data-e-type=\"section\">\n\t\t\t\t\t\t<div class=\"elementor-container elementor-column-gap-default\">\n\t\t\t\t\t<div class=\"elementor-column elementor-col-100 elementor-inner-column elementor-element elementor-element-3b8eb2b\" data-id=\"3b8eb2b\" data-element_type=\"column\" data-e-type=\"column\">\n\t\t\t<div class=\"elementor-widget-wrap elementor-element-populated\">\n\t\t\t\t\t\t<div class=\"elementor-element elementor-element-b7b7e04 elementor-widget elementor-widget-text-editor\" data-id=\"b7b7e04\" data-element_type=\"widget\" data-e-type=\"widget\" data-widget_type=\"text-editor.default\">\n\t\t\t\t<div class=\"elementor-widget-container\">\n\t\t\t\t\t\t\t\t\t<p>Ingr\u00e9dients pour 60 pralines<\/p>\t\t\t\t\t\t\t\t<\/div>\n\t\t\t\t<\/div>\n\t\t\t\t\t<\/div>\n\t\t<\/div>\n\t\t\t\t\t<\/div>\n\t\t<\/section>\n\t\t\t\t<section class=\"elementor-section elementor-inner-section elementor-element elementor-element-1d5a630 elementor-section-boxed elementor-section-height-default elementor-section-height-default\" data-id=\"1d5a630\" data-element_type=\"section\" data-e-type=\"section\">\n\t\t\t\t\t\t<div class=\"elementor-container elementor-column-gap-default\">\n\t\t\t\t\t<div class=\"elementor-column elementor-col-33 elementor-inner-column elementor-element elementor-element-725e16a\" data-id=\"725e16a\" data-element_type=\"column\" data-e-type=\"column\">\n\t\t\t<div class=\"elementor-widget-wrap elementor-element-populated\">\n\t\t\t\t\t\t<div class=\"elementor-element elementor-element-9aab77e elementor-widget elementor-widget-text-editor\" data-id=\"9aab77e\" data-element_type=\"widget\" data-e-type=\"widget\" data-widget_type=\"text-editor.default\">\n\t\t\t\t<div class=\"elementor-widget-container\">\n\t\t\t\t\t\t\t\t\t<ul><li><span style=\"color: #000000;\">200 ml de cr\u00e8me fleurette<\/span><\/li><li><span style=\"color: #000000;\">200 g de couverture chocolat noire<\/span><\/li><li><span style=\"color: #000000;\">80 g de pur\u00e9e de pousses d&#8217;\u00e9pic\u00e9a (40 g de pousses d\u2019\u00e9pic\u00e9a mix\u00e9es finement avec 40 g de sucre)<\/span><\/li><li><span style=\"color: #000000;\">Couverture chocolat noire<\/span><\/li><li><span style=\"color: #000000;\">Poudre de pousses d&#8217;\u00e9pic\u00e9a s\u00e9ch\u00e9es<\/span><\/li><\/ul>\t\t\t\t\t\t\t\t<\/div>\n\t\t\t\t<\/div>\n\t\t\t\t\t<\/div>\n\t\t<\/div>\n\t\t\t\t<div class=\"elementor-column elementor-col-33 elementor-inner-column elementor-element elementor-element-887840c\" data-id=\"887840c\" data-element_type=\"column\" data-e-type=\"column\">\n\t\t\t<div class=\"elementor-widget-wrap\">\n\t\t\t\t\t\t\t<\/div>\n\t\t<\/div>\n\t\t\t\t<div class=\"elementor-column elementor-col-33 elementor-inner-column elementor-element elementor-element-16120e0\" data-id=\"16120e0\" data-element_type=\"column\" data-e-type=\"column\">\n\t\t\t<div class=\"elementor-widget-wrap\">\n\t\t\t\t\t\t\t<\/div>\n\t\t<\/div>\n\t\t\t\t\t<\/div>\n\t\t<\/section>\n\t\t\t\t<section class=\"elementor-section elementor-inner-section elementor-element elementor-element-91e059f elementor-section-boxed elementor-section-height-default elementor-section-height-default\" data-id=\"91e059f\" data-element_type=\"section\" data-e-type=\"section\">\n\t\t\t\t\t\t<div class=\"elementor-container elementor-column-gap-default\">\n\t\t\t\t\t<div class=\"elementor-column elementor-col-100 elementor-inner-column elementor-element elementor-element-7f996d1\" data-id=\"7f996d1\" data-element_type=\"column\" data-e-type=\"column\">\n\t\t\t<div class=\"elementor-widget-wrap elementor-element-populated\">\n\t\t\t\t\t\t<div class=\"elementor-element elementor-element-52ed277 elementor-widget elementor-widget-text-editor\" data-id=\"52ed277\" data-element_type=\"widget\" data-e-type=\"widget\" data-widget_type=\"text-editor.default\">\n\t\t\t\t<div class=\"elementor-widget-container\">\n\t\t\t\t\t\t\t\t\t<p>Pr\u00e9paration de la recette<\/p>\t\t\t\t\t\t\t\t<\/div>\n\t\t\t\t<\/div>\n\t\t\t\t\t<\/div>\n\t\t<\/div>\n\t\t\t\t\t<\/div>\n\t\t<\/section>\n\t\t\t\t<section class=\"elementor-section elementor-inner-section elementor-element elementor-element-6725a09 elementor-section-boxed elementor-section-height-default elementor-section-height-default\" data-id=\"6725a09\" data-element_type=\"section\" data-e-type=\"section\">\n\t\t\t\t\t\t<div class=\"elementor-container elementor-column-gap-default\">\n\t\t\t\t\t<div class=\"elementor-column elementor-col-100 elementor-inner-column elementor-element elementor-element-c473f5e\" data-id=\"c473f5e\" data-element_type=\"column\" data-e-type=\"column\">\n\t\t\t<div class=\"elementor-widget-wrap elementor-element-populated\">\n\t\t\t\t\t\t<div class=\"elementor-element elementor-element-6327158 elementor-widget elementor-widget-text-editor\" data-id=\"6327158\" data-element_type=\"widget\" data-e-type=\"widget\" data-widget_type=\"text-editor.default\">\n\t\t\t\t<div class=\"elementor-widget-container\">\n\t\t\t\t\t\t\t\t\t<p>Au printemps, r\u00e9colter les jeunes pousses d&#8217;\u00e9pic\u00e9a. Les mixer au rotor finement avec le m\u00eame poids de sucre. Cette pur\u00e9e d&#8217;\u00e9pic\u00e9a peut \u00eatre alors congel\u00e9e. En r\u00e9server une poign\u00e9e que vous s\u00e9chez et r\u00e9duisez alors en poudre.<\/p><p>Couper 200 g de couverture chocolat en petits morceaux. Chauffer la cr\u00e8me avec la pur\u00e9e d&#8217;\u00e9pic\u00e9a. Ajouter la couverture chocolat et bien m\u00e9langer pour obtenir une ganache bien lisse. Verser dans une bo\u00eete ou plaque creuse d&#8217;environ 12 x 22 cm recouverte de film plastique. Laisser refroidir au cong\u00e9lateur.<\/p><p>Tailler les pralines en cubes de 2 cm.<\/p><p>Mettre de la couverture \u00e0 fondre au bain-marie. Tremper les pralines dans la couverture fondue puis les d\u00e9poser sur une plaque recouverte de papier sulfuris\u00e9. Saupoudrer directement dessus un trait de poudre d&#8217;\u00e9pic\u00e9a. R\u00e9server dans une bo\u00eete herm\u00e9tique au cong\u00e9lateur ou au r\u00e9frig\u00e9rateur.<\/p>\t\t\t\t\t\t\t\t<\/div>\n\t\t\t\t<\/div>\n\t\t\t\t\t<\/div>\n\t\t<\/div>\n\t\t\t\t\t<\/div>\n\t\t<\/section>\n\t\t\t\t\t<\/div>\n\t\t<\/div>\n\t\t\t\t\t<\/div>\n\t\t<\/section>\n\t\t\t\t<\/div>\n\t\t","protected":false},"excerpt":{"rendered":"<p>Pralines au chocolat et aux pousses d&#8217;\u00e9pic\u00e9a Recette de Yoann Hue Photo de Yoann Hue Ingr\u00e9dients pour 60 pralines 200 ml de cr\u00e8me fleurette 200 g de couverture chocolat noire 80 g de pur\u00e9e de pousses d&#8217;\u00e9pic\u00e9a (40 g de pousses d\u2019\u00e9pic\u00e9a mix\u00e9es finement avec 40 g de sucre) Couverture chocolat noire Poudre de pousses [&hellip;]<\/p>\n","protected":false},"author":1,"featured_media":0,"parent":0,"menu_order":0,"comment_status":"closed","ping_status":"closed","template":"","meta":{"nf_dc_page":"","ocean_post_layout":"full-screen","ocean_both_sidebars_style":"","ocean_both_sidebars_content_width":0,"ocean_both_sidebars_sidebars_width":0,"ocean_sidebar":"","ocean_second_sidebar":"","ocean_disable_margins":"on","ocean_add_body_class":"","ocean_shortcode_before_top_bar":"","ocean_shortcode_after_top_bar":"","ocean_shortcode_before_header":"","ocean_shortcode_after_header":"","ocean_has_shortcode":"","ocean_shortcode_after_title":"","ocean_shortcode_before_footer_widgets":"","ocean_shortcode_after_footer_widgets":"","ocean_shortcode_before_footer_bottom":"","ocean_shortcode_after_footer_bottom":"","ocean_display_top_bar":"off","ocean_display_header":"default","ocean_header_style":"","ocean_center_header_left_menu":"","ocean_custom_header_template":"","ocean_custom_logo":0,"ocean_custom_retina_logo":0,"ocean_custom_logo_max_width":0,"ocean_custom_logo_tablet_max_width":0,"ocean_custom_logo_mobile_max_width":0,"ocean_custom_logo_max_height":0,"ocean_custom_logo_tablet_max_height":0,"ocean_custom_logo_mobile_max_height":0,"ocean_header_custom_menu":"","ocean_menu_typo_font_family":"","ocean_menu_typo_font_subset":"","ocean_menu_typo_font_size":0,"ocean_menu_typo_font_size_tablet":0,"ocean_menu_typo_font_size_mobile":0,"ocean_menu_typo_font_size_unit":"px","ocean_menu_typo_font_weight":"","ocean_menu_typo_font_weight_tablet":"","ocean_menu_typo_font_weight_mobile":"","ocean_menu_typo_transform":"","ocean_menu_typo_transform_tablet":"","ocean_menu_typo_transform_mobile":"","ocean_menu_typo_line_height":0,"ocean_menu_typo_line_height_tablet":0,"ocean_menu_typo_line_height_mobile":0,"ocean_menu_typo_line_height_unit":"","ocean_menu_typo_spacing":0,"ocean_menu_typo_spacing_tablet":0,"ocean_menu_typo_spacing_mobile":0,"ocean_menu_typo_spacing_unit":"","ocean_menu_link_color":"","ocean_menu_link_color_hover":"","ocean_menu_link_color_active":"","ocean_menu_link_background":"","ocean_menu_link_hover_background":"","ocean_menu_link_active_background":"","ocean_menu_social_links_bg":"","ocean_menu_social_hover_links_bg":"","ocean_menu_social_links_color":"","ocean_menu_social_hover_links_color":"","ocean_disable_title":"on","ocean_disable_heading":"default","ocean_post_title":"","ocean_post_subheading":"","ocean_post_title_style":"","ocean_post_title_background_color":"","ocean_post_title_background":0,"ocean_post_title_bg_image_position":"","ocean_post_title_bg_image_attachment":"","ocean_post_title_bg_image_repeat":"","ocean_post_title_bg_image_size":"","ocean_post_title_height":0,"ocean_post_title_bg_overlay":0.5,"ocean_post_title_bg_overlay_color":"","ocean_disable_breadcrumbs":"default","ocean_breadcrumbs_color":"","ocean_breadcrumbs_separator_color":"","ocean_breadcrumbs_links_color":"","ocean_breadcrumbs_links_hover_color":"","ocean_display_footer_widgets":"default","ocean_display_footer_bottom":"default","ocean_custom_footer_template":"","iawp_total_views":17,"footnotes":""},"class_list":["post-9456","page","type-page","status-publish","hentry","entry"],"yoast_head":"<!-- This site is optimized with the Yoast SEO plugin v27.4 - https:\/\/yoast.com\/product\/yoast-seo-wordpress\/ -->\n<title>Recette Pralines au chocolat et aux pousses d&#039;\u00e9pic\u00e9a - Cuisine la Nature<\/title>\n<meta name=\"description\" content=\"Une recette aux pousses de sapin ou d&#039;\u00e9pic\u00e9a de Yoann Hue excellente \u00e0 essayer absolument : &quot;Pralines au chocolat et aux pousses d&#039;\u00e9pic\u00e9a&quot;\" \/>\n<meta name=\"robots\" content=\"index, follow, max-snippet:-1, max-image-preview:large, max-video-preview:-1\" \/>\n<link rel=\"canonical\" href=\"https:\/\/cuisine-la-nature.com\/fr_fr\/recette-pralines-au-chocolat-et-aux-pousses-depicea\/\" \/>\n<meta property=\"og:locale\" content=\"fr_FR\" \/>\n<meta property=\"og:type\" content=\"article\" \/>\n<meta property=\"og:title\" content=\"Recette Pralines au chocolat et aux pousses d&#039;\u00e9pic\u00e9a - Cuisine la Nature\" \/>\n<meta property=\"og:description\" content=\"Une recette aux pousses de sapin ou d&#039;\u00e9pic\u00e9a de Yoann Hue excellente \u00e0 essayer absolument : &quot;Pralines au chocolat et aux pousses d&#039;\u00e9pic\u00e9a&quot;\" \/>\n<meta property=\"og:url\" content=\"https:\/\/cuisine-la-nature.com\/fr_fr\/recette-pralines-au-chocolat-et-aux-pousses-depicea\/\" \/>\n<meta property=\"og:site_name\" content=\"Cuisine la Nature\" \/>\n<meta property=\"article:modified_time\" content=\"2025-05-24T08:48:52+00:00\" \/>\n<meta property=\"og:image\" content=\"https:\/\/cuisine-la-nature.com\/wp-content\/uploads\/2025\/05\/Epicearecette3.jpg\" \/>\n<meta name=\"twitter:card\" content=\"summary_large_image\" \/>\n<meta name=\"twitter:label1\" content=\"Dur\u00e9e de lecture estim\u00e9e\" \/>\n\t<meta name=\"twitter:data1\" content=\"2 minutes\" \/>\n<script type=\"application\/ld+json\" class=\"yoast-schema-graph\">{\"@context\":\"https:\\\/\\\/schema.org\",\"@graph\":[{\"@type\":\"WebPage\",\"@id\":\"https:\\\/\\\/cuisine-la-nature.com\\\/recette-pralines-au-chocolat-et-aux-pousses-depicea\",\"url\":\"https:\\\/\\\/cuisine-la-nature.com\\\/recette-pralines-au-chocolat-et-aux-pousses-depicea\",\"name\":\"Recette Pralines au chocolat et aux pousses d'\u00e9pic\u00e9a - Cuisine la Nature\",\"isPartOf\":{\"@id\":\"https:\\\/\\\/cuisine-la-nature.com\\\/#website\"},\"primaryImageOfPage\":{\"@id\":\"https:\\\/\\\/cuisine-la-nature.com\\\/recette-pralines-au-chocolat-et-aux-pousses-depicea#primaryimage\"},\"image\":{\"@id\":\"https:\\\/\\\/cuisine-la-nature.com\\\/recette-pralines-au-chocolat-et-aux-pousses-depicea#primaryimage\"},\"thumbnailUrl\":\"https:\\\/\\\/cuisine-la-nature.com\\\/wp-content\\\/uploads\\\/2025\\\/05\\\/Epicearecette3.jpg\",\"datePublished\":\"2025-05-24T08:40:14+00:00\",\"dateModified\":\"2025-05-24T08:48:52+00:00\",\"description\":\"Une recette aux pousses de sapin ou d'\u00e9pic\u00e9a de Yoann Hue excellente \u00e0 essayer absolument : \\\"Pralines au chocolat et aux pousses d'\u00e9pic\u00e9a\\\"\",\"breadcrumb\":{\"@id\":\"https:\\\/\\\/cuisine-la-nature.com\\\/recette-pralines-au-chocolat-et-aux-pousses-depicea#breadcrumb\"},\"inLanguage\":\"fr-FR\",\"potentialAction\":[{\"@type\":\"ReadAction\",\"target\":[\"https:\\\/\\\/cuisine-la-nature.com\\\/recette-pralines-au-chocolat-et-aux-pousses-depicea\"]}]},{\"@type\":\"ImageObject\",\"inLanguage\":\"fr-FR\",\"@id\":\"https:\\\/\\\/cuisine-la-nature.com\\\/recette-pralines-au-chocolat-et-aux-pousses-depicea#primaryimage\",\"url\":\"https:\\\/\\\/cuisine-la-nature.com\\\/wp-content\\\/uploads\\\/2025\\\/05\\\/Epicearecette3.jpg\",\"contentUrl\":\"https:\\\/\\\/cuisine-la-nature.com\\\/wp-content\\\/uploads\\\/2025\\\/05\\\/Epicearecette3.jpg\"},{\"@type\":\"BreadcrumbList\",\"@id\":\"https:\\\/\\\/cuisine-la-nature.com\\\/recette-pralines-au-chocolat-et-aux-pousses-depicea#breadcrumb\",\"itemListElement\":[{\"@type\":\"ListItem\",\"position\":1,\"name\":\"Home\",\"item\":\"https:\\\/\\\/cuisine-la-nature.com\\\/\"},{\"@type\":\"ListItem\",\"position\":2,\"name\":\"Recette Pralines au chocolat et aux pousses d&#8217;\u00e9pic\u00e9a\"}]},{\"@type\":\"WebSite\",\"@id\":\"https:\\\/\\\/cuisine-la-nature.com\\\/#website\",\"url\":\"https:\\\/\\\/cuisine-la-nature.com\\\/\",\"name\":\"Cuisine la Nature\",\"description\":\"Inspirez-vous de ce que vous offre la nature au fil des saisons et r\u00e9galez-vous !\",\"publisher\":{\"@id\":\"https:\\\/\\\/cuisine-la-nature.com\\\/#organization\"},\"potentialAction\":[{\"@type\":\"SearchAction\",\"target\":{\"@type\":\"EntryPoint\",\"urlTemplate\":\"https:\\\/\\\/cuisine-la-nature.com\\\/?s={search_term_string}\"},\"query-input\":{\"@type\":\"PropertyValueSpecification\",\"valueRequired\":true,\"valueName\":\"search_term_string\"}}],\"inLanguage\":\"fr-FR\"},{\"@type\":\"Organization\",\"@id\":\"https:\\\/\\\/cuisine-la-nature.com\\\/#organization\",\"name\":\"Cuisine la Nature\",\"url\":\"https:\\\/\\\/cuisine-la-nature.com\\\/\",\"logo\":{\"@type\":\"ImageObject\",\"inLanguage\":\"fr-FR\",\"@id\":\"https:\\\/\\\/cuisine-la-nature.com\\\/#\\\/schema\\\/logo\\\/image\\\/\",\"url\":\"https:\\\/\\\/i0.wp.com\\\/cuisine-la-nature.com\\\/wp-content\\\/uploads\\\/2022\\\/11\\\/cropped-Logo11.jpg?fit=937%2C200&ssl=1\",\"contentUrl\":\"https:\\\/\\\/i0.wp.com\\\/cuisine-la-nature.com\\\/wp-content\\\/uploads\\\/2022\\\/11\\\/cropped-Logo11.jpg?fit=937%2C200&ssl=1\",\"width\":937,\"height\":200,\"caption\":\"Cuisine la Nature\"},\"image\":{\"@id\":\"https:\\\/\\\/cuisine-la-nature.com\\\/#\\\/schema\\\/logo\\\/image\\\/\"}}]}<\/script>\n<!-- \/ Yoast SEO plugin. -->","yoast_head_json":{"title":"Recette Pralines au chocolat et aux pousses d'\u00e9pic\u00e9a - Cuisine la Nature","description":"Une recette aux pousses de sapin ou d'\u00e9pic\u00e9a de Yoann Hue excellente \u00e0 essayer absolument : \"Pralines au chocolat et aux pousses d'\u00e9pic\u00e9a\"","robots":{"index":"index","follow":"follow","max-snippet":"max-snippet:-1","max-image-preview":"max-image-preview:large","max-video-preview":"max-video-preview:-1"},"canonical":"https:\/\/cuisine-la-nature.com\/fr_fr\/recette-pralines-au-chocolat-et-aux-pousses-depicea\/","og_locale":"fr_FR","og_type":"article","og_title":"Recette Pralines au chocolat et aux pousses d'\u00e9pic\u00e9a - Cuisine la Nature","og_description":"Une recette aux pousses de sapin ou d'\u00e9pic\u00e9a de Yoann Hue excellente \u00e0 essayer absolument : \"Pralines au chocolat et aux pousses d'\u00e9pic\u00e9a\"","og_url":"https:\/\/cuisine-la-nature.com\/fr_fr\/recette-pralines-au-chocolat-et-aux-pousses-depicea\/","og_site_name":"Cuisine la Nature","article_modified_time":"2025-05-24T08:48:52+00:00","og_image":[{"url":"https:\/\/cuisine-la-nature.com\/wp-content\/uploads\/2025\/05\/Epicearecette3.jpg","type":"","width":"","height":""}],"twitter_card":"summary_large_image","twitter_misc":{"Dur\u00e9e de lecture estim\u00e9e":"2 minutes"},"schema":{"@context":"https:\/\/schema.org","@graph":[{"@type":"WebPage","@id":"https:\/\/cuisine-la-nature.com\/recette-pralines-au-chocolat-et-aux-pousses-depicea","url":"https:\/\/cuisine-la-nature.com\/recette-pralines-au-chocolat-et-aux-pousses-depicea","name":"Recette Pralines au chocolat et aux pousses d'\u00e9pic\u00e9a - Cuisine la Nature","isPartOf":{"@id":"https:\/\/cuisine-la-nature.com\/#website"},"primaryImageOfPage":{"@id":"https:\/\/cuisine-la-nature.com\/recette-pralines-au-chocolat-et-aux-pousses-depicea#primaryimage"},"image":{"@id":"https:\/\/cuisine-la-nature.com\/recette-pralines-au-chocolat-et-aux-pousses-depicea#primaryimage"},"thumbnailUrl":"https:\/\/cuisine-la-nature.com\/wp-content\/uploads\/2025\/05\/Epicearecette3.jpg","datePublished":"2025-05-24T08:40:14+00:00","dateModified":"2025-05-24T08:48:52+00:00","description":"Une recette aux pousses de sapin ou d'\u00e9pic\u00e9a de Yoann Hue excellente \u00e0 essayer absolument : \"Pralines au chocolat et aux pousses d'\u00e9pic\u00e9a\"","breadcrumb":{"@id":"https:\/\/cuisine-la-nature.com\/recette-pralines-au-chocolat-et-aux-pousses-depicea#breadcrumb"},"inLanguage":"fr-FR","potentialAction":[{"@type":"ReadAction","target":["https:\/\/cuisine-la-nature.com\/recette-pralines-au-chocolat-et-aux-pousses-depicea"]}]},{"@type":"ImageObject","inLanguage":"fr-FR","@id":"https:\/\/cuisine-la-nature.com\/recette-pralines-au-chocolat-et-aux-pousses-depicea#primaryimage","url":"https:\/\/cuisine-la-nature.com\/wp-content\/uploads\/2025\/05\/Epicearecette3.jpg","contentUrl":"https:\/\/cuisine-la-nature.com\/wp-content\/uploads\/2025\/05\/Epicearecette3.jpg"},{"@type":"BreadcrumbList","@id":"https:\/\/cuisine-la-nature.com\/recette-pralines-au-chocolat-et-aux-pousses-depicea#breadcrumb","itemListElement":[{"@type":"ListItem","position":1,"name":"Home","item":"https:\/\/cuisine-la-nature.com\/"},{"@type":"ListItem","position":2,"name":"Recette Pralines au chocolat et aux pousses d&#8217;\u00e9pic\u00e9a"}]},{"@type":"WebSite","@id":"https:\/\/cuisine-la-nature.com\/#website","url":"https:\/\/cuisine-la-nature.com\/","name":"Cuisine la Nature","description":"Inspirez-vous de ce que vous offre la nature au fil des saisons et r\u00e9galez-vous !","publisher":{"@id":"https:\/\/cuisine-la-nature.com\/#organization"},"potentialAction":[{"@type":"SearchAction","target":{"@type":"EntryPoint","urlTemplate":"https:\/\/cuisine-la-nature.com\/?s={search_term_string}"},"query-input":{"@type":"PropertyValueSpecification","valueRequired":true,"valueName":"search_term_string"}}],"inLanguage":"fr-FR"},{"@type":"Organization","@id":"https:\/\/cuisine-la-nature.com\/#organization","name":"Cuisine la Nature","url":"https:\/\/cuisine-la-nature.com\/","logo":{"@type":"ImageObject","inLanguage":"fr-FR","@id":"https:\/\/cuisine-la-nature.com\/#\/schema\/logo\/image\/","url":"https:\/\/i0.wp.com\/cuisine-la-nature.com\/wp-content\/uploads\/2022\/11\/cropped-Logo11.jpg?fit=937%2C200&ssl=1","contentUrl":"https:\/\/i0.wp.com\/cuisine-la-nature.com\/wp-content\/uploads\/2022\/11\/cropped-Logo11.jpg?fit=937%2C200&ssl=1","width":937,"height":200,"caption":"Cuisine la Nature"},"image":{"@id":"https:\/\/cuisine-la-nature.com\/#\/schema\/logo\/image\/"}}]}},"jetpack_sharing_enabled":true,"jetpack-related-posts":[],"_links":{"self":[{"href":"https:\/\/cuisine-la-nature.com\/fr_fr\/wp-json\/wp\/v2\/pages\/9456","targetHints":{"allow":["GET"]}}],"collection":[{"href":"https:\/\/cuisine-la-nature.com\/fr_fr\/wp-json\/wp\/v2\/pages"}],"about":[{"href":"https:\/\/cuisine-la-nature.com\/fr_fr\/wp-json\/wp\/v2\/types\/page"}],"author":[{"embeddable":true,"href":"https:\/\/cuisine-la-nature.com\/fr_fr\/wp-json\/wp\/v2\/users\/1"}],"replies":[{"embeddable":true,"href":"https:\/\/cuisine-la-nature.com\/fr_fr\/wp-json\/wp\/v2\/comments?post=9456"}],"version-history":[{"count":20,"href":"https:\/\/cuisine-la-nature.com\/fr_fr\/wp-json\/wp\/v2\/pages\/9456\/revisions"}],"predecessor-version":[{"id":9482,"href":"https:\/\/cuisine-la-nature.com\/fr_fr\/wp-json\/wp\/v2\/pages\/9456\/revisions\/9482"}],"wp:attachment":[{"href":"https:\/\/cuisine-la-nature.com\/fr_fr\/wp-json\/wp\/v2\/media?parent=9456"}],"curies":[{"name":"wp","href":"https:\/\/api.w.org\/{rel}","templated":true}]}}