{"id":4924,"date":"2024-03-09T09:38:52","date_gmt":"2024-03-09T09:38:52","guid":{"rendered":"https:\/\/cuisine-la-nature.com\/?page_id=4924"},"modified":"2024-03-24T21:41:34","modified_gmt":"2024-03-24T21:41:34","slug":"recette-desquimau-a-la-fleur-de-sureau","status":"publish","type":"page","link":"https:\/\/cuisine-la-nature.com\/fr_fr\/recette-desquimau-a-la-fleur-de-sureau","title":{"rendered":"Recette d&#8217;esquimau \u00e0 la fleur de sureau"},"content":{"rendered":"\t\t<div data-elementor-type=\"wp-page\" data-elementor-id=\"4924\" class=\"elementor elementor-4924\">\n\t\t\t\t\t\t<section class=\"elementor-section elementor-top-section elementor-element elementor-element-62317e1 elementor-section-boxed elementor-section-height-default elementor-section-height-default\" data-id=\"62317e1\" data-element_type=\"section\" data-e-type=\"section\" data-settings=\"{&quot;background_background&quot;:&quot;classic&quot;}\">\n\t\t\t\t\t\t<div class=\"elementor-container elementor-column-gap-default\">\n\t\t\t\t\t<div class=\"elementor-column elementor-col-100 elementor-top-column elementor-element elementor-element-1103678\" data-id=\"1103678\" data-element_type=\"column\" data-e-type=\"column\" data-settings=\"{&quot;background_background&quot;:&quot;classic&quot;}\">\n\t\t\t<div class=\"elementor-widget-wrap elementor-element-populated\">\n\t\t\t\t\t\t<div class=\"elementor-element elementor-element-4d3e4f1 elementor-widget elementor-widget-heading\" data-id=\"4d3e4f1\" data-element_type=\"widget\" data-e-type=\"widget\" data-widget_type=\"heading.default\">\n\t\t\t\t<div class=\"elementor-widget-container\">\n\t\t\t\t\t<h2 class=\"elementor-heading-title elementor-size-default\">Esquimau \u00e0 la fleur de sureau<\/h2>\t\t\t\t<\/div>\n\t\t\t\t<\/div>\n\t\t\t\t\t<\/div>\n\t\t<\/div>\n\t\t\t\t\t<\/div>\n\t\t<\/section>\n\t\t\t\t<section class=\"elementor-section elementor-top-section elementor-element elementor-element-7fabb01 elementor-section-boxed elementor-section-height-default elementor-section-height-default\" data-id=\"7fabb01\" data-element_type=\"section\" data-e-type=\"section\" data-settings=\"{&quot;background_background&quot;:&quot;classic&quot;}\">\n\t\t\t\t\t\t<div class=\"elementor-container elementor-column-gap-default\">\n\t\t\t\t\t<div class=\"elementor-column elementor-col-100 elementor-top-column elementor-element elementor-element-93df8ba\" data-id=\"93df8ba\" data-element_type=\"column\" data-e-type=\"column\" data-settings=\"{&quot;background_background&quot;:&quot;classic&quot;}\">\n\t\t\t<div class=\"elementor-widget-wrap elementor-element-populated\">\n\t\t\t\t\t\t<div class=\"elementor-element elementor-element-158789f elementor-widget elementor-widget-text-editor\" data-id=\"158789f\" data-element_type=\"widget\" data-e-type=\"widget\" data-widget_type=\"text-editor.default\">\n\t\t\t\t<div class=\"elementor-widget-container\">\n\t\t\t\t\t\t\t\t\t<p style=\"text-align: center;\"><span style=\"color: #000000;\"><b>Recette de Jean-Marie Dumaine<\/b>\u00a0<strong>et de Yoann Hue<\/strong><\/span><\/p><p style=\"text-align: center;\"><strong><span style=\"color: #000000;\">tir\u00e9e du livre de Ria Lottermoser et Brigitte Klemme &#8220;Geliebte Wildkr\u00e4uterk\u00fcche&#8221;<\/span><\/strong><\/p>\t\t\t\t\t\t\t\t<\/div>\n\t\t\t\t<\/div>\n\t\t\t\t\t<\/div>\n\t\t<\/div>\n\t\t\t\t\t<\/div>\n\t\t<\/section>\n\t\t\t\t<section class=\"elementor-section elementor-top-section elementor-element elementor-element-8f736ed elementor-section-boxed elementor-section-height-default elementor-section-height-default\" data-id=\"8f736ed\" data-element_type=\"section\" data-e-type=\"section\" data-settings=\"{&quot;background_background&quot;:&quot;gradient&quot;}\">\n\t\t\t\t\t\t<div class=\"elementor-container elementor-column-gap-default\">\n\t\t\t\t\t<div class=\"elementor-column elementor-col-100 elementor-top-column elementor-element elementor-element-8225fdf\" data-id=\"8225fdf\" data-element_type=\"column\" data-e-type=\"column\">\n\t\t\t<div class=\"elementor-widget-wrap elementor-element-populated\">\n\t\t\t\t\t\t<section class=\"elementor-section elementor-inner-section elementor-element elementor-element-201aba5 elementor-section-boxed elementor-section-height-default elementor-section-height-default\" data-id=\"201aba5\" data-element_type=\"section\" data-e-type=\"section\">\n\t\t\t\t\t\t<div class=\"elementor-container elementor-column-gap-default\">\n\t\t\t\t\t<div class=\"elementor-column elementor-col-100 elementor-inner-column elementor-element elementor-element-789bd5b\" data-id=\"789bd5b\" data-element_type=\"column\" data-e-type=\"column\">\n\t\t\t<div class=\"elementor-widget-wrap elementor-element-populated\">\n\t\t\t\t\t\t<div class=\"elementor-element elementor-element-89e839a elementor-widget elementor-widget-image\" data-id=\"89e839a\" data-element_type=\"widget\" data-e-type=\"widget\" data-widget_type=\"image.default\">\n\t\t\t\t<div class=\"elementor-widget-container\">\n\t\t\t\t\t\t\t\t\t\t\t\t\t\t\t<img data-recalc-dims=\"1\" decoding=\"async\" src=\"https:\/\/i0.wp.com\/cuisine-la-nature.com\/wp-content\/uploads\/elementor\/thumbs\/Sureaunoirrecette-qkya7j07xs55ycblanatlsf4lqmqmvgn54f65n7bb4.jpg?w=1200&#038;ssl=1\" title=\"Holunderbl\u009ften-Parfait 005\" alt=\"Esquimau \u00e0 la fleur de sureau\" loading=\"lazy\" \/>\t\t\t\t\t\t\t\t\t\t\t\t\t\t\t<\/div>\n\t\t\t\t<\/div>\n\t\t\t\t\t<\/div>\n\t\t<\/div>\n\t\t\t\t\t<\/div>\n\t\t<\/section>\n\t\t\t\t<div class=\"elementor-element elementor-element-26a989a elementor-widget elementor-widget-text-editor\" data-id=\"26a989a\" data-element_type=\"widget\" data-e-type=\"widget\" data-widget_type=\"text-editor.default\">\n\t\t\t\t<div class=\"elementor-widget-container\">\n\t\t\t\t\t\t\t\t\t<p style=\"text-align: center;\"><span style=\"color: #000000;\"><em>Photo d&#8217;Andreas Thumm<\/em><\/span><\/p>\t\t\t\t\t\t\t\t<\/div>\n\t\t\t\t<\/div>\n\t\t\t\t<section class=\"elementor-section elementor-inner-section elementor-element elementor-element-f84758a elementor-section-boxed elementor-section-height-default elementor-section-height-default\" data-id=\"f84758a\" data-element_type=\"section\" data-e-type=\"section\">\n\t\t\t\t\t\t<div class=\"elementor-container elementor-column-gap-default\">\n\t\t\t\t\t<div class=\"elementor-column elementor-col-100 elementor-inner-column elementor-element elementor-element-7a55e54\" data-id=\"7a55e54\" data-element_type=\"column\" data-e-type=\"column\">\n\t\t\t<div class=\"elementor-widget-wrap elementor-element-populated\">\n\t\t\t\t\t\t<div class=\"elementor-element elementor-element-b90d587 elementor-widget elementor-widget-text-editor\" data-id=\"b90d587\" data-element_type=\"widget\" data-e-type=\"widget\" data-widget_type=\"text-editor.default\">\n\t\t\t\t<div class=\"elementor-widget-container\">\n\t\t\t\t\t\t\t\t\t<p>Ingr\u00e9dients pour 4 personnes<\/p>\t\t\t\t\t\t\t\t<\/div>\n\t\t\t\t<\/div>\n\t\t\t\t\t<\/div>\n\t\t<\/div>\n\t\t\t\t\t<\/div>\n\t\t<\/section>\n\t\t\t\t<section class=\"elementor-section elementor-inner-section elementor-element elementor-element-7580e76 elementor-section-boxed elementor-section-height-default elementor-section-height-default\" data-id=\"7580e76\" data-element_type=\"section\" data-e-type=\"section\">\n\t\t\t\t\t\t<div class=\"elementor-container elementor-column-gap-default\">\n\t\t\t\t\t<div class=\"elementor-column elementor-col-33 elementor-inner-column elementor-element elementor-element-b11e4af\" data-id=\"b11e4af\" data-element_type=\"column\" data-e-type=\"column\">\n\t\t\t<div class=\"elementor-widget-wrap elementor-element-populated\">\n\t\t\t\t\t\t<div class=\"elementor-element elementor-element-12e813a elementor-widget elementor-widget-text-editor\" data-id=\"12e813a\" data-element_type=\"widget\" data-e-type=\"widget\" data-widget_type=\"text-editor.default\">\n\t\t\t\t<div class=\"elementor-widget-container\">\n\t\t\t\t\t\t\t\t\t<ul><li><span style=\"color: #000000;\">130 ml d&#8217;eau<\/span><\/li><li><span style=\"color: #000000;\">50 g de fleurs de sureau<\/span><\/li><li><span style=\"color: #000000;\">65 g de sucre<\/span><\/li><li><span style=\"color: #000000;\">2 feuilles de g\u00e9latine<\/span><\/li><li><span style=\"color: #000000;\">110 ml d&#8217;huile de tournesol<\/span><\/li><li><span style=\"color: #000000;\">200 ml de cr\u00e8me fouett\u00e9e<\/span><\/li><li><span style=\"color: #000000;\">400 g de couverture chocolat blanc<\/span><\/li><li><span style=\"color: #000000;\">4 cylindres en plastiques (de 4 cm de diam\u00e8tre et 10 cm de long, disponibles en magasins de bricolages)<\/span><\/li><li><span style=\"color: #000000;\">4 b\u00e2tonnets en bois de 10 cm de long (vigne ou noisetier)<\/span><\/li><\/ul>\t\t\t\t\t\t\t\t<\/div>\n\t\t\t\t<\/div>\n\t\t\t\t\t<\/div>\n\t\t<\/div>\n\t\t\t\t<div class=\"elementor-column elementor-col-33 elementor-inner-column elementor-element elementor-element-32a46f2\" data-id=\"32a46f2\" data-element_type=\"column\" data-e-type=\"column\">\n\t\t\t<div class=\"elementor-widget-wrap\">\n\t\t\t\t\t\t\t<\/div>\n\t\t<\/div>\n\t\t\t\t<div class=\"elementor-column elementor-col-33 elementor-inner-column elementor-element elementor-element-2ec929d\" data-id=\"2ec929d\" data-element_type=\"column\" data-e-type=\"column\">\n\t\t\t<div class=\"elementor-widget-wrap\">\n\t\t\t\t\t\t\t<\/div>\n\t\t<\/div>\n\t\t\t\t\t<\/div>\n\t\t<\/section>\n\t\t\t\t<section class=\"elementor-section elementor-inner-section elementor-element elementor-element-ec4ba10 elementor-section-boxed elementor-section-height-default elementor-section-height-default\" data-id=\"ec4ba10\" data-element_type=\"section\" data-e-type=\"section\">\n\t\t\t\t\t\t<div class=\"elementor-container elementor-column-gap-default\">\n\t\t\t\t\t<div class=\"elementor-column elementor-col-100 elementor-inner-column elementor-element elementor-element-bc0b022\" data-id=\"bc0b022\" data-element_type=\"column\" data-e-type=\"column\">\n\t\t\t<div class=\"elementor-widget-wrap elementor-element-populated\">\n\t\t\t\t\t\t<div class=\"elementor-element elementor-element-f4a82b4 elementor-widget elementor-widget-text-editor\" data-id=\"f4a82b4\" data-element_type=\"widget\" data-e-type=\"widget\" data-widget_type=\"text-editor.default\">\n\t\t\t\t<div class=\"elementor-widget-container\">\n\t\t\t\t\t\t\t\t\t<p>Pr\u00e9paration de la recette<\/p>\t\t\t\t\t\t\t\t<\/div>\n\t\t\t\t<\/div>\n\t\t\t\t\t<\/div>\n\t\t<\/div>\n\t\t\t\t\t<\/div>\n\t\t<\/section>\n\t\t\t\t<section class=\"elementor-section elementor-inner-section elementor-element elementor-element-f0bd237 elementor-section-boxed elementor-section-height-default elementor-section-height-default\" data-id=\"f0bd237\" data-element_type=\"section\" data-e-type=\"section\">\n\t\t\t\t\t\t<div class=\"elementor-container elementor-column-gap-default\">\n\t\t\t\t\t<div class=\"elementor-column elementor-col-100 elementor-inner-column elementor-element elementor-element-d6de63a\" data-id=\"d6de63a\" data-element_type=\"column\" data-e-type=\"column\">\n\t\t\t<div class=\"elementor-widget-wrap elementor-element-populated\">\n\t\t\t\t\t\t<div class=\"elementor-element elementor-element-2c1f6c1 elementor-widget elementor-widget-text-editor\" data-id=\"2c1f6c1\" data-element_type=\"widget\" data-e-type=\"widget\" data-widget_type=\"text-editor.default\">\n\t\t\t\t<div class=\"elementor-widget-container\">\n\t\t\t\t\t\t\t\t\t<p><span style=\"color: #000000;\">Porter l&#8217;eau \u00e0 \u00e9bullition et y ajouter les fleurs de sureau. Laisser infuser 10 min \u00e0 couvert. Passer au travers d&#8217;une passoire fine en pressant bien. Ajouter le sucre \u00e0 ce th\u00e9 de sureau et le faire dissoudre. Ajouter alors la g\u00e9latine ramollie et la faire fondre. Incorporer petit \u00e0 petit l&#8217;huile en homog\u00e9n\u00e9isant l&#8217;appareil \u00e0 l&#8217;aide d&#8217;un petit mixeur. Laisser refroidir. Fouetter la cr\u00e8me fermement et l&#8217;incorporer \u00e0 la cr\u00e8me de sureau. Fermer les cylindres d&#8217;un c\u00f4t\u00e9 \u00e0 l&#8217;aide de film plastique et d&#8217;\u00e9lastique puis remplir de cr\u00e8me au sureau. Laisser prendre au frais. Enfoncer alors les b\u00e2tonnets dans la cr\u00e8me prise jusqu&#8217;\u00e0 la moiti\u00e9 (5 cm) et mettre au cong\u00e9lateur.<\/span><br \/><span style=\"color: #000000;\">Retirer les esquimaux de leurs cylindres et les tremper jusqu&#8217;\u00e0 la moiti\u00e9 dans du chocolat blanc fondu.<\/span><br \/><br \/><span style=\"color: #000000;\">=&gt; Servir cet esquimau \u00e0 la fleur de sureau avec une confiture d&#8217;orange \u00e0 l&#8217;asp\u00e9rule, ainsi qu&#8217;un coulis de fraise, qui sont servis comme dips dans des petits ramequins (voir photo). Il est servi aussi \u00e0 part une nougatine au cacao, r\u00e9alis\u00e9e \u00e0 partir d&#8217;une p\u00e2te sabl\u00e9e au cacao que l&#8217;on ajoute \u00e0 un caramel. On saupoudre enfin l&#8217;assiette de poudre d&#8217;orange, ainsi que de graines de chanvre et de pavot blanc l\u00e9g\u00e8rement torr\u00e9fi\u00e9s.<\/span><\/p>\t\t\t\t\t\t\t\t<\/div>\n\t\t\t\t<\/div>\n\t\t\t\t\t<\/div>\n\t\t<\/div>\n\t\t\t\t\t<\/div>\n\t\t<\/section>\n\t\t\t\t\t<\/div>\n\t\t<\/div>\n\t\t\t\t\t<\/div>\n\t\t<\/section>\n\t\t\t\t<\/div>\n\t\t","protected":false},"excerpt":{"rendered":"<p>Esquimau \u00e0 la fleur de sureau Recette de Jean-Marie Dumaine\u00a0et de Yoann Hue tir\u00e9e du livre de Ria Lottermoser et Brigitte Klemme &#8220;Geliebte Wildkr\u00e4uterk\u00fcche&#8221; Photo d&#8217;Andreas Thumm Ingr\u00e9dients pour 4 personnes 130 ml d&#8217;eau 50 g de fleurs de sureau 65 g de sucre 2 feuilles de g\u00e9latine 110 ml d&#8217;huile de tournesol 200 ml [&hellip;]<\/p>\n","protected":false},"author":1,"featured_media":0,"parent":0,"menu_order":0,"comment_status":"closed","ping_status":"closed","template":"","meta":{"nf_dc_page":"","ocean_post_layout":"full-screen","ocean_both_sidebars_style":"","ocean_both_sidebars_content_width":0,"ocean_both_sidebars_sidebars_width":0,"ocean_sidebar":"","ocean_second_sidebar":"","ocean_disable_margins":"on","ocean_add_body_class":"","ocean_shortcode_before_top_bar":"","ocean_shortcode_after_top_bar":"","ocean_shortcode_before_header":"","ocean_shortcode_after_header":"","ocean_has_shortcode":"","ocean_shortcode_after_title":"","ocean_shortcode_before_footer_widgets":"","ocean_shortcode_after_footer_widgets":"","ocean_shortcode_before_footer_bottom":"","ocean_shortcode_after_footer_bottom":"","ocean_display_top_bar":"off","ocean_display_header":"default","ocean_header_style":"","ocean_center_header_left_menu":"","ocean_custom_header_template":"","ocean_custom_logo":0,"ocean_custom_retina_logo":0,"ocean_custom_logo_max_width":0,"ocean_custom_logo_tablet_max_width":0,"ocean_custom_logo_mobile_max_width":0,"ocean_custom_logo_max_height":0,"ocean_custom_logo_tablet_max_height":0,"ocean_custom_logo_mobile_max_height":0,"ocean_header_custom_menu":"","ocean_menu_typo_font_family":"","ocean_menu_typo_font_subset":"","ocean_menu_typo_font_size":0,"ocean_menu_typo_font_size_tablet":0,"ocean_menu_typo_font_size_mobile":0,"ocean_menu_typo_font_size_unit":"px","ocean_menu_typo_font_weight":"","ocean_menu_typo_font_weight_tablet":"","ocean_menu_typo_font_weight_mobile":"","ocean_menu_typo_transform":"","ocean_menu_typo_transform_tablet":"","ocean_menu_typo_transform_mobile":"","ocean_menu_typo_line_height":0,"ocean_menu_typo_line_height_tablet":0,"ocean_menu_typo_line_height_mobile":0,"ocean_menu_typo_line_height_unit":"","ocean_menu_typo_spacing":0,"ocean_menu_typo_spacing_tablet":0,"ocean_menu_typo_spacing_mobile":0,"ocean_menu_typo_spacing_unit":"","ocean_menu_link_color":"","ocean_menu_link_color_hover":"","ocean_menu_link_color_active":"","ocean_menu_link_background":"","ocean_menu_link_hover_background":"","ocean_menu_link_active_background":"","ocean_menu_social_links_bg":"","ocean_menu_social_hover_links_bg":"","ocean_menu_social_links_color":"","ocean_menu_social_hover_links_color":"","ocean_disable_title":"on","ocean_disable_heading":"default","ocean_post_title":"","ocean_post_subheading":"","ocean_post_title_style":"","ocean_post_title_background_color":"","ocean_post_title_background":0,"ocean_post_title_bg_image_position":"","ocean_post_title_bg_image_attachment":"","ocean_post_title_bg_image_repeat":"","ocean_post_title_bg_image_size":"","ocean_post_title_height":0,"ocean_post_title_bg_overlay":0.5,"ocean_post_title_bg_overlay_color":"","ocean_disable_breadcrumbs":"default","ocean_breadcrumbs_color":"","ocean_breadcrumbs_separator_color":"","ocean_breadcrumbs_links_color":"","ocean_breadcrumbs_links_hover_color":"","ocean_display_footer_widgets":"default","ocean_display_footer_bottom":"default","ocean_custom_footer_template":"","iawp_total_views":14,"footnotes":""},"class_list":["post-4924","page","type-page","status-publish","hentry","entry"],"yoast_head":"<!-- This site is optimized with the Yoast SEO plugin v27.4 - https:\/\/yoast.com\/product\/yoast-seo-wordpress\/ -->\n<title>Recette d&#039;esquimau \u00e0 la fleur de sureau - Cuisine la Nature<\/title>\n<meta name=\"description\" content=\"Une recette aux fleurs de sureau excellente \u00e0 essayer absolument : &quot;Esquimau \u00e0 la fleur de sureau&quot;\" \/>\n<meta name=\"robots\" content=\"index, follow, max-snippet:-1, max-image-preview:large, max-video-preview:-1\" \/>\n<link rel=\"canonical\" href=\"https:\/\/cuisine-la-nature.com\/fr_fr\/recette-desquimau-a-la-fleur-de-sureau\" \/>\n<meta property=\"og:locale\" content=\"fr_FR\" \/>\n<meta property=\"og:type\" content=\"article\" \/>\n<meta property=\"og:title\" content=\"Recette d&#039;esquimau \u00e0 la fleur de sureau - Cuisine la Nature\" \/>\n<meta property=\"og:description\" content=\"Une recette aux fleurs de sureau excellente \u00e0 essayer absolument : &quot;Esquimau \u00e0 la fleur de sureau&quot;\" \/>\n<meta property=\"og:url\" content=\"https:\/\/cuisine-la-nature.com\/fr_fr\/recette-desquimau-a-la-fleur-de-sureau\" \/>\n<meta property=\"og:site_name\" content=\"Cuisine la Nature\" \/>\n<meta property=\"article:modified_time\" content=\"2024-03-24T21:41:34+00:00\" \/>\n<meta property=\"og:image\" content=\"https:\/\/cuisine-la-nature.com\/wp-content\/uploads\/elementor\/thumbs\/Sureaunoirrecette-qkya7j07xs55ycblanatlsf4lqmqmvgn54f65n7bb4.jpg\" \/>\n<meta name=\"twitter:card\" content=\"summary_large_image\" \/>\n<meta name=\"twitter:label1\" content=\"Dur\u00e9e de lecture estim\u00e9e\" \/>\n\t<meta name=\"twitter:data1\" content=\"2 minutes\" \/>\n<script type=\"application\/ld+json\" class=\"yoast-schema-graph\">{\"@context\":\"https:\\\/\\\/schema.org\",\"@graph\":[{\"@type\":\"WebPage\",\"@id\":\"https:\\\/\\\/cuisine-la-nature.com\\\/fr_fr\\\/recette-desquimau-a-la-fleur-de-sureau\",\"url\":\"https:\\\/\\\/cuisine-la-nature.com\\\/fr_fr\\\/recette-desquimau-a-la-fleur-de-sureau\",\"name\":\"Recette d'esquimau \u00e0 la fleur de sureau - Cuisine la Nature\",\"isPartOf\":{\"@id\":\"https:\\\/\\\/cuisine-la-nature.com\\\/#website\"},\"primaryImageOfPage\":{\"@id\":\"https:\\\/\\\/cuisine-la-nature.com\\\/fr_fr\\\/recette-desquimau-a-la-fleur-de-sureau#primaryimage\"},\"image\":{\"@id\":\"https:\\\/\\\/cuisine-la-nature.com\\\/fr_fr\\\/recette-desquimau-a-la-fleur-de-sureau#primaryimage\"},\"thumbnailUrl\":\"https:\\\/\\\/cuisine-la-nature.com\\\/wp-content\\\/uploads\\\/elementor\\\/thumbs\\\/Sureaunoirrecette-qkya7j07xs55ycblanatlsf4lqmqmvgn54f65n7bb4.jpg\",\"datePublished\":\"2024-03-09T09:38:52+00:00\",\"dateModified\":\"2024-03-24T21:41:34+00:00\",\"description\":\"Une recette aux fleurs de sureau excellente \u00e0 essayer absolument : \\\"Esquimau \u00e0 la fleur de sureau\\\"\",\"breadcrumb\":{\"@id\":\"https:\\\/\\\/cuisine-la-nature.com\\\/fr_fr\\\/recette-desquimau-a-la-fleur-de-sureau#breadcrumb\"},\"inLanguage\":\"fr-FR\",\"potentialAction\":[{\"@type\":\"ReadAction\",\"target\":[\"https:\\\/\\\/cuisine-la-nature.com\\\/fr_fr\\\/recette-desquimau-a-la-fleur-de-sureau\"]}]},{\"@type\":\"ImageObject\",\"inLanguage\":\"fr-FR\",\"@id\":\"https:\\\/\\\/cuisine-la-nature.com\\\/fr_fr\\\/recette-desquimau-a-la-fleur-de-sureau#primaryimage\",\"url\":\"https:\\\/\\\/cuisine-la-nature.com\\\/wp-content\\\/uploads\\\/elementor\\\/thumbs\\\/Sureaunoirrecette-qkya7j07xs55ycblanatlsf4lqmqmvgn54f65n7bb4.jpg\",\"contentUrl\":\"https:\\\/\\\/cuisine-la-nature.com\\\/wp-content\\\/uploads\\\/elementor\\\/thumbs\\\/Sureaunoirrecette-qkya7j07xs55ycblanatlsf4lqmqmvgn54f65n7bb4.jpg\"},{\"@type\":\"BreadcrumbList\",\"@id\":\"https:\\\/\\\/cuisine-la-nature.com\\\/fr_fr\\\/recette-desquimau-a-la-fleur-de-sureau#breadcrumb\",\"itemListElement\":[{\"@type\":\"ListItem\",\"position\":1,\"name\":\"Home\",\"item\":\"https:\\\/\\\/cuisine-la-nature.com\\\/\"},{\"@type\":\"ListItem\",\"position\":2,\"name\":\"Recette d&#8217;esquimau \u00e0 la fleur de sureau\"}]},{\"@type\":\"WebSite\",\"@id\":\"https:\\\/\\\/cuisine-la-nature.com\\\/#website\",\"url\":\"https:\\\/\\\/cuisine-la-nature.com\\\/\",\"name\":\"Cuisine la Nature\",\"description\":\"Inspirez-vous de ce que vous offre la nature au fil des saisons et r\u00e9galez-vous !\",\"publisher\":{\"@id\":\"https:\\\/\\\/cuisine-la-nature.com\\\/#organization\"},\"potentialAction\":[{\"@type\":\"SearchAction\",\"target\":{\"@type\":\"EntryPoint\",\"urlTemplate\":\"https:\\\/\\\/cuisine-la-nature.com\\\/?s={search_term_string}\"},\"query-input\":{\"@type\":\"PropertyValueSpecification\",\"valueRequired\":true,\"valueName\":\"search_term_string\"}}],\"inLanguage\":\"fr-FR\"},{\"@type\":\"Organization\",\"@id\":\"https:\\\/\\\/cuisine-la-nature.com\\\/#organization\",\"name\":\"Cuisine la Nature\",\"url\":\"https:\\\/\\\/cuisine-la-nature.com\\\/\",\"logo\":{\"@type\":\"ImageObject\",\"inLanguage\":\"fr-FR\",\"@id\":\"https:\\\/\\\/cuisine-la-nature.com\\\/#\\\/schema\\\/logo\\\/image\\\/\",\"url\":\"https:\\\/\\\/i0.wp.com\\\/cuisine-la-nature.com\\\/wp-content\\\/uploads\\\/2022\\\/11\\\/cropped-Logo11.jpg?fit=937%2C200&ssl=1\",\"contentUrl\":\"https:\\\/\\\/i0.wp.com\\\/cuisine-la-nature.com\\\/wp-content\\\/uploads\\\/2022\\\/11\\\/cropped-Logo11.jpg?fit=937%2C200&ssl=1\",\"width\":937,\"height\":200,\"caption\":\"Cuisine la Nature\"},\"image\":{\"@id\":\"https:\\\/\\\/cuisine-la-nature.com\\\/#\\\/schema\\\/logo\\\/image\\\/\"}}]}<\/script>\n<!-- \/ Yoast SEO plugin. -->","yoast_head_json":{"title":"Recette d'esquimau \u00e0 la fleur de sureau - Cuisine la Nature","description":"Une recette aux fleurs de sureau excellente \u00e0 essayer absolument : \"Esquimau \u00e0 la fleur de sureau\"","robots":{"index":"index","follow":"follow","max-snippet":"max-snippet:-1","max-image-preview":"max-image-preview:large","max-video-preview":"max-video-preview:-1"},"canonical":"https:\/\/cuisine-la-nature.com\/fr_fr\/recette-desquimau-a-la-fleur-de-sureau","og_locale":"fr_FR","og_type":"article","og_title":"Recette d'esquimau \u00e0 la fleur de sureau - Cuisine la Nature","og_description":"Une recette aux fleurs de sureau excellente \u00e0 essayer absolument : \"Esquimau \u00e0 la fleur de sureau\"","og_url":"https:\/\/cuisine-la-nature.com\/fr_fr\/recette-desquimau-a-la-fleur-de-sureau","og_site_name":"Cuisine la Nature","article_modified_time":"2024-03-24T21:41:34+00:00","og_image":[{"url":"https:\/\/cuisine-la-nature.com\/wp-content\/uploads\/elementor\/thumbs\/Sureaunoirrecette-qkya7j07xs55ycblanatlsf4lqmqmvgn54f65n7bb4.jpg","type":"","width":"","height":""}],"twitter_card":"summary_large_image","twitter_misc":{"Dur\u00e9e de lecture estim\u00e9e":"2 minutes"},"schema":{"@context":"https:\/\/schema.org","@graph":[{"@type":"WebPage","@id":"https:\/\/cuisine-la-nature.com\/fr_fr\/recette-desquimau-a-la-fleur-de-sureau","url":"https:\/\/cuisine-la-nature.com\/fr_fr\/recette-desquimau-a-la-fleur-de-sureau","name":"Recette d'esquimau \u00e0 la fleur de sureau - Cuisine la Nature","isPartOf":{"@id":"https:\/\/cuisine-la-nature.com\/#website"},"primaryImageOfPage":{"@id":"https:\/\/cuisine-la-nature.com\/fr_fr\/recette-desquimau-a-la-fleur-de-sureau#primaryimage"},"image":{"@id":"https:\/\/cuisine-la-nature.com\/fr_fr\/recette-desquimau-a-la-fleur-de-sureau#primaryimage"},"thumbnailUrl":"https:\/\/cuisine-la-nature.com\/wp-content\/uploads\/elementor\/thumbs\/Sureaunoirrecette-qkya7j07xs55ycblanatlsf4lqmqmvgn54f65n7bb4.jpg","datePublished":"2024-03-09T09:38:52+00:00","dateModified":"2024-03-24T21:41:34+00:00","description":"Une recette aux fleurs de sureau excellente \u00e0 essayer absolument : \"Esquimau \u00e0 la fleur de sureau\"","breadcrumb":{"@id":"https:\/\/cuisine-la-nature.com\/fr_fr\/recette-desquimau-a-la-fleur-de-sureau#breadcrumb"},"inLanguage":"fr-FR","potentialAction":[{"@type":"ReadAction","target":["https:\/\/cuisine-la-nature.com\/fr_fr\/recette-desquimau-a-la-fleur-de-sureau"]}]},{"@type":"ImageObject","inLanguage":"fr-FR","@id":"https:\/\/cuisine-la-nature.com\/fr_fr\/recette-desquimau-a-la-fleur-de-sureau#primaryimage","url":"https:\/\/cuisine-la-nature.com\/wp-content\/uploads\/elementor\/thumbs\/Sureaunoirrecette-qkya7j07xs55ycblanatlsf4lqmqmvgn54f65n7bb4.jpg","contentUrl":"https:\/\/cuisine-la-nature.com\/wp-content\/uploads\/elementor\/thumbs\/Sureaunoirrecette-qkya7j07xs55ycblanatlsf4lqmqmvgn54f65n7bb4.jpg"},{"@type":"BreadcrumbList","@id":"https:\/\/cuisine-la-nature.com\/fr_fr\/recette-desquimau-a-la-fleur-de-sureau#breadcrumb","itemListElement":[{"@type":"ListItem","position":1,"name":"Home","item":"https:\/\/cuisine-la-nature.com\/"},{"@type":"ListItem","position":2,"name":"Recette d&#8217;esquimau \u00e0 la fleur de sureau"}]},{"@type":"WebSite","@id":"https:\/\/cuisine-la-nature.com\/#website","url":"https:\/\/cuisine-la-nature.com\/","name":"Cuisine la Nature","description":"Inspirez-vous de ce que vous offre la nature au fil des saisons et r\u00e9galez-vous !","publisher":{"@id":"https:\/\/cuisine-la-nature.com\/#organization"},"potentialAction":[{"@type":"SearchAction","target":{"@type":"EntryPoint","urlTemplate":"https:\/\/cuisine-la-nature.com\/?s={search_term_string}"},"query-input":{"@type":"PropertyValueSpecification","valueRequired":true,"valueName":"search_term_string"}}],"inLanguage":"fr-FR"},{"@type":"Organization","@id":"https:\/\/cuisine-la-nature.com\/#organization","name":"Cuisine la Nature","url":"https:\/\/cuisine-la-nature.com\/","logo":{"@type":"ImageObject","inLanguage":"fr-FR","@id":"https:\/\/cuisine-la-nature.com\/#\/schema\/logo\/image\/","url":"https:\/\/i0.wp.com\/cuisine-la-nature.com\/wp-content\/uploads\/2022\/11\/cropped-Logo11.jpg?fit=937%2C200&ssl=1","contentUrl":"https:\/\/i0.wp.com\/cuisine-la-nature.com\/wp-content\/uploads\/2022\/11\/cropped-Logo11.jpg?fit=937%2C200&ssl=1","width":937,"height":200,"caption":"Cuisine la Nature"},"image":{"@id":"https:\/\/cuisine-la-nature.com\/#\/schema\/logo\/image\/"}}]}},"jetpack_sharing_enabled":true,"jetpack-related-posts":[],"_links":{"self":[{"href":"https:\/\/cuisine-la-nature.com\/fr_fr\/wp-json\/wp\/v2\/pages\/4924","targetHints":{"allow":["GET"]}}],"collection":[{"href":"https:\/\/cuisine-la-nature.com\/fr_fr\/wp-json\/wp\/v2\/pages"}],"about":[{"href":"https:\/\/cuisine-la-nature.com\/fr_fr\/wp-json\/wp\/v2\/types\/page"}],"author":[{"embeddable":true,"href":"https:\/\/cuisine-la-nature.com\/fr_fr\/wp-json\/wp\/v2\/users\/1"}],"replies":[{"embeddable":true,"href":"https:\/\/cuisine-la-nature.com\/fr_fr\/wp-json\/wp\/v2\/comments?post=4924"}],"version-history":[{"count":5,"href":"https:\/\/cuisine-la-nature.com\/fr_fr\/wp-json\/wp\/v2\/pages\/4924\/revisions"}],"predecessor-version":[{"id":5212,"href":"https:\/\/cuisine-la-nature.com\/fr_fr\/wp-json\/wp\/v2\/pages\/4924\/revisions\/5212"}],"wp:attachment":[{"href":"https:\/\/cuisine-la-nature.com\/fr_fr\/wp-json\/wp\/v2\/media?parent=4924"}],"curies":[{"name":"wp","href":"https:\/\/api.w.org\/{rel}","templated":true}]}}