{"id":2166,"date":"2023-07-11T08:36:18","date_gmt":"2023-07-11T08:36:18","guid":{"rendered":"https:\/\/cuisine-la-nature.com\/?page_id=2166"},"modified":"2023-07-11T19:31:40","modified_gmt":"2023-07-11T19:31:40","slug":"recette-soupe-aux-chataignes","status":"publish","type":"page","link":"https:\/\/cuisine-la-nature.com\/fr_fr\/recette-soupe-aux-chataignes","title":{"rendered":"Recette soupe aux ch\u00e2taignes"},"content":{"rendered":"\t\t<div data-elementor-type=\"wp-page\" data-elementor-id=\"2166\" class=\"elementor elementor-2166\">\n\t\t\t\t\t\t<section class=\"elementor-section elementor-top-section elementor-element elementor-element-9f8248a elementor-section-boxed elementor-section-height-default elementor-section-height-default\" data-id=\"9f8248a\" data-element_type=\"section\" data-e-type=\"section\" data-settings=\"{&quot;background_background&quot;:&quot;classic&quot;}\">\n\t\t\t\t\t\t<div class=\"elementor-container elementor-column-gap-default\">\n\t\t\t\t\t<div class=\"elementor-column elementor-col-100 elementor-top-column elementor-element elementor-element-8c9598c\" data-id=\"8c9598c\" data-element_type=\"column\" data-e-type=\"column\" data-settings=\"{&quot;background_background&quot;:&quot;classic&quot;}\">\n\t\t\t<div class=\"elementor-widget-wrap elementor-element-populated\">\n\t\t\t\t\t\t<div class=\"elementor-element elementor-element-0fc3f43 elementor-widget elementor-widget-heading\" data-id=\"0fc3f43\" data-element_type=\"widget\" data-e-type=\"widget\" data-widget_type=\"heading.default\">\n\t\t\t\t<div class=\"elementor-widget-container\">\n\t\t\t\t\t<h2 class=\"elementor-heading-title elementor-size-default\">La soupe mousseuse aux ch\u00e2taignes marie goule,\ncr\u00e8me de truffes et r\u00e2p\u00e9e de ch\u00e2taignes<\/h2>\t\t\t\t<\/div>\n\t\t\t\t<\/div>\n\t\t\t\t\t<\/div>\n\t\t<\/div>\n\t\t\t\t\t<\/div>\n\t\t<\/section>\n\t\t\t\t<section class=\"elementor-section elementor-top-section elementor-element elementor-element-d6fcef8 elementor-section-boxed elementor-section-height-default elementor-section-height-default\" data-id=\"d6fcef8\" data-element_type=\"section\" data-e-type=\"section\" data-settings=\"{&quot;background_background&quot;:&quot;classic&quot;}\">\n\t\t\t\t\t\t<div class=\"elementor-container elementor-column-gap-default\">\n\t\t\t\t\t<div class=\"elementor-column elementor-col-100 elementor-top-column elementor-element elementor-element-83fa9bc\" data-id=\"83fa9bc\" data-element_type=\"column\" data-e-type=\"column\" data-settings=\"{&quot;background_background&quot;:&quot;classic&quot;}\">\n\t\t\t<div class=\"elementor-widget-wrap elementor-element-populated\">\n\t\t\t\t\t\t<div class=\"elementor-element elementor-element-7706a64 elementor-widget elementor-widget-heading\" data-id=\"7706a64\" data-element_type=\"widget\" data-e-type=\"widget\" data-widget_type=\"heading.default\">\n\t\t\t\t<div class=\"elementor-widget-container\">\n\t\t\t\t\t<h2 class=\"elementor-heading-title elementor-size-default\">Recette de Michel Bras<\/h2>\t\t\t\t<\/div>\n\t\t\t\t<\/div>\n\t\t\t\t\t<\/div>\n\t\t<\/div>\n\t\t\t\t\t<\/div>\n\t\t<\/section>\n\t\t\t\t<section class=\"elementor-section elementor-top-section elementor-element elementor-element-a708a8e elementor-section-boxed elementor-section-height-default elementor-section-height-default\" data-id=\"a708a8e\" data-element_type=\"section\" data-e-type=\"section\" data-settings=\"{&quot;background_background&quot;:&quot;gradient&quot;}\">\n\t\t\t\t\t\t<div class=\"elementor-container elementor-column-gap-default\">\n\t\t\t\t\t<div class=\"elementor-column elementor-col-100 elementor-top-column elementor-element elementor-element-9131d92\" data-id=\"9131d92\" data-element_type=\"column\" data-e-type=\"column\">\n\t\t\t<div class=\"elementor-widget-wrap elementor-element-populated\">\n\t\t\t\t\t\t<section class=\"elementor-section elementor-inner-section elementor-element elementor-element-fe11fb9 elementor-section-boxed elementor-section-height-default elementor-section-height-default\" data-id=\"fe11fb9\" data-element_type=\"section\" data-e-type=\"section\">\n\t\t\t\t\t\t<div class=\"elementor-container elementor-column-gap-default\">\n\t\t\t\t\t<div class=\"elementor-column elementor-col-100 elementor-inner-column elementor-element elementor-element-fc36912\" data-id=\"fc36912\" data-element_type=\"column\" data-e-type=\"column\">\n\t\t\t<div class=\"elementor-widget-wrap elementor-element-populated\">\n\t\t\t\t\t\t<div class=\"elementor-element elementor-element-280d8a5 elementor-widget elementor-widget-text-editor\" data-id=\"280d8a5\" data-element_type=\"widget\" data-e-type=\"widget\" data-widget_type=\"text-editor.default\">\n\t\t\t\t<div class=\"elementor-widget-container\">\n\t\t\t\t\t\t\t\t\t<p>Ingr\u00e9dients pour 4 personnes<\/p>\t\t\t\t\t\t\t\t<\/div>\n\t\t\t\t<\/div>\n\t\t\t\t\t<\/div>\n\t\t<\/div>\n\t\t\t\t\t<\/div>\n\t\t<\/section>\n\t\t\t\t<section class=\"elementor-section elementor-inner-section elementor-element elementor-element-83757ca elementor-section-boxed elementor-section-height-default elementor-section-height-default\" data-id=\"83757ca\" data-element_type=\"section\" data-e-type=\"section\">\n\t\t\t\t\t\t<div class=\"elementor-container elementor-column-gap-default\">\n\t\t\t\t\t<div class=\"elementor-column elementor-col-33 elementor-inner-column elementor-element elementor-element-18f2396\" data-id=\"18f2396\" data-element_type=\"column\" data-e-type=\"column\">\n\t\t\t<div class=\"elementor-widget-wrap elementor-element-populated\">\n\t\t\t\t\t\t<div class=\"elementor-element elementor-element-68dddbe elementor-widget elementor-widget-text-editor\" data-id=\"68dddbe\" data-element_type=\"widget\" data-e-type=\"widget\" data-widget_type=\"text-editor.default\">\n\t\t\t\t<div class=\"elementor-widget-container\">\n\t\t\t\t\t\t\t\t\t<p>Base de truffes\u00a0:<\/p><ul><li>1\/2 \u00e9chalote<\/li><li>4 cl d&#8217;huile d&#8217;olive<\/li><li>30 g de mad\u00e8re<\/li><li>30 g d&#8217;armagnac<\/li><li>40 g de truffes noires Melanosporum<\/li><li>200 g de jus long de volaille<\/li><li>40 g de jus de truffe<\/li><li>1\/2 feuille de g\u00e9latine (soit 1 g)<\/li><\/ul><p>Cr\u00e8me de truffes\u00a0:<\/p><ul><li>75 g de cr\u00e8me liquide<\/li><li>25 g de cr\u00e8me double<\/li><li>40 g de base de truffes<\/li><li>Quantit\u00e9 suffisante de sel<\/li><\/ul>\t\t\t\t\t\t\t\t<\/div>\n\t\t\t\t<\/div>\n\t\t\t\t\t<\/div>\n\t\t<\/div>\n\t\t\t\t<div class=\"elementor-column elementor-col-33 elementor-inner-column elementor-element elementor-element-f2c78b0\" data-id=\"f2c78b0\" data-element_type=\"column\" data-e-type=\"column\">\n\t\t\t<div class=\"elementor-widget-wrap elementor-element-populated\">\n\t\t\t\t\t\t<div class=\"elementor-element elementor-element-a9fcda6 elementor-widget elementor-widget-text-editor\" data-id=\"a9fcda6\" data-element_type=\"widget\" data-e-type=\"widget\" data-widget_type=\"text-editor.default\">\n\t\t\t\t<div class=\"elementor-widget-container\">\n\t\t\t\t\t\t\t\t\t<p>Bouillon de base\u00a0:<\/p><ul><li>700 g d&#8217;eau<\/li><li>250 g de pommes de terre &#8220;Institut de Beauvais&#8221;<\/li><li>Crosses de jambon<\/li><li>1 oignon<\/li><li>Garniture aromatique<\/li><\/ul><p>Soupe de ch\u00e2taignes\u00a0:<\/p><ul><li>75 g de ch\u00e2taignes<\/li><li>Un bain de friture<\/li><li>75 g de beurre<\/li><li>150 g de farine de ch\u00e2taigne<\/li><li>600 g de bouillon de base<\/li><li>75 g de cr\u00e8me liquide<\/li><li>Quantit\u00e9 suffisante de sel<\/li><\/ul>\t\t\t\t\t\t\t\t<\/div>\n\t\t\t\t<\/div>\n\t\t\t\t\t<\/div>\n\t\t<\/div>\n\t\t\t\t<div class=\"elementor-column elementor-col-33 elementor-inner-column elementor-element elementor-element-327944d\" data-id=\"327944d\" data-element_type=\"column\" data-e-type=\"column\">\n\t\t\t<div class=\"elementor-widget-wrap elementor-element-populated\">\n\t\t\t\t\t\t<div class=\"elementor-element elementor-element-0baa9af elementor-widget elementor-widget-text-editor\" data-id=\"0baa9af\" data-element_type=\"widget\" data-e-type=\"widget\" data-widget_type=\"text-editor.default\">\n\t\t\t\t<div class=\"elementor-widget-container\">\n\t\t\t\t\t\t\t\t\t<p>R\u00e2p\u00e9e de ch\u00e2taignes\u00a0:<\/p><ul><li>Quantit\u00e9 suffisante de sel fin<\/li><li>12 pi\u00e8ces de ch\u00e2taignes<\/li><li>Quantit\u00e9 suffisante de beurre<\/li><\/ul>\t\t\t\t\t\t\t\t<\/div>\n\t\t\t\t<\/div>\n\t\t\t\t\t<\/div>\n\t\t<\/div>\n\t\t\t\t\t<\/div>\n\t\t<\/section>\n\t\t\t\t<section class=\"elementor-section elementor-inner-section elementor-element elementor-element-e07a940 elementor-section-boxed elementor-section-height-default elementor-section-height-default\" data-id=\"e07a940\" data-element_type=\"section\" data-e-type=\"section\">\n\t\t\t\t\t\t<div class=\"elementor-container elementor-column-gap-default\">\n\t\t\t\t\t<div class=\"elementor-column elementor-col-100 elementor-inner-column elementor-element elementor-element-d28c69c\" data-id=\"d28c69c\" data-element_type=\"column\" data-e-type=\"column\">\n\t\t\t<div class=\"elementor-widget-wrap elementor-element-populated\">\n\t\t\t\t\t\t<div class=\"elementor-element elementor-element-264d8e2 elementor-widget elementor-widget-text-editor\" data-id=\"264d8e2\" data-element_type=\"widget\" data-e-type=\"widget\" data-widget_type=\"text-editor.default\">\n\t\t\t\t<div class=\"elementor-widget-container\">\n\t\t\t\t\t\t\t\t\t<p>Pr\u00e9paration de la recette<\/p>\t\t\t\t\t\t\t\t<\/div>\n\t\t\t\t<\/div>\n\t\t\t\t\t<\/div>\n\t\t<\/div>\n\t\t\t\t\t<\/div>\n\t\t<\/section>\n\t\t\t\t<section class=\"elementor-section elementor-inner-section elementor-element elementor-element-961898c elementor-section-boxed elementor-section-height-default elementor-section-height-default\" data-id=\"961898c\" data-element_type=\"section\" data-e-type=\"section\">\n\t\t\t\t\t\t<div class=\"elementor-container elementor-column-gap-default\">\n\t\t\t\t\t<div class=\"elementor-column elementor-col-100 elementor-inner-column elementor-element elementor-element-c7064ae\" data-id=\"c7064ae\" data-element_type=\"column\" data-e-type=\"column\">\n\t\t\t<div class=\"elementor-widget-wrap elementor-element-populated\">\n\t\t\t\t\t\t<div class=\"elementor-element elementor-element-a37717e elementor-widget elementor-widget-text-editor\" data-id=\"a37717e\" data-element_type=\"widget\" data-e-type=\"widget\" data-widget_type=\"text-editor.default\">\n\t\t\t\t<div class=\"elementor-widget-container\">\n\t\t\t\t\t\t\t\t\t<p><strong>Base de truffes<\/strong><br \/>Faire suer 1\/2 \u00e9chalote dans 4 cl d&#8217;huile d&#8217;olive. Y joindre le mad\u00e8re et l&#8217;armagnac. R\u00e9duire \u00e0 environ 5 cl et retirer l&#8217;\u00e9chalote. R\u00e2per la truffe et l&#8217;ajouter. Laisser suer sur feu tr\u00e8s doux quelques instants et mouiller de jus long de volaille. Laisser frissonner doucement environ 10 minutes. D\u00e9tendre avec le jus de truffe, assaisonner. Ramollir la g\u00e9latine \u00e0 l&#8217;eau froide et l&#8217;incorporer \u00e0 la sauce chaude. Faire reprendre au frais.<br \/><br \/><strong>Cr\u00e8me de truffes<\/strong><br \/>Fouetter le m\u00e9lange de cr\u00e8mes pour le faire monter en mousse. Y incorporer la base de truffes dans les proportions donn\u00e9es. Assaisonner et r\u00e9server au frais.<br \/><br \/><strong>Bouillon de base<\/strong><br \/>Pr\u00e9parer un bouillon de base avec eau, pommes de terre &#8220;Institut de Beauvais&#8221;, crosses de jambon, oignon et garniture. Cuire \u00e0 fr\u00e9missement durant une heure. Filtrer et r\u00e9server bouillon et pommes de terre.<br \/><br \/><strong>Soupe de ch\u00e2taignes<\/strong><br \/>A l&#8217;aide d&#8217;un couteau d&#8217;office, peler les ch\u00e2taignes. Afin d&#8217;enlever la derni\u00e8re peau fine, les plonger quelques secondes dans une friture r\u00e9gl\u00e9e \u00e0 170 \u00b0C. La peau grill\u00e9e se retire facilement. Les nettoyer et les r\u00e9server.<br \/>D\u00e9poser le beurre dans une casserole. Lorsque le beurre commence \u00e0 mousser, y d\u00e9poser les ch\u00e2taignes pour les faire colorer en les remuant fr\u00e9quemment. Ajouter la farine de ch\u00e2taigne de mani\u00e8re \u00e0 la torr\u00e9fier tr\u00e8s l\u00e9g\u00e8rement sans cesser de remuer. A ce moment-l\u00e0, verser le bouillon de base. Cuire \u00e0 fr\u00e9missement jusqu&#8217;\u00e0 ce que les ch\u00e2taignes soient tendres. Terminer en ajoutant la cr\u00e8me. Mixer. Assaisonner. Rectifier la liaison si besoin est.<br \/><br \/><strong>R\u00e2p\u00e9e de ch\u00e2taignes<\/strong><br \/>Eplucher d\u00e9licatement les ch\u00e2taignes et les r\u00e2per. Dans une po\u00eale, glisser le beurre et lorsqu&#8217;il commence \u00e0 mousser verser les ch\u00e2taignes r\u00e2p\u00e9es. Saler d&#8217;une vol\u00e9e de sel fin et, par un mouvement de va-et-vient de la po\u00eale, les colorer. Egoutter et r\u00e9server au chaud.<br \/><br \/><strong>Au dernier moment<\/strong><br \/>Servir dans une assiette calotte chaude la soupe bouillante en ayant soin de donner un coup de mixeur afin de la faire mousser. Terminer en d\u00e9posant une belle quenelle de cr\u00e8me de truffes, ensevelie sous la r\u00e2p\u00e9e de ch\u00e2taignes.<\/p>\t\t\t\t\t\t\t\t<\/div>\n\t\t\t\t<\/div>\n\t\t\t\t\t<\/div>\n\t\t<\/div>\n\t\t\t\t\t<\/div>\n\t\t<\/section>\n\t\t\t\t\t<\/div>\n\t\t<\/div>\n\t\t\t\t\t<\/div>\n\t\t<\/section>\n\t\t\t\t<\/div>\n\t\t","protected":false},"excerpt":{"rendered":"<p>La soupe mousseuse aux ch\u00e2taignes marie goule, cr\u00e8me de truffes et r\u00e2p\u00e9e de ch\u00e2taignes Recette de Michel Bras Ingr\u00e9dients pour 4 personnes Base de truffes\u00a0: 1\/2 \u00e9chalote 4 cl d&#8217;huile d&#8217;olive 30 g de mad\u00e8re 30 g d&#8217;armagnac 40 g de truffes noires Melanosporum 200 g de jus long de volaille 40 g de jus [&hellip;]<\/p>\n","protected":false},"author":1,"featured_media":0,"parent":0,"menu_order":0,"comment_status":"closed","ping_status":"closed","template":"","meta":{"nf_dc_page":"","ocean_post_layout":"full-screen","ocean_both_sidebars_style":"","ocean_both_sidebars_content_width":0,"ocean_both_sidebars_sidebars_width":0,"ocean_sidebar":"0","ocean_second_sidebar":"0","ocean_disable_margins":"on","ocean_add_body_class":"","ocean_shortcode_before_top_bar":"","ocean_shortcode_after_top_bar":"","ocean_shortcode_before_header":"","ocean_shortcode_after_header":"","ocean_has_shortcode":"","ocean_shortcode_after_title":"","ocean_shortcode_before_footer_widgets":"","ocean_shortcode_after_footer_widgets":"","ocean_shortcode_before_footer_bottom":"","ocean_shortcode_after_footer_bottom":"","ocean_display_top_bar":"off","ocean_display_header":"default","ocean_header_style":"","ocean_center_header_left_menu":"0","ocean_custom_header_template":"0","ocean_custom_logo":0,"ocean_custom_retina_logo":0,"ocean_custom_logo_max_width":0,"ocean_custom_logo_tablet_max_width":0,"ocean_custom_logo_mobile_max_width":0,"ocean_custom_logo_max_height":0,"ocean_custom_logo_tablet_max_height":0,"ocean_custom_logo_mobile_max_height":0,"ocean_header_custom_menu":"0","ocean_menu_typo_font_family":"0","ocean_menu_typo_font_subset":"","ocean_menu_typo_font_size":0,"ocean_menu_typo_font_size_tablet":0,"ocean_menu_typo_font_size_mobile":0,"ocean_menu_typo_font_size_unit":"px","ocean_menu_typo_font_weight":"","ocean_menu_typo_font_weight_tablet":"","ocean_menu_typo_font_weight_mobile":"","ocean_menu_typo_transform":"","ocean_menu_typo_transform_tablet":"","ocean_menu_typo_transform_mobile":"","ocean_menu_typo_line_height":0,"ocean_menu_typo_line_height_tablet":0,"ocean_menu_typo_line_height_mobile":0,"ocean_menu_typo_line_height_unit":"","ocean_menu_typo_spacing":0,"ocean_menu_typo_spacing_tablet":0,"ocean_menu_typo_spacing_mobile":0,"ocean_menu_typo_spacing_unit":"","ocean_menu_link_color":"","ocean_menu_link_color_hover":"","ocean_menu_link_color_active":"","ocean_menu_link_background":"","ocean_menu_link_hover_background":"","ocean_menu_link_active_background":"","ocean_menu_social_links_bg":"","ocean_menu_social_hover_links_bg":"","ocean_menu_social_links_color":"","ocean_menu_social_hover_links_color":"","ocean_disable_title":"on","ocean_disable_heading":"default","ocean_post_title":"","ocean_post_subheading":"","ocean_post_title_style":"","ocean_post_title_background_color":"","ocean_post_title_background":0,"ocean_post_title_bg_image_position":"","ocean_post_title_bg_image_attachment":"","ocean_post_title_bg_image_repeat":"","ocean_post_title_bg_image_size":"","ocean_post_title_height":0,"ocean_post_title_bg_overlay":0.5,"ocean_post_title_bg_overlay_color":"","ocean_disable_breadcrumbs":"default","ocean_breadcrumbs_color":"","ocean_breadcrumbs_separator_color":"","ocean_breadcrumbs_links_color":"","ocean_breadcrumbs_links_hover_color":"","ocean_display_footer_widgets":"default","ocean_display_footer_bottom":"default","ocean_custom_footer_template":"0","iawp_total_views":11,"footnotes":""},"class_list":["post-2166","page","type-page","status-publish","hentry","entry"],"yoast_head":"<!-- This site is optimized with the Yoast SEO plugin v27.4 - https:\/\/yoast.com\/product\/yoast-seo-wordpress\/ -->\n<title>Recette soupe aux ch\u00e2taignes - Cuisine la Nature<\/title>\n<meta name=\"description\" content=\"Une recette de soupe aux ch\u00e2taignes aux truffes de Michel Bras : une recette mettant en sc\u00e8ne la ch\u00e2taigne. \u00c0 essayer absolument !\" \/>\n<meta name=\"robots\" content=\"index, follow, max-snippet:-1, max-image-preview:large, max-video-preview:-1\" \/>\n<link rel=\"canonical\" href=\"https:\/\/cuisine-la-nature.com\/fr_fr\/recette-soupe-aux-chataignes\/\" \/>\n<meta property=\"og:locale\" content=\"fr_FR\" \/>\n<meta property=\"og:type\" content=\"article\" \/>\n<meta property=\"og:title\" content=\"Recette soupe aux ch\u00e2taignes - Cuisine la Nature\" \/>\n<meta property=\"og:description\" content=\"Une recette de soupe aux ch\u00e2taignes aux truffes de Michel Bras : une recette mettant en sc\u00e8ne la ch\u00e2taigne. \u00c0 essayer absolument !\" \/>\n<meta property=\"og:url\" content=\"https:\/\/cuisine-la-nature.com\/fr_fr\/recette-soupe-aux-chataignes\/\" \/>\n<meta property=\"og:site_name\" content=\"Cuisine la Nature\" \/>\n<meta property=\"article:modified_time\" content=\"2023-07-11T19:31:40+00:00\" \/>\n<meta name=\"twitter:card\" content=\"summary_large_image\" \/>\n<meta name=\"twitter:label1\" content=\"Dur\u00e9e de lecture estim\u00e9e\" \/>\n\t<meta name=\"twitter:data1\" content=\"3 minutes\" \/>\n<script type=\"application\/ld+json\" class=\"yoast-schema-graph\">{\"@context\":\"https:\\\/\\\/schema.org\",\"@graph\":[{\"@type\":\"WebPage\",\"@id\":\"https:\\\/\\\/cuisine-la-nature.com\\\/recette-soupe-aux-chataignes\",\"url\":\"https:\\\/\\\/cuisine-la-nature.com\\\/recette-soupe-aux-chataignes\",\"name\":\"Recette soupe aux ch\u00e2taignes - Cuisine la Nature\",\"isPartOf\":{\"@id\":\"https:\\\/\\\/cuisine-la-nature.com\\\/#website\"},\"datePublished\":\"2023-07-11T08:36:18+00:00\",\"dateModified\":\"2023-07-11T19:31:40+00:00\",\"description\":\"Une recette de soupe aux ch\u00e2taignes aux truffes de Michel Bras : une recette mettant en sc\u00e8ne la ch\u00e2taigne. \u00c0 essayer absolument !\",\"breadcrumb\":{\"@id\":\"https:\\\/\\\/cuisine-la-nature.com\\\/recette-soupe-aux-chataignes#breadcrumb\"},\"inLanguage\":\"fr-FR\",\"potentialAction\":[{\"@type\":\"ReadAction\",\"target\":[\"https:\\\/\\\/cuisine-la-nature.com\\\/recette-soupe-aux-chataignes\"]}]},{\"@type\":\"BreadcrumbList\",\"@id\":\"https:\\\/\\\/cuisine-la-nature.com\\\/recette-soupe-aux-chataignes#breadcrumb\",\"itemListElement\":[{\"@type\":\"ListItem\",\"position\":1,\"name\":\"Home\",\"item\":\"https:\\\/\\\/cuisine-la-nature.com\\\/\"},{\"@type\":\"ListItem\",\"position\":2,\"name\":\"Recette soupe aux ch\u00e2taignes\"}]},{\"@type\":\"WebSite\",\"@id\":\"https:\\\/\\\/cuisine-la-nature.com\\\/#website\",\"url\":\"https:\\\/\\\/cuisine-la-nature.com\\\/\",\"name\":\"Cuisine la Nature\",\"description\":\"Inspirez-vous de ce que vous offre la nature au fil des saisons et r\u00e9galez-vous !\",\"publisher\":{\"@id\":\"https:\\\/\\\/cuisine-la-nature.com\\\/#organization\"},\"potentialAction\":[{\"@type\":\"SearchAction\",\"target\":{\"@type\":\"EntryPoint\",\"urlTemplate\":\"https:\\\/\\\/cuisine-la-nature.com\\\/?s={search_term_string}\"},\"query-input\":{\"@type\":\"PropertyValueSpecification\",\"valueRequired\":true,\"valueName\":\"search_term_string\"}}],\"inLanguage\":\"fr-FR\"},{\"@type\":\"Organization\",\"@id\":\"https:\\\/\\\/cuisine-la-nature.com\\\/#organization\",\"name\":\"Cuisine la Nature\",\"url\":\"https:\\\/\\\/cuisine-la-nature.com\\\/\",\"logo\":{\"@type\":\"ImageObject\",\"inLanguage\":\"fr-FR\",\"@id\":\"https:\\\/\\\/cuisine-la-nature.com\\\/#\\\/schema\\\/logo\\\/image\\\/\",\"url\":\"https:\\\/\\\/i0.wp.com\\\/cuisine-la-nature.com\\\/wp-content\\\/uploads\\\/2022\\\/11\\\/cropped-Logo11.jpg?fit=937%2C200&ssl=1\",\"contentUrl\":\"https:\\\/\\\/i0.wp.com\\\/cuisine-la-nature.com\\\/wp-content\\\/uploads\\\/2022\\\/11\\\/cropped-Logo11.jpg?fit=937%2C200&ssl=1\",\"width\":937,\"height\":200,\"caption\":\"Cuisine la Nature\"},\"image\":{\"@id\":\"https:\\\/\\\/cuisine-la-nature.com\\\/#\\\/schema\\\/logo\\\/image\\\/\"}}]}<\/script>\n<!-- \/ Yoast SEO plugin. -->","yoast_head_json":{"title":"Recette soupe aux ch\u00e2taignes - Cuisine la Nature","description":"Une recette de soupe aux ch\u00e2taignes aux truffes de Michel Bras : une recette mettant en sc\u00e8ne la ch\u00e2taigne. \u00c0 essayer absolument !","robots":{"index":"index","follow":"follow","max-snippet":"max-snippet:-1","max-image-preview":"max-image-preview:large","max-video-preview":"max-video-preview:-1"},"canonical":"https:\/\/cuisine-la-nature.com\/fr_fr\/recette-soupe-aux-chataignes\/","og_locale":"fr_FR","og_type":"article","og_title":"Recette soupe aux ch\u00e2taignes - Cuisine la Nature","og_description":"Une recette de soupe aux ch\u00e2taignes aux truffes de Michel Bras : une recette mettant en sc\u00e8ne la ch\u00e2taigne. \u00c0 essayer absolument !","og_url":"https:\/\/cuisine-la-nature.com\/fr_fr\/recette-soupe-aux-chataignes\/","og_site_name":"Cuisine la Nature","article_modified_time":"2023-07-11T19:31:40+00:00","twitter_card":"summary_large_image","twitter_misc":{"Dur\u00e9e de lecture estim\u00e9e":"3 minutes"},"schema":{"@context":"https:\/\/schema.org","@graph":[{"@type":"WebPage","@id":"https:\/\/cuisine-la-nature.com\/recette-soupe-aux-chataignes","url":"https:\/\/cuisine-la-nature.com\/recette-soupe-aux-chataignes","name":"Recette soupe aux ch\u00e2taignes - Cuisine la Nature","isPartOf":{"@id":"https:\/\/cuisine-la-nature.com\/#website"},"datePublished":"2023-07-11T08:36:18+00:00","dateModified":"2023-07-11T19:31:40+00:00","description":"Une recette de soupe aux ch\u00e2taignes aux truffes de Michel Bras : une recette mettant en sc\u00e8ne la ch\u00e2taigne. \u00c0 essayer absolument !","breadcrumb":{"@id":"https:\/\/cuisine-la-nature.com\/recette-soupe-aux-chataignes#breadcrumb"},"inLanguage":"fr-FR","potentialAction":[{"@type":"ReadAction","target":["https:\/\/cuisine-la-nature.com\/recette-soupe-aux-chataignes"]}]},{"@type":"BreadcrumbList","@id":"https:\/\/cuisine-la-nature.com\/recette-soupe-aux-chataignes#breadcrumb","itemListElement":[{"@type":"ListItem","position":1,"name":"Home","item":"https:\/\/cuisine-la-nature.com\/"},{"@type":"ListItem","position":2,"name":"Recette soupe aux ch\u00e2taignes"}]},{"@type":"WebSite","@id":"https:\/\/cuisine-la-nature.com\/#website","url":"https:\/\/cuisine-la-nature.com\/","name":"Cuisine la Nature","description":"Inspirez-vous de ce que vous offre la nature au fil des saisons et r\u00e9galez-vous !","publisher":{"@id":"https:\/\/cuisine-la-nature.com\/#organization"},"potentialAction":[{"@type":"SearchAction","target":{"@type":"EntryPoint","urlTemplate":"https:\/\/cuisine-la-nature.com\/?s={search_term_string}"},"query-input":{"@type":"PropertyValueSpecification","valueRequired":true,"valueName":"search_term_string"}}],"inLanguage":"fr-FR"},{"@type":"Organization","@id":"https:\/\/cuisine-la-nature.com\/#organization","name":"Cuisine la Nature","url":"https:\/\/cuisine-la-nature.com\/","logo":{"@type":"ImageObject","inLanguage":"fr-FR","@id":"https:\/\/cuisine-la-nature.com\/#\/schema\/logo\/image\/","url":"https:\/\/i0.wp.com\/cuisine-la-nature.com\/wp-content\/uploads\/2022\/11\/cropped-Logo11.jpg?fit=937%2C200&ssl=1","contentUrl":"https:\/\/i0.wp.com\/cuisine-la-nature.com\/wp-content\/uploads\/2022\/11\/cropped-Logo11.jpg?fit=937%2C200&ssl=1","width":937,"height":200,"caption":"Cuisine la Nature"},"image":{"@id":"https:\/\/cuisine-la-nature.com\/#\/schema\/logo\/image\/"}}]}},"jetpack_sharing_enabled":true,"jetpack-related-posts":[],"_links":{"self":[{"href":"https:\/\/cuisine-la-nature.com\/fr_fr\/wp-json\/wp\/v2\/pages\/2166","targetHints":{"allow":["GET"]}}],"collection":[{"href":"https:\/\/cuisine-la-nature.com\/fr_fr\/wp-json\/wp\/v2\/pages"}],"about":[{"href":"https:\/\/cuisine-la-nature.com\/fr_fr\/wp-json\/wp\/v2\/types\/page"}],"author":[{"embeddable":true,"href":"https:\/\/cuisine-la-nature.com\/fr_fr\/wp-json\/wp\/v2\/users\/1"}],"replies":[{"embeddable":true,"href":"https:\/\/cuisine-la-nature.com\/fr_fr\/wp-json\/wp\/v2\/comments?post=2166"}],"version-history":[{"count":5,"href":"https:\/\/cuisine-la-nature.com\/fr_fr\/wp-json\/wp\/v2\/pages\/2166\/revisions"}],"predecessor-version":[{"id":2179,"href":"https:\/\/cuisine-la-nature.com\/fr_fr\/wp-json\/wp\/v2\/pages\/2166\/revisions\/2179"}],"wp:attachment":[{"href":"https:\/\/cuisine-la-nature.com\/fr_fr\/wp-json\/wp\/v2\/media?parent=2166"}],"curies":[{"name":"wp","href":"https:\/\/api.w.org\/{rel}","templated":true}]}}