{"id":1920,"date":"2023-06-26T09:33:44","date_gmt":"2023-06-26T09:33:44","guid":{"rendered":"https:\/\/cuisine-la-nature.com\/?page_id=1920"},"modified":"2023-06-27T07:45:14","modified_gmt":"2023-06-27T07:45:14","slug":"recette-tartelette-aux-pommes-et-aubepine","status":"publish","type":"page","link":"https:\/\/cuisine-la-nature.com\/fr_fr\/recette-tartelette-aux-pommes-et-aubepine","title":{"rendered":"Recette tartelette aux pommes et aub\u00e9pine"},"content":{"rendered":"\t\t<div data-elementor-type=\"wp-page\" data-elementor-id=\"1920\" class=\"elementor elementor-1920\">\n\t\t\t\t\t\t<section class=\"elementor-section elementor-top-section elementor-element elementor-element-7a59b12 elementor-section-boxed elementor-section-height-default elementor-section-height-default\" data-id=\"7a59b12\" data-element_type=\"section\" data-e-type=\"section\" data-settings=\"{&quot;background_background&quot;:&quot;classic&quot;}\">\n\t\t\t\t\t\t<div class=\"elementor-container elementor-column-gap-default\">\n\t\t\t\t\t<div class=\"elementor-column elementor-col-100 elementor-top-column elementor-element elementor-element-08684d9\" data-id=\"08684d9\" data-element_type=\"column\" data-e-type=\"column\" data-settings=\"{&quot;background_background&quot;:&quot;classic&quot;}\">\n\t\t\t<div class=\"elementor-widget-wrap elementor-element-populated\">\n\t\t\t\t\t\t<div class=\"elementor-element elementor-element-4a81d87 elementor-widget elementor-widget-heading\" data-id=\"4a81d87\" data-element_type=\"widget\" data-e-type=\"widget\" data-widget_type=\"heading.default\">\n\t\t\t\t<div class=\"elementor-widget-container\">\n\t\t\t\t\t<h2 class=\"elementor-heading-title elementor-size-default\">Tartelette aux pommes et \u00e0 l'aub\u00e9pine<\/h2>\t\t\t\t<\/div>\n\t\t\t\t<\/div>\n\t\t\t\t\t<\/div>\n\t\t<\/div>\n\t\t\t\t\t<\/div>\n\t\t<\/section>\n\t\t\t\t<section class=\"elementor-section elementor-top-section elementor-element elementor-element-4074282 elementor-section-boxed elementor-section-height-default elementor-section-height-default\" data-id=\"4074282\" data-element_type=\"section\" data-e-type=\"section\" data-settings=\"{&quot;background_background&quot;:&quot;classic&quot;}\">\n\t\t\t\t\t\t<div class=\"elementor-container elementor-column-gap-default\">\n\t\t\t\t\t<div class=\"elementor-column elementor-col-100 elementor-top-column elementor-element elementor-element-0672932\" data-id=\"0672932\" data-element_type=\"column\" data-e-type=\"column\" data-settings=\"{&quot;background_background&quot;:&quot;classic&quot;}\">\n\t\t\t<div class=\"elementor-widget-wrap elementor-element-populated\">\n\t\t\t\t\t\t<div class=\"elementor-element elementor-element-fdfe307 elementor-widget elementor-widget-heading\" data-id=\"fdfe307\" data-element_type=\"widget\" data-e-type=\"widget\" data-widget_type=\"heading.default\">\n\t\t\t\t<div class=\"elementor-widget-container\">\n\t\t\t\t\t<h2 class=\"elementor-heading-title elementor-size-default\">Recette de Jean-Marie Dumaine tir\u00e9e du livre \"Ma cuisine des plantes sauvages\"<\/h2>\t\t\t\t<\/div>\n\t\t\t\t<\/div>\n\t\t\t\t\t<\/div>\n\t\t<\/div>\n\t\t\t\t\t<\/div>\n\t\t<\/section>\n\t\t\t\t<section class=\"elementor-section elementor-top-section elementor-element elementor-element-5fa04c1 elementor-section-boxed elementor-section-height-default elementor-section-height-default\" data-id=\"5fa04c1\" data-element_type=\"section\" data-e-type=\"section\" data-settings=\"{&quot;background_background&quot;:&quot;gradient&quot;}\">\n\t\t\t\t\t\t<div class=\"elementor-container elementor-column-gap-default\">\n\t\t\t\t\t<div class=\"elementor-column elementor-col-100 elementor-top-column elementor-element elementor-element-35da3b8\" data-id=\"35da3b8\" data-element_type=\"column\" data-e-type=\"column\">\n\t\t\t<div class=\"elementor-widget-wrap elementor-element-populated\">\n\t\t\t\t\t\t<section class=\"elementor-section elementor-inner-section elementor-element elementor-element-f66c373 elementor-section-boxed elementor-section-height-default elementor-section-height-default\" data-id=\"f66c373\" data-element_type=\"section\" data-e-type=\"section\">\n\t\t\t\t\t\t<div class=\"elementor-container elementor-column-gap-default\">\n\t\t\t\t\t<div class=\"elementor-column elementor-col-100 elementor-inner-column elementor-element elementor-element-e7ec4c4\" data-id=\"e7ec4c4\" data-element_type=\"column\" data-e-type=\"column\">\n\t\t\t<div class=\"elementor-widget-wrap elementor-element-populated\">\n\t\t\t\t\t\t<div class=\"elementor-element elementor-element-7b530cd elementor-widget elementor-widget-text-editor\" data-id=\"7b530cd\" data-element_type=\"widget\" data-e-type=\"widget\" data-widget_type=\"text-editor.default\">\n\t\t\t\t<div class=\"elementor-widget-container\">\n\t\t\t\t\t\t\t\t\t<p>Ingr\u00e9dients pour 4 personnes<\/p>\t\t\t\t\t\t\t\t<\/div>\n\t\t\t\t<\/div>\n\t\t\t\t\t<\/div>\n\t\t<\/div>\n\t\t\t\t\t<\/div>\n\t\t<\/section>\n\t\t\t\t<section class=\"elementor-section elementor-inner-section elementor-element elementor-element-943a861 elementor-section-boxed elementor-section-height-default elementor-section-height-default\" data-id=\"943a861\" data-element_type=\"section\" data-e-type=\"section\">\n\t\t\t\t\t\t<div class=\"elementor-container elementor-column-gap-default\">\n\t\t\t\t\t<div class=\"elementor-column elementor-col-33 elementor-inner-column elementor-element elementor-element-47b04f5\" data-id=\"47b04f5\" data-element_type=\"column\" data-e-type=\"column\">\n\t\t\t<div class=\"elementor-widget-wrap elementor-element-populated\">\n\t\t\t\t\t\t<div class=\"elementor-element elementor-element-88c476b elementor-widget elementor-widget-text-editor\" data-id=\"88c476b\" data-element_type=\"widget\" data-e-type=\"widget\" data-widget_type=\"text-editor.default\">\n\t\t\t\t<div class=\"elementor-widget-container\">\n\t\t\t\t\t\t\t\t\t<p><span style=\"color: #000000;\">P\u00e2te sabl\u00e9e :<\/span><\/p><ul><li>25 g de sucre en poudre<\/li><li>25 g de sucre glace<\/li><li>100 g de farine<\/li><li>50 g de beurre<\/li><li>Sel<\/li><li>1 jaune d&#8217;\u0153uf<\/li><li>1 c. \u00e0 s. de lait<\/li><\/ul><p>Garniture :<\/p><ul><li><span style=\"color: #000000;\">2 pommes<\/span><\/li><li><span style=\"color: #000000;\">50 g de beurre<\/span><\/li><li>2 c. \u00e0 s. de sucre roux<\/li><\/ul>\t\t\t\t\t\t\t\t<\/div>\n\t\t\t\t<\/div>\n\t\t\t\t\t<\/div>\n\t\t<\/div>\n\t\t\t\t<div class=\"elementor-column elementor-col-33 elementor-inner-column elementor-element elementor-element-6ea32b4\" data-id=\"6ea32b4\" data-element_type=\"column\" data-e-type=\"column\">\n\t\t\t<div class=\"elementor-widget-wrap elementor-element-populated\">\n\t\t\t\t\t\t<div class=\"elementor-element elementor-element-e8dc293 elementor-widget elementor-widget-text-editor\" data-id=\"e8dc293\" data-element_type=\"widget\" data-e-type=\"widget\" data-widget_type=\"text-editor.default\">\n\t\t\t\t<div class=\"elementor-widget-container\">\n\t\t\t\t\t\t\t\t\t<p><span style=\"color: #000000;\">Cr\u00e8me d&#8217;amande \u00e0 l&#8217;aub\u00e9pine :<\/span><\/p><ul><li><span style=\"color: #000000;\">100 ml de cr\u00e8me fleurette<\/span><\/li><li><span style=\"color: #000000;\">40 g de poudre d\u2019amandes<\/span><\/li><li><span style=\"color: #000000;\">20 g de fleurs et feuilles fra\u00eeches d&#8217;aub\u00e9pine ou 2 c. \u00e0 s. de th\u00e9 de fleurs d&#8217;aub\u00e9pine<\/span><\/li><li><span style=\"color: #000000;\">2 \u0153ufs<\/span><\/li><li><span style=\"color: #000000;\">50 g de miel<\/span><\/li><\/ul><p><span style=\"color: #000000;\">D\u00e9cor :<\/span><\/p><ul><li><span style=\"color: #000000;\">un peu de sucre glace<\/span><\/li><li><span style=\"color: #000000;\">200 ml de cr\u00e8me fouett\u00e9e<\/span><\/li><li><span style=\"color: #000000;\">feuilles et fleurs fra\u00eeches d&#8217;aub\u00e9pine en garniture<\/span><\/li><\/ul>\t\t\t\t\t\t\t\t<\/div>\n\t\t\t\t<\/div>\n\t\t\t\t\t<\/div>\n\t\t<\/div>\n\t\t\t\t<div class=\"elementor-column elementor-col-33 elementor-inner-column elementor-element elementor-element-776b7a1\" data-id=\"776b7a1\" data-element_type=\"column\" data-e-type=\"column\">\n\t\t\t<div class=\"elementor-widget-wrap elementor-element-populated\">\n\t\t\t\t\t\t\t<\/div>\n\t\t<\/div>\n\t\t\t\t\t<\/div>\n\t\t<\/section>\n\t\t\t\t<section class=\"elementor-section elementor-inner-section elementor-element elementor-element-053c26a elementor-section-boxed elementor-section-height-default elementor-section-height-default\" data-id=\"053c26a\" data-element_type=\"section\" data-e-type=\"section\">\n\t\t\t\t\t\t<div class=\"elementor-container elementor-column-gap-default\">\n\t\t\t\t\t<div class=\"elementor-column elementor-col-100 elementor-inner-column elementor-element elementor-element-34fd542\" data-id=\"34fd542\" data-element_type=\"column\" data-e-type=\"column\">\n\t\t\t<div class=\"elementor-widget-wrap elementor-element-populated\">\n\t\t\t\t\t\t<div class=\"elementor-element elementor-element-9d32cd5 elementor-widget elementor-widget-text-editor\" data-id=\"9d32cd5\" data-element_type=\"widget\" data-e-type=\"widget\" data-widget_type=\"text-editor.default\">\n\t\t\t\t<div class=\"elementor-widget-container\">\n\t\t\t\t\t\t\t\t\t<p>Pr\u00e9paration de la recette<\/p>\t\t\t\t\t\t\t\t<\/div>\n\t\t\t\t<\/div>\n\t\t\t\t\t<\/div>\n\t\t<\/div>\n\t\t\t\t\t<\/div>\n\t\t<\/section>\n\t\t\t\t<section class=\"elementor-section elementor-inner-section elementor-element elementor-element-2879990 elementor-section-boxed elementor-section-height-default elementor-section-height-default\" data-id=\"2879990\" data-element_type=\"section\" data-e-type=\"section\">\n\t\t\t\t\t\t<div class=\"elementor-container elementor-column-gap-default\">\n\t\t\t\t\t<div class=\"elementor-column elementor-col-100 elementor-inner-column elementor-element elementor-element-3cb8731\" data-id=\"3cb8731\" data-element_type=\"column\" data-e-type=\"column\">\n\t\t\t<div class=\"elementor-widget-wrap elementor-element-populated\">\n\t\t\t\t\t\t<div class=\"elementor-element elementor-element-5b12989 elementor-widget elementor-widget-text-editor\" data-id=\"5b12989\" data-element_type=\"widget\" data-e-type=\"widget\" data-widget_type=\"text-editor.default\">\n\t\t\t\t<div class=\"elementor-widget-container\">\n\t\t\t\t\t\t\t\t\t<p>Pour la p\u00e2te sabl\u00e9e, verser le sucre, le sucre glace, la farine, le beurre coup\u00e9 en d\u00e9s et une pinc\u00e9e de sel dans un saladier et frotter entre les mains pour sabler la p\u00e2te. Ajouter le jaune d&#8217;\u0153uf et le lait et p\u00e9trir rapidement la p\u00e2te. Former une boule et laisser reposer au frais 30 minutes \u00e0 couvert.<\/p><p>\u00c9taler la p\u00e2te sur un peu de farine d&#8217;une \u00e9paisseur de 1\/2 cm et garnir 4 petits moules \u00e0 tartelette. R\u00e9server au frais.<\/p><p>\u00c9plucher les pommes, les couper en deux et les \u00e9p\u00e9piner. Sauter les pommes en tranches au beurre en les caram\u00e9lisant avec le sucre. Les ranger dans les fonds des tartelettes.<\/p><p>Pour la cr\u00e8me d&#8217;amande \u00e0 l&#8217;aub\u00e9pine, porter la cr\u00e8me et les fleurs et feuilles d&#8217;aub\u00e9pine \u00e0 \u00e9bullition puis passer au tamis fin. M\u00e9langer avec les \u0153ufs et le miel. Ajouter la poudre d&#8217;amande. Verser cette cr\u00e8me sur les pommes.<\/p><p>Cuire \u00e0 four chaud 160 \u00b0C ~ 30 mn.<\/p><p>=&gt; Saupoudrer de sucre glace et servir ti\u00e8de avec de la cr\u00e8me fouett\u00e9e. D\u00e9corer selon vos envies de feuilles et fleurs d\u2019aub\u00e9pines.<\/p>\t\t\t\t\t\t\t\t<\/div>\n\t\t\t\t<\/div>\n\t\t\t\t\t<\/div>\n\t\t<\/div>\n\t\t\t\t\t<\/div>\n\t\t<\/section>\n\t\t\t\t\t<\/div>\n\t\t<\/div>\n\t\t\t\t\t<\/div>\n\t\t<\/section>\n\t\t\t\t<\/div>\n\t\t","protected":false},"excerpt":{"rendered":"<p>Tartelette aux pommes et \u00e0 l&#8217;aub\u00e9pine Recette de Jean-Marie Dumaine tir\u00e9e du livre &#8220;Ma cuisine des plantes sauvages&#8221; Ingr\u00e9dients pour 4 personnes P\u00e2te sabl\u00e9e : 25 g de sucre en poudre 25 g de sucre glace 100 g de farine 50 g de beurre Sel 1 jaune d&#8217;\u0153uf 1 c. \u00e0 s. de lait Garniture [&hellip;]<\/p>\n","protected":false},"author":1,"featured_media":0,"parent":0,"menu_order":0,"comment_status":"closed","ping_status":"closed","template":"","meta":{"nf_dc_page":"","ocean_post_layout":"full-screen","ocean_both_sidebars_style":"","ocean_both_sidebars_content_width":0,"ocean_both_sidebars_sidebars_width":0,"ocean_sidebar":"0","ocean_second_sidebar":"0","ocean_disable_margins":"on","ocean_add_body_class":"","ocean_shortcode_before_top_bar":"","ocean_shortcode_after_top_bar":"","ocean_shortcode_before_header":"","ocean_shortcode_after_header":"","ocean_has_shortcode":"","ocean_shortcode_after_title":"","ocean_shortcode_before_footer_widgets":"","ocean_shortcode_after_footer_widgets":"","ocean_shortcode_before_footer_bottom":"","ocean_shortcode_after_footer_bottom":"","ocean_display_top_bar":"off","ocean_display_header":"default","ocean_header_style":"","ocean_center_header_left_menu":"0","ocean_custom_header_template":"0","ocean_custom_logo":0,"ocean_custom_retina_logo":0,"ocean_custom_logo_max_width":0,"ocean_custom_logo_tablet_max_width":0,"ocean_custom_logo_mobile_max_width":0,"ocean_custom_logo_max_height":0,"ocean_custom_logo_tablet_max_height":0,"ocean_custom_logo_mobile_max_height":0,"ocean_header_custom_menu":"0","ocean_menu_typo_font_family":"0","ocean_menu_typo_font_subset":"","ocean_menu_typo_font_size":0,"ocean_menu_typo_font_size_tablet":0,"ocean_menu_typo_font_size_mobile":0,"ocean_menu_typo_font_size_unit":"px","ocean_menu_typo_font_weight":"","ocean_menu_typo_font_weight_tablet":"","ocean_menu_typo_font_weight_mobile":"","ocean_menu_typo_transform":"","ocean_menu_typo_transform_tablet":"","ocean_menu_typo_transform_mobile":"","ocean_menu_typo_line_height":0,"ocean_menu_typo_line_height_tablet":0,"ocean_menu_typo_line_height_mobile":0,"ocean_menu_typo_line_height_unit":"","ocean_menu_typo_spacing":0,"ocean_menu_typo_spacing_tablet":0,"ocean_menu_typo_spacing_mobile":0,"ocean_menu_typo_spacing_unit":"","ocean_menu_link_color":"","ocean_menu_link_color_hover":"","ocean_menu_link_color_active":"","ocean_menu_link_background":"","ocean_menu_link_hover_background":"","ocean_menu_link_active_background":"","ocean_menu_social_links_bg":"","ocean_menu_social_hover_links_bg":"","ocean_menu_social_links_color":"","ocean_menu_social_hover_links_color":"","ocean_disable_title":"on","ocean_disable_heading":"default","ocean_post_title":"","ocean_post_subheading":"","ocean_post_title_style":"","ocean_post_title_background_color":"","ocean_post_title_background":0,"ocean_post_title_bg_image_position":"","ocean_post_title_bg_image_attachment":"","ocean_post_title_bg_image_repeat":"","ocean_post_title_bg_image_size":"","ocean_post_title_height":0,"ocean_post_title_bg_overlay":0.5,"ocean_post_title_bg_overlay_color":"","ocean_disable_breadcrumbs":"default","ocean_breadcrumbs_color":"","ocean_breadcrumbs_separator_color":"","ocean_breadcrumbs_links_color":"","ocean_breadcrumbs_links_hover_color":"","ocean_display_footer_widgets":"default","ocean_display_footer_bottom":"default","ocean_custom_footer_template":"0","iawp_total_views":19,"footnotes":""},"class_list":["post-1920","page","type-page","status-publish","hentry","entry"],"yoast_head":"<!-- This site is optimized with the Yoast SEO plugin v27.4 - https:\/\/yoast.com\/product\/yoast-seo-wordpress\/ -->\n<title>Recette tartelette aux pommes et aub\u00e9pine - Cuisine la Nature<\/title>\n<meta name=\"description\" content=\"Une recette \u00e0 l&#039;aub\u00e9pine excellente \u00e0 essayer absolument : &quot;Tartelette aux pommes et \u00e0 l&#039;aub\u00e9pine&quot;\" \/>\n<meta name=\"robots\" content=\"index, follow, max-snippet:-1, max-image-preview:large, max-video-preview:-1\" \/>\n<link rel=\"canonical\" href=\"https:\/\/cuisine-la-nature.com\/fr_fr\/recette-tartelette-aux-pommes-et-aubepine\/\" \/>\n<meta property=\"og:locale\" content=\"fr_FR\" \/>\n<meta property=\"og:type\" content=\"article\" \/>\n<meta property=\"og:title\" content=\"Recette tartelette aux pommes et aub\u00e9pine - Cuisine la Nature\" \/>\n<meta property=\"og:description\" content=\"Une recette \u00e0 l&#039;aub\u00e9pine excellente \u00e0 essayer absolument : &quot;Tartelette aux pommes et \u00e0 l&#039;aub\u00e9pine&quot;\" \/>\n<meta property=\"og:url\" content=\"https:\/\/cuisine-la-nature.com\/fr_fr\/recette-tartelette-aux-pommes-et-aubepine\/\" \/>\n<meta property=\"og:site_name\" content=\"Cuisine la Nature\" \/>\n<meta property=\"article:modified_time\" content=\"2023-06-27T07:45:14+00:00\" \/>\n<meta name=\"twitter:card\" content=\"summary_large_image\" \/>\n<meta name=\"twitter:label1\" content=\"Dur\u00e9e de lecture estim\u00e9e\" \/>\n\t<meta name=\"twitter:data1\" content=\"2 minutes\" \/>\n<script type=\"application\/ld+json\" class=\"yoast-schema-graph\">{\"@context\":\"https:\\\/\\\/schema.org\",\"@graph\":[{\"@type\":\"WebPage\",\"@id\":\"https:\\\/\\\/cuisine-la-nature.com\\\/recette-tartelette-aux-pommes-et-aubepine\",\"url\":\"https:\\\/\\\/cuisine-la-nature.com\\\/recette-tartelette-aux-pommes-et-aubepine\",\"name\":\"Recette tartelette aux pommes et aub\u00e9pine - Cuisine la Nature\",\"isPartOf\":{\"@id\":\"https:\\\/\\\/cuisine-la-nature.com\\\/#website\"},\"datePublished\":\"2023-06-26T09:33:44+00:00\",\"dateModified\":\"2023-06-27T07:45:14+00:00\",\"description\":\"Une recette \u00e0 l'aub\u00e9pine excellente \u00e0 essayer absolument : \\\"Tartelette aux pommes et \u00e0 l'aub\u00e9pine\\\"\",\"breadcrumb\":{\"@id\":\"https:\\\/\\\/cuisine-la-nature.com\\\/recette-tartelette-aux-pommes-et-aubepine#breadcrumb\"},\"inLanguage\":\"fr-FR\",\"potentialAction\":[{\"@type\":\"ReadAction\",\"target\":[\"https:\\\/\\\/cuisine-la-nature.com\\\/recette-tartelette-aux-pommes-et-aubepine\"]}]},{\"@type\":\"BreadcrumbList\",\"@id\":\"https:\\\/\\\/cuisine-la-nature.com\\\/recette-tartelette-aux-pommes-et-aubepine#breadcrumb\",\"itemListElement\":[{\"@type\":\"ListItem\",\"position\":1,\"name\":\"Home\",\"item\":\"https:\\\/\\\/cuisine-la-nature.com\\\/\"},{\"@type\":\"ListItem\",\"position\":2,\"name\":\"Recette tartelette aux pommes et aub\u00e9pine\"}]},{\"@type\":\"WebSite\",\"@id\":\"https:\\\/\\\/cuisine-la-nature.com\\\/#website\",\"url\":\"https:\\\/\\\/cuisine-la-nature.com\\\/\",\"name\":\"Cuisine la Nature\",\"description\":\"Inspirez-vous de ce que vous offre la nature au fil des saisons et r\u00e9galez-vous !\",\"publisher\":{\"@id\":\"https:\\\/\\\/cuisine-la-nature.com\\\/#organization\"},\"potentialAction\":[{\"@type\":\"SearchAction\",\"target\":{\"@type\":\"EntryPoint\",\"urlTemplate\":\"https:\\\/\\\/cuisine-la-nature.com\\\/?s={search_term_string}\"},\"query-input\":{\"@type\":\"PropertyValueSpecification\",\"valueRequired\":true,\"valueName\":\"search_term_string\"}}],\"inLanguage\":\"fr-FR\"},{\"@type\":\"Organization\",\"@id\":\"https:\\\/\\\/cuisine-la-nature.com\\\/#organization\",\"name\":\"Cuisine la Nature\",\"url\":\"https:\\\/\\\/cuisine-la-nature.com\\\/\",\"logo\":{\"@type\":\"ImageObject\",\"inLanguage\":\"fr-FR\",\"@id\":\"https:\\\/\\\/cuisine-la-nature.com\\\/#\\\/schema\\\/logo\\\/image\\\/\",\"url\":\"https:\\\/\\\/i0.wp.com\\\/cuisine-la-nature.com\\\/wp-content\\\/uploads\\\/2022\\\/11\\\/cropped-Logo11.jpg?fit=937%2C200&ssl=1\",\"contentUrl\":\"https:\\\/\\\/i0.wp.com\\\/cuisine-la-nature.com\\\/wp-content\\\/uploads\\\/2022\\\/11\\\/cropped-Logo11.jpg?fit=937%2C200&ssl=1\",\"width\":937,\"height\":200,\"caption\":\"Cuisine la Nature\"},\"image\":{\"@id\":\"https:\\\/\\\/cuisine-la-nature.com\\\/#\\\/schema\\\/logo\\\/image\\\/\"}}]}<\/script>\n<!-- \/ Yoast SEO plugin. -->","yoast_head_json":{"title":"Recette tartelette aux pommes et aub\u00e9pine - Cuisine la Nature","description":"Une recette \u00e0 l'aub\u00e9pine excellente \u00e0 essayer absolument : \"Tartelette aux pommes et \u00e0 l'aub\u00e9pine\"","robots":{"index":"index","follow":"follow","max-snippet":"max-snippet:-1","max-image-preview":"max-image-preview:large","max-video-preview":"max-video-preview:-1"},"canonical":"https:\/\/cuisine-la-nature.com\/fr_fr\/recette-tartelette-aux-pommes-et-aubepine\/","og_locale":"fr_FR","og_type":"article","og_title":"Recette tartelette aux pommes et aub\u00e9pine - Cuisine la Nature","og_description":"Une recette \u00e0 l'aub\u00e9pine excellente \u00e0 essayer absolument : \"Tartelette aux pommes et \u00e0 l'aub\u00e9pine\"","og_url":"https:\/\/cuisine-la-nature.com\/fr_fr\/recette-tartelette-aux-pommes-et-aubepine\/","og_site_name":"Cuisine la Nature","article_modified_time":"2023-06-27T07:45:14+00:00","twitter_card":"summary_large_image","twitter_misc":{"Dur\u00e9e de lecture estim\u00e9e":"2 minutes"},"schema":{"@context":"https:\/\/schema.org","@graph":[{"@type":"WebPage","@id":"https:\/\/cuisine-la-nature.com\/recette-tartelette-aux-pommes-et-aubepine","url":"https:\/\/cuisine-la-nature.com\/recette-tartelette-aux-pommes-et-aubepine","name":"Recette tartelette aux pommes et aub\u00e9pine - Cuisine la Nature","isPartOf":{"@id":"https:\/\/cuisine-la-nature.com\/#website"},"datePublished":"2023-06-26T09:33:44+00:00","dateModified":"2023-06-27T07:45:14+00:00","description":"Une recette \u00e0 l'aub\u00e9pine excellente \u00e0 essayer absolument : \"Tartelette aux pommes et \u00e0 l'aub\u00e9pine\"","breadcrumb":{"@id":"https:\/\/cuisine-la-nature.com\/recette-tartelette-aux-pommes-et-aubepine#breadcrumb"},"inLanguage":"fr-FR","potentialAction":[{"@type":"ReadAction","target":["https:\/\/cuisine-la-nature.com\/recette-tartelette-aux-pommes-et-aubepine"]}]},{"@type":"BreadcrumbList","@id":"https:\/\/cuisine-la-nature.com\/recette-tartelette-aux-pommes-et-aubepine#breadcrumb","itemListElement":[{"@type":"ListItem","position":1,"name":"Home","item":"https:\/\/cuisine-la-nature.com\/"},{"@type":"ListItem","position":2,"name":"Recette tartelette aux pommes et aub\u00e9pine"}]},{"@type":"WebSite","@id":"https:\/\/cuisine-la-nature.com\/#website","url":"https:\/\/cuisine-la-nature.com\/","name":"Cuisine la Nature","description":"Inspirez-vous de ce que vous offre la nature au fil des saisons et r\u00e9galez-vous !","publisher":{"@id":"https:\/\/cuisine-la-nature.com\/#organization"},"potentialAction":[{"@type":"SearchAction","target":{"@type":"EntryPoint","urlTemplate":"https:\/\/cuisine-la-nature.com\/?s={search_term_string}"},"query-input":{"@type":"PropertyValueSpecification","valueRequired":true,"valueName":"search_term_string"}}],"inLanguage":"fr-FR"},{"@type":"Organization","@id":"https:\/\/cuisine-la-nature.com\/#organization","name":"Cuisine la Nature","url":"https:\/\/cuisine-la-nature.com\/","logo":{"@type":"ImageObject","inLanguage":"fr-FR","@id":"https:\/\/cuisine-la-nature.com\/#\/schema\/logo\/image\/","url":"https:\/\/i0.wp.com\/cuisine-la-nature.com\/wp-content\/uploads\/2022\/11\/cropped-Logo11.jpg?fit=937%2C200&ssl=1","contentUrl":"https:\/\/i0.wp.com\/cuisine-la-nature.com\/wp-content\/uploads\/2022\/11\/cropped-Logo11.jpg?fit=937%2C200&ssl=1","width":937,"height":200,"caption":"Cuisine la Nature"},"image":{"@id":"https:\/\/cuisine-la-nature.com\/#\/schema\/logo\/image\/"}}]}},"jetpack_sharing_enabled":true,"jetpack-related-posts":[],"_links":{"self":[{"href":"https:\/\/cuisine-la-nature.com\/fr_fr\/wp-json\/wp\/v2\/pages\/1920","targetHints":{"allow":["GET"]}}],"collection":[{"href":"https:\/\/cuisine-la-nature.com\/fr_fr\/wp-json\/wp\/v2\/pages"}],"about":[{"href":"https:\/\/cuisine-la-nature.com\/fr_fr\/wp-json\/wp\/v2\/types\/page"}],"author":[{"embeddable":true,"href":"https:\/\/cuisine-la-nature.com\/fr_fr\/wp-json\/wp\/v2\/users\/1"}],"replies":[{"embeddable":true,"href":"https:\/\/cuisine-la-nature.com\/fr_fr\/wp-json\/wp\/v2\/comments?post=1920"}],"version-history":[{"count":5,"href":"https:\/\/cuisine-la-nature.com\/fr_fr\/wp-json\/wp\/v2\/pages\/1920\/revisions"}],"predecessor-version":[{"id":1934,"href":"https:\/\/cuisine-la-nature.com\/fr_fr\/wp-json\/wp\/v2\/pages\/1920\/revisions\/1934"}],"wp:attachment":[{"href":"https:\/\/cuisine-la-nature.com\/fr_fr\/wp-json\/wp\/v2\/media?parent=1920"}],"curies":[{"name":"wp","href":"https:\/\/api.w.org\/{rel}","templated":true}]}}