{"id":12847,"date":"2026-04-15T22:03:19","date_gmt":"2026-04-15T22:03:19","guid":{"rendered":"https:\/\/cuisine-la-nature.com\/?page_id=12847"},"modified":"2026-04-15T22:09:09","modified_gmt":"2026-04-15T22:09:09","slug":"recette-compote-de-renouee-a-la-tomate-et-au-coriandre","status":"publish","type":"page","link":"https:\/\/cuisine-la-nature.com\/fr_fr\/recette-compote-de-renouee-a-la-tomate-et-au-coriandre","title":{"rendered":"Recette Compote de renou\u00e9e \u00e0 la tomate et au coriandre"},"content":{"rendered":"\t\t<div data-elementor-type=\"wp-page\" data-elementor-id=\"12847\" class=\"elementor elementor-12847\">\n\t\t\t\t\t\t<section class=\"elementor-section elementor-top-section elementor-element elementor-element-86b81ba elementor-section-boxed elementor-section-height-default elementor-section-height-default\" data-id=\"86b81ba\" data-element_type=\"section\" data-e-type=\"section\" data-settings=\"{&quot;background_background&quot;:&quot;classic&quot;}\">\n\t\t\t\t\t\t<div class=\"elementor-container elementor-column-gap-default\">\n\t\t\t\t\t<div class=\"elementor-column elementor-col-100 elementor-top-column elementor-element elementor-element-9df5f27\" data-id=\"9df5f27\" data-element_type=\"column\" data-e-type=\"column\" data-settings=\"{&quot;background_background&quot;:&quot;classic&quot;}\">\n\t\t\t<div class=\"elementor-widget-wrap elementor-element-populated\">\n\t\t\t\t\t\t<div class=\"elementor-element elementor-element-f45c29b elementor-widget elementor-widget-heading\" data-id=\"f45c29b\" data-element_type=\"widget\" data-e-type=\"widget\" data-widget_type=\"heading.default\">\n\t\t\t\t<div class=\"elementor-widget-container\">\n\t\t\t\t\t<h2 class=\"elementor-heading-title elementor-size-default\">Compote de renou\u00e9e du Japon \u00e0 la tomate et au coriandre<\/h2>\t\t\t\t<\/div>\n\t\t\t\t<\/div>\n\t\t\t\t\t<\/div>\n\t\t<\/div>\n\t\t\t\t\t<\/div>\n\t\t<\/section>\n\t\t\t\t<section class=\"elementor-section elementor-top-section elementor-element elementor-element-7161734 elementor-section-boxed elementor-section-height-default elementor-section-height-default\" data-id=\"7161734\" data-element_type=\"section\" data-e-type=\"section\" data-settings=\"{&quot;background_background&quot;:&quot;classic&quot;}\">\n\t\t\t\t\t\t<div class=\"elementor-container elementor-column-gap-default\">\n\t\t\t\t\t<div class=\"elementor-column elementor-col-100 elementor-top-column elementor-element elementor-element-f38f2f3\" data-id=\"f38f2f3\" data-element_type=\"column\" data-e-type=\"column\" data-settings=\"{&quot;background_background&quot;:&quot;classic&quot;}\">\n\t\t\t<div class=\"elementor-widget-wrap elementor-element-populated\">\n\t\t\t\t\t\t<div class=\"elementor-element elementor-element-a6ceff6 elementor-widget elementor-widget-heading\" data-id=\"a6ceff6\" data-element_type=\"widget\" data-e-type=\"widget\" data-widget_type=\"heading.default\">\n\t\t\t\t<div class=\"elementor-widget-container\">\n\t\t\t\t\t<h2 class=\"elementor-heading-title elementor-size-default\">Recette de Yoann Hue\n<\/h2>\t\t\t\t<\/div>\n\t\t\t\t<\/div>\n\t\t\t\t\t<\/div>\n\t\t<\/div>\n\t\t\t\t\t<\/div>\n\t\t<\/section>\n\t\t\t\t<section class=\"elementor-section elementor-top-section elementor-element elementor-element-daff97d elementor-section-boxed elementor-section-height-default elementor-section-height-default\" data-id=\"daff97d\" data-element_type=\"section\" data-e-type=\"section\" data-settings=\"{&quot;background_background&quot;:&quot;gradient&quot;}\">\n\t\t\t\t\t\t<div class=\"elementor-container elementor-column-gap-default\">\n\t\t\t\t\t<div class=\"elementor-column elementor-col-100 elementor-top-column elementor-element elementor-element-06666b1\" data-id=\"06666b1\" data-element_type=\"column\" data-e-type=\"column\">\n\t\t\t<div class=\"elementor-widget-wrap elementor-element-populated\">\n\t\t\t\t\t\t<section class=\"elementor-section elementor-inner-section elementor-element elementor-element-e6e6e87 elementor-section-boxed elementor-section-height-default elementor-section-height-default\" data-id=\"e6e6e87\" data-element_type=\"section\" data-e-type=\"section\">\n\t\t\t\t\t\t<div class=\"elementor-container elementor-column-gap-default\">\n\t\t\t\t\t<div class=\"elementor-column elementor-col-100 elementor-inner-column elementor-element elementor-element-f967e23\" data-id=\"f967e23\" data-element_type=\"column\" data-e-type=\"column\">\n\t\t\t<div class=\"elementor-widget-wrap elementor-element-populated\">\n\t\t\t\t\t\t<div class=\"elementor-element elementor-element-01feee2 elementor-widget elementor-widget-image\" data-id=\"01feee2\" data-element_type=\"widget\" data-e-type=\"widget\" data-widget_type=\"image.default\">\n\t\t\t\t<div class=\"elementor-widget-container\">\n\t\t\t\t\t\t\t\t\t\t\t\t\t\t\t<img fetchpriority=\"high\" decoding=\"async\" width=\"299\" height=\"450\" src=\"https:\/\/i0.wp.com\/cuisine-la-nature.com\/wp-content\/uploads\/2026\/04\/Renoueejaponrecette2.jpg?fit=299%2C450&amp;ssl=1\" class=\"attachment-full size-full wp-image-12849\" alt=\"Compote de renou\u00e9e du japon \u00e0 la tomate et au coriandre\" srcset=\"https:\/\/i0.wp.com\/cuisine-la-nature.com\/wp-content\/uploads\/2026\/04\/Renoueejaponrecette2.jpg?w=299&amp;ssl=1 299w, https:\/\/i0.wp.com\/cuisine-la-nature.com\/wp-content\/uploads\/2026\/04\/Renoueejaponrecette2.jpg?resize=199%2C300&amp;ssl=1 199w, https:\/\/i0.wp.com\/cuisine-la-nature.com\/wp-content\/uploads\/2026\/04\/Renoueejaponrecette2.jpg?resize=8%2C12&amp;ssl=1 8w\" sizes=\"(max-width: 299px) 100vw, 299px\" \/>\t\t\t\t\t\t\t\t\t\t\t\t\t\t\t<\/div>\n\t\t\t\t<\/div>\n\t\t\t\t<div class=\"elementor-element elementor-element-8f9a04f elementor-widget elementor-widget-text-editor\" data-id=\"8f9a04f\" data-element_type=\"widget\" data-e-type=\"widget\" data-widget_type=\"text-editor.default\">\n\t\t\t\t<div class=\"elementor-widget-container\">\n\t\t\t\t\t\t\t\t\t<p style=\"text-align: center;\"><span style=\"color: #000000;\"><em>Photo de Yoann Hue<\/em><\/span><\/p>\t\t\t\t\t\t\t\t<\/div>\n\t\t\t\t<\/div>\n\t\t\t\t\t<\/div>\n\t\t<\/div>\n\t\t\t\t\t<\/div>\n\t\t<\/section>\n\t\t\t\t<section class=\"elementor-section elementor-inner-section elementor-element elementor-element-6394e85 elementor-section-boxed elementor-section-height-default elementor-section-height-default\" data-id=\"6394e85\" data-element_type=\"section\" data-e-type=\"section\">\n\t\t\t\t\t\t<div class=\"elementor-container elementor-column-gap-default\">\n\t\t\t\t\t<div class=\"elementor-column elementor-col-100 elementor-inner-column elementor-element elementor-element-d8bdd20\" data-id=\"d8bdd20\" data-element_type=\"column\" data-e-type=\"column\">\n\t\t\t<div class=\"elementor-widget-wrap elementor-element-populated\">\n\t\t\t\t\t\t<div class=\"elementor-element elementor-element-72a98a0 elementor-widget elementor-widget-text-editor\" data-id=\"72a98a0\" data-element_type=\"widget\" data-e-type=\"widget\" data-widget_type=\"text-editor.default\">\n\t\t\t\t<div class=\"elementor-widget-container\">\n\t\t\t\t\t\t\t\t\t<p>Ingr\u00e9dients pour 4 personnes<\/p>\t\t\t\t\t\t\t\t<\/div>\n\t\t\t\t<\/div>\n\t\t\t\t\t<\/div>\n\t\t<\/div>\n\t\t\t\t\t<\/div>\n\t\t<\/section>\n\t\t\t\t<section class=\"elementor-section elementor-inner-section elementor-element elementor-element-4df2689 elementor-section-boxed elementor-section-height-default elementor-section-height-default\" data-id=\"4df2689\" data-element_type=\"section\" data-e-type=\"section\">\n\t\t\t\t\t\t<div class=\"elementor-container elementor-column-gap-default\">\n\t\t\t\t\t<div class=\"elementor-column elementor-col-33 elementor-inner-column elementor-element elementor-element-39e403d\" data-id=\"39e403d\" data-element_type=\"column\" data-e-type=\"column\">\n\t\t\t<div class=\"elementor-widget-wrap elementor-element-populated\">\n\t\t\t\t\t\t<div class=\"elementor-element elementor-element-49339d4 elementor-widget elementor-widget-text-editor\" data-id=\"49339d4\" data-element_type=\"widget\" data-e-type=\"widget\" data-widget_type=\"text-editor.default\">\n\t\t\t\t<div class=\"elementor-widget-container\">\n\t\t\t\t\t\t\t\t\t<ul><li>200 g de renou\u00e9e du Japon, jeune et tendre<\/li><li>50 g d&#8217;oignons<\/li><li>100 g de tomates concass\u00e9es<\/li><li>30 ml d&#8217;huile d&#8217;olive<\/li><li>1 c. \u00e0 s. de vinaigre de vin rouge<\/li><li>1 c. \u00e0 s. de miel<\/li><li>1 c. \u00e0 s. de concentr\u00e9 de tomates<\/li><li>1 c. \u00e0 c. de graines de coriandre<\/li><li>Sel<\/li><li>1 pinc\u00e9e de chili<\/li><\/ul><p>Pour servir, des beaux tubes de renou\u00e9e du Japon<\/p>\t\t\t\t\t\t\t\t<\/div>\n\t\t\t\t<\/div>\n\t\t\t\t\t<\/div>\n\t\t<\/div>\n\t\t\t\t<div class=\"elementor-column elementor-col-33 elementor-inner-column elementor-element elementor-element-e83c963\" data-id=\"e83c963\" data-element_type=\"column\" data-e-type=\"column\">\n\t\t\t<div class=\"elementor-widget-wrap\">\n\t\t\t\t\t\t\t<\/div>\n\t\t<\/div>\n\t\t\t\t<div class=\"elementor-column elementor-col-33 elementor-inner-column elementor-element elementor-element-30be895\" data-id=\"30be895\" data-element_type=\"column\" data-e-type=\"column\">\n\t\t\t<div class=\"elementor-widget-wrap\">\n\t\t\t\t\t\t\t<\/div>\n\t\t<\/div>\n\t\t\t\t\t<\/div>\n\t\t<\/section>\n\t\t\t\t<section class=\"elementor-section elementor-inner-section elementor-element elementor-element-4dadfc3 elementor-section-boxed elementor-section-height-default elementor-section-height-default\" data-id=\"4dadfc3\" data-element_type=\"section\" data-e-type=\"section\">\n\t\t\t\t\t\t<div class=\"elementor-container elementor-column-gap-default\">\n\t\t\t\t\t<div class=\"elementor-column elementor-col-100 elementor-inner-column elementor-element elementor-element-6ec698a\" data-id=\"6ec698a\" data-element_type=\"column\" data-e-type=\"column\">\n\t\t\t<div class=\"elementor-widget-wrap elementor-element-populated\">\n\t\t\t\t\t\t<div class=\"elementor-element elementor-element-05ff8bb elementor-widget elementor-widget-text-editor\" data-id=\"05ff8bb\" data-element_type=\"widget\" data-e-type=\"widget\" data-widget_type=\"text-editor.default\">\n\t\t\t\t<div class=\"elementor-widget-container\">\n\t\t\t\t\t\t\t\t\t<p>Pr\u00e9paration de la recette<\/p>\t\t\t\t\t\t\t\t<\/div>\n\t\t\t\t<\/div>\n\t\t\t\t\t<\/div>\n\t\t<\/div>\n\t\t\t\t\t<\/div>\n\t\t<\/section>\n\t\t\t\t<section class=\"elementor-section elementor-inner-section elementor-element elementor-element-1797aef elementor-section-boxed elementor-section-height-default elementor-section-height-default\" data-id=\"1797aef\" data-element_type=\"section\" data-e-type=\"section\">\n\t\t\t\t\t\t<div class=\"elementor-container elementor-column-gap-default\">\n\t\t\t\t\t<div class=\"elementor-column elementor-col-100 elementor-inner-column elementor-element elementor-element-2a58c61\" data-id=\"2a58c61\" data-element_type=\"column\" data-e-type=\"column\">\n\t\t\t<div class=\"elementor-widget-wrap elementor-element-populated\">\n\t\t\t\t\t\t<div class=\"elementor-element elementor-element-0297a61 elementor-widget elementor-widget-text-editor\" data-id=\"0297a61\" data-element_type=\"widget\" data-e-type=\"widget\" data-widget_type=\"text-editor.default\">\n\t\t\t\t<div class=\"elementor-widget-container\">\n\t\t\t\t\t\t\t\t\t<p><span style=\"color: #000000;\">Laver la renou\u00e9e du Japon et la couper en rondelles de 2 mm d&#8217;\u00e9paisseur. \u00c9plucher les oignons et les \u00e9mincer finement. Les faire revenir dans l&#8217;huile d&#8217;olive. Ajouter les tomates concass\u00e9es et les autres ingr\u00e9dients (sauf la renou\u00e9e). Laisser mijoter la sauce 10 minutes. Ajouter la renou\u00e9e et laisser mijoter doucement encore 10 minutes. Assaisonner la compote selon votre go\u00fbt<\/span>.<\/p><p><span style=\"color: #000000;\">On peut la servir froide en entr\u00e9e, par exemple avec du p\u00e2t\u00e9 de poisson, ou chaude comme l\u00e9gume avec du poisson ou de la volaille. Les \u00e9pais tubes de la renou\u00e9e du Japon peuvent servir \u00e0 la pr\u00e9sentation.<\/span><\/p>\t\t\t\t\t\t\t\t<\/div>\n\t\t\t\t<\/div>\n\t\t\t\t\t<\/div>\n\t\t<\/div>\n\t\t\t\t\t<\/div>\n\t\t<\/section>\n\t\t\t\t\t<\/div>\n\t\t<\/div>\n\t\t\t\t\t<\/div>\n\t\t<\/section>\n\t\t\t\t<\/div>\n\t\t","protected":false},"excerpt":{"rendered":"<p>Compote de renou\u00e9e du Japon \u00e0 la tomate et au coriandre Recette de Yoann Hue Photo de Yoann Hue Ingr\u00e9dients pour 4 personnes 200 g de renou\u00e9e du Japon, jeune et tendre 50 g d&#8217;oignons 100 g de tomates concass\u00e9es 30 ml d&#8217;huile d&#8217;olive 1 c. \u00e0 s. de vinaigre de vin rouge 1 c. [&hellip;]<\/p>\n","protected":false},"author":1,"featured_media":0,"parent":0,"menu_order":0,"comment_status":"closed","ping_status":"closed","template":"","meta":{"nf_dc_page":"","ocean_post_layout":"full-screen","ocean_both_sidebars_style":"","ocean_both_sidebars_content_width":0,"ocean_both_sidebars_sidebars_width":0,"ocean_sidebar":"","ocean_second_sidebar":"","ocean_disable_margins":"on","ocean_add_body_class":"","ocean_shortcode_before_top_bar":"","ocean_shortcode_after_top_bar":"","ocean_shortcode_before_header":"","ocean_shortcode_after_header":"","ocean_has_shortcode":"","ocean_shortcode_after_title":"","ocean_shortcode_before_footer_widgets":"","ocean_shortcode_after_footer_widgets":"","ocean_shortcode_before_footer_bottom":"","ocean_shortcode_after_footer_bottom":"","ocean_display_top_bar":"off","ocean_display_header":"default","ocean_header_style":"","ocean_center_header_left_menu":"","ocean_custom_header_template":"","ocean_custom_logo":0,"ocean_custom_retina_logo":0,"ocean_custom_logo_max_width":0,"ocean_custom_logo_tablet_max_width":0,"ocean_custom_logo_mobile_max_width":0,"ocean_custom_logo_max_height":0,"ocean_custom_logo_tablet_max_height":0,"ocean_custom_logo_mobile_max_height":0,"ocean_header_custom_menu":"","ocean_menu_typo_font_family":"","ocean_menu_typo_font_subset":"","ocean_menu_typo_font_size":0,"ocean_menu_typo_font_size_tablet":0,"ocean_menu_typo_font_size_mobile":0,"ocean_menu_typo_font_size_unit":"px","ocean_menu_typo_font_weight":"","ocean_menu_typo_font_weight_tablet":"","ocean_menu_typo_font_weight_mobile":"","ocean_menu_typo_transform":"","ocean_menu_typo_transform_tablet":"","ocean_menu_typo_transform_mobile":"","ocean_menu_typo_line_height":0,"ocean_menu_typo_line_height_tablet":0,"ocean_menu_typo_line_height_mobile":0,"ocean_menu_typo_line_height_unit":"","ocean_menu_typo_spacing":0,"ocean_menu_typo_spacing_tablet":0,"ocean_menu_typo_spacing_mobile":0,"ocean_menu_typo_spacing_unit":"","ocean_menu_link_color":"","ocean_menu_link_color_hover":"","ocean_menu_link_color_active":"","ocean_menu_link_background":"","ocean_menu_link_hover_background":"","ocean_menu_link_active_background":"","ocean_menu_social_links_bg":"","ocean_menu_social_hover_links_bg":"","ocean_menu_social_links_color":"","ocean_menu_social_hover_links_color":"","ocean_disable_title":"on","ocean_disable_heading":"default","ocean_post_title":"","ocean_post_subheading":"","ocean_post_title_style":"","ocean_post_title_background_color":"","ocean_post_title_background":0,"ocean_post_title_bg_image_position":"","ocean_post_title_bg_image_attachment":"","ocean_post_title_bg_image_repeat":"","ocean_post_title_bg_image_size":"","ocean_post_title_height":0,"ocean_post_title_bg_overlay":0.5,"ocean_post_title_bg_overlay_color":"","ocean_disable_breadcrumbs":"default","ocean_breadcrumbs_color":"","ocean_breadcrumbs_separator_color":"","ocean_breadcrumbs_links_color":"","ocean_breadcrumbs_links_hover_color":"","ocean_display_footer_widgets":"default","ocean_display_footer_bottom":"default","ocean_custom_footer_template":"","iawp_total_views":8,"footnotes":""},"class_list":["post-12847","page","type-page","status-publish","hentry","entry"],"yoast_head":"<!-- This site is optimized with the Yoast SEO plugin v27.4 - https:\/\/yoast.com\/product\/yoast-seo-wordpress\/ -->\n<title>Recette Compote de renou\u00e9e \u00e0 la tomate et au coriandre - Cuisine la Nature<\/title>\n<meta name=\"description\" content=\"Une recette \u00e0 la renou\u00e9e du japon de Yoann Hue \u00e0 essayer absolument : Compote de renou\u00e9e \u00e0 la tomate et au coriandre\" \/>\n<meta name=\"robots\" content=\"index, follow, max-snippet:-1, max-image-preview:large, max-video-preview:-1\" \/>\n<link rel=\"canonical\" href=\"https:\/\/cuisine-la-nature.com\/fr_fr\/recette-compote-de-renouee-a-la-tomate-et-au-coriandre\/\" \/>\n<meta property=\"og:locale\" content=\"fr_FR\" \/>\n<meta property=\"og:type\" content=\"article\" \/>\n<meta property=\"og:title\" content=\"Recette Compote de renou\u00e9e \u00e0 la tomate et au coriandre - Cuisine la Nature\" \/>\n<meta property=\"og:description\" content=\"Une recette \u00e0 la renou\u00e9e du japon de Yoann Hue \u00e0 essayer absolument : Compote de renou\u00e9e \u00e0 la tomate et au coriandre\" \/>\n<meta property=\"og:url\" content=\"https:\/\/cuisine-la-nature.com\/fr_fr\/recette-compote-de-renouee-a-la-tomate-et-au-coriandre\/\" \/>\n<meta property=\"og:site_name\" content=\"Cuisine la Nature\" \/>\n<meta property=\"article:modified_time\" content=\"2026-04-15T22:09:09+00:00\" \/>\n<meta property=\"og:image\" content=\"https:\/\/cuisine-la-nature.com\/wp-content\/uploads\/2026\/04\/Renoueejaponrecette2.jpg\" \/>\n<meta name=\"twitter:card\" content=\"summary_large_image\" \/>\n<meta name=\"twitter:label1\" content=\"Dur\u00e9e de lecture estim\u00e9e\" \/>\n\t<meta name=\"twitter:data1\" content=\"2 minutes\" \/>\n<script type=\"application\/ld+json\" class=\"yoast-schema-graph\">{\"@context\":\"https:\\\/\\\/schema.org\",\"@graph\":[{\"@type\":\"WebPage\",\"@id\":\"https:\\\/\\\/cuisine-la-nature.com\\\/recette-compote-de-renouee-a-la-tomate-et-au-coriandre\",\"url\":\"https:\\\/\\\/cuisine-la-nature.com\\\/recette-compote-de-renouee-a-la-tomate-et-au-coriandre\",\"name\":\"Recette Compote de renou\u00e9e \u00e0 la tomate et au coriandre - Cuisine la Nature\",\"isPartOf\":{\"@id\":\"https:\\\/\\\/cuisine-la-nature.com\\\/#website\"},\"primaryImageOfPage\":{\"@id\":\"https:\\\/\\\/cuisine-la-nature.com\\\/recette-compote-de-renouee-a-la-tomate-et-au-coriandre#primaryimage\"},\"image\":{\"@id\":\"https:\\\/\\\/cuisine-la-nature.com\\\/recette-compote-de-renouee-a-la-tomate-et-au-coriandre#primaryimage\"},\"thumbnailUrl\":\"https:\\\/\\\/cuisine-la-nature.com\\\/wp-content\\\/uploads\\\/2026\\\/04\\\/Renoueejaponrecette2.jpg\",\"datePublished\":\"2026-04-15T22:03:19+00:00\",\"dateModified\":\"2026-04-15T22:09:09+00:00\",\"description\":\"Une recette \u00e0 la renou\u00e9e du japon de Yoann Hue \u00e0 essayer absolument : Compote de renou\u00e9e \u00e0 la tomate et au coriandre\",\"breadcrumb\":{\"@id\":\"https:\\\/\\\/cuisine-la-nature.com\\\/recette-compote-de-renouee-a-la-tomate-et-au-coriandre#breadcrumb\"},\"inLanguage\":\"fr-FR\",\"potentialAction\":[{\"@type\":\"ReadAction\",\"target\":[\"https:\\\/\\\/cuisine-la-nature.com\\\/recette-compote-de-renouee-a-la-tomate-et-au-coriandre\"]}]},{\"@type\":\"ImageObject\",\"inLanguage\":\"fr-FR\",\"@id\":\"https:\\\/\\\/cuisine-la-nature.com\\\/recette-compote-de-renouee-a-la-tomate-et-au-coriandre#primaryimage\",\"url\":\"https:\\\/\\\/cuisine-la-nature.com\\\/wp-content\\\/uploads\\\/2026\\\/04\\\/Renoueejaponrecette2.jpg\",\"contentUrl\":\"https:\\\/\\\/cuisine-la-nature.com\\\/wp-content\\\/uploads\\\/2026\\\/04\\\/Renoueejaponrecette2.jpg\"},{\"@type\":\"BreadcrumbList\",\"@id\":\"https:\\\/\\\/cuisine-la-nature.com\\\/recette-compote-de-renouee-a-la-tomate-et-au-coriandre#breadcrumb\",\"itemListElement\":[{\"@type\":\"ListItem\",\"position\":1,\"name\":\"Home\",\"item\":\"https:\\\/\\\/cuisine-la-nature.com\\\/\"},{\"@type\":\"ListItem\",\"position\":2,\"name\":\"Recette Compote de renou\u00e9e \u00e0 la tomate et au coriandre\"}]},{\"@type\":\"WebSite\",\"@id\":\"https:\\\/\\\/cuisine-la-nature.com\\\/#website\",\"url\":\"https:\\\/\\\/cuisine-la-nature.com\\\/\",\"name\":\"Cuisine la Nature\",\"description\":\"Inspirez-vous de ce que vous offre la nature au fil des saisons et r\u00e9galez-vous !\",\"publisher\":{\"@id\":\"https:\\\/\\\/cuisine-la-nature.com\\\/#organization\"},\"potentialAction\":[{\"@type\":\"SearchAction\",\"target\":{\"@type\":\"EntryPoint\",\"urlTemplate\":\"https:\\\/\\\/cuisine-la-nature.com\\\/?s={search_term_string}\"},\"query-input\":{\"@type\":\"PropertyValueSpecification\",\"valueRequired\":true,\"valueName\":\"search_term_string\"}}],\"inLanguage\":\"fr-FR\"},{\"@type\":\"Organization\",\"@id\":\"https:\\\/\\\/cuisine-la-nature.com\\\/#organization\",\"name\":\"Cuisine la Nature\",\"url\":\"https:\\\/\\\/cuisine-la-nature.com\\\/\",\"logo\":{\"@type\":\"ImageObject\",\"inLanguage\":\"fr-FR\",\"@id\":\"https:\\\/\\\/cuisine-la-nature.com\\\/#\\\/schema\\\/logo\\\/image\\\/\",\"url\":\"https:\\\/\\\/i0.wp.com\\\/cuisine-la-nature.com\\\/wp-content\\\/uploads\\\/2022\\\/11\\\/cropped-Logo11.jpg?fit=937%2C200&ssl=1\",\"contentUrl\":\"https:\\\/\\\/i0.wp.com\\\/cuisine-la-nature.com\\\/wp-content\\\/uploads\\\/2022\\\/11\\\/cropped-Logo11.jpg?fit=937%2C200&ssl=1\",\"width\":937,\"height\":200,\"caption\":\"Cuisine la Nature\"},\"image\":{\"@id\":\"https:\\\/\\\/cuisine-la-nature.com\\\/#\\\/schema\\\/logo\\\/image\\\/\"}}]}<\/script>\n<!-- \/ Yoast SEO plugin. -->","yoast_head_json":{"title":"Recette Compote de renou\u00e9e \u00e0 la tomate et au coriandre - Cuisine la Nature","description":"Une recette \u00e0 la renou\u00e9e du japon de Yoann Hue \u00e0 essayer absolument : Compote de renou\u00e9e \u00e0 la tomate et au coriandre","robots":{"index":"index","follow":"follow","max-snippet":"max-snippet:-1","max-image-preview":"max-image-preview:large","max-video-preview":"max-video-preview:-1"},"canonical":"https:\/\/cuisine-la-nature.com\/fr_fr\/recette-compote-de-renouee-a-la-tomate-et-au-coriandre\/","og_locale":"fr_FR","og_type":"article","og_title":"Recette Compote de renou\u00e9e \u00e0 la tomate et au coriandre - Cuisine la Nature","og_description":"Une recette \u00e0 la renou\u00e9e du japon de Yoann Hue \u00e0 essayer absolument : Compote de renou\u00e9e \u00e0 la tomate et au coriandre","og_url":"https:\/\/cuisine-la-nature.com\/fr_fr\/recette-compote-de-renouee-a-la-tomate-et-au-coriandre\/","og_site_name":"Cuisine la Nature","article_modified_time":"2026-04-15T22:09:09+00:00","og_image":[{"url":"https:\/\/cuisine-la-nature.com\/wp-content\/uploads\/2026\/04\/Renoueejaponrecette2.jpg","type":"","width":"","height":""}],"twitter_card":"summary_large_image","twitter_misc":{"Dur\u00e9e de lecture estim\u00e9e":"2 minutes"},"schema":{"@context":"https:\/\/schema.org","@graph":[{"@type":"WebPage","@id":"https:\/\/cuisine-la-nature.com\/recette-compote-de-renouee-a-la-tomate-et-au-coriandre","url":"https:\/\/cuisine-la-nature.com\/recette-compote-de-renouee-a-la-tomate-et-au-coriandre","name":"Recette Compote de renou\u00e9e \u00e0 la tomate et au coriandre - Cuisine la Nature","isPartOf":{"@id":"https:\/\/cuisine-la-nature.com\/#website"},"primaryImageOfPage":{"@id":"https:\/\/cuisine-la-nature.com\/recette-compote-de-renouee-a-la-tomate-et-au-coriandre#primaryimage"},"image":{"@id":"https:\/\/cuisine-la-nature.com\/recette-compote-de-renouee-a-la-tomate-et-au-coriandre#primaryimage"},"thumbnailUrl":"https:\/\/cuisine-la-nature.com\/wp-content\/uploads\/2026\/04\/Renoueejaponrecette2.jpg","datePublished":"2026-04-15T22:03:19+00:00","dateModified":"2026-04-15T22:09:09+00:00","description":"Une recette \u00e0 la renou\u00e9e du japon de Yoann Hue \u00e0 essayer absolument : Compote de renou\u00e9e \u00e0 la tomate et au coriandre","breadcrumb":{"@id":"https:\/\/cuisine-la-nature.com\/recette-compote-de-renouee-a-la-tomate-et-au-coriandre#breadcrumb"},"inLanguage":"fr-FR","potentialAction":[{"@type":"ReadAction","target":["https:\/\/cuisine-la-nature.com\/recette-compote-de-renouee-a-la-tomate-et-au-coriandre"]}]},{"@type":"ImageObject","inLanguage":"fr-FR","@id":"https:\/\/cuisine-la-nature.com\/recette-compote-de-renouee-a-la-tomate-et-au-coriandre#primaryimage","url":"https:\/\/cuisine-la-nature.com\/wp-content\/uploads\/2026\/04\/Renoueejaponrecette2.jpg","contentUrl":"https:\/\/cuisine-la-nature.com\/wp-content\/uploads\/2026\/04\/Renoueejaponrecette2.jpg"},{"@type":"BreadcrumbList","@id":"https:\/\/cuisine-la-nature.com\/recette-compote-de-renouee-a-la-tomate-et-au-coriandre#breadcrumb","itemListElement":[{"@type":"ListItem","position":1,"name":"Home","item":"https:\/\/cuisine-la-nature.com\/"},{"@type":"ListItem","position":2,"name":"Recette Compote de renou\u00e9e \u00e0 la tomate et au coriandre"}]},{"@type":"WebSite","@id":"https:\/\/cuisine-la-nature.com\/#website","url":"https:\/\/cuisine-la-nature.com\/","name":"Cuisine la Nature","description":"Inspirez-vous de ce que vous offre la nature au fil des saisons et r\u00e9galez-vous !","publisher":{"@id":"https:\/\/cuisine-la-nature.com\/#organization"},"potentialAction":[{"@type":"SearchAction","target":{"@type":"EntryPoint","urlTemplate":"https:\/\/cuisine-la-nature.com\/?s={search_term_string}"},"query-input":{"@type":"PropertyValueSpecification","valueRequired":true,"valueName":"search_term_string"}}],"inLanguage":"fr-FR"},{"@type":"Organization","@id":"https:\/\/cuisine-la-nature.com\/#organization","name":"Cuisine la Nature","url":"https:\/\/cuisine-la-nature.com\/","logo":{"@type":"ImageObject","inLanguage":"fr-FR","@id":"https:\/\/cuisine-la-nature.com\/#\/schema\/logo\/image\/","url":"https:\/\/i0.wp.com\/cuisine-la-nature.com\/wp-content\/uploads\/2022\/11\/cropped-Logo11.jpg?fit=937%2C200&ssl=1","contentUrl":"https:\/\/i0.wp.com\/cuisine-la-nature.com\/wp-content\/uploads\/2022\/11\/cropped-Logo11.jpg?fit=937%2C200&ssl=1","width":937,"height":200,"caption":"Cuisine la Nature"},"image":{"@id":"https:\/\/cuisine-la-nature.com\/#\/schema\/logo\/image\/"}}]}},"jetpack_sharing_enabled":true,"jetpack-related-posts":[],"_links":{"self":[{"href":"https:\/\/cuisine-la-nature.com\/fr_fr\/wp-json\/wp\/v2\/pages\/12847","targetHints":{"allow":["GET"]}}],"collection":[{"href":"https:\/\/cuisine-la-nature.com\/fr_fr\/wp-json\/wp\/v2\/pages"}],"about":[{"href":"https:\/\/cuisine-la-nature.com\/fr_fr\/wp-json\/wp\/v2\/types\/page"}],"author":[{"embeddable":true,"href":"https:\/\/cuisine-la-nature.com\/fr_fr\/wp-json\/wp\/v2\/users\/1"}],"replies":[{"embeddable":true,"href":"https:\/\/cuisine-la-nature.com\/fr_fr\/wp-json\/wp\/v2\/comments?post=12847"}],"version-history":[{"count":13,"href":"https:\/\/cuisine-la-nature.com\/fr_fr\/wp-json\/wp\/v2\/pages\/12847\/revisions"}],"predecessor-version":[{"id":12861,"href":"https:\/\/cuisine-la-nature.com\/fr_fr\/wp-json\/wp\/v2\/pages\/12847\/revisions\/12861"}],"wp:attachment":[{"href":"https:\/\/cuisine-la-nature.com\/fr_fr\/wp-json\/wp\/v2\/media?parent=12847"}],"curies":[{"name":"wp","href":"https:\/\/api.w.org\/{rel}","templated":true}]}}