{"id":10467,"date":"2025-08-19T18:33:34","date_gmt":"2025-08-19T18:33:34","guid":{"rendered":"https:\/\/cuisine-la-nature.com\/?page_id=10467"},"modified":"2025-08-19T18:39:28","modified_gmt":"2025-08-19T18:39:28","slug":"recette-soupe-de-chenopode-bon-henri","status":"publish","type":"page","link":"https:\/\/cuisine-la-nature.com\/fr_fr\/recette-soupe-de-chenopode-bon-henri","title":{"rendered":"Recette Soupe de ch\u00e9nopode bon-Henri"},"content":{"rendered":"\t\t<div data-elementor-type=\"wp-page\" data-elementor-id=\"10467\" class=\"elementor elementor-10467\">\n\t\t\t\t\t\t<section class=\"elementor-section elementor-top-section elementor-element elementor-element-12e083d elementor-section-boxed elementor-section-height-default elementor-section-height-default\" data-id=\"12e083d\" data-element_type=\"section\" data-e-type=\"section\" data-settings=\"{&quot;background_background&quot;:&quot;classic&quot;}\">\n\t\t\t\t\t\t<div class=\"elementor-container elementor-column-gap-default\">\n\t\t\t\t\t<div class=\"elementor-column elementor-col-100 elementor-top-column elementor-element elementor-element-644e4a6\" data-id=\"644e4a6\" data-element_type=\"column\" data-e-type=\"column\" data-settings=\"{&quot;background_background&quot;:&quot;classic&quot;}\">\n\t\t\t<div class=\"elementor-widget-wrap elementor-element-populated\">\n\t\t\t\t\t\t<div class=\"elementor-element elementor-element-dd0a1f5 elementor-widget elementor-widget-heading\" data-id=\"dd0a1f5\" data-element_type=\"widget\" data-e-type=\"widget\" data-widget_type=\"heading.default\">\n\t\t\t\t<div class=\"elementor-widget-container\">\n\t\t\t\t\t<h2 class=\"elementor-heading-title elementor-size-default\">Soupe de ch\u00e9nopode bon-Henri<\/h2>\t\t\t\t<\/div>\n\t\t\t\t<\/div>\n\t\t\t\t\t<\/div>\n\t\t<\/div>\n\t\t\t\t\t<\/div>\n\t\t<\/section>\n\t\t\t\t<section class=\"elementor-section elementor-top-section elementor-element elementor-element-8318987 elementor-section-boxed elementor-section-height-default elementor-section-height-default\" data-id=\"8318987\" data-element_type=\"section\" data-e-type=\"section\" data-settings=\"{&quot;background_background&quot;:&quot;classic&quot;}\">\n\t\t\t\t\t\t<div class=\"elementor-container elementor-column-gap-default\">\n\t\t\t\t\t<div class=\"elementor-column elementor-col-100 elementor-top-column elementor-element elementor-element-9fb872f\" data-id=\"9fb872f\" data-element_type=\"column\" data-e-type=\"column\" data-settings=\"{&quot;background_background&quot;:&quot;classic&quot;}\">\n\t\t\t<div class=\"elementor-widget-wrap elementor-element-populated\">\n\t\t\t\t\t\t<div class=\"elementor-element elementor-element-5da1d48 elementor-widget elementor-widget-heading\" data-id=\"5da1d48\" data-element_type=\"widget\" data-e-type=\"widget\" data-widget_type=\"heading.default\">\n\t\t\t\t<div class=\"elementor-widget-container\">\n\t\t\t\t\t<h2 class=\"elementor-heading-title elementor-size-default\">Recette de Marc Veyrat<\/h2>\t\t\t\t<\/div>\n\t\t\t\t<\/div>\n\t\t\t\t\t<\/div>\n\t\t<\/div>\n\t\t\t\t\t<\/div>\n\t\t<\/section>\n\t\t\t\t<section class=\"elementor-section elementor-top-section elementor-element elementor-element-8c7f430 elementor-section-boxed elementor-section-height-default elementor-section-height-default\" data-id=\"8c7f430\" data-element_type=\"section\" data-e-type=\"section\" data-settings=\"{&quot;background_background&quot;:&quot;gradient&quot;}\">\n\t\t\t\t\t\t<div class=\"elementor-container elementor-column-gap-default\">\n\t\t\t\t\t<div class=\"elementor-column elementor-col-100 elementor-top-column elementor-element elementor-element-5268671\" data-id=\"5268671\" data-element_type=\"column\" data-e-type=\"column\">\n\t\t\t<div class=\"elementor-widget-wrap elementor-element-populated\">\n\t\t\t\t\t\t<section class=\"elementor-section elementor-inner-section elementor-element elementor-element-9fbd5c8 elementor-section-boxed elementor-section-height-default elementor-section-height-default\" data-id=\"9fbd5c8\" data-element_type=\"section\" data-e-type=\"section\">\n\t\t\t\t\t\t<div class=\"elementor-container elementor-column-gap-default\">\n\t\t\t\t\t<div class=\"elementor-column elementor-col-100 elementor-inner-column elementor-element elementor-element-b9fd56e\" data-id=\"b9fd56e\" data-element_type=\"column\" data-e-type=\"column\">\n\t\t\t<div class=\"elementor-widget-wrap elementor-element-populated\">\n\t\t\t\t\t\t<div class=\"elementor-element elementor-element-4ed1f6d elementor-widget elementor-widget-text-editor\" data-id=\"4ed1f6d\" data-element_type=\"widget\" data-e-type=\"widget\" data-widget_type=\"text-editor.default\">\n\t\t\t\t<div class=\"elementor-widget-container\">\n\t\t\t\t\t\t\t\t\t<p>Ingr\u00e9dients pour 4 personnes<\/p>\t\t\t\t\t\t\t\t<\/div>\n\t\t\t\t<\/div>\n\t\t\t\t\t<\/div>\n\t\t<\/div>\n\t\t\t\t\t<\/div>\n\t\t<\/section>\n\t\t\t\t<section class=\"elementor-section elementor-inner-section elementor-element elementor-element-d0a46e4 elementor-section-boxed elementor-section-height-default elementor-section-height-default\" data-id=\"d0a46e4\" data-element_type=\"section\" data-e-type=\"section\">\n\t\t\t\t\t\t<div class=\"elementor-container elementor-column-gap-default\">\n\t\t\t\t\t<div class=\"elementor-column elementor-col-33 elementor-inner-column elementor-element elementor-element-8f07a42\" data-id=\"8f07a42\" data-element_type=\"column\" data-e-type=\"column\">\n\t\t\t<div class=\"elementor-widget-wrap elementor-element-populated\">\n\t\t\t\t\t\t<div class=\"elementor-element elementor-element-0a6c70a elementor-widget elementor-widget-text-editor\" data-id=\"0a6c70a\" data-element_type=\"widget\" data-e-type=\"widget\" data-widget_type=\"text-editor.default\">\n\t\t\t\t<div class=\"elementor-widget-container\">\n\t\t\t\t\t\t\t\t\t<ul><li>400 g de poireaux<\/li><li>100 g de pommes de terre<\/li><li>300 g de feuilles de Bon-Henri<\/li><li>50 g de beurre<\/li><li>1 couenne de lard fum\u00e9<\/li><li>1,5 L de bouillon de l\u00e9gumes<\/li><li>1 c. \u00e0 s. de cr\u00e8me fra\u00eeche<\/li><li>2 tranches de pain de campagne<\/li><li>200 g de reblochon \u00e9cro\u00fbt\u00e9<\/li><li>Sel\/poivre<\/li><\/ul>\t\t\t\t\t\t\t\t<\/div>\n\t\t\t\t<\/div>\n\t\t\t\t\t<\/div>\n\t\t<\/div>\n\t\t\t\t<div class=\"elementor-column elementor-col-33 elementor-inner-column elementor-element elementor-element-1698f12\" data-id=\"1698f12\" data-element_type=\"column\" data-e-type=\"column\">\n\t\t\t<div class=\"elementor-widget-wrap elementor-element-populated\">\n\t\t\t\t\t\t\t<\/div>\n\t\t<\/div>\n\t\t\t\t<div class=\"elementor-column elementor-col-33 elementor-inner-column elementor-element elementor-element-70040de\" data-id=\"70040de\" data-element_type=\"column\" data-e-type=\"column\">\n\t\t\t<div class=\"elementor-widget-wrap elementor-element-populated\">\n\t\t\t\t\t\t\t<\/div>\n\t\t<\/div>\n\t\t\t\t\t<\/div>\n\t\t<\/section>\n\t\t\t\t<section class=\"elementor-section elementor-inner-section elementor-element elementor-element-4460a70 elementor-section-boxed elementor-section-height-default elementor-section-height-default\" data-id=\"4460a70\" data-element_type=\"section\" data-e-type=\"section\">\n\t\t\t\t\t\t<div class=\"elementor-container elementor-column-gap-default\">\n\t\t\t\t\t<div class=\"elementor-column elementor-col-100 elementor-inner-column elementor-element elementor-element-fdea5c1\" data-id=\"fdea5c1\" data-element_type=\"column\" data-e-type=\"column\">\n\t\t\t<div class=\"elementor-widget-wrap elementor-element-populated\">\n\t\t\t\t\t\t<div class=\"elementor-element elementor-element-4bf81fe elementor-widget elementor-widget-text-editor\" data-id=\"4bf81fe\" data-element_type=\"widget\" data-e-type=\"widget\" data-widget_type=\"text-editor.default\">\n\t\t\t\t<div class=\"elementor-widget-container\">\n\t\t\t\t\t\t\t\t\t<p>Pr\u00e9paration de la recette<\/p>\t\t\t\t\t\t\t\t<\/div>\n\t\t\t\t<\/div>\n\t\t\t\t\t<\/div>\n\t\t<\/div>\n\t\t\t\t\t<\/div>\n\t\t<\/section>\n\t\t\t\t<section class=\"elementor-section elementor-inner-section elementor-element elementor-element-734c618 elementor-section-boxed elementor-section-height-default elementor-section-height-default\" data-id=\"734c618\" data-element_type=\"section\" data-e-type=\"section\">\n\t\t\t\t\t\t<div class=\"elementor-container elementor-column-gap-default\">\n\t\t\t\t\t<div class=\"elementor-column elementor-col-100 elementor-inner-column elementor-element elementor-element-95dd255\" data-id=\"95dd255\" data-element_type=\"column\" data-e-type=\"column\">\n\t\t\t<div class=\"elementor-widget-wrap elementor-element-populated\">\n\t\t\t\t\t\t<div class=\"elementor-element elementor-element-d0f2426 elementor-widget elementor-widget-text-editor\" data-id=\"d0f2426\" data-element_type=\"widget\" data-e-type=\"widget\" data-widget_type=\"text-editor.default\">\n\t\t\t\t<div class=\"elementor-widget-container\">\n\t\t\t\t\t\t\t\t\t<p>Laver et \u00e9mincer les poireaux. \u00c9plucher, laver et tailler en d\u00e9s les pommes de terre. Trier, \u00e9queuter et laver les feuilles de ch\u00e9nopode. Suer les poireaux au beurre. Ajouter les pommes de terre et la couenne ficel\u00e9e. Verser le bouillon. Cuire 25 mn. Retirer la couenne. Mixer (passer \u00e9ventuellement) et r\u00e9server au chaud.<\/p><p>Retirer la cro\u00fbte des tranches de pain. Tailler en d\u00e9s. Passer au gril pour obtenir des cro\u00fbtons dor\u00e9s. Tailler le reblochon en d\u00e9s.<\/p><p>Ajouter les feuilles de ch\u00e9nopode dans la soupe et mixer. V\u00e9rifier l&#8217;assaisonnement. Incorporer la cr\u00e8me fra\u00eeche.<\/p><p>=&gt; Verser la soupe en soupi\u00e8re avec les d\u00e9s de reblochon et les cro\u00fbtons. Servir aussit\u00f4t.<\/p>\t\t\t\t\t\t\t\t<\/div>\n\t\t\t\t<\/div>\n\t\t\t\t\t<\/div>\n\t\t<\/div>\n\t\t\t\t\t<\/div>\n\t\t<\/section>\n\t\t\t\t\t<\/div>\n\t\t<\/div>\n\t\t\t\t\t<\/div>\n\t\t<\/section>\n\t\t\t\t<\/div>\n\t\t","protected":false},"excerpt":{"rendered":"<p>Soupe de ch\u00e9nopode bon-Henri Recette de Marc Veyrat Ingr\u00e9dients pour 4 personnes 400 g de poireaux 100 g de pommes de terre 300 g de feuilles de Bon-Henri 50 g de beurre 1 couenne de lard fum\u00e9 1,5 L de bouillon de l\u00e9gumes 1 c. \u00e0 s. de cr\u00e8me fra\u00eeche 2 tranches de pain de [&hellip;]<\/p>\n","protected":false},"author":1,"featured_media":0,"parent":0,"menu_order":0,"comment_status":"closed","ping_status":"closed","template":"","meta":{"nf_dc_page":"","ocean_post_layout":"full-screen","ocean_both_sidebars_style":"","ocean_both_sidebars_content_width":0,"ocean_both_sidebars_sidebars_width":0,"ocean_sidebar":"","ocean_second_sidebar":"","ocean_disable_margins":"on","ocean_add_body_class":"","ocean_shortcode_before_top_bar":"","ocean_shortcode_after_top_bar":"","ocean_shortcode_before_header":"","ocean_shortcode_after_header":"","ocean_has_shortcode":"","ocean_shortcode_after_title":"","ocean_shortcode_before_footer_widgets":"","ocean_shortcode_after_footer_widgets":"","ocean_shortcode_before_footer_bottom":"","ocean_shortcode_after_footer_bottom":"","ocean_display_top_bar":"off","ocean_display_header":"default","ocean_header_style":"","ocean_center_header_left_menu":"","ocean_custom_header_template":"","ocean_custom_logo":0,"ocean_custom_retina_logo":0,"ocean_custom_logo_max_width":0,"ocean_custom_logo_tablet_max_width":0,"ocean_custom_logo_mobile_max_width":0,"ocean_custom_logo_max_height":0,"ocean_custom_logo_tablet_max_height":0,"ocean_custom_logo_mobile_max_height":0,"ocean_header_custom_menu":"","ocean_menu_typo_font_family":"","ocean_menu_typo_font_subset":"","ocean_menu_typo_font_size":0,"ocean_menu_typo_font_size_tablet":0,"ocean_menu_typo_font_size_mobile":0,"ocean_menu_typo_font_size_unit":"px","ocean_menu_typo_font_weight":"","ocean_menu_typo_font_weight_tablet":"","ocean_menu_typo_font_weight_mobile":"","ocean_menu_typo_transform":"","ocean_menu_typo_transform_tablet":"","ocean_menu_typo_transform_mobile":"","ocean_menu_typo_line_height":0,"ocean_menu_typo_line_height_tablet":0,"ocean_menu_typo_line_height_mobile":0,"ocean_menu_typo_line_height_unit":"","ocean_menu_typo_spacing":0,"ocean_menu_typo_spacing_tablet":0,"ocean_menu_typo_spacing_mobile":0,"ocean_menu_typo_spacing_unit":"","ocean_menu_link_color":"","ocean_menu_link_color_hover":"","ocean_menu_link_color_active":"","ocean_menu_link_background":"","ocean_menu_link_hover_background":"","ocean_menu_link_active_background":"","ocean_menu_social_links_bg":"","ocean_menu_social_hover_links_bg":"","ocean_menu_social_links_color":"","ocean_menu_social_hover_links_color":"","ocean_disable_title":"on","ocean_disable_heading":"default","ocean_post_title":"","ocean_post_subheading":"","ocean_post_title_style":"","ocean_post_title_background_color":"","ocean_post_title_background":0,"ocean_post_title_bg_image_position":"","ocean_post_title_bg_image_attachment":"","ocean_post_title_bg_image_repeat":"","ocean_post_title_bg_image_size":"","ocean_post_title_height":0,"ocean_post_title_bg_overlay":0.5,"ocean_post_title_bg_overlay_color":"","ocean_disable_breadcrumbs":"default","ocean_breadcrumbs_color":"","ocean_breadcrumbs_separator_color":"","ocean_breadcrumbs_links_color":"","ocean_breadcrumbs_links_hover_color":"","ocean_display_footer_widgets":"default","ocean_display_footer_bottom":"default","ocean_custom_footer_template":"","iawp_total_views":12,"footnotes":""},"class_list":["post-10467","page","type-page","status-publish","hentry","entry"],"yoast_head":"<!-- This site is optimized with the Yoast SEO plugin v27.4 - https:\/\/yoast.com\/product\/yoast-seo-wordpress\/ -->\n<title>Recette Soupe de ch\u00e9nopode bon-Henri - Cuisine la Nature<\/title>\n<meta name=\"description\" content=\"Une recette au ch\u00e9nopode bon-Henri de Marc Veyrat excellente \u00e0 essayer absolument : &quot;Soupe de ch\u00e9nopode bon-Henri&quot;\" \/>\n<meta name=\"robots\" content=\"index, follow, max-snippet:-1, max-image-preview:large, max-video-preview:-1\" \/>\n<link rel=\"canonical\" href=\"https:\/\/cuisine-la-nature.com\/fr_fr\/recette-soupe-de-chenopode-bon-henri\" \/>\n<meta property=\"og:locale\" content=\"fr_FR\" \/>\n<meta property=\"og:type\" content=\"article\" \/>\n<meta property=\"og:title\" content=\"Recette Soupe de ch\u00e9nopode bon-Henri - Cuisine la Nature\" \/>\n<meta property=\"og:description\" content=\"Une recette au ch\u00e9nopode bon-Henri de Marc Veyrat excellente \u00e0 essayer absolument : &quot;Soupe de ch\u00e9nopode bon-Henri&quot;\" \/>\n<meta property=\"og:url\" content=\"https:\/\/cuisine-la-nature.com\/fr_fr\/recette-soupe-de-chenopode-bon-henri\" \/>\n<meta property=\"og:site_name\" content=\"Cuisine la Nature\" \/>\n<meta property=\"article:modified_time\" content=\"2025-08-19T18:39:28+00:00\" \/>\n<meta name=\"twitter:card\" content=\"summary_large_image\" \/>\n<meta name=\"twitter:label1\" content=\"Dur\u00e9e de lecture estim\u00e9e\" \/>\n\t<meta name=\"twitter:data1\" content=\"1 minute\" \/>\n<script type=\"application\/ld+json\" class=\"yoast-schema-graph\">{\"@context\":\"https:\\\/\\\/schema.org\",\"@graph\":[{\"@type\":\"WebPage\",\"@id\":\"https:\\\/\\\/cuisine-la-nature.com\\\/fr_fr\\\/recette-soupe-de-chenopode-bon-henri\",\"url\":\"https:\\\/\\\/cuisine-la-nature.com\\\/fr_fr\\\/recette-soupe-de-chenopode-bon-henri\",\"name\":\"Recette Soupe de ch\u00e9nopode bon-Henri - Cuisine la Nature\",\"isPartOf\":{\"@id\":\"https:\\\/\\\/cuisine-la-nature.com\\\/#website\"},\"datePublished\":\"2025-08-19T18:33:34+00:00\",\"dateModified\":\"2025-08-19T18:39:28+00:00\",\"description\":\"Une recette au ch\u00e9nopode bon-Henri de Marc Veyrat excellente \u00e0 essayer absolument : \\\"Soupe de ch\u00e9nopode bon-Henri\\\"\",\"breadcrumb\":{\"@id\":\"https:\\\/\\\/cuisine-la-nature.com\\\/fr_fr\\\/recette-soupe-de-chenopode-bon-henri#breadcrumb\"},\"inLanguage\":\"fr-FR\",\"potentialAction\":[{\"@type\":\"ReadAction\",\"target\":[\"https:\\\/\\\/cuisine-la-nature.com\\\/fr_fr\\\/recette-soupe-de-chenopode-bon-henri\"]}]},{\"@type\":\"BreadcrumbList\",\"@id\":\"https:\\\/\\\/cuisine-la-nature.com\\\/fr_fr\\\/recette-soupe-de-chenopode-bon-henri#breadcrumb\",\"itemListElement\":[{\"@type\":\"ListItem\",\"position\":1,\"name\":\"Home\",\"item\":\"https:\\\/\\\/cuisine-la-nature.com\\\/\"},{\"@type\":\"ListItem\",\"position\":2,\"name\":\"Recette Soupe de ch\u00e9nopode bon-Henri\"}]},{\"@type\":\"WebSite\",\"@id\":\"https:\\\/\\\/cuisine-la-nature.com\\\/#website\",\"url\":\"https:\\\/\\\/cuisine-la-nature.com\\\/\",\"name\":\"Cuisine la Nature\",\"description\":\"Inspirez-vous de ce que vous offre la nature au fil des saisons et r\u00e9galez-vous !\",\"publisher\":{\"@id\":\"https:\\\/\\\/cuisine-la-nature.com\\\/#organization\"},\"potentialAction\":[{\"@type\":\"SearchAction\",\"target\":{\"@type\":\"EntryPoint\",\"urlTemplate\":\"https:\\\/\\\/cuisine-la-nature.com\\\/?s={search_term_string}\"},\"query-input\":{\"@type\":\"PropertyValueSpecification\",\"valueRequired\":true,\"valueName\":\"search_term_string\"}}],\"inLanguage\":\"fr-FR\"},{\"@type\":\"Organization\",\"@id\":\"https:\\\/\\\/cuisine-la-nature.com\\\/#organization\",\"name\":\"Cuisine la Nature\",\"url\":\"https:\\\/\\\/cuisine-la-nature.com\\\/\",\"logo\":{\"@type\":\"ImageObject\",\"inLanguage\":\"fr-FR\",\"@id\":\"https:\\\/\\\/cuisine-la-nature.com\\\/#\\\/schema\\\/logo\\\/image\\\/\",\"url\":\"https:\\\/\\\/i0.wp.com\\\/cuisine-la-nature.com\\\/wp-content\\\/uploads\\\/2022\\\/11\\\/cropped-Logo11.jpg?fit=937%2C200&ssl=1\",\"contentUrl\":\"https:\\\/\\\/i0.wp.com\\\/cuisine-la-nature.com\\\/wp-content\\\/uploads\\\/2022\\\/11\\\/cropped-Logo11.jpg?fit=937%2C200&ssl=1\",\"width\":937,\"height\":200,\"caption\":\"Cuisine la Nature\"},\"image\":{\"@id\":\"https:\\\/\\\/cuisine-la-nature.com\\\/#\\\/schema\\\/logo\\\/image\\\/\"}}]}<\/script>\n<!-- \/ Yoast SEO plugin. -->","yoast_head_json":{"title":"Recette Soupe de ch\u00e9nopode bon-Henri - Cuisine la Nature","description":"Une recette au ch\u00e9nopode bon-Henri de Marc Veyrat excellente \u00e0 essayer absolument : \"Soupe de ch\u00e9nopode bon-Henri\"","robots":{"index":"index","follow":"follow","max-snippet":"max-snippet:-1","max-image-preview":"max-image-preview:large","max-video-preview":"max-video-preview:-1"},"canonical":"https:\/\/cuisine-la-nature.com\/fr_fr\/recette-soupe-de-chenopode-bon-henri","og_locale":"fr_FR","og_type":"article","og_title":"Recette Soupe de ch\u00e9nopode bon-Henri - Cuisine la Nature","og_description":"Une recette au ch\u00e9nopode bon-Henri de Marc Veyrat excellente \u00e0 essayer absolument : \"Soupe de ch\u00e9nopode bon-Henri\"","og_url":"https:\/\/cuisine-la-nature.com\/fr_fr\/recette-soupe-de-chenopode-bon-henri","og_site_name":"Cuisine la Nature","article_modified_time":"2025-08-19T18:39:28+00:00","twitter_card":"summary_large_image","twitter_misc":{"Dur\u00e9e de lecture estim\u00e9e":"1 minute"},"schema":{"@context":"https:\/\/schema.org","@graph":[{"@type":"WebPage","@id":"https:\/\/cuisine-la-nature.com\/fr_fr\/recette-soupe-de-chenopode-bon-henri","url":"https:\/\/cuisine-la-nature.com\/fr_fr\/recette-soupe-de-chenopode-bon-henri","name":"Recette Soupe de ch\u00e9nopode bon-Henri - Cuisine la Nature","isPartOf":{"@id":"https:\/\/cuisine-la-nature.com\/#website"},"datePublished":"2025-08-19T18:33:34+00:00","dateModified":"2025-08-19T18:39:28+00:00","description":"Une recette au ch\u00e9nopode bon-Henri de Marc Veyrat excellente \u00e0 essayer absolument : \"Soupe de ch\u00e9nopode bon-Henri\"","breadcrumb":{"@id":"https:\/\/cuisine-la-nature.com\/fr_fr\/recette-soupe-de-chenopode-bon-henri#breadcrumb"},"inLanguage":"fr-FR","potentialAction":[{"@type":"ReadAction","target":["https:\/\/cuisine-la-nature.com\/fr_fr\/recette-soupe-de-chenopode-bon-henri"]}]},{"@type":"BreadcrumbList","@id":"https:\/\/cuisine-la-nature.com\/fr_fr\/recette-soupe-de-chenopode-bon-henri#breadcrumb","itemListElement":[{"@type":"ListItem","position":1,"name":"Home","item":"https:\/\/cuisine-la-nature.com\/"},{"@type":"ListItem","position":2,"name":"Recette Soupe de ch\u00e9nopode bon-Henri"}]},{"@type":"WebSite","@id":"https:\/\/cuisine-la-nature.com\/#website","url":"https:\/\/cuisine-la-nature.com\/","name":"Cuisine la Nature","description":"Inspirez-vous de ce que vous offre la nature au fil des saisons et r\u00e9galez-vous !","publisher":{"@id":"https:\/\/cuisine-la-nature.com\/#organization"},"potentialAction":[{"@type":"SearchAction","target":{"@type":"EntryPoint","urlTemplate":"https:\/\/cuisine-la-nature.com\/?s={search_term_string}"},"query-input":{"@type":"PropertyValueSpecification","valueRequired":true,"valueName":"search_term_string"}}],"inLanguage":"fr-FR"},{"@type":"Organization","@id":"https:\/\/cuisine-la-nature.com\/#organization","name":"Cuisine la Nature","url":"https:\/\/cuisine-la-nature.com\/","logo":{"@type":"ImageObject","inLanguage":"fr-FR","@id":"https:\/\/cuisine-la-nature.com\/#\/schema\/logo\/image\/","url":"https:\/\/i0.wp.com\/cuisine-la-nature.com\/wp-content\/uploads\/2022\/11\/cropped-Logo11.jpg?fit=937%2C200&ssl=1","contentUrl":"https:\/\/i0.wp.com\/cuisine-la-nature.com\/wp-content\/uploads\/2022\/11\/cropped-Logo11.jpg?fit=937%2C200&ssl=1","width":937,"height":200,"caption":"Cuisine la Nature"},"image":{"@id":"https:\/\/cuisine-la-nature.com\/#\/schema\/logo\/image\/"}}]}},"jetpack_sharing_enabled":true,"jetpack-related-posts":[],"_links":{"self":[{"href":"https:\/\/cuisine-la-nature.com\/fr_fr\/wp-json\/wp\/v2\/pages\/10467","targetHints":{"allow":["GET"]}}],"collection":[{"href":"https:\/\/cuisine-la-nature.com\/fr_fr\/wp-json\/wp\/v2\/pages"}],"about":[{"href":"https:\/\/cuisine-la-nature.com\/fr_fr\/wp-json\/wp\/v2\/types\/page"}],"author":[{"embeddable":true,"href":"https:\/\/cuisine-la-nature.com\/fr_fr\/wp-json\/wp\/v2\/users\/1"}],"replies":[{"embeddable":true,"href":"https:\/\/cuisine-la-nature.com\/fr_fr\/wp-json\/wp\/v2\/comments?post=10467"}],"version-history":[{"count":4,"href":"https:\/\/cuisine-la-nature.com\/fr_fr\/wp-json\/wp\/v2\/pages\/10467\/revisions"}],"predecessor-version":[{"id":10471,"href":"https:\/\/cuisine-la-nature.com\/fr_fr\/wp-json\/wp\/v2\/pages\/10467\/revisions\/10471"}],"wp:attachment":[{"href":"https:\/\/cuisine-la-nature.com\/fr_fr\/wp-json\/wp\/v2\/media?parent=10467"}],"curies":[{"name":"wp","href":"https:\/\/api.w.org\/{rel}","templated":true}]}}