{"id":8815,"date":"2025-02-11T06:27:30","date_gmt":"2025-02-11T06:27:30","guid":{"rendered":"https:\/\/cuisine-la-nature.com\/?page_id=8815"},"modified":"2025-02-11T07:43:55","modified_gmt":"2025-02-11T07:43:55","slug":"recette-huitres-tiedes-au-calament-a-grandes-fleur","status":"publish","type":"page","link":"https:\/\/cuisine-la-nature.com\/de\/recette-huitres-tiedes-au-calament-a-grandes-fleur","title":{"rendered":"Recette Hu\u00eetres ti\u00e8des au calament \u00e0 grandes fleur"},"content":{"rendered":"<div data-elementor-type=\"wp-page\" data-elementor-id=\"8815\" class=\"elementor elementor-8815\">\n\t\t\t\t\t\t<section class=\"elementor-section elementor-top-section elementor-element elementor-element-e990ee8 elementor-section-boxed elementor-section-height-default elementor-section-height-default\" data-id=\"e990ee8\" data-element_type=\"section\" data-e-type=\"section\" data-settings=\"{&quot;background_background&quot;:&quot;classic&quot;}\">\n\t\t\t\t\t\t<div class=\"elementor-container elementor-column-gap-default\">\n\t\t\t\t\t<div class=\"elementor-column elementor-col-100 elementor-top-column elementor-element elementor-element-ac6703c\" data-id=\"ac6703c\" data-element_type=\"column\" data-e-type=\"column\" data-settings=\"{&quot;background_background&quot;:&quot;classic&quot;}\">\n\t\t\t<div class=\"elementor-widget-wrap elementor-element-populated\">\n\t\t\t\t\t\t<div class=\"elementor-element elementor-element-22fa66c elementor-widget elementor-widget-heading\" data-id=\"22fa66c\" data-element_type=\"widget\" data-e-type=\"widget\" data-widget_type=\"heading.default\">\n\t\t\t\t<div class=\"elementor-widget-container\">\n\t\t\t\t\t<h2 class=\"elementor-heading-title elementor-size-default\">Warme Austern mit gro\u00dfbl\u00fctiger Bergminze<\/h2>\t\t\t\t<\/div>\n\t\t\t\t<\/div>\n\t\t\t\t\t<\/div>\n\t\t<\/div>\n\t\t\t\t\t<\/div>\n\t\t<\/section>\n\t\t\t\t<section class=\"elementor-section elementor-top-section elementor-element elementor-element-b1d9d9d elementor-section-boxed elementor-section-height-default elementor-section-height-default\" data-id=\"b1d9d9d\" data-element_type=\"section\" data-e-type=\"section\" data-settings=\"{&quot;background_background&quot;:&quot;classic&quot;}\">\n\t\t\t\t\t\t<div class=\"elementor-container elementor-column-gap-default\">\n\t\t\t\t\t<div class=\"elementor-column elementor-col-100 elementor-top-column elementor-element elementor-element-bc3c1ae\" data-id=\"bc3c1ae\" data-element_type=\"column\" data-e-type=\"column\" data-settings=\"{&quot;background_background&quot;:&quot;classic&quot;}\">\n\t\t\t<div class=\"elementor-widget-wrap elementor-element-populated\">\n\t\t\t\t\t\t<div class=\"elementor-element elementor-element-9f4bcb2 elementor-widget elementor-widget-heading\" data-id=\"9f4bcb2\" data-element_type=\"widget\" data-e-type=\"widget\" data-widget_type=\"heading.default\">\n\t\t\t\t<div class=\"elementor-widget-container\">\n\t\t\t\t\t<h2 class=\"elementor-heading-title elementor-size-default\">Rezept von Marc Veyrat<\/h2>\t\t\t\t<\/div>\n\t\t\t\t<\/div>\n\t\t\t\t\t<\/div>\n\t\t<\/div>\n\t\t\t\t\t<\/div>\n\t\t<\/section>\n\t\t\t\t<section class=\"elementor-section elementor-top-section elementor-element elementor-element-ee47bfe elementor-section-boxed elementor-section-height-default elementor-section-height-default\" data-id=\"ee47bfe\" data-element_type=\"section\" data-e-type=\"section\" data-settings=\"{&quot;background_background&quot;:&quot;gradient&quot;}\">\n\t\t\t\t\t\t<div class=\"elementor-container elementor-column-gap-default\">\n\t\t\t\t\t<div class=\"elementor-column elementor-col-100 elementor-top-column elementor-element elementor-element-5273107\" data-id=\"5273107\" data-element_type=\"column\" data-e-type=\"column\">\n\t\t\t<div class=\"elementor-widget-wrap elementor-element-populated\">\n\t\t\t\t\t\t<section class=\"elementor-section elementor-inner-section elementor-element elementor-element-0550d57 elementor-section-boxed elementor-section-height-default elementor-section-height-default\" data-id=\"0550d57\" data-element_type=\"section\" data-e-type=\"section\">\n\t\t\t\t\t\t<div class=\"elementor-container elementor-column-gap-default\">\n\t\t\t\t\t<div class=\"elementor-column elementor-col-100 elementor-inner-column elementor-element elementor-element-9c059f9\" data-id=\"9c059f9\" data-element_type=\"column\" data-e-type=\"column\">\n\t\t\t<div class=\"elementor-widget-wrap elementor-element-populated\">\n\t\t\t\t\t\t<div class=\"elementor-element elementor-element-87343a3 elementor-widget elementor-widget-text-editor\" data-id=\"87343a3\" data-element_type=\"widget\" data-e-type=\"widget\" data-widget_type=\"text-editor.default\">\n\t\t\t\t<div class=\"elementor-widget-container\">\n\t\t\t\t\t\t\t\t\t<p>Zutaten f\u00fcr 4 Personen<\/p>\t\t\t\t\t\t\t\t<\/div>\n\t\t\t\t<\/div>\n\t\t\t\t\t<\/div>\n\t\t<\/div>\n\t\t\t\t\t<\/div>\n\t\t<\/section>\n\t\t\t\t<section class=\"elementor-section elementor-inner-section elementor-element elementor-element-6950e6e elementor-section-boxed elementor-section-height-default elementor-section-height-default\" data-id=\"6950e6e\" data-element_type=\"section\" data-e-type=\"section\">\n\t\t\t\t\t\t<div class=\"elementor-container elementor-column-gap-default\">\n\t\t\t\t\t<div class=\"elementor-column elementor-col-33 elementor-inner-column elementor-element elementor-element-2944798\" data-id=\"2944798\" data-element_type=\"column\" data-e-type=\"column\">\n\t\t\t<div class=\"elementor-widget-wrap elementor-element-populated\">\n\t\t\t\t\t\t<div class=\"elementor-element elementor-element-788ef67 elementor-widget elementor-widget-text-editor\" data-id=\"788ef67\" data-element_type=\"widget\" data-e-type=\"widget\" data-widget_type=\"text-editor.default\">\n\t\t\t\t<div class=\"elementor-widget-container\">\n\t\t\t\t\t\t\t\t\t<ul><li>28 spezielle Pazifische Felsenaustern, recht fett (vorzugsweise Nr. 2)<\/li><li>120 g Butter<\/li><li>40 gro\u00dfbl\u00fctige Bergminzebl\u00fcten<\/li><li>15 gro\u00dfbl\u00fctige Bergminzebl\u00e4tter<\/li><li>1 graue Schalotte<\/li><li>7 bis 8 Zweige Feldthymian<\/li><li>10 cl Apfelwein<\/li><li>1\/2 Teel\u00f6ffel von Mignonette-Pfeffer<\/li><li>1 kg grobe Salz<\/li><li>Meersalz, Pfeffer aus der M\u00fchle<\/li><\/ul>\t\t\t\t\t\t\t\t<\/div>\n\t\t\t\t<\/div>\n\t\t\t\t\t<\/div>\n\t\t<\/div>\n\t\t\t\t<div class=\"elementor-column elementor-col-33 elementor-inner-column elementor-element elementor-element-8686a3a\" data-id=\"8686a3a\" data-element_type=\"column\" data-e-type=\"column\">\n\t\t\t<div class=\"elementor-widget-wrap\">\n\t\t\t\t\t\t\t<\/div>\n\t\t<\/div>\n\t\t\t\t<div class=\"elementor-column elementor-col-33 elementor-inner-column elementor-element elementor-element-22764db\" data-id=\"22764db\" data-element_type=\"column\" data-e-type=\"column\">\n\t\t\t<div class=\"elementor-widget-wrap elementor-element-populated\">\n\t\t\t\t\t\t\t<\/div>\n\t\t<\/div>\n\t\t\t\t\t<\/div>\n\t\t<\/section>\n\t\t\t\t<section class=\"elementor-section elementor-inner-section elementor-element elementor-element-87d6759 elementor-section-boxed elementor-section-height-default elementor-section-height-default\" data-id=\"87d6759\" data-element_type=\"section\" data-e-type=\"section\">\n\t\t\t\t\t\t<div class=\"elementor-container elementor-column-gap-default\">\n\t\t\t\t\t<div class=\"elementor-column elementor-col-100 elementor-inner-column elementor-element elementor-element-263f0f9\" data-id=\"263f0f9\" data-element_type=\"column\" data-e-type=\"column\">\n\t\t\t<div class=\"elementor-widget-wrap elementor-element-populated\">\n\t\t\t\t\t\t<div class=\"elementor-element elementor-element-f788a6a elementor-widget elementor-widget-text-editor\" data-id=\"f788a6a\" data-element_type=\"widget\" data-e-type=\"widget\" data-widget_type=\"text-editor.default\">\n\t\t\t\t<div class=\"elementor-widget-container\">\n\t\t\t\t\t\t\t\t\t<p>Zubereitung des Rezeptes<\/p>\t\t\t\t\t\t\t\t<\/div>\n\t\t\t\t<\/div>\n\t\t\t\t\t<\/div>\n\t\t<\/div>\n\t\t\t\t\t<\/div>\n\t\t<\/section>\n\t\t\t\t<section class=\"elementor-section elementor-inner-section elementor-element elementor-element-74ec6d4 elementor-section-boxed elementor-section-height-default elementor-section-height-default\" data-id=\"74ec6d4\" data-element_type=\"section\" data-e-type=\"section\">\n\t\t\t\t\t\t<div class=\"elementor-container elementor-column-gap-default\">\n\t\t\t\t\t<div class=\"elementor-column elementor-col-100 elementor-inner-column elementor-element elementor-element-338e756\" data-id=\"338e756\" data-element_type=\"column\" data-e-type=\"column\">\n\t\t\t<div class=\"elementor-widget-wrap elementor-element-populated\">\n\t\t\t\t\t\t<div class=\"elementor-element elementor-element-d0ee432 elementor-widget elementor-widget-text-editor\" data-id=\"d0ee432\" data-element_type=\"widget\" data-e-type=\"widget\" data-widget_type=\"text-editor.default\">\n\t\t\t\t<div class=\"elementor-widget-container\">\n\t\t\t\t\t\t\t\t\t<p>\u00d6ffnen Sie die Austern und sammeln Sie das Wasser. L\u00f6sen Sie sie aus den Schalen, legen Sie sie auf einem Teller in den K\u00fchlschrank und stellen Sie die hohlen Schalen beiseite. Filtern Sie das Wasser von den Austern. Die Schalotte sch\u00e4len und fein hacken. In einem kleinen Topf mit 20 g Butter anbraten. Den Feldthymian und die Mignonette-Pfeffer dazugeben und weitere 5 Minuten anschwitzen. Mit Apfelwein abl\u00f6schen und 30 Bergminzbl\u00fcten und die zuvor gewaschenen und von den Stielen befreiten Bl\u00e4tter dazugeben. Abgedeckt leicht k\u00f6cheln lassen, bis die Fl\u00fcssigkeit auf 3\u20134 Essl\u00f6ffel reduziert ist und durch ein Sieb passieren. Das Austernwasser in einem kleinen Topf auf ein Volumen von 3 bis 4 EL reduzieren. Die beiden Reduktionen in einem Topf verr\u00fchren und unter regelm\u00e4\u00dfigem R\u00fchren 100 g weiche Butter in kleinen St\u00fccken hinzuf\u00fcgen. Mit Salz und Pfeffer w\u00fcrzen (=&gt; Sollte die Sauce nicht s\u00e4mig genug sein, noch weiter einkochen bis die gew\u00fcnschte Konsistenz erreicht ist).<\/p><p>Die Teller mit einer Schicht grobem Salz auslegen und die Hohlschalen darauf legen. Die Austern auf einem Backblech verteilen, mit 2 guten Essl\u00f6ffeln So\u00dfe bedecken und f\u00fcr 1 Minute 30 Sekunden bei hoher Hitze in den Ofen geben. Nehmen Sie den Backblech heraus und legen Sie die Austern zur\u00fcck in ihre Schalen. Die auf dem Backblech verbliebene Sauce auffangen und unter die restliche Sauce heben. Mixen Sie es noch einmal. Bedecken Sie jede Auster in ihrer Schale mit einem Teel\u00f6ffel Sauce. Mit einigen Bergminzebl\u00fcten dekorieren und warm servieren.<\/p>\t\t\t\t\t\t\t\t<\/div>\n\t\t\t\t<\/div>\n\t\t\t\t\t<\/div>\n\t\t<\/div>\n\t\t\t\t\t<\/div>\n\t\t<\/section>\n\t\t\t\t\t<\/div>\n\t\t<\/div>\n\t\t\t\t\t<\/div>\n\t\t<\/section>\n\t\t\t\t<\/div>","protected":false},"excerpt":{"rendered":"<p>Hu\u00eetres ti\u00e8des au calament \u00e0 grandes fleurs recette de Marc Veyrat Ingr\u00e9dients pour 4 personnes 28 hu\u00eetres creuses sp\u00e9ciales assez grasses (N\u00b02 de pr\u00e9f\u00e9rence) 120 g de beurre 40 fleurs de calament \u00e0 grandes fleurs 15 feuilles de calament \u00e0 grandes fleurs 1 \u00e9chalote grise 7 \u00e0 8 sommit\u00e9s de serpolet 10 cl de cidre [&hellip;]<\/p>\n","protected":false},"author":1,"featured_media":0,"parent":0,"menu_order":0,"comment_status":"closed","ping_status":"closed","template":"","meta":{"nf_dc_page":"","ocean_post_layout":"full-screen","ocean_both_sidebars_style":"","ocean_both_sidebars_content_width":0,"ocean_both_sidebars_sidebars_width":0,"ocean_sidebar":"","ocean_second_sidebar":"","ocean_disable_margins":"on","ocean_add_body_class":"","ocean_shortcode_before_top_bar":"","ocean_shortcode_after_top_bar":"","ocean_shortcode_before_header":"","ocean_shortcode_after_header":"","ocean_has_shortcode":"","ocean_shortcode_after_title":"","ocean_shortcode_before_footer_widgets":"","ocean_shortcode_after_footer_widgets":"","ocean_shortcode_before_footer_bottom":"","ocean_shortcode_after_footer_bottom":"","ocean_display_top_bar":"off","ocean_display_header":"default","ocean_header_style":"","ocean_center_header_left_menu":"","ocean_custom_header_template":"","ocean_custom_logo":0,"ocean_custom_retina_logo":0,"ocean_custom_logo_max_width":0,"ocean_custom_logo_tablet_max_width":0,"ocean_custom_logo_mobile_max_width":0,"ocean_custom_logo_max_height":0,"ocean_custom_logo_tablet_max_height":0,"ocean_custom_logo_mobile_max_height":0,"ocean_header_custom_menu":"","ocean_menu_typo_font_family":"","ocean_menu_typo_font_subset":"","ocean_menu_typo_font_size":0,"ocean_menu_typo_font_size_tablet":0,"ocean_menu_typo_font_size_mobile":0,"ocean_menu_typo_font_size_unit":"px","ocean_menu_typo_font_weight":"","ocean_menu_typo_font_weight_tablet":"","ocean_menu_typo_font_weight_mobile":"","ocean_menu_typo_transform":"","ocean_menu_typo_transform_tablet":"","ocean_menu_typo_transform_mobile":"","ocean_menu_typo_line_height":0,"ocean_menu_typo_line_height_tablet":0,"ocean_menu_typo_line_height_mobile":0,"ocean_menu_typo_line_height_unit":"","ocean_menu_typo_spacing":0,"ocean_menu_typo_spacing_tablet":0,"ocean_menu_typo_spacing_mobile":0,"ocean_menu_typo_spacing_unit":"","ocean_menu_link_color":"","ocean_menu_link_color_hover":"","ocean_menu_link_color_active":"","ocean_menu_link_background":"","ocean_menu_link_hover_background":"","ocean_menu_link_active_background":"","ocean_menu_social_links_bg":"","ocean_menu_social_hover_links_bg":"","ocean_menu_social_links_color":"","ocean_menu_social_hover_links_color":"","ocean_disable_title":"on","ocean_disable_heading":"default","ocean_post_title":"","ocean_post_subheading":"","ocean_post_title_style":"","ocean_post_title_background_color":"","ocean_post_title_background":0,"ocean_post_title_bg_image_position":"","ocean_post_title_bg_image_attachment":"","ocean_post_title_bg_image_repeat":"","ocean_post_title_bg_image_size":"","ocean_post_title_height":0,"ocean_post_title_bg_overlay":0.5,"ocean_post_title_bg_overlay_color":"","ocean_disable_breadcrumbs":"default","ocean_breadcrumbs_color":"","ocean_breadcrumbs_separator_color":"","ocean_breadcrumbs_links_color":"","ocean_breadcrumbs_links_hover_color":"","ocean_display_footer_widgets":"default","ocean_display_footer_bottom":"default","ocean_custom_footer_template":"","iawp_total_views":7,"footnotes":""},"class_list":["post-8815","page","type-page","status-publish","hentry","entry"],"yoast_head":"<!-- This site is optimized with the Yoast SEO plugin v27.4 - https:\/\/yoast.com\/product\/yoast-seo-wordpress\/ -->\n<title>Recette Hu\u00eetres ti\u00e8des au calament \u00e0 grandes fleur - Cuisine la Nature<\/title>\n<meta name=\"description\" content=\"Une recette de Marc Veyrat mettant en sc\u00e8ne le calament \u00e0 grandes fleurs : &quot;Hu\u00eetres ti\u00e8des au calament \u00e0 grandes fleurs&quot;\" \/>\n<meta name=\"robots\" content=\"index, follow, max-snippet:-1, max-image-preview:large, max-video-preview:-1\" \/>\n<link rel=\"canonical\" href=\"https:\/\/cuisine-la-nature.com\/de\/recette-huitres-tiedes-au-calament-a-grandes-fleur\/\" \/>\n<meta property=\"og:locale\" content=\"de_DE\" \/>\n<meta property=\"og:type\" content=\"article\" \/>\n<meta property=\"og:title\" content=\"Recette Hu\u00eetres ti\u00e8des au calament \u00e0 grandes fleur - Cuisine la Nature\" \/>\n<meta property=\"og:description\" content=\"Une recette de Marc Veyrat mettant en sc\u00e8ne le calament \u00e0 grandes fleurs : &quot;Hu\u00eetres ti\u00e8des au calament \u00e0 grandes fleurs&quot;\" \/>\n<meta property=\"og:url\" content=\"https:\/\/cuisine-la-nature.com\/de\/recette-huitres-tiedes-au-calament-a-grandes-fleur\/\" \/>\n<meta property=\"og:site_name\" content=\"Cuisine la Nature\" \/>\n<meta property=\"article:modified_time\" content=\"2025-02-11T07:43:55+00:00\" \/>\n<meta name=\"twitter:card\" content=\"summary_large_image\" \/>\n<meta name=\"twitter:label1\" content=\"Gesch\u00e4tzte Lesezeit\" \/>\n\t<meta name=\"twitter:data1\" content=\"2\u00a0Minuten\" \/>\n<script type=\"application\/ld+json\" class=\"yoast-schema-graph\">{\"@context\":\"https:\\\/\\\/schema.org\",\"@graph\":[{\"@type\":\"WebPage\",\"@id\":\"https:\\\/\\\/cuisine-la-nature.com\\\/recette-huitres-tiedes-au-calament-a-grandes-fleur\",\"url\":\"https:\\\/\\\/cuisine-la-nature.com\\\/recette-huitres-tiedes-au-calament-a-grandes-fleur\",\"name\":\"Recette Hu\u00eetres ti\u00e8des au calament \u00e0 grandes fleur - Cuisine la Nature\",\"isPartOf\":{\"@id\":\"https:\\\/\\\/cuisine-la-nature.com\\\/#website\"},\"datePublished\":\"2025-02-11T06:27:30+00:00\",\"dateModified\":\"2025-02-11T07:43:55+00:00\",\"description\":\"Une recette de Marc Veyrat mettant en sc\u00e8ne le calament \u00e0 grandes fleurs : \\\"Hu\u00eetres ti\u00e8des au calament \u00e0 grandes fleurs\\\"\",\"breadcrumb\":{\"@id\":\"https:\\\/\\\/cuisine-la-nature.com\\\/recette-huitres-tiedes-au-calament-a-grandes-fleur#breadcrumb\"},\"inLanguage\":\"de\",\"potentialAction\":[{\"@type\":\"ReadAction\",\"target\":[\"https:\\\/\\\/cuisine-la-nature.com\\\/recette-huitres-tiedes-au-calament-a-grandes-fleur\"]}]},{\"@type\":\"BreadcrumbList\",\"@id\":\"https:\\\/\\\/cuisine-la-nature.com\\\/recette-huitres-tiedes-au-calament-a-grandes-fleur#breadcrumb\",\"itemListElement\":[{\"@type\":\"ListItem\",\"position\":1,\"name\":\"Home\",\"item\":\"https:\\\/\\\/cuisine-la-nature.com\\\/\"},{\"@type\":\"ListItem\",\"position\":2,\"name\":\"Recette Hu\u00eetres ti\u00e8des au calament \u00e0 grandes fleur\"}]},{\"@type\":\"WebSite\",\"@id\":\"https:\\\/\\\/cuisine-la-nature.com\\\/#website\",\"url\":\"https:\\\/\\\/cuisine-la-nature.com\\\/\",\"name\":\"Cuisine la Nature\",\"description\":\"Inspirez-vous de ce que vous offre la nature au fil des saisons et r\u00e9galez-vous !\",\"publisher\":{\"@id\":\"https:\\\/\\\/cuisine-la-nature.com\\\/#organization\"},\"potentialAction\":[{\"@type\":\"SearchAction\",\"target\":{\"@type\":\"EntryPoint\",\"urlTemplate\":\"https:\\\/\\\/cuisine-la-nature.com\\\/?s={search_term_string}\"},\"query-input\":{\"@type\":\"PropertyValueSpecification\",\"valueRequired\":true,\"valueName\":\"search_term_string\"}}],\"inLanguage\":\"de\"},{\"@type\":\"Organization\",\"@id\":\"https:\\\/\\\/cuisine-la-nature.com\\\/#organization\",\"name\":\"Cuisine la Nature\",\"url\":\"https:\\\/\\\/cuisine-la-nature.com\\\/\",\"logo\":{\"@type\":\"ImageObject\",\"inLanguage\":\"de\",\"@id\":\"https:\\\/\\\/cuisine-la-nature.com\\\/#\\\/schema\\\/logo\\\/image\\\/\",\"url\":\"https:\\\/\\\/i0.wp.com\\\/cuisine-la-nature.com\\\/wp-content\\\/uploads\\\/2022\\\/11\\\/cropped-Logo11.jpg?fit=937%2C200&ssl=1\",\"contentUrl\":\"https:\\\/\\\/i0.wp.com\\\/cuisine-la-nature.com\\\/wp-content\\\/uploads\\\/2022\\\/11\\\/cropped-Logo11.jpg?fit=937%2C200&ssl=1\",\"width\":937,\"height\":200,\"caption\":\"Cuisine la Nature\"},\"image\":{\"@id\":\"https:\\\/\\\/cuisine-la-nature.com\\\/#\\\/schema\\\/logo\\\/image\\\/\"}}]}<\/script>\n<!-- \/ Yoast SEO plugin. -->","yoast_head_json":{"title":"Recette Hu\u00eetres ti\u00e8des au calament \u00e0 grandes fleur - Cuisine la Nature","description":"Une recette de Marc Veyrat mettant en sc\u00e8ne le calament \u00e0 grandes fleurs : \"Hu\u00eetres ti\u00e8des au calament \u00e0 grandes fleurs\"","robots":{"index":"index","follow":"follow","max-snippet":"max-snippet:-1","max-image-preview":"max-image-preview:large","max-video-preview":"max-video-preview:-1"},"canonical":"https:\/\/cuisine-la-nature.com\/de\/recette-huitres-tiedes-au-calament-a-grandes-fleur\/","og_locale":"de_DE","og_type":"article","og_title":"Recette Hu\u00eetres ti\u00e8des au calament \u00e0 grandes fleur - Cuisine la Nature","og_description":"Une recette de Marc Veyrat mettant en sc\u00e8ne le calament \u00e0 grandes fleurs : \"Hu\u00eetres ti\u00e8des au calament \u00e0 grandes fleurs\"","og_url":"https:\/\/cuisine-la-nature.com\/de\/recette-huitres-tiedes-au-calament-a-grandes-fleur\/","og_site_name":"Cuisine la Nature","article_modified_time":"2025-02-11T07:43:55+00:00","twitter_card":"summary_large_image","twitter_misc":{"Gesch\u00e4tzte Lesezeit":"2\u00a0Minuten"},"schema":{"@context":"https:\/\/schema.org","@graph":[{"@type":"WebPage","@id":"https:\/\/cuisine-la-nature.com\/recette-huitres-tiedes-au-calament-a-grandes-fleur","url":"https:\/\/cuisine-la-nature.com\/recette-huitres-tiedes-au-calament-a-grandes-fleur","name":"Recette Hu\u00eetres ti\u00e8des au calament \u00e0 grandes fleur - Cuisine la Nature","isPartOf":{"@id":"https:\/\/cuisine-la-nature.com\/#website"},"datePublished":"2025-02-11T06:27:30+00:00","dateModified":"2025-02-11T07:43:55+00:00","description":"Une recette de Marc Veyrat mettant en sc\u00e8ne le calament \u00e0 grandes fleurs : \"Hu\u00eetres ti\u00e8des au calament \u00e0 grandes fleurs\"","breadcrumb":{"@id":"https:\/\/cuisine-la-nature.com\/recette-huitres-tiedes-au-calament-a-grandes-fleur#breadcrumb"},"inLanguage":"de","potentialAction":[{"@type":"ReadAction","target":["https:\/\/cuisine-la-nature.com\/recette-huitres-tiedes-au-calament-a-grandes-fleur"]}]},{"@type":"BreadcrumbList","@id":"https:\/\/cuisine-la-nature.com\/recette-huitres-tiedes-au-calament-a-grandes-fleur#breadcrumb","itemListElement":[{"@type":"ListItem","position":1,"name":"Home","item":"https:\/\/cuisine-la-nature.com\/"},{"@type":"ListItem","position":2,"name":"Recette Hu\u00eetres ti\u00e8des au calament \u00e0 grandes fleur"}]},{"@type":"WebSite","@id":"https:\/\/cuisine-la-nature.com\/#website","url":"https:\/\/cuisine-la-nature.com\/","name":"Cuisine la Nature","description":"Inspirez-vous de ce que vous offre la nature au fil des saisons et r\u00e9galez-vous !","publisher":{"@id":"https:\/\/cuisine-la-nature.com\/#organization"},"potentialAction":[{"@type":"SearchAction","target":{"@type":"EntryPoint","urlTemplate":"https:\/\/cuisine-la-nature.com\/?s={search_term_string}"},"query-input":{"@type":"PropertyValueSpecification","valueRequired":true,"valueName":"search_term_string"}}],"inLanguage":"de"},{"@type":"Organization","@id":"https:\/\/cuisine-la-nature.com\/#organization","name":"Cuisine la Nature","url":"https:\/\/cuisine-la-nature.com\/","logo":{"@type":"ImageObject","inLanguage":"de","@id":"https:\/\/cuisine-la-nature.com\/#\/schema\/logo\/image\/","url":"https:\/\/i0.wp.com\/cuisine-la-nature.com\/wp-content\/uploads\/2022\/11\/cropped-Logo11.jpg?fit=937%2C200&ssl=1","contentUrl":"https:\/\/i0.wp.com\/cuisine-la-nature.com\/wp-content\/uploads\/2022\/11\/cropped-Logo11.jpg?fit=937%2C200&ssl=1","width":937,"height":200,"caption":"Cuisine la Nature"},"image":{"@id":"https:\/\/cuisine-la-nature.com\/#\/schema\/logo\/image\/"}}]}},"jetpack_sharing_enabled":true,"jetpack-related-posts":[],"_links":{"self":[{"href":"https:\/\/cuisine-la-nature.com\/de\/wp-json\/wp\/v2\/pages\/8815","targetHints":{"allow":["GET"]}}],"collection":[{"href":"https:\/\/cuisine-la-nature.com\/de\/wp-json\/wp\/v2\/pages"}],"about":[{"href":"https:\/\/cuisine-la-nature.com\/de\/wp-json\/wp\/v2\/types\/page"}],"author":[{"embeddable":true,"href":"https:\/\/cuisine-la-nature.com\/de\/wp-json\/wp\/v2\/users\/1"}],"replies":[{"embeddable":true,"href":"https:\/\/cuisine-la-nature.com\/de\/wp-json\/wp\/v2\/comments?post=8815"}],"version-history":[{"count":13,"href":"https:\/\/cuisine-la-nature.com\/de\/wp-json\/wp\/v2\/pages\/8815\/revisions"}],"predecessor-version":[{"id":8828,"href":"https:\/\/cuisine-la-nature.com\/de\/wp-json\/wp\/v2\/pages\/8815\/revisions\/8828"}],"wp:attachment":[{"href":"https:\/\/cuisine-la-nature.com\/de\/wp-json\/wp\/v2\/media?parent=8815"}],"curies":[{"name":"wp","href":"https:\/\/api.w.org\/{rel}","templated":true}]}}