{"id":8431,"date":"2025-02-03T19:38:11","date_gmt":"2025-02-03T19:38:11","guid":{"rendered":"https:\/\/cuisine-la-nature.com\/?page_id=8431"},"modified":"2025-02-03T19:45:12","modified_gmt":"2025-02-03T19:45:12","slug":"jus-de-bourrache-bleue-et-tiges-de-bourrache-blanche","status":"publish","type":"page","link":"https:\/\/cuisine-la-nature.com\/de\/jus-de-bourrache-bleue-et-tiges-de-bourrache-blanche","title":{"rendered":"Jus de bourrache &#8220;bleue&#8221; et tiges de bourrache &#8220;blanche"},"content":{"rendered":"<div data-elementor-type=\"wp-page\" data-elementor-id=\"8431\" class=\"elementor elementor-8431\">\n\t\t\t\t\t\t<section class=\"elementor-section elementor-top-section elementor-element elementor-element-6ea28cd elementor-section-boxed elementor-section-height-default elementor-section-height-default\" data-id=\"6ea28cd\" data-element_type=\"section\" data-e-type=\"section\" data-settings=\"{&quot;background_background&quot;:&quot;classic&quot;}\">\n\t\t\t\t\t\t<div class=\"elementor-container elementor-column-gap-default\">\n\t\t\t\t\t<div class=\"elementor-column elementor-col-100 elementor-top-column elementor-element elementor-element-941f33b\" data-id=\"941f33b\" data-element_type=\"column\" data-e-type=\"column\" data-settings=\"{&quot;background_background&quot;:&quot;classic&quot;}\">\n\t\t\t<div class=\"elementor-widget-wrap elementor-element-populated\">\n\t\t\t\t\t\t<div class=\"elementor-element elementor-element-e6f98a3 elementor-widget elementor-widget-heading\" data-id=\"e6f98a3\" data-element_type=\"widget\" data-e-type=\"widget\" data-widget_type=\"heading.default\">\n\t\t\t\t<div class=\"elementor-widget-container\">\n\t\t\t\t\t<h2 class=\"elementor-heading-title elementor-size-default\">Saft aus \u201eBlauem\u201c Borretsch und St\u00e4ngel aus \u201ewei\u00dfem\u201c Borretsch<\/h2>\t\t\t\t<\/div>\n\t\t\t\t<\/div>\n\t\t\t\t\t<\/div>\n\t\t<\/div>\n\t\t\t\t\t<\/div>\n\t\t<\/section>\n\t\t\t\t<section class=\"elementor-section elementor-top-section elementor-element elementor-element-6965dbb elementor-section-boxed elementor-section-height-default elementor-section-height-default\" data-id=\"6965dbb\" data-element_type=\"section\" data-e-type=\"section\" data-settings=\"{&quot;background_background&quot;:&quot;classic&quot;}\">\n\t\t\t\t\t\t<div class=\"elementor-container elementor-column-gap-default\">\n\t\t\t\t\t<div class=\"elementor-column elementor-col-100 elementor-top-column elementor-element elementor-element-4d7830e\" data-id=\"4d7830e\" data-element_type=\"column\" data-e-type=\"column\" data-settings=\"{&quot;background_background&quot;:&quot;classic&quot;}\">\n\t\t\t<div class=\"elementor-widget-wrap elementor-element-populated\">\n\t\t\t\t\t\t<div class=\"elementor-element elementor-element-5247d0e elementor-widget elementor-widget-heading\" data-id=\"5247d0e\" data-element_type=\"widget\" data-e-type=\"widget\" data-widget_type=\"heading.default\">\n\t\t\t\t<div class=\"elementor-widget-container\">\n\t\t\t\t\t<h2 class=\"elementor-heading-title elementor-size-default\">Rezept von Michel Bras<\/h2>\t\t\t\t<\/div>\n\t\t\t\t<\/div>\n\t\t\t\t\t<\/div>\n\t\t<\/div>\n\t\t\t\t\t<\/div>\n\t\t<\/section>\n\t\t\t\t<section class=\"elementor-section elementor-top-section elementor-element elementor-element-99e6c1d elementor-section-boxed elementor-section-height-default elementor-section-height-default\" data-id=\"99e6c1d\" data-element_type=\"section\" data-e-type=\"section\" data-settings=\"{&quot;background_background&quot;:&quot;gradient&quot;}\">\n\t\t\t\t\t\t<div class=\"elementor-container elementor-column-gap-default\">\n\t\t\t\t\t<div class=\"elementor-column elementor-col-100 elementor-top-column elementor-element elementor-element-45c93df\" data-id=\"45c93df\" data-element_type=\"column\" data-e-type=\"column\">\n\t\t\t<div class=\"elementor-widget-wrap elementor-element-populated\">\n\t\t\t\t\t\t<section class=\"elementor-section elementor-inner-section elementor-element elementor-element-53a5771 elementor-section-boxed elementor-section-height-default elementor-section-height-default\" data-id=\"53a5771\" data-element_type=\"section\" data-e-type=\"section\">\n\t\t\t\t\t\t<div class=\"elementor-container elementor-column-gap-default\">\n\t\t\t\t\t<div class=\"elementor-column elementor-col-100 elementor-inner-column elementor-element elementor-element-ec499bf\" data-id=\"ec499bf\" data-element_type=\"column\" data-e-type=\"column\">\n\t\t\t<div class=\"elementor-widget-wrap elementor-element-populated\">\n\t\t\t\t\t\t<div class=\"elementor-element elementor-element-d7af36d elementor-widget elementor-widget-text-editor\" data-id=\"d7af36d\" data-element_type=\"widget\" data-e-type=\"widget\" data-widget_type=\"text-editor.default\">\n\t\t\t\t<div class=\"elementor-widget-container\">\n\t\t\t\t\t\t\t\t\t<p>Zutaten f\u00fcr 4 Personen<\/p>\t\t\t\t\t\t\t\t<\/div>\n\t\t\t\t<\/div>\n\t\t\t\t\t<\/div>\n\t\t<\/div>\n\t\t\t\t\t<\/div>\n\t\t<\/section>\n\t\t\t\t<section class=\"elementor-section elementor-inner-section elementor-element elementor-element-8e9d316 elementor-section-boxed elementor-section-height-default elementor-section-height-default\" data-id=\"8e9d316\" data-element_type=\"section\" data-e-type=\"section\">\n\t\t\t\t\t\t<div class=\"elementor-container elementor-column-gap-default\">\n\t\t\t\t\t<div class=\"elementor-column elementor-col-33 elementor-inner-column elementor-element elementor-element-e8a9c96\" data-id=\"e8a9c96\" data-element_type=\"column\" data-e-type=\"column\">\n\t\t\t<div class=\"elementor-widget-wrap elementor-element-populated\">\n\t\t\t\t\t\t<div class=\"elementor-element elementor-element-a09a9b8 elementor-widget elementor-widget-text-editor\" data-id=\"a09a9b8\" data-element_type=\"widget\" data-e-type=\"widget\" data-widget_type=\"text-editor.default\">\n\t\t\t\t<div class=\"elementor-widget-container\">\n\t\t\t\t\t\t\t\t\t<ul><li>1 Handvoll blaue Borretschbl\u00e4tter<\/li><li>4 St\u00e4ngel wei\u00dfer Borretsch und 1 Handvoll Bl\u00e4tter<\/li><li>Wei\u00dfe und blaue Borretschbl\u00fcten<\/li><li>1 cl Erdnuss\u00f6l<\/li><li>20 g Butter<\/li><\/ul>\t\t\t\t\t\t\t\t<\/div>\n\t\t\t\t<\/div>\n\t\t\t\t\t<\/div>\n\t\t<\/div>\n\t\t\t\t<div class=\"elementor-column elementor-col-33 elementor-inner-column elementor-element elementor-element-025b209\" data-id=\"025b209\" data-element_type=\"column\" data-e-type=\"column\">\n\t\t\t<div class=\"elementor-widget-wrap\">\n\t\t\t\t\t\t\t<\/div>\n\t\t<\/div>\n\t\t\t\t<div class=\"elementor-column elementor-col-33 elementor-inner-column elementor-element elementor-element-dd7ed6f\" data-id=\"dd7ed6f\" data-element_type=\"column\" data-e-type=\"column\">\n\t\t\t<div class=\"elementor-widget-wrap elementor-element-populated\">\n\t\t\t\t\t\t\t<\/div>\n\t\t<\/div>\n\t\t\t\t\t<\/div>\n\t\t<\/section>\n\t\t\t\t<section class=\"elementor-section elementor-inner-section elementor-element elementor-element-12664a7 elementor-section-boxed elementor-section-height-default elementor-section-height-default\" data-id=\"12664a7\" data-element_type=\"section\" data-e-type=\"section\">\n\t\t\t\t\t\t<div class=\"elementor-container elementor-column-gap-default\">\n\t\t\t\t\t<div class=\"elementor-column elementor-col-100 elementor-inner-column elementor-element elementor-element-ae216a9\" data-id=\"ae216a9\" data-element_type=\"column\" data-e-type=\"column\">\n\t\t\t<div class=\"elementor-widget-wrap elementor-element-populated\">\n\t\t\t\t\t\t<div class=\"elementor-element elementor-element-5cb573c elementor-widget elementor-widget-text-editor\" data-id=\"5cb573c\" data-element_type=\"widget\" data-e-type=\"widget\" data-widget_type=\"text-editor.default\">\n\t\t\t\t<div class=\"elementor-widget-container\">\n\t\t\t\t\t\t\t\t\t<p>Zubereitung des Rezeptes<\/p>\t\t\t\t\t\t\t\t<\/div>\n\t\t\t\t<\/div>\n\t\t\t\t\t<\/div>\n\t\t<\/div>\n\t\t\t\t\t<\/div>\n\t\t<\/section>\n\t\t\t\t<section class=\"elementor-section elementor-inner-section elementor-element elementor-element-1243c9c elementor-section-boxed elementor-section-height-default elementor-section-height-default\" data-id=\"1243c9c\" data-element_type=\"section\" data-e-type=\"section\">\n\t\t\t\t\t\t<div class=\"elementor-container elementor-column-gap-default\">\n\t\t\t\t\t<div class=\"elementor-column elementor-col-100 elementor-inner-column elementor-element elementor-element-ec7bdf4\" data-id=\"ec7bdf4\" data-element_type=\"column\" data-e-type=\"column\">\n\t\t\t<div class=\"elementor-widget-wrap elementor-element-populated\">\n\t\t\t\t\t\t<div class=\"elementor-element elementor-element-5154115 elementor-widget elementor-widget-text-editor\" data-id=\"5154115\" data-element_type=\"widget\" data-e-type=\"widget\" data-widget_type=\"text-editor.default\">\n\t\t\t\t<div class=\"elementor-widget-container\">\n\t\t\t\t\t\t\t\t\t<p><u>Saft aus blauem Borretsch<\/u>\u00a0:<br \/>Die groben Rippen aus den Borretschbl\u00e4ttern entfernen. Mit Wasser gr\u00fcndlich waschen. Vorsichtig ausdr\u00fccken. In den Entsafter geben und 5 cl Saft auffangen. Saft und \u00d6l in ein Glas mit Schraubdeckel f\u00fcllen. Kr\u00e4ftig sch\u00fctteln, um alles zu homogenisieren. Mit Salz abschmecken.<br \/>=&gt; wenn Ihnen der Borretschsaft zu stark erscheint, k\u00f6nnen Sie ihn mit Wasser verd\u00fcnnen. Dabei muss allerdings der \u00d6lanteil von 20 % eingehalten werden.<\/p><p><u>St\u00e4ngel aus wei\u00dfem Borretsch<\/u>\u00a0:<br \/>Die Stiele in 5 cm lange St\u00fccke schneiden. Ziehen Sie mit einem Messer die am Rand liegenden Fasern heraus. Der L\u00e4nge nach in 1 cm dicke Stifte schneiden. Die Stiele in kochendes Salzwasser tauchen und garen, bis sie leicht knackig bleiben. Abgie\u00dfen und in Eiswasser tauchen. Auf einem Tuch aufbewahren. Wiederholen Sie den Vorgang f\u00fcr die Borretschbl\u00e4tter.<\/p><p><u>Letzte Vorbereitungen<\/u>\u00a0:<br \/>Die St\u00e4ngel und Bl\u00e4tter mit 10 g Wasser und 20 g Butter in einen Topf geben. W\u00fcrzen. Bei schwacher Hitze erhitzen, damit die Form des Gem\u00fcses und der Saft, der sich mit der Butter verbindet, erhalten bleiben.<\/p><p><u>Zum Anrichten<\/u>\u00a0:<br \/>Mit dem Borretschsaft einen Strich auf dem Teller ziehen. Geben Sie einen Spritzer Oliven\u00f6l auf diese erste Kordel. Legen Sie die Borretschst\u00e4ngel und -bl\u00e4tter auf die Kordel. Mit der bindenden Butter betr\u00e4ufeln. Auf die gegen\u00fcberliegende Seite 3 gesch\u00e4lte Langustinenschw\u00e4nze, die mit Orangenpulver paniert und in der Pfanne angebraten sind, legen. Mit ein paar K\u00f6rnern Gu\u00e9rande-Salz w\u00fcrzen. Mit blauen und wei\u00dfen Borretschbl\u00fcten dekorieren.<\/p><p>.<\/p>\t\t\t\t\t\t\t\t<\/div>\n\t\t\t\t<\/div>\n\t\t\t\t\t<\/div>\n\t\t<\/div>\n\t\t\t\t\t<\/div>\n\t\t<\/section>\n\t\t\t\t\t<\/div>\n\t\t<\/div>\n\t\t\t\t\t<\/div>\n\t\t<\/section>\n\t\t\t\t<\/div>","protected":false},"excerpt":{"rendered":"<p>Jus de bourrache &#8220;bleue&#8221; et tiges de bourrache &#8220;blanche&#8221; Recette de Michel Bras Ingr\u00e9dients pour 4 personnes 1 poign\u00e9e de feuilles de bourrache bleue 4 tiges de bourrache blanche et 1 poign\u00e9e de feuilles Fleurs de bourrache blanche et bleue 1 cl d&#8217;huile d&#8217;arachide 20 g de beurre Pr\u00e9paration de la recette Jus de bourrache [&hellip;]<\/p>\n","protected":false},"author":1,"featured_media":0,"parent":0,"menu_order":0,"comment_status":"closed","ping_status":"closed","template":"","meta":{"nf_dc_page":"","ocean_post_layout":"full-screen","ocean_both_sidebars_style":"","ocean_both_sidebars_content_width":0,"ocean_both_sidebars_sidebars_width":0,"ocean_sidebar":"","ocean_second_sidebar":"","ocean_disable_margins":"on","ocean_add_body_class":"","ocean_shortcode_before_top_bar":"","ocean_shortcode_after_top_bar":"","ocean_shortcode_before_header":"","ocean_shortcode_after_header":"","ocean_has_shortcode":"","ocean_shortcode_after_title":"","ocean_shortcode_before_footer_widgets":"","ocean_shortcode_after_footer_widgets":"","ocean_shortcode_before_footer_bottom":"","ocean_shortcode_after_footer_bottom":"","ocean_display_top_bar":"off","ocean_display_header":"default","ocean_header_style":"","ocean_center_header_left_menu":"","ocean_custom_header_template":"","ocean_custom_logo":0,"ocean_custom_retina_logo":0,"ocean_custom_logo_max_width":0,"ocean_custom_logo_tablet_max_width":0,"ocean_custom_logo_mobile_max_width":0,"ocean_custom_logo_max_height":0,"ocean_custom_logo_tablet_max_height":0,"ocean_custom_logo_mobile_max_height":0,"ocean_header_custom_menu":"","ocean_menu_typo_font_family":"","ocean_menu_typo_font_subset":"","ocean_menu_typo_font_size":0,"ocean_menu_typo_font_size_tablet":0,"ocean_menu_typo_font_size_mobile":0,"ocean_menu_typo_font_size_unit":"px","ocean_menu_typo_font_weight":"","ocean_menu_typo_font_weight_tablet":"","ocean_menu_typo_font_weight_mobile":"","ocean_menu_typo_transform":"","ocean_menu_typo_transform_tablet":"","ocean_menu_typo_transform_mobile":"","ocean_menu_typo_line_height":0,"ocean_menu_typo_line_height_tablet":0,"ocean_menu_typo_line_height_mobile":0,"ocean_menu_typo_line_height_unit":"","ocean_menu_typo_spacing":0,"ocean_menu_typo_spacing_tablet":0,"ocean_menu_typo_spacing_mobile":0,"ocean_menu_typo_spacing_unit":"","ocean_menu_link_color":"","ocean_menu_link_color_hover":"","ocean_menu_link_color_active":"","ocean_menu_link_background":"","ocean_menu_link_hover_background":"","ocean_menu_link_active_background":"","ocean_menu_social_links_bg":"","ocean_menu_social_hover_links_bg":"","ocean_menu_social_links_color":"","ocean_menu_social_hover_links_color":"","ocean_disable_title":"on","ocean_disable_heading":"default","ocean_post_title":"","ocean_post_subheading":"","ocean_post_title_style":"","ocean_post_title_background_color":"","ocean_post_title_background":0,"ocean_post_title_bg_image_position":"","ocean_post_title_bg_image_attachment":"","ocean_post_title_bg_image_repeat":"","ocean_post_title_bg_image_size":"","ocean_post_title_height":0,"ocean_post_title_bg_overlay":0.5,"ocean_post_title_bg_overlay_color":"","ocean_disable_breadcrumbs":"default","ocean_breadcrumbs_color":"","ocean_breadcrumbs_separator_color":"","ocean_breadcrumbs_links_color":"","ocean_breadcrumbs_links_hover_color":"","ocean_display_footer_widgets":"default","ocean_display_footer_bottom":"default","ocean_custom_footer_template":"","iawp_total_views":13,"footnotes":""},"class_list":["post-8431","page","type-page","status-publish","hentry","entry"],"yoast_head":"<!-- This site is optimized with the Yoast SEO plugin v27.4 - https:\/\/yoast.com\/product\/yoast-seo-wordpress\/ -->\n<title>Jus de bourrache &quot;bleue&quot; et tiges de bourrache &quot;blanche - Cuisine la Nature<\/title>\n<meta name=\"description\" content=\"Une recette \u00e0 la bourrache de Michel Bras \u00e0 essayer absolument : Jus de bourrache &quot;bleue&quot; et tiges de bourrache &quot;blanche&quot;\" \/>\n<meta name=\"robots\" content=\"index, follow, max-snippet:-1, max-image-preview:large, max-video-preview:-1\" \/>\n<link rel=\"canonical\" href=\"https:\/\/cuisine-la-nature.com\/de\/jus-de-bourrache-bleue-et-tiges-de-bourrache-blanche\/\" \/>\n<meta property=\"og:locale\" content=\"de_DE\" \/>\n<meta property=\"og:type\" content=\"article\" \/>\n<meta property=\"og:title\" content=\"Jus de bourrache &quot;bleue&quot; et tiges de bourrache &quot;blanche - Cuisine la Nature\" \/>\n<meta property=\"og:description\" content=\"Une recette \u00e0 la bourrache de Michel Bras \u00e0 essayer absolument : Jus de bourrache &quot;bleue&quot; et tiges de bourrache &quot;blanche&quot;\" \/>\n<meta property=\"og:url\" content=\"https:\/\/cuisine-la-nature.com\/de\/jus-de-bourrache-bleue-et-tiges-de-bourrache-blanche\/\" \/>\n<meta property=\"og:site_name\" content=\"Cuisine la Nature\" \/>\n<meta property=\"article:modified_time\" content=\"2025-02-03T19:45:12+00:00\" \/>\n<meta name=\"twitter:card\" content=\"summary_large_image\" \/>\n<meta name=\"twitter:label1\" content=\"Gesch\u00e4tzte Lesezeit\" \/>\n\t<meta name=\"twitter:data1\" content=\"2\u00a0Minuten\" \/>\n<script type=\"application\/ld+json\" class=\"yoast-schema-graph\">{\"@context\":\"https:\\\/\\\/schema.org\",\"@graph\":[{\"@type\":\"WebPage\",\"@id\":\"https:\\\/\\\/cuisine-la-nature.com\\\/fr_fr\\\/jus-de-bourrache-bleue-et-tiges-de-bourrache-blanche\",\"url\":\"https:\\\/\\\/cuisine-la-nature.com\\\/fr_fr\\\/jus-de-bourrache-bleue-et-tiges-de-bourrache-blanche\",\"name\":\"Jus de bourrache \\\"bleue\\\" et tiges de bourrache \\\"blanche - Cuisine la Nature\",\"isPartOf\":{\"@id\":\"https:\\\/\\\/cuisine-la-nature.com\\\/#website\"},\"datePublished\":\"2025-02-03T19:38:11+00:00\",\"dateModified\":\"2025-02-03T19:45:12+00:00\",\"description\":\"Une recette \u00e0 la bourrache de Michel Bras \u00e0 essayer absolument : Jus de bourrache \\\"bleue\\\" et tiges de bourrache \\\"blanche\\\"\",\"breadcrumb\":{\"@id\":\"https:\\\/\\\/cuisine-la-nature.com\\\/fr_fr\\\/jus-de-bourrache-bleue-et-tiges-de-bourrache-blanche#breadcrumb\"},\"inLanguage\":\"de\",\"potentialAction\":[{\"@type\":\"ReadAction\",\"target\":[\"https:\\\/\\\/cuisine-la-nature.com\\\/fr_fr\\\/jus-de-bourrache-bleue-et-tiges-de-bourrache-blanche\"]}]},{\"@type\":\"BreadcrumbList\",\"@id\":\"https:\\\/\\\/cuisine-la-nature.com\\\/fr_fr\\\/jus-de-bourrache-bleue-et-tiges-de-bourrache-blanche#breadcrumb\",\"itemListElement\":[{\"@type\":\"ListItem\",\"position\":1,\"name\":\"Home\",\"item\":\"https:\\\/\\\/cuisine-la-nature.com\\\/\"},{\"@type\":\"ListItem\",\"position\":2,\"name\":\"Jus de bourrache &#8220;bleue&#8221; et tiges de bourrache &#8220;blanche\"}]},{\"@type\":\"WebSite\",\"@id\":\"https:\\\/\\\/cuisine-la-nature.com\\\/#website\",\"url\":\"https:\\\/\\\/cuisine-la-nature.com\\\/\",\"name\":\"Cuisine la Nature\",\"description\":\"Inspirez-vous de ce que vous offre la nature au fil des saisons et r\u00e9galez-vous !\",\"publisher\":{\"@id\":\"https:\\\/\\\/cuisine-la-nature.com\\\/#organization\"},\"potentialAction\":[{\"@type\":\"SearchAction\",\"target\":{\"@type\":\"EntryPoint\",\"urlTemplate\":\"https:\\\/\\\/cuisine-la-nature.com\\\/?s={search_term_string}\"},\"query-input\":{\"@type\":\"PropertyValueSpecification\",\"valueRequired\":true,\"valueName\":\"search_term_string\"}}],\"inLanguage\":\"de\"},{\"@type\":\"Organization\",\"@id\":\"https:\\\/\\\/cuisine-la-nature.com\\\/#organization\",\"name\":\"Cuisine la Nature\",\"url\":\"https:\\\/\\\/cuisine-la-nature.com\\\/\",\"logo\":{\"@type\":\"ImageObject\",\"inLanguage\":\"de\",\"@id\":\"https:\\\/\\\/cuisine-la-nature.com\\\/#\\\/schema\\\/logo\\\/image\\\/\",\"url\":\"https:\\\/\\\/i0.wp.com\\\/cuisine-la-nature.com\\\/wp-content\\\/uploads\\\/2022\\\/11\\\/cropped-Logo11.jpg?fit=937%2C200&ssl=1\",\"contentUrl\":\"https:\\\/\\\/i0.wp.com\\\/cuisine-la-nature.com\\\/wp-content\\\/uploads\\\/2022\\\/11\\\/cropped-Logo11.jpg?fit=937%2C200&ssl=1\",\"width\":937,\"height\":200,\"caption\":\"Cuisine la Nature\"},\"image\":{\"@id\":\"https:\\\/\\\/cuisine-la-nature.com\\\/#\\\/schema\\\/logo\\\/image\\\/\"}}]}<\/script>\n<!-- \/ Yoast SEO plugin. -->","yoast_head_json":{"title":"Jus de bourrache \"bleue\" et tiges de bourrache \"blanche - Cuisine la Nature","description":"Une recette \u00e0 la bourrache de Michel Bras \u00e0 essayer absolument : Jus de bourrache \"bleue\" et tiges de bourrache \"blanche\"","robots":{"index":"index","follow":"follow","max-snippet":"max-snippet:-1","max-image-preview":"max-image-preview:large","max-video-preview":"max-video-preview:-1"},"canonical":"https:\/\/cuisine-la-nature.com\/de\/jus-de-bourrache-bleue-et-tiges-de-bourrache-blanche\/","og_locale":"de_DE","og_type":"article","og_title":"Jus de bourrache \"bleue\" et tiges de bourrache \"blanche - Cuisine la Nature","og_description":"Une recette \u00e0 la bourrache de Michel Bras \u00e0 essayer absolument : Jus de bourrache \"bleue\" et tiges de bourrache \"blanche\"","og_url":"https:\/\/cuisine-la-nature.com\/de\/jus-de-bourrache-bleue-et-tiges-de-bourrache-blanche\/","og_site_name":"Cuisine la Nature","article_modified_time":"2025-02-03T19:45:12+00:00","twitter_card":"summary_large_image","twitter_misc":{"Gesch\u00e4tzte Lesezeit":"2\u00a0Minuten"},"schema":{"@context":"https:\/\/schema.org","@graph":[{"@type":"WebPage","@id":"https:\/\/cuisine-la-nature.com\/fr_fr\/jus-de-bourrache-bleue-et-tiges-de-bourrache-blanche","url":"https:\/\/cuisine-la-nature.com\/fr_fr\/jus-de-bourrache-bleue-et-tiges-de-bourrache-blanche","name":"Jus de bourrache \"bleue\" et tiges de bourrache \"blanche - Cuisine la Nature","isPartOf":{"@id":"https:\/\/cuisine-la-nature.com\/#website"},"datePublished":"2025-02-03T19:38:11+00:00","dateModified":"2025-02-03T19:45:12+00:00","description":"Une recette \u00e0 la bourrache de Michel Bras \u00e0 essayer absolument : Jus de bourrache \"bleue\" et tiges de bourrache \"blanche\"","breadcrumb":{"@id":"https:\/\/cuisine-la-nature.com\/fr_fr\/jus-de-bourrache-bleue-et-tiges-de-bourrache-blanche#breadcrumb"},"inLanguage":"de","potentialAction":[{"@type":"ReadAction","target":["https:\/\/cuisine-la-nature.com\/fr_fr\/jus-de-bourrache-bleue-et-tiges-de-bourrache-blanche"]}]},{"@type":"BreadcrumbList","@id":"https:\/\/cuisine-la-nature.com\/fr_fr\/jus-de-bourrache-bleue-et-tiges-de-bourrache-blanche#breadcrumb","itemListElement":[{"@type":"ListItem","position":1,"name":"Home","item":"https:\/\/cuisine-la-nature.com\/"},{"@type":"ListItem","position":2,"name":"Jus de bourrache &#8220;bleue&#8221; et tiges de bourrache &#8220;blanche"}]},{"@type":"WebSite","@id":"https:\/\/cuisine-la-nature.com\/#website","url":"https:\/\/cuisine-la-nature.com\/","name":"Cuisine la Nature","description":"Inspirez-vous de ce que vous offre la nature au fil des saisons et r\u00e9galez-vous !","publisher":{"@id":"https:\/\/cuisine-la-nature.com\/#organization"},"potentialAction":[{"@type":"SearchAction","target":{"@type":"EntryPoint","urlTemplate":"https:\/\/cuisine-la-nature.com\/?s={search_term_string}"},"query-input":{"@type":"PropertyValueSpecification","valueRequired":true,"valueName":"search_term_string"}}],"inLanguage":"de"},{"@type":"Organization","@id":"https:\/\/cuisine-la-nature.com\/#organization","name":"Cuisine la Nature","url":"https:\/\/cuisine-la-nature.com\/","logo":{"@type":"ImageObject","inLanguage":"de","@id":"https:\/\/cuisine-la-nature.com\/#\/schema\/logo\/image\/","url":"https:\/\/i0.wp.com\/cuisine-la-nature.com\/wp-content\/uploads\/2022\/11\/cropped-Logo11.jpg?fit=937%2C200&ssl=1","contentUrl":"https:\/\/i0.wp.com\/cuisine-la-nature.com\/wp-content\/uploads\/2022\/11\/cropped-Logo11.jpg?fit=937%2C200&ssl=1","width":937,"height":200,"caption":"Cuisine la Nature"},"image":{"@id":"https:\/\/cuisine-la-nature.com\/#\/schema\/logo\/image\/"}}]}},"jetpack_sharing_enabled":true,"jetpack-related-posts":[],"_links":{"self":[{"href":"https:\/\/cuisine-la-nature.com\/de\/wp-json\/wp\/v2\/pages\/8431","targetHints":{"allow":["GET"]}}],"collection":[{"href":"https:\/\/cuisine-la-nature.com\/de\/wp-json\/wp\/v2\/pages"}],"about":[{"href":"https:\/\/cuisine-la-nature.com\/de\/wp-json\/wp\/v2\/types\/page"}],"author":[{"embeddable":true,"href":"https:\/\/cuisine-la-nature.com\/de\/wp-json\/wp\/v2\/users\/1"}],"replies":[{"embeddable":true,"href":"https:\/\/cuisine-la-nature.com\/de\/wp-json\/wp\/v2\/comments?post=8431"}],"version-history":[{"count":4,"href":"https:\/\/cuisine-la-nature.com\/de\/wp-json\/wp\/v2\/pages\/8431\/revisions"}],"predecessor-version":[{"id":8435,"href":"https:\/\/cuisine-la-nature.com\/de\/wp-json\/wp\/v2\/pages\/8431\/revisions\/8435"}],"wp:attachment":[{"href":"https:\/\/cuisine-la-nature.com\/de\/wp-json\/wp\/v2\/media?parent=8431"}],"curies":[{"name":"wp","href":"https:\/\/api.w.org\/{rel}","templated":true}]}}