{"id":8395,"date":"2025-02-02T17:44:46","date_gmt":"2025-02-02T17:44:46","guid":{"rendered":"https:\/\/cuisine-la-nature.com\/?page_id=8395"},"modified":"2025-02-02T18:42:57","modified_gmt":"2025-02-02T18:42:57","slug":"grand-boucage-diaporama","status":"publish","type":"page","link":"https:\/\/cuisine-la-nature.com\/de\/grand-boucage-diaporama","title":{"rendered":"Grand boucage Diaporama"},"content":{"rendered":"<div data-elementor-type=\"wp-page\" data-elementor-id=\"8395\" class=\"elementor elementor-8395\">\n\t\t\t\t\t\t<section class=\"elementor-section elementor-top-section elementor-element elementor-element-2e29db0 elementor-section-boxed elementor-section-height-default elementor-section-height-default\" data-id=\"2e29db0\" data-element_type=\"section\" data-e-type=\"section\" data-settings=\"{&quot;background_background&quot;:&quot;classic&quot;}\">\n\t\t\t\t\t\t<div class=\"elementor-container elementor-column-gap-default\">\n\t\t\t\t\t<div class=\"elementor-column elementor-col-100 elementor-top-column elementor-element elementor-element-570060d\" data-id=\"570060d\" data-element_type=\"column\" data-e-type=\"column\" data-settings=\"{&quot;background_background&quot;:&quot;classic&quot;}\">\n\t\t\t<div class=\"elementor-widget-wrap elementor-element-populated\">\n\t\t\t\t\t\t<div class=\"elementor-element elementor-element-f8c1a50 elementor-widget elementor-widget-text-editor\" data-id=\"f8c1a50\" data-element_type=\"widget\" data-e-type=\"widget\" data-widget_type=\"text-editor.default\">\n\t\t\t\t<div class=\"elementor-widget-container\">\n\t\t\t\t\t\t\t\t\t<h1 style=\"text-align: center;\"><span style=\"color: #000000;\">Gro\u00dfe Pimpinelle<\/span><\/h1>\t\t\t\t\t\t\t\t<\/div>\n\t\t\t\t<\/div>\n\t\t\t\t\t<\/div>\n\t\t<\/div>\n\t\t\t\t\t<\/div>\n\t\t<\/section>\n\t\t\t\t<section class=\"elementor-section elementor-top-section elementor-element elementor-element-3946162 elementor-section-boxed elementor-section-height-default elementor-section-height-default\" data-id=\"3946162\" data-element_type=\"section\" data-e-type=\"section\">\n\t\t\t\t\t\t<div class=\"elementor-container elementor-column-gap-default\">\n\t\t\t\t\t<div class=\"elementor-column elementor-col-100 elementor-top-column elementor-element elementor-element-afc25c8\" data-id=\"afc25c8\" data-element_type=\"column\" data-e-type=\"column\">\n\t\t\t<div class=\"elementor-widget-wrap elementor-element-populated\">\n\t\t\t\t\t\t<div class=\"elementor-element elementor-element-fece22d elementor-arrows-position-inside elementor-pagination-position-outside elementor-widget elementor-widget-image-carousel\" data-id=\"fece22d\" data-element_type=\"widget\" data-e-type=\"widget\" data-settings=\"{&quot;slides_to_show&quot;:&quot;1&quot;,&quot;navigation&quot;:&quot;both&quot;,&quot;autoplay&quot;:&quot;yes&quot;,&quot;pause_on_hover&quot;:&quot;yes&quot;,&quot;pause_on_interaction&quot;:&quot;yes&quot;,&quot;autoplay_speed&quot;:5000,&quot;infinite&quot;:&quot;yes&quot;,&quot;effect&quot;:&quot;slide&quot;,&quot;speed&quot;:500}\" data-widget_type=\"image-carousel.default\">\n\t\t\t\t<div class=\"elementor-widget-container\">\n\t\t\t\t\t\t\t<div class=\"elementor-image-carousel-wrapper swiper\" role=\"region\" aria-roledescription=\"carousel\" aria-label=\"Carrousel d\u2019images\" dir=\"ltr\">\n\t\t\t<div class=\"elementor-image-carousel swiper-wrapper\" aria-live=\"off\">\n\t\t\t\t\t\t\t\t<div class=\"swiper-slide\" role=\"group\" aria-roledescription=\"slide\" aria-label=\"1 von 7\"><figure class=\"swiper-slide-inner\"><img data-recalc-dims=\"1\" decoding=\"async\" class=\"swiper-slide-image\" src=\"https:\/\/i0.wp.com\/cuisine-la-nature.com\/wp-content\/uploads\/elementor\/thumbs\/Boucagegrand1-r0xahfo672bhhsoko6xb1m0wuqmkm25ecyqdp1s5j4.jpg?w=1200&#038;ssl=1\" alt=\"Grand boucage Plante enti\u00e8re\" \/><figcaption class=\"elementor-image-carousel-caption\">Ganze Pflanze<\/figcaption><\/figure><\/div><div class=\"swiper-slide\" role=\"group\" aria-roledescription=\"slide\" aria-label=\"2 von 7\"><figure class=\"swiper-slide-inner\"><img data-recalc-dims=\"1\" decoding=\"async\" class=\"swiper-slide-image\" src=\"https:\/\/i0.wp.com\/cuisine-la-nature.com\/wp-content\/uploads\/elementor\/thumbs\/Boucagegrand2-r0xaiy6t7ge476hdtuho289nb35v0i5twgkjj3jbi8.jpg?w=1200&#038;ssl=1\" alt=\"Grand boucage Tige et feuille\" \/><figcaption class=\"elementor-image-carousel-caption\">St\u00e4ngel und Blatt<\/figcaption><\/figure><\/div><div class=\"swiper-slide\" role=\"group\" aria-roledescription=\"slide\" aria-label=\"3 von 7\"><figure class=\"swiper-slide-inner\"><img data-recalc-dims=\"1\" decoding=\"async\" class=\"swiper-slide-image\" src=\"https:\/\/i0.wp.com\/cuisine-la-nature.com\/wp-content\/uploads\/elementor\/thumbs\/Boucagegrand3-r0xaklen60n6im3d8235xbboqd1zhfox4lo4rj3im8.jpg?w=1200&#038;ssl=1\" alt=\"Grand boucage Feuille\" \/><figcaption class=\"elementor-image-carousel-caption\">Blatt<\/figcaption><\/figure><\/div><div class=\"swiper-slide\" role=\"group\" aria-roledescription=\"slide\" aria-label=\"4 von 7\"><figure class=\"swiper-slide-inner\"><img data-recalc-dims=\"1\" decoding=\"async\" class=\"swiper-slide-image\" src=\"https:\/\/i0.wp.com\/cuisine-la-nature.com\/wp-content\/uploads\/elementor\/thumbs\/Boucagegrand4-r0xcqugy4hrj1yffads202g525d1abcgvwuc1t2mm8.jpg?w=1200&#038;ssl=1\" alt=\"Grand boucage Inflorescences\" \/><figcaption class=\"elementor-image-carousel-caption\">Bl\u00fctenst\u00e4nde<\/figcaption><\/figure><\/div><div class=\"swiper-slide\" role=\"group\" aria-roledescription=\"slide\" aria-label=\"5 von 7\"><figure class=\"swiper-slide-inner\"><img data-recalc-dims=\"1\" decoding=\"async\" class=\"swiper-slide-image\" src=\"https:\/\/i0.wp.com\/cuisine-la-nature.com\/wp-content\/uploads\/elementor\/thumbs\/Boucagegrand5-r0xct809ef0megz6ewr3syv347nfqrs1jo7ipzjsw0.jpg?w=1200&#038;ssl=1\" alt=\"Grand boucage Fruits verts\" \/><figcaption class=\"elementor-image-carousel-caption\">Gr\u00fcne Fr\u00fcchte<\/figcaption><\/figure><\/div><div class=\"swiper-slide\" role=\"group\" aria-roledescription=\"slide\" aria-label=\"6 von 7\"><figure class=\"swiper-slide-inner\"><img data-recalc-dims=\"1\" decoding=\"async\" class=\"swiper-slide-image\" src=\"https:\/\/i0.wp.com\/cuisine-la-nature.com\/wp-content\/uploads\/elementor\/thumbs\/Boucagegrandherbier1-r0xcv9bo7hszk20oisg07gd1g9m2f5v3tr3e5kj3eo.jpg?w=1200&#038;ssl=1\" alt=\"Grand boucage Herbier feuille et inflorescences\" \/><figcaption class=\"elementor-image-carousel-caption\">Herbarium Bl\u00e4tter und Bl\u00fctenst\u00e4nde<\/figcaption><\/figure><\/div><div class=\"swiper-slide\" role=\"group\" aria-roledescription=\"slide\" aria-label=\"7 von 7\"><figure class=\"swiper-slide-inner\"><img data-recalc-dims=\"1\" decoding=\"async\" class=\"swiper-slide-image\" src=\"https:\/\/i0.wp.com\/cuisine-la-nature.com\/wp-content\/uploads\/elementor\/thumbs\/Boucagegrandherbier2-r0xcx5xw2eex3l90e43rrh1ote7v12fif6pu6rpcsg.jpg?w=1200&#038;ssl=1\" alt=\"Grand boucage Herbier feuille\" \/><figcaption class=\"elementor-image-carousel-caption\">Herbarium Bl\u00e4tter<\/figcaption><\/figure><\/div>\t\t\t<\/div>\n\t\t\t\t\t\t\t\t\t\t\t\t<div class=\"elementor-swiper-button elementor-swiper-button-prev\" role=\"button\" tabindex=\"0\">\n\t\t\t\t\t\t<i aria-hidden=\"true\" class=\"eicon-chevron-left\"><\/i>\t\t\t\t\t<\/div>\n\t\t\t\t\t<div class=\"elementor-swiper-button elementor-swiper-button-next\" role=\"button\" tabindex=\"0\">\n\t\t\t\t\t\t<i aria-hidden=\"true\" class=\"eicon-chevron-right\"><\/i>\t\t\t\t\t<\/div>\n\t\t\t\t\n\t\t\t\t\t\t\t\t\t<div class=\"swiper-pagination\"><\/div>\n\t\t\t\t\t\t\t\t\t<\/div>\n\t\t\t\t\t\t<\/div>\n\t\t\t\t<\/div>\n\t\t\t\t\t<\/div>\n\t\t<\/div>\n\t\t\t\t\t<\/div>\n\t\t<\/section>\n\t\t\t\t<\/div>","protected":false},"excerpt":{"rendered":"<p>Grand boucage Plante enti\u00e8re Tige et feuille Feuille Inflorescences Fruits verts Herbier feuille et inflorescences Herbier feuille<\/p>","protected":false},"author":1,"featured_media":0,"parent":0,"menu_order":0,"comment_status":"closed","ping_status":"closed","template":"","meta":{"nf_dc_page":"","ocean_post_layout":"full-screen","ocean_both_sidebars_style":"","ocean_both_sidebars_content_width":0,"ocean_both_sidebars_sidebars_width":0,"ocean_sidebar":"","ocean_second_sidebar":"","ocean_disable_margins":"on","ocean_add_body_class":"","ocean_shortcode_before_top_bar":"","ocean_shortcode_after_top_bar":"","ocean_shortcode_before_header":"","ocean_shortcode_after_header":"","ocean_has_shortcode":"","ocean_shortcode_after_title":"","ocean_shortcode_before_footer_widgets":"","ocean_shortcode_after_footer_widgets":"","ocean_shortcode_before_footer_bottom":"","ocean_shortcode_after_footer_bottom":"","ocean_display_top_bar":"off","ocean_display_header":"default","ocean_header_style":"","ocean_center_header_left_menu":"","ocean_custom_header_template":"","ocean_custom_logo":0,"ocean_custom_retina_logo":0,"ocean_custom_logo_max_width":0,"ocean_custom_logo_tablet_max_width":0,"ocean_custom_logo_mobile_max_width":0,"ocean_custom_logo_max_height":0,"ocean_custom_logo_tablet_max_height":0,"ocean_custom_logo_mobile_max_height":0,"ocean_header_custom_menu":"","ocean_menu_typo_font_family":"","ocean_menu_typo_font_subset":"","ocean_menu_typo_font_size":0,"ocean_menu_typo_font_size_tablet":0,"ocean_menu_typo_font_size_mobile":0,"ocean_menu_typo_font_size_unit":"px","ocean_menu_typo_font_weight":"","ocean_menu_typo_font_weight_tablet":"","ocean_menu_typo_font_weight_mobile":"","ocean_menu_typo_transform":"","ocean_menu_typo_transform_tablet":"","ocean_menu_typo_transform_mobile":"","ocean_menu_typo_line_height":0,"ocean_menu_typo_line_height_tablet":0,"ocean_menu_typo_line_height_mobile":0,"ocean_menu_typo_line_height_unit":"","ocean_menu_typo_spacing":0,"ocean_menu_typo_spacing_tablet":0,"ocean_menu_typo_spacing_mobile":0,"ocean_menu_typo_spacing_unit":"","ocean_menu_link_color":"","ocean_menu_link_color_hover":"","ocean_menu_link_color_active":"","ocean_menu_link_background":"","ocean_menu_link_hover_background":"","ocean_menu_link_active_background":"","ocean_menu_social_links_bg":"","ocean_menu_social_hover_links_bg":"","ocean_menu_social_links_color":"","ocean_menu_social_hover_links_color":"","ocean_disable_title":"on","ocean_disable_heading":"default","ocean_post_title":"","ocean_post_subheading":"","ocean_post_title_style":"","ocean_post_title_background_color":"","ocean_post_title_background":0,"ocean_post_title_bg_image_position":"","ocean_post_title_bg_image_attachment":"","ocean_post_title_bg_image_repeat":"","ocean_post_title_bg_image_size":"","ocean_post_title_height":0,"ocean_post_title_bg_overlay":0.5,"ocean_post_title_bg_overlay_color":"","ocean_disable_breadcrumbs":"default","ocean_breadcrumbs_color":"","ocean_breadcrumbs_separator_color":"","ocean_breadcrumbs_links_color":"","ocean_breadcrumbs_links_hover_color":"","ocean_display_footer_widgets":"default","ocean_display_footer_bottom":"default","ocean_custom_footer_template":"","iawp_total_views":5,"footnotes":""},"class_list":["post-8395","page","type-page","status-publish","hentry","entry"],"yoast_head":"<!-- This site is optimized with the Yoast SEO plugin v27.4 - https:\/\/yoast.com\/product\/yoast-seo-wordpress\/ -->\n<title>Grand boucage Diaporama - Cuisine la Nature<\/title>\n<meta name=\"description\" content=\"Grand boucage (Pimpinelle major) : le diaporama montrant toutes les parties de la plante ou de l&#039;arbre.\" \/>\n<meta name=\"robots\" content=\"index, follow, max-snippet:-1, max-image-preview:large, max-video-preview:-1\" \/>\n<link rel=\"canonical\" href=\"https:\/\/cuisine-la-nature.com\/de\/grand-boucage-diaporama\/\" \/>\n<meta property=\"og:locale\" content=\"de_DE\" \/>\n<meta property=\"og:type\" content=\"article\" \/>\n<meta property=\"og:title\" content=\"Grand boucage Diaporama - Cuisine la Nature\" \/>\n<meta property=\"og:description\" content=\"Grand boucage (Pimpinelle major) : le diaporama montrant toutes les parties de la plante ou de l&#039;arbre.\" \/>\n<meta property=\"og:url\" content=\"https:\/\/cuisine-la-nature.com\/de\/grand-boucage-diaporama\/\" \/>\n<meta property=\"og:site_name\" content=\"Cuisine la Nature\" \/>\n<meta property=\"article:modified_time\" content=\"2025-02-02T18:42:57+00:00\" \/>\n<meta property=\"og:image\" content=\"https:\/\/cuisine-la-nature.com\/wp-content\/uploads\/2025\/02\/Boucagegrand1-150x150.jpg\" \/>\n<meta name=\"twitter:card\" content=\"summary_large_image\" \/>\n<meta name=\"twitter:label1\" content=\"Gesch\u00e4tzte Lesezeit\" \/>\n\t<meta name=\"twitter:data1\" content=\"2\u00a0Minuten\" \/>\n<script type=\"application\/ld+json\" class=\"yoast-schema-graph\">{\"@context\":\"https:\\\/\\\/schema.org\",\"@graph\":[{\"@type\":\"WebPage\",\"@id\":\"https:\\\/\\\/cuisine-la-nature.com\\\/fr_fr\\\/grand-boucage-diaporama\",\"url\":\"https:\\\/\\\/cuisine-la-nature.com\\\/fr_fr\\\/grand-boucage-diaporama\",\"name\":\"Grand boucage Diaporama - Cuisine la Nature\",\"isPartOf\":{\"@id\":\"https:\\\/\\\/cuisine-la-nature.com\\\/#website\"},\"primaryImageOfPage\":{\"@id\":\"https:\\\/\\\/cuisine-la-nature.com\\\/fr_fr\\\/grand-boucage-diaporama#primaryimage\"},\"image\":{\"@id\":\"https:\\\/\\\/cuisine-la-nature.com\\\/fr_fr\\\/grand-boucage-diaporama#primaryimage\"},\"thumbnailUrl\":\"https:\\\/\\\/cuisine-la-nature.com\\\/wp-content\\\/uploads\\\/2025\\\/02\\\/Boucagegrand1-150x150.jpg\",\"datePublished\":\"2025-02-02T17:44:46+00:00\",\"dateModified\":\"2025-02-02T18:42:57+00:00\",\"description\":\"Grand boucage (Pimpinelle major) : le diaporama montrant toutes les parties de la plante ou de l'arbre.\",\"breadcrumb\":{\"@id\":\"https:\\\/\\\/cuisine-la-nature.com\\\/fr_fr\\\/grand-boucage-diaporama#breadcrumb\"},\"inLanguage\":\"de\",\"potentialAction\":[{\"@type\":\"ReadAction\",\"target\":[\"https:\\\/\\\/cuisine-la-nature.com\\\/fr_fr\\\/grand-boucage-diaporama\"]}]},{\"@type\":\"ImageObject\",\"inLanguage\":\"de\",\"@id\":\"https:\\\/\\\/cuisine-la-nature.com\\\/fr_fr\\\/grand-boucage-diaporama#primaryimage\",\"url\":\"https:\\\/\\\/cuisine-la-nature.com\\\/wp-content\\\/uploads\\\/2025\\\/02\\\/Boucagegrand1-150x150.jpg\",\"contentUrl\":\"https:\\\/\\\/cuisine-la-nature.com\\\/wp-content\\\/uploads\\\/2025\\\/02\\\/Boucagegrand1-150x150.jpg\"},{\"@type\":\"BreadcrumbList\",\"@id\":\"https:\\\/\\\/cuisine-la-nature.com\\\/fr_fr\\\/grand-boucage-diaporama#breadcrumb\",\"itemListElement\":[{\"@type\":\"ListItem\",\"position\":1,\"name\":\"Home\",\"item\":\"https:\\\/\\\/cuisine-la-nature.com\\\/\"},{\"@type\":\"ListItem\",\"position\":2,\"name\":\"Grand boucage Diaporama\"}]},{\"@type\":\"WebSite\",\"@id\":\"https:\\\/\\\/cuisine-la-nature.com\\\/#website\",\"url\":\"https:\\\/\\\/cuisine-la-nature.com\\\/\",\"name\":\"Cuisine la Nature\",\"description\":\"Inspirez-vous de ce que vous offre la nature au fil des saisons et r\u00e9galez-vous !\",\"publisher\":{\"@id\":\"https:\\\/\\\/cuisine-la-nature.com\\\/#organization\"},\"potentialAction\":[{\"@type\":\"SearchAction\",\"target\":{\"@type\":\"EntryPoint\",\"urlTemplate\":\"https:\\\/\\\/cuisine-la-nature.com\\\/?s={search_term_string}\"},\"query-input\":{\"@type\":\"PropertyValueSpecification\",\"valueRequired\":true,\"valueName\":\"search_term_string\"}}],\"inLanguage\":\"de\"},{\"@type\":\"Organization\",\"@id\":\"https:\\\/\\\/cuisine-la-nature.com\\\/#organization\",\"name\":\"Cuisine la Nature\",\"url\":\"https:\\\/\\\/cuisine-la-nature.com\\\/\",\"logo\":{\"@type\":\"ImageObject\",\"inLanguage\":\"de\",\"@id\":\"https:\\\/\\\/cuisine-la-nature.com\\\/#\\\/schema\\\/logo\\\/image\\\/\",\"url\":\"https:\\\/\\\/i0.wp.com\\\/cuisine-la-nature.com\\\/wp-content\\\/uploads\\\/2022\\\/11\\\/cropped-Logo11.jpg?fit=937%2C200&ssl=1\",\"contentUrl\":\"https:\\\/\\\/i0.wp.com\\\/cuisine-la-nature.com\\\/wp-content\\\/uploads\\\/2022\\\/11\\\/cropped-Logo11.jpg?fit=937%2C200&ssl=1\",\"width\":937,\"height\":200,\"caption\":\"Cuisine la Nature\"},\"image\":{\"@id\":\"https:\\\/\\\/cuisine-la-nature.com\\\/#\\\/schema\\\/logo\\\/image\\\/\"}}]}<\/script>\n<!-- \/ Yoast SEO plugin. -->","yoast_head_json":{"title":"Grand boucage Diaporama - Cuisine la Nature","description":"Grand boucage (Pimpinelle major) : le diaporama montrant toutes les parties de la plante ou de l'arbre.","robots":{"index":"index","follow":"follow","max-snippet":"max-snippet:-1","max-image-preview":"max-image-preview:large","max-video-preview":"max-video-preview:-1"},"canonical":"https:\/\/cuisine-la-nature.com\/de\/grand-boucage-diaporama\/","og_locale":"de_DE","og_type":"article","og_title":"Grand boucage Diaporama - Cuisine la Nature","og_description":"Grand boucage (Pimpinelle major) : le diaporama montrant toutes les parties de la plante ou de l'arbre.","og_url":"https:\/\/cuisine-la-nature.com\/de\/grand-boucage-diaporama\/","og_site_name":"Cuisine la Nature","article_modified_time":"2025-02-02T18:42:57+00:00","og_image":[{"url":"https:\/\/cuisine-la-nature.com\/wp-content\/uploads\/2025\/02\/Boucagegrand1-150x150.jpg","type":"","width":"","height":""}],"twitter_card":"summary_large_image","twitter_misc":{"Gesch\u00e4tzte Lesezeit":"2\u00a0Minuten"},"schema":{"@context":"https:\/\/schema.org","@graph":[{"@type":"WebPage","@id":"https:\/\/cuisine-la-nature.com\/fr_fr\/grand-boucage-diaporama","url":"https:\/\/cuisine-la-nature.com\/fr_fr\/grand-boucage-diaporama","name":"Grand boucage Diaporama - Cuisine la Nature","isPartOf":{"@id":"https:\/\/cuisine-la-nature.com\/#website"},"primaryImageOfPage":{"@id":"https:\/\/cuisine-la-nature.com\/fr_fr\/grand-boucage-diaporama#primaryimage"},"image":{"@id":"https:\/\/cuisine-la-nature.com\/fr_fr\/grand-boucage-diaporama#primaryimage"},"thumbnailUrl":"https:\/\/cuisine-la-nature.com\/wp-content\/uploads\/2025\/02\/Boucagegrand1-150x150.jpg","datePublished":"2025-02-02T17:44:46+00:00","dateModified":"2025-02-02T18:42:57+00:00","description":"Grand boucage (Pimpinelle major) : le diaporama montrant toutes les parties de la plante ou de l'arbre.","breadcrumb":{"@id":"https:\/\/cuisine-la-nature.com\/fr_fr\/grand-boucage-diaporama#breadcrumb"},"inLanguage":"de","potentialAction":[{"@type":"ReadAction","target":["https:\/\/cuisine-la-nature.com\/fr_fr\/grand-boucage-diaporama"]}]},{"@type":"ImageObject","inLanguage":"de","@id":"https:\/\/cuisine-la-nature.com\/fr_fr\/grand-boucage-diaporama#primaryimage","url":"https:\/\/cuisine-la-nature.com\/wp-content\/uploads\/2025\/02\/Boucagegrand1-150x150.jpg","contentUrl":"https:\/\/cuisine-la-nature.com\/wp-content\/uploads\/2025\/02\/Boucagegrand1-150x150.jpg"},{"@type":"BreadcrumbList","@id":"https:\/\/cuisine-la-nature.com\/fr_fr\/grand-boucage-diaporama#breadcrumb","itemListElement":[{"@type":"ListItem","position":1,"name":"Home","item":"https:\/\/cuisine-la-nature.com\/"},{"@type":"ListItem","position":2,"name":"Grand boucage Diaporama"}]},{"@type":"WebSite","@id":"https:\/\/cuisine-la-nature.com\/#website","url":"https:\/\/cuisine-la-nature.com\/","name":"Cuisine la Nature","description":"Inspirez-vous de ce que vous offre la nature au fil des saisons et r\u00e9galez-vous !","publisher":{"@id":"https:\/\/cuisine-la-nature.com\/#organization"},"potentialAction":[{"@type":"SearchAction","target":{"@type":"EntryPoint","urlTemplate":"https:\/\/cuisine-la-nature.com\/?s={search_term_string}"},"query-input":{"@type":"PropertyValueSpecification","valueRequired":true,"valueName":"search_term_string"}}],"inLanguage":"de"},{"@type":"Organization","@id":"https:\/\/cuisine-la-nature.com\/#organization","name":"Cuisine la Nature","url":"https:\/\/cuisine-la-nature.com\/","logo":{"@type":"ImageObject","inLanguage":"de","@id":"https:\/\/cuisine-la-nature.com\/#\/schema\/logo\/image\/","url":"https:\/\/i0.wp.com\/cuisine-la-nature.com\/wp-content\/uploads\/2022\/11\/cropped-Logo11.jpg?fit=937%2C200&ssl=1","contentUrl":"https:\/\/i0.wp.com\/cuisine-la-nature.com\/wp-content\/uploads\/2022\/11\/cropped-Logo11.jpg?fit=937%2C200&ssl=1","width":937,"height":200,"caption":"Cuisine la Nature"},"image":{"@id":"https:\/\/cuisine-la-nature.com\/#\/schema\/logo\/image\/"}}]}},"jetpack_sharing_enabled":true,"jetpack-related-posts":[],"_links":{"self":[{"href":"https:\/\/cuisine-la-nature.com\/de\/wp-json\/wp\/v2\/pages\/8395","targetHints":{"allow":["GET"]}}],"collection":[{"href":"https:\/\/cuisine-la-nature.com\/de\/wp-json\/wp\/v2\/pages"}],"about":[{"href":"https:\/\/cuisine-la-nature.com\/de\/wp-json\/wp\/v2\/types\/page"}],"author":[{"embeddable":true,"href":"https:\/\/cuisine-la-nature.com\/de\/wp-json\/wp\/v2\/users\/1"}],"replies":[{"embeddable":true,"href":"https:\/\/cuisine-la-nature.com\/de\/wp-json\/wp\/v2\/comments?post=8395"}],"version-history":[{"count":4,"href":"https:\/\/cuisine-la-nature.com\/de\/wp-json\/wp\/v2\/pages\/8395\/revisions"}],"predecessor-version":[{"id":8407,"href":"https:\/\/cuisine-la-nature.com\/de\/wp-json\/wp\/v2\/pages\/8395\/revisions\/8407"}],"wp:attachment":[{"href":"https:\/\/cuisine-la-nature.com\/de\/wp-json\/wp\/v2\/media?parent=8395"}],"curies":[{"name":"wp","href":"https:\/\/api.w.org\/{rel}","templated":true}]}}