{"id":6705,"date":"2024-08-19T14:16:09","date_gmt":"2024-08-19T14:16:09","guid":{"rendered":"https:\/\/cuisine-la-nature.com\/?page_id=6705"},"modified":"2024-08-20T16:54:43","modified_gmt":"2024-08-20T16:54:43","slug":"recette-chutney-de-viorne-et-de-sureau","status":"publish","type":"page","link":"https:\/\/cuisine-la-nature.com\/de\/recette-chutney-de-viorne-et-de-sureau","title":{"rendered":"Recette Chutney de viorne et de sureau"},"content":{"rendered":"<div data-elementor-type=\"wp-page\" data-elementor-id=\"6705\" class=\"elementor elementor-6705\">\n\t\t\t\t\t\t<section class=\"elementor-section elementor-top-section elementor-element elementor-element-729aef4 elementor-section-boxed elementor-section-height-default elementor-section-height-default\" data-id=\"729aef4\" data-element_type=\"section\" data-e-type=\"section\" data-settings=\"{&quot;background_background&quot;:&quot;classic&quot;}\">\n\t\t\t\t\t\t<div class=\"elementor-container elementor-column-gap-default\">\n\t\t\t\t\t<div class=\"elementor-column elementor-col-100 elementor-top-column elementor-element elementor-element-7470846\" data-id=\"7470846\" data-element_type=\"column\" data-e-type=\"column\" data-settings=\"{&quot;background_background&quot;:&quot;classic&quot;}\">\n\t\t\t<div class=\"elementor-widget-wrap elementor-element-populated\">\n\t\t\t\t\t\t<div class=\"elementor-element elementor-element-6a122cd elementor-widget elementor-widget-heading\" data-id=\"6a122cd\" data-element_type=\"widget\" data-e-type=\"widget\" data-widget_type=\"heading.default\">\n\t\t\t\t<div class=\"elementor-widget-container\">\n\t\t\t\t\t<h2 class=\"elementor-heading-title elementor-size-default\">Chutney von gew\u00f6hnlicher Schneeball und roter Holunder<\/h2>\t\t\t\t<\/div>\n\t\t\t\t<\/div>\n\t\t\t\t\t<\/div>\n\t\t<\/div>\n\t\t\t\t\t<\/div>\n\t\t<\/section>\n\t\t\t\t<section class=\"elementor-section elementor-top-section elementor-element elementor-element-5f286cc elementor-section-boxed elementor-section-height-default elementor-section-height-default\" data-id=\"5f286cc\" data-element_type=\"section\" data-e-type=\"section\" data-settings=\"{&quot;background_background&quot;:&quot;classic&quot;}\">\n\t\t\t\t\t\t<div class=\"elementor-container elementor-column-gap-default\">\n\t\t\t\t\t<div class=\"elementor-column elementor-col-100 elementor-top-column elementor-element elementor-element-30d2907\" data-id=\"30d2907\" data-element_type=\"column\" data-e-type=\"column\" data-settings=\"{&quot;background_background&quot;:&quot;classic&quot;}\">\n\t\t\t<div class=\"elementor-widget-wrap elementor-element-populated\">\n\t\t\t\t\t\t<div class=\"elementor-element elementor-element-4aba2e4 elementor-widget elementor-widget-heading\" data-id=\"4aba2e4\" data-element_type=\"widget\" data-e-type=\"widget\" data-widget_type=\"heading.default\">\n\t\t\t\t<div class=\"elementor-widget-container\">\n\t\t\t\t\t<h2 class=\"elementor-heading-title elementor-size-default\">Rezept aus dem Buch \"Cuisine sauvage\" von F. Couplan<\/h2>\t\t\t\t<\/div>\n\t\t\t\t<\/div>\n\t\t\t\t\t<\/div>\n\t\t<\/div>\n\t\t\t\t\t<\/div>\n\t\t<\/section>\n\t\t\t\t<section class=\"elementor-section elementor-top-section elementor-element elementor-element-d88eb34 elementor-section-boxed elementor-section-height-default elementor-section-height-default\" data-id=\"d88eb34\" data-element_type=\"section\" data-e-type=\"section\" data-settings=\"{&quot;background_background&quot;:&quot;gradient&quot;}\">\n\t\t\t\t\t\t<div class=\"elementor-container elementor-column-gap-default\">\n\t\t\t\t\t<div class=\"elementor-column elementor-col-100 elementor-top-column elementor-element elementor-element-6091e91\" data-id=\"6091e91\" data-element_type=\"column\" data-e-type=\"column\">\n\t\t\t<div class=\"elementor-widget-wrap elementor-element-populated\">\n\t\t\t\t\t\t<section class=\"elementor-section elementor-inner-section elementor-element elementor-element-4d8825e elementor-section-boxed elementor-section-height-default elementor-section-height-default\" data-id=\"4d8825e\" data-element_type=\"section\" data-e-type=\"section\">\n\t\t\t\t\t\t<div class=\"elementor-container elementor-column-gap-default\">\n\t\t\t\t\t<div class=\"elementor-column elementor-col-100 elementor-inner-column elementor-element elementor-element-5e8c7ae\" data-id=\"5e8c7ae\" data-element_type=\"column\" data-e-type=\"column\">\n\t\t\t<div class=\"elementor-widget-wrap elementor-element-populated\">\n\t\t\t\t\t\t<div class=\"elementor-element elementor-element-53b0fc8 elementor-widget elementor-widget-text-editor\" data-id=\"53b0fc8\" data-element_type=\"widget\" data-e-type=\"widget\" data-widget_type=\"text-editor.default\">\n\t\t\t\t<div class=\"elementor-widget-container\">\n\t\t\t\t\t\t\t\t\t<p>Zutaten f\u00fcr 4 Personen<\/p>\t\t\t\t\t\t\t\t<\/div>\n\t\t\t\t<\/div>\n\t\t\t\t\t<\/div>\n\t\t<\/div>\n\t\t\t\t\t<\/div>\n\t\t<\/section>\n\t\t\t\t<section class=\"elementor-section elementor-inner-section elementor-element elementor-element-6521aed elementor-section-boxed elementor-section-height-default elementor-section-height-default\" data-id=\"6521aed\" data-element_type=\"section\" data-e-type=\"section\">\n\t\t\t\t\t\t<div class=\"elementor-container elementor-column-gap-default\">\n\t\t\t\t\t<div class=\"elementor-column elementor-col-33 elementor-inner-column elementor-element elementor-element-5e2978d\" data-id=\"5e2978d\" data-element_type=\"column\" data-e-type=\"column\">\n\t\t\t<div class=\"elementor-widget-wrap elementor-element-populated\">\n\t\t\t\t\t\t<div class=\"elementor-element elementor-element-dd75dfc elementor-widget elementor-widget-text-editor\" data-id=\"dd75dfc\" data-element_type=\"widget\" data-e-type=\"widget\" data-widget_type=\"text-editor.default\">\n\t\t\t\t<div class=\"elementor-widget-container\">\n\t\t\t\t\t\t\t\t\t<ul><li>100 g Fr\u00fcchten des gew\u00f6hnlichen Schneeballs<\/li><li>300 g rote Holunder-Fr\u00fcchte<\/li><li>4 EL Honig<\/li><li>3 mittelgro\u00dfe Zwiebeln<\/li><li>4 Knoblauchzehen<\/li><li>Gew\u00fcrzkr\u00e4uter<\/li><li>1 EL Mehl<\/li><li>1 Glas Weisswein<\/li><li>Salz<\/li><\/ul>\t\t\t\t\t\t\t\t<\/div>\n\t\t\t\t<\/div>\n\t\t\t\t\t<\/div>\n\t\t<\/div>\n\t\t\t\t<div class=\"elementor-column elementor-col-33 elementor-inner-column elementor-element elementor-element-6e8699d\" data-id=\"6e8699d\" data-element_type=\"column\" data-e-type=\"column\">\n\t\t\t<div class=\"elementor-widget-wrap\">\n\t\t\t\t\t\t\t<\/div>\n\t\t<\/div>\n\t\t\t\t<div class=\"elementor-column elementor-col-33 elementor-inner-column elementor-element elementor-element-f14f2cc\" data-id=\"f14f2cc\" data-element_type=\"column\" data-e-type=\"column\">\n\t\t\t<div class=\"elementor-widget-wrap elementor-element-populated\">\n\t\t\t\t\t\t\t<\/div>\n\t\t<\/div>\n\t\t\t\t\t<\/div>\n\t\t<\/section>\n\t\t\t\t<section class=\"elementor-section elementor-inner-section elementor-element elementor-element-640bc0c elementor-section-boxed elementor-section-height-default elementor-section-height-default\" data-id=\"640bc0c\" data-element_type=\"section\" data-e-type=\"section\">\n\t\t\t\t\t\t<div class=\"elementor-container elementor-column-gap-default\">\n\t\t\t\t\t<div class=\"elementor-column elementor-col-100 elementor-inner-column elementor-element elementor-element-cea5d8b\" data-id=\"cea5d8b\" data-element_type=\"column\" data-e-type=\"column\">\n\t\t\t<div class=\"elementor-widget-wrap elementor-element-populated\">\n\t\t\t\t\t\t<div class=\"elementor-element elementor-element-b8108e2 elementor-widget elementor-widget-text-editor\" data-id=\"b8108e2\" data-element_type=\"widget\" data-e-type=\"widget\" data-widget_type=\"text-editor.default\">\n\t\t\t\t<div class=\"elementor-widget-container\">\n\t\t\t\t\t\t\t\t\t<p>Zubereitung des Rezeptes<\/p>\t\t\t\t\t\t\t\t<\/div>\n\t\t\t\t<\/div>\n\t\t\t\t\t<\/div>\n\t\t<\/div>\n\t\t\t\t\t<\/div>\n\t\t<\/section>\n\t\t\t\t<section class=\"elementor-section elementor-inner-section elementor-element elementor-element-a34e1ba elementor-section-boxed elementor-section-height-default elementor-section-height-default\" data-id=\"a34e1ba\" data-element_type=\"section\" data-e-type=\"section\">\n\t\t\t\t\t\t<div class=\"elementor-container elementor-column-gap-default\">\n\t\t\t\t\t<div class=\"elementor-column elementor-col-100 elementor-inner-column elementor-element elementor-element-3ec0ac4\" data-id=\"3ec0ac4\" data-element_type=\"column\" data-e-type=\"column\">\n\t\t\t<div class=\"elementor-widget-wrap elementor-element-populated\">\n\t\t\t\t\t\t<div class=\"elementor-element elementor-element-cac8a4a elementor-widget elementor-widget-text-editor\" data-id=\"cac8a4a\" data-element_type=\"widget\" data-e-type=\"widget\" data-widget_type=\"text-editor.default\">\n\t\t\t\t<div class=\"elementor-widget-container\">\n\t\t\t\t\t\t\t\t\t<p>Kochen Sie die Schneeball-Fr\u00fcchte und die roten Holunderfr\u00fcchte zusammen. Geben Sie sie durch eine Passierm\u00fchle, um ein P\u00fcree zu erhalten, und filtern Sie sie bei Bedarf, um Schalen und Kerne zu entfernen. F\u00fcgen Sie den Honig hinzu, um die Bitterkeit zu reduzieren, und kochen Sie das Ganze erneut bei reduzierter Hitze. In einer gusseisernen Auflaufform die in Achtel geschnittenen Zwiebeln mit dem Knoblauch und den Kr\u00e4utern anschwitzen. Mehl und Wei\u00dfwein hinzuf\u00fcgen und gut umr\u00fchren. Fruchtp\u00fcree hinzuf\u00fcgen, salzen und vermischen.<\/p><p>=&gt; Als Gew\u00fcrz, hei\u00df oder kalt, zu Reis oder anderen Getreide- und Gem\u00fcsesorten verwenden<\/p>\t\t\t\t\t\t\t\t<\/div>\n\t\t\t\t<\/div>\n\t\t\t\t\t<\/div>\n\t\t<\/div>\n\t\t\t\t\t<\/div>\n\t\t<\/section>\n\t\t\t\t\t<\/div>\n\t\t<\/div>\n\t\t\t\t\t<\/div>\n\t\t<\/section>\n\t\t\t\t<\/div>","protected":false},"excerpt":{"rendered":"<p>Chutney de viorne et de sureau Recette tir\u00e9e de &#8220;Cuisine sauvage&#8221; de F. Couplan Ingr\u00e9dients pour 4 personnes 100 g de fruits de viorne obier 300 g de fruits de sureau rouge 4 c \u00e0 s de miel 3 oignons moyens 4 gousses d&#8217;ail Aromates 1 c \u00e0 s de farine 1 verre de vin [&hellip;]<\/p>\n","protected":false},"author":1,"featured_media":0,"parent":0,"menu_order":0,"comment_status":"closed","ping_status":"closed","template":"","meta":{"nf_dc_page":"","ocean_post_layout":"full-screen","ocean_both_sidebars_style":"","ocean_both_sidebars_content_width":0,"ocean_both_sidebars_sidebars_width":0,"ocean_sidebar":"","ocean_second_sidebar":"","ocean_disable_margins":"on","ocean_add_body_class":"","ocean_shortcode_before_top_bar":"","ocean_shortcode_after_top_bar":"","ocean_shortcode_before_header":"","ocean_shortcode_after_header":"","ocean_has_shortcode":"","ocean_shortcode_after_title":"","ocean_shortcode_before_footer_widgets":"","ocean_shortcode_after_footer_widgets":"","ocean_shortcode_before_footer_bottom":"","ocean_shortcode_after_footer_bottom":"","ocean_display_top_bar":"off","ocean_display_header":"default","ocean_header_style":"","ocean_center_header_left_menu":"","ocean_custom_header_template":"","ocean_custom_logo":0,"ocean_custom_retina_logo":0,"ocean_custom_logo_max_width":0,"ocean_custom_logo_tablet_max_width":0,"ocean_custom_logo_mobile_max_width":0,"ocean_custom_logo_max_height":0,"ocean_custom_logo_tablet_max_height":0,"ocean_custom_logo_mobile_max_height":0,"ocean_header_custom_menu":"","ocean_menu_typo_font_family":"","ocean_menu_typo_font_subset":"","ocean_menu_typo_font_size":0,"ocean_menu_typo_font_size_tablet":0,"ocean_menu_typo_font_size_mobile":0,"ocean_menu_typo_font_size_unit":"px","ocean_menu_typo_font_weight":"","ocean_menu_typo_font_weight_tablet":"","ocean_menu_typo_font_weight_mobile":"","ocean_menu_typo_transform":"","ocean_menu_typo_transform_tablet":"","ocean_menu_typo_transform_mobile":"","ocean_menu_typo_line_height":0,"ocean_menu_typo_line_height_tablet":0,"ocean_menu_typo_line_height_mobile":0,"ocean_menu_typo_line_height_unit":"","ocean_menu_typo_spacing":0,"ocean_menu_typo_spacing_tablet":0,"ocean_menu_typo_spacing_mobile":0,"ocean_menu_typo_spacing_unit":"","ocean_menu_link_color":"","ocean_menu_link_color_hover":"","ocean_menu_link_color_active":"","ocean_menu_link_background":"","ocean_menu_link_hover_background":"","ocean_menu_link_active_background":"","ocean_menu_social_links_bg":"","ocean_menu_social_hover_links_bg":"","ocean_menu_social_links_color":"","ocean_menu_social_hover_links_color":"","ocean_disable_title":"on","ocean_disable_heading":"default","ocean_post_title":"","ocean_post_subheading":"","ocean_post_title_style":"","ocean_post_title_background_color":"","ocean_post_title_background":0,"ocean_post_title_bg_image_position":"","ocean_post_title_bg_image_attachment":"","ocean_post_title_bg_image_repeat":"","ocean_post_title_bg_image_size":"","ocean_post_title_height":0,"ocean_post_title_bg_overlay":0.5,"ocean_post_title_bg_overlay_color":"","ocean_disable_breadcrumbs":"default","ocean_breadcrumbs_color":"","ocean_breadcrumbs_separator_color":"","ocean_breadcrumbs_links_color":"","ocean_breadcrumbs_links_hover_color":"","ocean_display_footer_widgets":"default","ocean_display_footer_bottom":"default","ocean_custom_footer_template":"","iawp_total_views":13,"footnotes":""},"class_list":["post-6705","page","type-page","status-publish","hentry","entry"],"yoast_head":"<!-- This site is optimized with the Yoast SEO plugin v27.4 - https:\/\/yoast.com\/product\/yoast-seo-wordpress\/ -->\n<title>Recette Chutney de viorne et de sureau - Cuisine la Nature<\/title>\n<meta name=\"description\" content=\"Une recette au viorne obier et au sureau rouge excellente \u00e0 essayer absolument : Chutney de viorne et de sureau\" \/>\n<meta name=\"robots\" content=\"index, follow, max-snippet:-1, max-image-preview:large, max-video-preview:-1\" \/>\n<link rel=\"canonical\" href=\"https:\/\/cuisine-la-nature.com\/de\/recette-chutney-de-viorne-et-de-sureau\/\" \/>\n<meta property=\"og:locale\" content=\"de_DE\" \/>\n<meta property=\"og:type\" content=\"article\" \/>\n<meta property=\"og:title\" content=\"Recette Chutney de viorne et de sureau - Cuisine la Nature\" \/>\n<meta property=\"og:description\" content=\"Une recette au viorne obier et au sureau rouge excellente \u00e0 essayer absolument : Chutney de viorne et de sureau\" \/>\n<meta property=\"og:url\" content=\"https:\/\/cuisine-la-nature.com\/de\/recette-chutney-de-viorne-et-de-sureau\/\" \/>\n<meta property=\"og:site_name\" content=\"Cuisine la Nature\" \/>\n<meta property=\"article:modified_time\" content=\"2024-08-20T16:54:43+00:00\" \/>\n<meta name=\"twitter:card\" content=\"summary_large_image\" \/>\n<meta name=\"twitter:label1\" content=\"Gesch\u00e4tzte Lesezeit\" \/>\n\t<meta name=\"twitter:data1\" content=\"1\u00a0Minute\" \/>\n<script type=\"application\/ld+json\" class=\"yoast-schema-graph\">{\"@context\":\"https:\\\/\\\/schema.org\",\"@graph\":[{\"@type\":\"WebPage\",\"@id\":\"https:\\\/\\\/cuisine-la-nature.com\\\/recette-chutney-de-viorne-et-de-sureau\",\"url\":\"https:\\\/\\\/cuisine-la-nature.com\\\/recette-chutney-de-viorne-et-de-sureau\",\"name\":\"Recette Chutney de viorne et de sureau - Cuisine la Nature\",\"isPartOf\":{\"@id\":\"https:\\\/\\\/cuisine-la-nature.com\\\/#website\"},\"datePublished\":\"2024-08-19T14:16:09+00:00\",\"dateModified\":\"2024-08-20T16:54:43+00:00\",\"description\":\"Une recette au viorne obier et au sureau rouge excellente \u00e0 essayer absolument : Chutney de viorne et de sureau\",\"breadcrumb\":{\"@id\":\"https:\\\/\\\/cuisine-la-nature.com\\\/recette-chutney-de-viorne-et-de-sureau#breadcrumb\"},\"inLanguage\":\"de\",\"potentialAction\":[{\"@type\":\"ReadAction\",\"target\":[\"https:\\\/\\\/cuisine-la-nature.com\\\/recette-chutney-de-viorne-et-de-sureau\"]}]},{\"@type\":\"BreadcrumbList\",\"@id\":\"https:\\\/\\\/cuisine-la-nature.com\\\/recette-chutney-de-viorne-et-de-sureau#breadcrumb\",\"itemListElement\":[{\"@type\":\"ListItem\",\"position\":1,\"name\":\"Home\",\"item\":\"https:\\\/\\\/cuisine-la-nature.com\\\/\"},{\"@type\":\"ListItem\",\"position\":2,\"name\":\"Recette Chutney de viorne et de sureau\"}]},{\"@type\":\"WebSite\",\"@id\":\"https:\\\/\\\/cuisine-la-nature.com\\\/#website\",\"url\":\"https:\\\/\\\/cuisine-la-nature.com\\\/\",\"name\":\"Cuisine la Nature\",\"description\":\"Inspirez-vous de ce que vous offre la nature au fil des saisons et r\u00e9galez-vous !\",\"publisher\":{\"@id\":\"https:\\\/\\\/cuisine-la-nature.com\\\/#organization\"},\"potentialAction\":[{\"@type\":\"SearchAction\",\"target\":{\"@type\":\"EntryPoint\",\"urlTemplate\":\"https:\\\/\\\/cuisine-la-nature.com\\\/?s={search_term_string}\"},\"query-input\":{\"@type\":\"PropertyValueSpecification\",\"valueRequired\":true,\"valueName\":\"search_term_string\"}}],\"inLanguage\":\"de\"},{\"@type\":\"Organization\",\"@id\":\"https:\\\/\\\/cuisine-la-nature.com\\\/#organization\",\"name\":\"Cuisine la Nature\",\"url\":\"https:\\\/\\\/cuisine-la-nature.com\\\/\",\"logo\":{\"@type\":\"ImageObject\",\"inLanguage\":\"de\",\"@id\":\"https:\\\/\\\/cuisine-la-nature.com\\\/#\\\/schema\\\/logo\\\/image\\\/\",\"url\":\"https:\\\/\\\/i0.wp.com\\\/cuisine-la-nature.com\\\/wp-content\\\/uploads\\\/2022\\\/11\\\/cropped-Logo11.jpg?fit=937%2C200&ssl=1\",\"contentUrl\":\"https:\\\/\\\/i0.wp.com\\\/cuisine-la-nature.com\\\/wp-content\\\/uploads\\\/2022\\\/11\\\/cropped-Logo11.jpg?fit=937%2C200&ssl=1\",\"width\":937,\"height\":200,\"caption\":\"Cuisine la Nature\"},\"image\":{\"@id\":\"https:\\\/\\\/cuisine-la-nature.com\\\/#\\\/schema\\\/logo\\\/image\\\/\"}}]}<\/script>\n<!-- \/ Yoast SEO plugin. -->","yoast_head_json":{"title":"Recette Chutney de viorne et de sureau - Cuisine la Nature","description":"Une recette au viorne obier et au sureau rouge excellente \u00e0 essayer absolument : Chutney de viorne et de sureau","robots":{"index":"index","follow":"follow","max-snippet":"max-snippet:-1","max-image-preview":"max-image-preview:large","max-video-preview":"max-video-preview:-1"},"canonical":"https:\/\/cuisine-la-nature.com\/de\/recette-chutney-de-viorne-et-de-sureau\/","og_locale":"de_DE","og_type":"article","og_title":"Recette Chutney de viorne et de sureau - Cuisine la Nature","og_description":"Une recette au viorne obier et au sureau rouge excellente \u00e0 essayer absolument : Chutney de viorne et de sureau","og_url":"https:\/\/cuisine-la-nature.com\/de\/recette-chutney-de-viorne-et-de-sureau\/","og_site_name":"Cuisine la Nature","article_modified_time":"2024-08-20T16:54:43+00:00","twitter_card":"summary_large_image","twitter_misc":{"Gesch\u00e4tzte Lesezeit":"1\u00a0Minute"},"schema":{"@context":"https:\/\/schema.org","@graph":[{"@type":"WebPage","@id":"https:\/\/cuisine-la-nature.com\/recette-chutney-de-viorne-et-de-sureau","url":"https:\/\/cuisine-la-nature.com\/recette-chutney-de-viorne-et-de-sureau","name":"Recette Chutney de viorne et de sureau - Cuisine la Nature","isPartOf":{"@id":"https:\/\/cuisine-la-nature.com\/#website"},"datePublished":"2024-08-19T14:16:09+00:00","dateModified":"2024-08-20T16:54:43+00:00","description":"Une recette au viorne obier et au sureau rouge excellente \u00e0 essayer absolument : Chutney de viorne et de sureau","breadcrumb":{"@id":"https:\/\/cuisine-la-nature.com\/recette-chutney-de-viorne-et-de-sureau#breadcrumb"},"inLanguage":"de","potentialAction":[{"@type":"ReadAction","target":["https:\/\/cuisine-la-nature.com\/recette-chutney-de-viorne-et-de-sureau"]}]},{"@type":"BreadcrumbList","@id":"https:\/\/cuisine-la-nature.com\/recette-chutney-de-viorne-et-de-sureau#breadcrumb","itemListElement":[{"@type":"ListItem","position":1,"name":"Home","item":"https:\/\/cuisine-la-nature.com\/"},{"@type":"ListItem","position":2,"name":"Recette Chutney de viorne et de sureau"}]},{"@type":"WebSite","@id":"https:\/\/cuisine-la-nature.com\/#website","url":"https:\/\/cuisine-la-nature.com\/","name":"Cuisine la Nature","description":"Inspirez-vous de ce que vous offre la nature au fil des saisons et r\u00e9galez-vous !","publisher":{"@id":"https:\/\/cuisine-la-nature.com\/#organization"},"potentialAction":[{"@type":"SearchAction","target":{"@type":"EntryPoint","urlTemplate":"https:\/\/cuisine-la-nature.com\/?s={search_term_string}"},"query-input":{"@type":"PropertyValueSpecification","valueRequired":true,"valueName":"search_term_string"}}],"inLanguage":"de"},{"@type":"Organization","@id":"https:\/\/cuisine-la-nature.com\/#organization","name":"Cuisine la Nature","url":"https:\/\/cuisine-la-nature.com\/","logo":{"@type":"ImageObject","inLanguage":"de","@id":"https:\/\/cuisine-la-nature.com\/#\/schema\/logo\/image\/","url":"https:\/\/i0.wp.com\/cuisine-la-nature.com\/wp-content\/uploads\/2022\/11\/cropped-Logo11.jpg?fit=937%2C200&ssl=1","contentUrl":"https:\/\/i0.wp.com\/cuisine-la-nature.com\/wp-content\/uploads\/2022\/11\/cropped-Logo11.jpg?fit=937%2C200&ssl=1","width":937,"height":200,"caption":"Cuisine la Nature"},"image":{"@id":"https:\/\/cuisine-la-nature.com\/#\/schema\/logo\/image\/"}}]}},"jetpack_sharing_enabled":true,"jetpack-related-posts":[],"_links":{"self":[{"href":"https:\/\/cuisine-la-nature.com\/de\/wp-json\/wp\/v2\/pages\/6705","targetHints":{"allow":["GET"]}}],"collection":[{"href":"https:\/\/cuisine-la-nature.com\/de\/wp-json\/wp\/v2\/pages"}],"about":[{"href":"https:\/\/cuisine-la-nature.com\/de\/wp-json\/wp\/v2\/types\/page"}],"author":[{"embeddable":true,"href":"https:\/\/cuisine-la-nature.com\/de\/wp-json\/wp\/v2\/users\/1"}],"replies":[{"embeddable":true,"href":"https:\/\/cuisine-la-nature.com\/de\/wp-json\/wp\/v2\/comments?post=6705"}],"version-history":[{"count":5,"href":"https:\/\/cuisine-la-nature.com\/de\/wp-json\/wp\/v2\/pages\/6705\/revisions"}],"predecessor-version":[{"id":6715,"href":"https:\/\/cuisine-la-nature.com\/de\/wp-json\/wp\/v2\/pages\/6705\/revisions\/6715"}],"wp:attachment":[{"href":"https:\/\/cuisine-la-nature.com\/de\/wp-json\/wp\/v2\/media?parent=6705"}],"curies":[{"name":"wp","href":"https:\/\/api.w.org\/{rel}","templated":true}]}}