{"id":5654,"date":"2024-04-29T18:30:07","date_gmt":"2024-04-29T18:30:07","guid":{"rendered":"https:\/\/cuisine-la-nature.com\/?page_id=5654"},"modified":"2024-04-29T19:10:11","modified_gmt":"2024-04-29T19:10:11","slug":"recette-de-mousse-damandes-a-lasperule","status":"publish","type":"page","link":"https:\/\/cuisine-la-nature.com\/de\/recette-de-mousse-damandes-a-lasperule","title":{"rendered":"Recette de Mousse d&#8217;amandes \u00e0 l&#8217;asp\u00e9rule"},"content":{"rendered":"<div data-elementor-type=\"wp-page\" data-elementor-id=\"5654\" class=\"elementor elementor-5654\">\n\t\t\t\t\t\t<section class=\"elementor-section elementor-top-section elementor-element elementor-element-8c3383f elementor-section-boxed elementor-section-height-default elementor-section-height-default\" data-id=\"8c3383f\" data-element_type=\"section\" data-e-type=\"section\" data-settings=\"{&quot;background_background&quot;:&quot;classic&quot;}\">\n\t\t\t\t\t\t<div class=\"elementor-container elementor-column-gap-default\">\n\t\t\t\t\t<div class=\"elementor-column elementor-col-100 elementor-top-column elementor-element elementor-element-c7cab07\" data-id=\"c7cab07\" data-element_type=\"column\" data-e-type=\"column\" data-settings=\"{&quot;background_background&quot;:&quot;classic&quot;}\">\n\t\t\t<div class=\"elementor-widget-wrap elementor-element-populated\">\n\t\t\t\t\t\t<div class=\"elementor-element elementor-element-db78d32 elementor-widget elementor-widget-heading\" data-id=\"db78d32\" data-element_type=\"widget\" data-e-type=\"widget\" data-widget_type=\"heading.default\">\n\t\t\t\t<div class=\"elementor-widget-container\">\n\t\t\t\t\t<h2 class=\"elementor-heading-title elementor-size-default\">Mandelmousse mit Waldmeister<\/h2>\t\t\t\t<\/div>\n\t\t\t\t<\/div>\n\t\t\t\t\t<\/div>\n\t\t<\/div>\n\t\t\t\t\t<\/div>\n\t\t<\/section>\n\t\t\t\t<section class=\"elementor-section elementor-top-section elementor-element elementor-element-b00db0f elementor-section-boxed elementor-section-height-default elementor-section-height-default\" data-id=\"b00db0f\" data-element_type=\"section\" data-e-type=\"section\" data-settings=\"{&quot;background_background&quot;:&quot;classic&quot;}\">\n\t\t\t\t\t\t<div class=\"elementor-container elementor-column-gap-default\">\n\t\t\t\t\t<div class=\"elementor-column elementor-col-100 elementor-top-column elementor-element elementor-element-9742263\" data-id=\"9742263\" data-element_type=\"column\" data-e-type=\"column\" data-settings=\"{&quot;background_background&quot;:&quot;classic&quot;}\">\n\t\t\t<div class=\"elementor-widget-wrap elementor-element-populated\">\n\t\t\t\t\t\t<div class=\"elementor-element elementor-element-fc5a45b elementor-widget elementor-widget-heading\" data-id=\"fc5a45b\" data-element_type=\"widget\" data-e-type=\"widget\" data-widget_type=\"heading.default\">\n\t\t\t\t<div class=\"elementor-widget-container\">\n\t\t\t\t\t<h2 class=\"elementor-heading-title elementor-size-default\">Rezept von Jean-Marie Dumaine<\/h2>\t\t\t\t<\/div>\n\t\t\t\t<\/div>\n\t\t\t\t\t<\/div>\n\t\t<\/div>\n\t\t\t\t\t<\/div>\n\t\t<\/section>\n\t\t\t\t<section class=\"elementor-section elementor-top-section elementor-element elementor-element-6a4a26f elementor-section-boxed elementor-section-height-default elementor-section-height-default\" data-id=\"6a4a26f\" data-element_type=\"section\" data-e-type=\"section\" data-settings=\"{&quot;background_background&quot;:&quot;gradient&quot;}\">\n\t\t\t\t\t\t<div class=\"elementor-container elementor-column-gap-default\">\n\t\t\t\t\t<div class=\"elementor-column elementor-col-100 elementor-top-column elementor-element elementor-element-024dec8\" data-id=\"024dec8\" data-element_type=\"column\" data-e-type=\"column\">\n\t\t\t<div class=\"elementor-widget-wrap elementor-element-populated\">\n\t\t\t\t\t\t<section class=\"elementor-section elementor-inner-section elementor-element elementor-element-7ab1a62 elementor-section-boxed elementor-section-height-default elementor-section-height-default\" data-id=\"7ab1a62\" data-element_type=\"section\" data-e-type=\"section\">\n\t\t\t\t\t\t<div class=\"elementor-container elementor-column-gap-default\">\n\t\t\t\t\t<div class=\"elementor-column elementor-col-100 elementor-inner-column elementor-element elementor-element-e5c6633\" data-id=\"e5c6633\" data-element_type=\"column\" data-e-type=\"column\">\n\t\t\t<div class=\"elementor-widget-wrap elementor-element-populated\">\n\t\t\t\t\t\t<div class=\"elementor-element elementor-element-84f3ec3 elementor-widget elementor-widget-text-editor\" data-id=\"84f3ec3\" data-element_type=\"widget\" data-e-type=\"widget\" data-widget_type=\"text-editor.default\">\n\t\t\t\t<div class=\"elementor-widget-container\">\n\t\t\t\t\t\t\t\t\t<p>Zutaten f\u00fcr 4 Personen<\/p>\t\t\t\t\t\t\t\t<\/div>\n\t\t\t\t<\/div>\n\t\t\t\t\t<\/div>\n\t\t<\/div>\n\t\t\t\t\t<\/div>\n\t\t<\/section>\n\t\t\t\t<section class=\"elementor-section elementor-inner-section elementor-element elementor-element-02e4dcc elementor-section-boxed elementor-section-height-default elementor-section-height-default\" data-id=\"02e4dcc\" data-element_type=\"section\" data-e-type=\"section\">\n\t\t\t\t\t\t<div class=\"elementor-container elementor-column-gap-default\">\n\t\t\t\t\t<div class=\"elementor-column elementor-col-33 elementor-inner-column elementor-element elementor-element-2f2cd35\" data-id=\"2f2cd35\" data-element_type=\"column\" data-e-type=\"column\">\n\t\t\t<div class=\"elementor-widget-wrap elementor-element-populated\">\n\t\t\t\t\t\t<div class=\"elementor-element elementor-element-0bd7de4 elementor-widget elementor-widget-text-editor\" data-id=\"0bd7de4\" data-element_type=\"widget\" data-e-type=\"widget\" data-widget_type=\"text-editor.default\">\n\t\t\t\t<div class=\"elementor-widget-container\">\n\t\t\t\t\t\t\t\t\t<ul><li>200 ml Milch<\/li><li>25 g Waldmeister, getrocknet<\/li><li>4 Eigelbe<\/li><li>100 g Zucker<\/li><li>3 Bl\u00e4tter Gelatine<\/li><li>100 g ganze Mandel<\/li><li>200 ml Sahne<\/li><\/ul>\t\t\t\t\t\t\t\t<\/div>\n\t\t\t\t<\/div>\n\t\t\t\t\t<\/div>\n\t\t<\/div>\n\t\t\t\t<div class=\"elementor-column elementor-col-33 elementor-inner-column elementor-element elementor-element-99089b7\" data-id=\"99089b7\" data-element_type=\"column\" data-e-type=\"column\">\n\t\t\t<div class=\"elementor-widget-wrap\">\n\t\t\t\t\t\t\t<\/div>\n\t\t<\/div>\n\t\t\t\t<div class=\"elementor-column elementor-col-33 elementor-inner-column elementor-element elementor-element-4f80c3b\" data-id=\"4f80c3b\" data-element_type=\"column\" data-e-type=\"column\">\n\t\t\t<div class=\"elementor-widget-wrap elementor-element-populated\">\n\t\t\t\t\t\t\t<\/div>\n\t\t<\/div>\n\t\t\t\t\t<\/div>\n\t\t<\/section>\n\t\t\t\t<section class=\"elementor-section elementor-inner-section elementor-element elementor-element-5476b00 elementor-section-boxed elementor-section-height-default elementor-section-height-default\" data-id=\"5476b00\" data-element_type=\"section\" data-e-type=\"section\">\n\t\t\t\t\t\t<div class=\"elementor-container elementor-column-gap-default\">\n\t\t\t\t\t<div class=\"elementor-column elementor-col-100 elementor-inner-column elementor-element elementor-element-ada1efc\" data-id=\"ada1efc\" data-element_type=\"column\" data-e-type=\"column\">\n\t\t\t<div class=\"elementor-widget-wrap elementor-element-populated\">\n\t\t\t\t\t\t<div class=\"elementor-element elementor-element-dd3b3e4 elementor-widget elementor-widget-text-editor\" data-id=\"dd3b3e4\" data-element_type=\"widget\" data-e-type=\"widget\" data-widget_type=\"text-editor.default\">\n\t\t\t\t<div class=\"elementor-widget-container\">\n\t\t\t\t\t\t\t\t\t<p>Zubereitung des Rezeptes<\/p>\t\t\t\t\t\t\t\t<\/div>\n\t\t\t\t<\/div>\n\t\t\t\t\t<\/div>\n\t\t<\/div>\n\t\t\t\t\t<\/div>\n\t\t<\/section>\n\t\t\t\t<section class=\"elementor-section elementor-inner-section elementor-element elementor-element-f88dd31 elementor-section-boxed elementor-section-height-default elementor-section-height-default\" data-id=\"f88dd31\" data-element_type=\"section\" data-e-type=\"section\">\n\t\t\t\t\t\t<div class=\"elementor-container elementor-column-gap-default\">\n\t\t\t\t\t<div class=\"elementor-column elementor-col-100 elementor-inner-column elementor-element elementor-element-8c58cd5\" data-id=\"8c58cd5\" data-element_type=\"column\" data-e-type=\"column\">\n\t\t\t<div class=\"elementor-widget-wrap elementor-element-populated\">\n\t\t\t\t\t\t<div class=\"elementor-element elementor-element-e8f8b73 elementor-widget elementor-widget-text-editor\" data-id=\"e8f8b73\" data-element_type=\"widget\" data-e-type=\"widget\" data-widget_type=\"text-editor.default\">\n\t\t\t\t<div class=\"elementor-widget-container\">\n\t\t\t\t\t\t\t\t\t<p>Mandeln sch\u00e4len (in kochendes Wasser tauchen, abk\u00fchlen lassen und die Haut entfernen). Mit einem Cutter zerkleinern. Die Milch zum Kochen bringen, dann den Waldmeister dazugeben und 15 Minuten vom Herd ziehen lassen. Eigelb und Zucker blanchieren. Die kochende Milch hinzuf\u00fcgen, die durch ein Sieb passiert ist. Wie eine Vanilleso\u00dfe kochen. Die eingeweichte Gelatine hinzuf\u00fcgen, dann die gehackten Mandeln. Abk\u00fchlen lassen, ohne fest zu werden. Die Sahne aufschlagen. Die Waldmeister-Cr\u00e8me vorsichtig mit der Schlagsahne einarbeiten. In einer gro\u00dfen Sch\u00fcssel, in einzelnen T\u00f6pfen oder in Charlotte-Formen mit M\u00fcrbeteig am Boden formen und L\u00f6ffelbiskuit rundherum verteilen.<\/p>\t\t\t\t\t\t\t\t<\/div>\n\t\t\t\t<\/div>\n\t\t\t\t\t<\/div>\n\t\t<\/div>\n\t\t\t\t\t<\/div>\n\t\t<\/section>\n\t\t\t\t\t<\/div>\n\t\t<\/div>\n\t\t\t\t\t<\/div>\n\t\t<\/section>\n\t\t\t\t<\/div>","protected":false},"excerpt":{"rendered":"<p>Mousse d&#8217;amandes \u00e0 l&#8217;asp\u00e9rule Recette de Jean-Marie Dumaine Ingr\u00e9dients pour 4 personnes 200 ml de lait 25 g d&#8217;asp\u00e9rule s\u00e9ch\u00e9e 4 jaunes d&#8217;\u0153ufs 100 g de sucre 3 feuilles de g\u00e9latine 100 g d&#8217;amandes enti\u00e8res 200 ml de cr\u00e8me fleurette Pr\u00e9paration de la recette Monder les amandes (plonger dans de l&#8217;eau bouillante, rafra\u00eechir et enlever [&hellip;]<\/p>\n","protected":false},"author":1,"featured_media":0,"parent":0,"menu_order":0,"comment_status":"closed","ping_status":"closed","template":"","meta":{"nf_dc_page":"","ocean_post_layout":"full-screen","ocean_both_sidebars_style":"","ocean_both_sidebars_content_width":0,"ocean_both_sidebars_sidebars_width":0,"ocean_sidebar":"","ocean_second_sidebar":"","ocean_disable_margins":"on","ocean_add_body_class":"","ocean_shortcode_before_top_bar":"","ocean_shortcode_after_top_bar":"","ocean_shortcode_before_header":"","ocean_shortcode_after_header":"","ocean_has_shortcode":"","ocean_shortcode_after_title":"","ocean_shortcode_before_footer_widgets":"","ocean_shortcode_after_footer_widgets":"","ocean_shortcode_before_footer_bottom":"","ocean_shortcode_after_footer_bottom":"","ocean_display_top_bar":"off","ocean_display_header":"default","ocean_header_style":"","ocean_center_header_left_menu":"","ocean_custom_header_template":"","ocean_custom_logo":0,"ocean_custom_retina_logo":0,"ocean_custom_logo_max_width":0,"ocean_custom_logo_tablet_max_width":0,"ocean_custom_logo_mobile_max_width":0,"ocean_custom_logo_max_height":0,"ocean_custom_logo_tablet_max_height":0,"ocean_custom_logo_mobile_max_height":0,"ocean_header_custom_menu":"","ocean_menu_typo_font_family":"","ocean_menu_typo_font_subset":"","ocean_menu_typo_font_size":0,"ocean_menu_typo_font_size_tablet":0,"ocean_menu_typo_font_size_mobile":0,"ocean_menu_typo_font_size_unit":"px","ocean_menu_typo_font_weight":"","ocean_menu_typo_font_weight_tablet":"","ocean_menu_typo_font_weight_mobile":"","ocean_menu_typo_transform":"","ocean_menu_typo_transform_tablet":"","ocean_menu_typo_transform_mobile":"","ocean_menu_typo_line_height":0,"ocean_menu_typo_line_height_tablet":0,"ocean_menu_typo_line_height_mobile":0,"ocean_menu_typo_line_height_unit":"","ocean_menu_typo_spacing":0,"ocean_menu_typo_spacing_tablet":0,"ocean_menu_typo_spacing_mobile":0,"ocean_menu_typo_spacing_unit":"","ocean_menu_link_color":"","ocean_menu_link_color_hover":"","ocean_menu_link_color_active":"","ocean_menu_link_background":"","ocean_menu_link_hover_background":"","ocean_menu_link_active_background":"","ocean_menu_social_links_bg":"","ocean_menu_social_hover_links_bg":"","ocean_menu_social_links_color":"","ocean_menu_social_hover_links_color":"","ocean_disable_title":"on","ocean_disable_heading":"default","ocean_post_title":"","ocean_post_subheading":"","ocean_post_title_style":"","ocean_post_title_background_color":"","ocean_post_title_background":0,"ocean_post_title_bg_image_position":"","ocean_post_title_bg_image_attachment":"","ocean_post_title_bg_image_repeat":"","ocean_post_title_bg_image_size":"","ocean_post_title_height":0,"ocean_post_title_bg_overlay":0.5,"ocean_post_title_bg_overlay_color":"","ocean_disable_breadcrumbs":"default","ocean_breadcrumbs_color":"","ocean_breadcrumbs_separator_color":"","ocean_breadcrumbs_links_color":"","ocean_breadcrumbs_links_hover_color":"","ocean_display_footer_widgets":"default","ocean_display_footer_bottom":"default","ocean_custom_footer_template":"","iawp_total_views":17,"footnotes":""},"class_list":["post-5654","page","type-page","status-publish","hentry","entry"],"yoast_head":"<!-- This site is optimized with the Yoast SEO plugin v27.4 - https:\/\/yoast.com\/product\/yoast-seo-wordpress\/ -->\n<title>Recette de Mousse d&#039;amandes \u00e0 l&#039;asp\u00e9rule - Cuisine la Nature<\/title>\n<meta name=\"description\" content=\"Une recette \u00e0 l&#039;asp\u00e9rule odorante de Jean-Marie Dumaine excellente \u00e0 essayer absolument : &quot;Mousse d&#039;amandes \u00e0 l&#039;asp\u00e9rule&quot;\" \/>\n<meta name=\"robots\" content=\"index, follow, max-snippet:-1, max-image-preview:large, max-video-preview:-1\" \/>\n<link rel=\"canonical\" href=\"https:\/\/cuisine-la-nature.com\/de\/recette-de-mousse-damandes-a-lasperule\/\" \/>\n<meta property=\"og:locale\" content=\"de_DE\" \/>\n<meta property=\"og:type\" content=\"article\" \/>\n<meta property=\"og:title\" content=\"Recette de Mousse d&#039;amandes \u00e0 l&#039;asp\u00e9rule - Cuisine la Nature\" \/>\n<meta property=\"og:description\" content=\"Une recette \u00e0 l&#039;asp\u00e9rule odorante de Jean-Marie Dumaine excellente \u00e0 essayer absolument : &quot;Mousse d&#039;amandes \u00e0 l&#039;asp\u00e9rule&quot;\" \/>\n<meta property=\"og:url\" content=\"https:\/\/cuisine-la-nature.com\/de\/recette-de-mousse-damandes-a-lasperule\/\" \/>\n<meta property=\"og:site_name\" content=\"Cuisine la Nature\" \/>\n<meta property=\"article:modified_time\" content=\"2024-04-29T19:10:11+00:00\" \/>\n<meta name=\"twitter:card\" content=\"summary_large_image\" \/>\n<meta name=\"twitter:label1\" content=\"Gesch\u00e4tzte Lesezeit\" \/>\n\t<meta name=\"twitter:data1\" content=\"1\u00a0Minute\" \/>\n<script type=\"application\/ld+json\" class=\"yoast-schema-graph\">{\"@context\":\"https:\\\/\\\/schema.org\",\"@graph\":[{\"@type\":\"WebPage\",\"@id\":\"https:\\\/\\\/cuisine-la-nature.com\\\/fr_fr\\\/recette-de-mousse-damandes-a-lasperule\",\"url\":\"https:\\\/\\\/cuisine-la-nature.com\\\/fr_fr\\\/recette-de-mousse-damandes-a-lasperule\",\"name\":\"Recette de Mousse d'amandes \u00e0 l'asp\u00e9rule - Cuisine la Nature\",\"isPartOf\":{\"@id\":\"https:\\\/\\\/cuisine-la-nature.com\\\/#website\"},\"datePublished\":\"2024-04-29T18:30:07+00:00\",\"dateModified\":\"2024-04-29T19:10:11+00:00\",\"description\":\"Une recette \u00e0 l'asp\u00e9rule odorante de Jean-Marie Dumaine excellente \u00e0 essayer absolument : \\\"Mousse d'amandes \u00e0 l'asp\u00e9rule\\\"\",\"breadcrumb\":{\"@id\":\"https:\\\/\\\/cuisine-la-nature.com\\\/fr_fr\\\/recette-de-mousse-damandes-a-lasperule#breadcrumb\"},\"inLanguage\":\"de\",\"potentialAction\":[{\"@type\":\"ReadAction\",\"target\":[\"https:\\\/\\\/cuisine-la-nature.com\\\/fr_fr\\\/recette-de-mousse-damandes-a-lasperule\"]}]},{\"@type\":\"BreadcrumbList\",\"@id\":\"https:\\\/\\\/cuisine-la-nature.com\\\/fr_fr\\\/recette-de-mousse-damandes-a-lasperule#breadcrumb\",\"itemListElement\":[{\"@type\":\"ListItem\",\"position\":1,\"name\":\"Home\",\"item\":\"https:\\\/\\\/cuisine-la-nature.com\\\/\"},{\"@type\":\"ListItem\",\"position\":2,\"name\":\"Recette de Mousse d&#8217;amandes \u00e0 l&#8217;asp\u00e9rule\"}]},{\"@type\":\"WebSite\",\"@id\":\"https:\\\/\\\/cuisine-la-nature.com\\\/#website\",\"url\":\"https:\\\/\\\/cuisine-la-nature.com\\\/\",\"name\":\"Cuisine la Nature\",\"description\":\"Inspirez-vous de ce que vous offre la nature au fil des saisons et r\u00e9galez-vous !\",\"publisher\":{\"@id\":\"https:\\\/\\\/cuisine-la-nature.com\\\/#organization\"},\"potentialAction\":[{\"@type\":\"SearchAction\",\"target\":{\"@type\":\"EntryPoint\",\"urlTemplate\":\"https:\\\/\\\/cuisine-la-nature.com\\\/?s={search_term_string}\"},\"query-input\":{\"@type\":\"PropertyValueSpecification\",\"valueRequired\":true,\"valueName\":\"search_term_string\"}}],\"inLanguage\":\"de\"},{\"@type\":\"Organization\",\"@id\":\"https:\\\/\\\/cuisine-la-nature.com\\\/#organization\",\"name\":\"Cuisine la Nature\",\"url\":\"https:\\\/\\\/cuisine-la-nature.com\\\/\",\"logo\":{\"@type\":\"ImageObject\",\"inLanguage\":\"de\",\"@id\":\"https:\\\/\\\/cuisine-la-nature.com\\\/#\\\/schema\\\/logo\\\/image\\\/\",\"url\":\"https:\\\/\\\/i0.wp.com\\\/cuisine-la-nature.com\\\/wp-content\\\/uploads\\\/2022\\\/11\\\/cropped-Logo11.jpg?fit=937%2C200&ssl=1\",\"contentUrl\":\"https:\\\/\\\/i0.wp.com\\\/cuisine-la-nature.com\\\/wp-content\\\/uploads\\\/2022\\\/11\\\/cropped-Logo11.jpg?fit=937%2C200&ssl=1\",\"width\":937,\"height\":200,\"caption\":\"Cuisine la Nature\"},\"image\":{\"@id\":\"https:\\\/\\\/cuisine-la-nature.com\\\/#\\\/schema\\\/logo\\\/image\\\/\"}}]}<\/script>\n<!-- \/ Yoast SEO plugin. -->","yoast_head_json":{"title":"Recette de Mousse d'amandes \u00e0 l'asp\u00e9rule - Cuisine la Nature","description":"Une recette \u00e0 l'asp\u00e9rule odorante de Jean-Marie Dumaine excellente \u00e0 essayer absolument : \"Mousse d'amandes \u00e0 l'asp\u00e9rule\"","robots":{"index":"index","follow":"follow","max-snippet":"max-snippet:-1","max-image-preview":"max-image-preview:large","max-video-preview":"max-video-preview:-1"},"canonical":"https:\/\/cuisine-la-nature.com\/de\/recette-de-mousse-damandes-a-lasperule\/","og_locale":"de_DE","og_type":"article","og_title":"Recette de Mousse d'amandes \u00e0 l'asp\u00e9rule - Cuisine la Nature","og_description":"Une recette \u00e0 l'asp\u00e9rule odorante de Jean-Marie Dumaine excellente \u00e0 essayer absolument : \"Mousse d'amandes \u00e0 l'asp\u00e9rule\"","og_url":"https:\/\/cuisine-la-nature.com\/de\/recette-de-mousse-damandes-a-lasperule\/","og_site_name":"Cuisine la Nature","article_modified_time":"2024-04-29T19:10:11+00:00","twitter_card":"summary_large_image","twitter_misc":{"Gesch\u00e4tzte Lesezeit":"1\u00a0Minute"},"schema":{"@context":"https:\/\/schema.org","@graph":[{"@type":"WebPage","@id":"https:\/\/cuisine-la-nature.com\/fr_fr\/recette-de-mousse-damandes-a-lasperule","url":"https:\/\/cuisine-la-nature.com\/fr_fr\/recette-de-mousse-damandes-a-lasperule","name":"Recette de Mousse d'amandes \u00e0 l'asp\u00e9rule - Cuisine la Nature","isPartOf":{"@id":"https:\/\/cuisine-la-nature.com\/#website"},"datePublished":"2024-04-29T18:30:07+00:00","dateModified":"2024-04-29T19:10:11+00:00","description":"Une recette \u00e0 l'asp\u00e9rule odorante de Jean-Marie Dumaine excellente \u00e0 essayer absolument : \"Mousse d'amandes \u00e0 l'asp\u00e9rule\"","breadcrumb":{"@id":"https:\/\/cuisine-la-nature.com\/fr_fr\/recette-de-mousse-damandes-a-lasperule#breadcrumb"},"inLanguage":"de","potentialAction":[{"@type":"ReadAction","target":["https:\/\/cuisine-la-nature.com\/fr_fr\/recette-de-mousse-damandes-a-lasperule"]}]},{"@type":"BreadcrumbList","@id":"https:\/\/cuisine-la-nature.com\/fr_fr\/recette-de-mousse-damandes-a-lasperule#breadcrumb","itemListElement":[{"@type":"ListItem","position":1,"name":"Home","item":"https:\/\/cuisine-la-nature.com\/"},{"@type":"ListItem","position":2,"name":"Recette de Mousse d&#8217;amandes \u00e0 l&#8217;asp\u00e9rule"}]},{"@type":"WebSite","@id":"https:\/\/cuisine-la-nature.com\/#website","url":"https:\/\/cuisine-la-nature.com\/","name":"Cuisine la Nature","description":"Inspirez-vous de ce que vous offre la nature au fil des saisons et r\u00e9galez-vous !","publisher":{"@id":"https:\/\/cuisine-la-nature.com\/#organization"},"potentialAction":[{"@type":"SearchAction","target":{"@type":"EntryPoint","urlTemplate":"https:\/\/cuisine-la-nature.com\/?s={search_term_string}"},"query-input":{"@type":"PropertyValueSpecification","valueRequired":true,"valueName":"search_term_string"}}],"inLanguage":"de"},{"@type":"Organization","@id":"https:\/\/cuisine-la-nature.com\/#organization","name":"Cuisine la Nature","url":"https:\/\/cuisine-la-nature.com\/","logo":{"@type":"ImageObject","inLanguage":"de","@id":"https:\/\/cuisine-la-nature.com\/#\/schema\/logo\/image\/","url":"https:\/\/i0.wp.com\/cuisine-la-nature.com\/wp-content\/uploads\/2022\/11\/cropped-Logo11.jpg?fit=937%2C200&ssl=1","contentUrl":"https:\/\/i0.wp.com\/cuisine-la-nature.com\/wp-content\/uploads\/2022\/11\/cropped-Logo11.jpg?fit=937%2C200&ssl=1","width":937,"height":200,"caption":"Cuisine la Nature"},"image":{"@id":"https:\/\/cuisine-la-nature.com\/#\/schema\/logo\/image\/"}}]}},"jetpack_sharing_enabled":true,"jetpack-related-posts":[],"_links":{"self":[{"href":"https:\/\/cuisine-la-nature.com\/de\/wp-json\/wp\/v2\/pages\/5654","targetHints":{"allow":["GET"]}}],"collection":[{"href":"https:\/\/cuisine-la-nature.com\/de\/wp-json\/wp\/v2\/pages"}],"about":[{"href":"https:\/\/cuisine-la-nature.com\/de\/wp-json\/wp\/v2\/types\/page"}],"author":[{"embeddable":true,"href":"https:\/\/cuisine-la-nature.com\/de\/wp-json\/wp\/v2\/users\/1"}],"replies":[{"embeddable":true,"href":"https:\/\/cuisine-la-nature.com\/de\/wp-json\/wp\/v2\/comments?post=5654"}],"version-history":[{"count":5,"href":"https:\/\/cuisine-la-nature.com\/de\/wp-json\/wp\/v2\/pages\/5654\/revisions"}],"predecessor-version":[{"id":5675,"href":"https:\/\/cuisine-la-nature.com\/de\/wp-json\/wp\/v2\/pages\/5654\/revisions\/5675"}],"wp:attachment":[{"href":"https:\/\/cuisine-la-nature.com\/de\/wp-json\/wp\/v2\/media?parent=5654"}],"curies":[{"name":"wp","href":"https:\/\/api.w.org\/{rel}","templated":true}]}}