{"id":3746,"date":"2024-01-10T08:19:27","date_gmt":"2024-01-10T08:19:27","guid":{"rendered":"https:\/\/cuisine-la-nature.com\/?page_id=3746"},"modified":"2024-01-10T08:49:58","modified_gmt":"2024-01-10T08:49:58","slug":"recette-de-gateau-aux-bourgeons-de-peuplier","status":"publish","type":"page","link":"https:\/\/cuisine-la-nature.com\/de\/recette-de-gateau-aux-bourgeons-de-peuplier","title":{"rendered":"Recette de G\u00e2teau aux bourgeons de peuplier"},"content":{"rendered":"<div data-elementor-type=\"wp-page\" data-elementor-id=\"3746\" class=\"elementor elementor-3746\">\n\t\t\t\t\t\t<section class=\"elementor-section elementor-top-section elementor-element elementor-element-e398006 elementor-section-boxed elementor-section-height-default elementor-section-height-default\" data-id=\"e398006\" data-element_type=\"section\" data-e-type=\"section\" data-settings=\"{&quot;background_background&quot;:&quot;classic&quot;}\">\n\t\t\t\t\t\t<div class=\"elementor-container elementor-column-gap-default\">\n\t\t\t\t\t<div class=\"elementor-column elementor-col-100 elementor-top-column elementor-element elementor-element-c08cd9d\" data-id=\"c08cd9d\" data-element_type=\"column\" data-e-type=\"column\" data-settings=\"{&quot;background_background&quot;:&quot;classic&quot;}\">\n\t\t\t<div class=\"elementor-widget-wrap elementor-element-populated\">\n\t\t\t\t\t\t<div class=\"elementor-element elementor-element-9c3d0b7 elementor-widget elementor-widget-heading\" data-id=\"9c3d0b7\" data-element_type=\"widget\" data-e-type=\"widget\" data-widget_type=\"heading.default\">\n\t\t\t\t<div class=\"elementor-widget-container\">\n\t\t\t\t\t<h2 class=\"elementor-heading-title elementor-size-default\">Pappelknospenkuchen<\/h2>\t\t\t\t<\/div>\n\t\t\t\t<\/div>\n\t\t\t\t\t<\/div>\n\t\t<\/div>\n\t\t\t\t\t<\/div>\n\t\t<\/section>\n\t\t\t\t<section class=\"elementor-section elementor-top-section elementor-element elementor-element-0c9444d elementor-section-boxed elementor-section-height-default elementor-section-height-default\" data-id=\"0c9444d\" data-element_type=\"section\" data-e-type=\"section\" data-settings=\"{&quot;background_background&quot;:&quot;classic&quot;}\">\n\t\t\t\t\t\t<div class=\"elementor-container elementor-column-gap-default\">\n\t\t\t\t\t<div class=\"elementor-column elementor-col-100 elementor-top-column elementor-element elementor-element-eb8e2eb\" data-id=\"eb8e2eb\" data-element_type=\"column\" data-e-type=\"column\" data-settings=\"{&quot;background_background&quot;:&quot;classic&quot;}\">\n\t\t\t<div class=\"elementor-widget-wrap elementor-element-populated\">\n\t\t\t\t\t\t<div class=\"elementor-element elementor-element-1c6a67f elementor-widget elementor-widget-heading\" data-id=\"1c6a67f\" data-element_type=\"widget\" data-e-type=\"widget\" data-widget_type=\"heading.default\">\n\t\t\t\t<div class=\"elementor-widget-container\">\n\t\t\t\t\t<h2 class=\"elementor-heading-title elementor-size-default\">Rezept von Jaspreet Dhaliwal und Yoann Hue im Restaurant \"Der Vierte K\u00f6nig\" in K\u00f6ln<\/h2>\t\t\t\t<\/div>\n\t\t\t\t<\/div>\n\t\t\t\t\t<\/div>\n\t\t<\/div>\n\t\t\t\t\t<\/div>\n\t\t<\/section>\n\t\t\t\t<section class=\"elementor-section elementor-top-section elementor-element elementor-element-1e3b6d4 elementor-section-boxed elementor-section-height-default elementor-section-height-default\" data-id=\"1e3b6d4\" data-element_type=\"section\" data-e-type=\"section\" data-settings=\"{&quot;background_background&quot;:&quot;gradient&quot;}\">\n\t\t\t\t\t\t<div class=\"elementor-container elementor-column-gap-default\">\n\t\t\t\t\t<div class=\"elementor-column elementor-col-100 elementor-top-column elementor-element elementor-element-ab09262\" data-id=\"ab09262\" data-element_type=\"column\" data-e-type=\"column\">\n\t\t\t<div class=\"elementor-widget-wrap elementor-element-populated\">\n\t\t\t\t\t\t<section class=\"elementor-section elementor-inner-section elementor-element elementor-element-f4c8828 elementor-section-boxed elementor-section-height-default elementor-section-height-default\" data-id=\"f4c8828\" data-element_type=\"section\" data-e-type=\"section\">\n\t\t\t\t\t\t<div class=\"elementor-container elementor-column-gap-default\">\n\t\t\t\t\t<div class=\"elementor-column elementor-col-100 elementor-inner-column elementor-element elementor-element-83ef11b\" data-id=\"83ef11b\" data-element_type=\"column\" data-e-type=\"column\">\n\t\t\t<div class=\"elementor-widget-wrap elementor-element-populated\">\n\t\t\t\t\t\t<div class=\"elementor-element elementor-element-f0eb610 elementor-widget elementor-widget-image\" data-id=\"f0eb610\" data-element_type=\"widget\" data-e-type=\"widget\" data-widget_type=\"image.default\">\n\t\t\t\t<div class=\"elementor-widget-container\">\n\t\t\t\t\t\t\t\t\t\t\t\t\t\t\t<img fetchpriority=\"high\" decoding=\"async\" width=\"500\" height=\"333\" src=\"https:\/\/i0.wp.com\/cuisine-la-nature.com\/wp-content\/uploads\/2024\/01\/Peupliernoirrecette.jpg?fit=500%2C333&amp;ssl=1\" class=\"attachment-full size-full wp-image-3751\" alt=\"G\u00e2teau aux bourgeons de peuplier\" srcset=\"https:\/\/i0.wp.com\/cuisine-la-nature.com\/wp-content\/uploads\/2024\/01\/Peupliernoirrecette.jpg?w=500&amp;ssl=1 500w, https:\/\/i0.wp.com\/cuisine-la-nature.com\/wp-content\/uploads\/2024\/01\/Peupliernoirrecette.jpg?resize=300%2C200&amp;ssl=1 300w, https:\/\/i0.wp.com\/cuisine-la-nature.com\/wp-content\/uploads\/2024\/01\/Peupliernoirrecette.jpg?resize=18%2C12&amp;ssl=1 18w\" sizes=\"(max-width: 500px) 100vw, 500px\" \/>\t\t\t\t\t\t\t\t\t\t\t\t\t\t\t<\/div>\n\t\t\t\t<\/div>\n\t\t\t\t<div class=\"elementor-element elementor-element-7844f41 elementor-widget elementor-widget-text-editor\" data-id=\"7844f41\" data-element_type=\"widget\" data-e-type=\"widget\" data-widget_type=\"text-editor.default\">\n\t\t\t\t<div class=\"elementor-widget-container\">\n\t\t\t\t\t\t\t\t\t<p style=\"text-align: center;\"><span style=\"color: #000000;\"><em>Foto von Yoann Hue<\/em><\/span><\/p>\t\t\t\t\t\t\t\t<\/div>\n\t\t\t\t<\/div>\n\t\t\t\t\t<\/div>\n\t\t<\/div>\n\t\t\t\t\t<\/div>\n\t\t<\/section>\n\t\t\t\t<section class=\"elementor-section elementor-inner-section elementor-element elementor-element-31ba2f7 elementor-section-boxed elementor-section-height-default elementor-section-height-default\" data-id=\"31ba2f7\" data-element_type=\"section\" data-e-type=\"section\">\n\t\t\t\t\t\t<div class=\"elementor-container elementor-column-gap-default\">\n\t\t\t\t\t<div class=\"elementor-column elementor-col-100 elementor-inner-column elementor-element elementor-element-1cb1dca\" data-id=\"1cb1dca\" data-element_type=\"column\" data-e-type=\"column\">\n\t\t\t<div class=\"elementor-widget-wrap elementor-element-populated\">\n\t\t\t\t\t\t<div class=\"elementor-element elementor-element-880c154 elementor-widget elementor-widget-text-editor\" data-id=\"880c154\" data-element_type=\"widget\" data-e-type=\"widget\" data-widget_type=\"text-editor.default\">\n\t\t\t\t<div class=\"elementor-widget-container\">\n\t\t\t\t\t\t\t\t\t<p>Zutaten f\u00fcr 12 Personen<\/p>\t\t\t\t\t\t\t\t<\/div>\n\t\t\t\t<\/div>\n\t\t\t\t\t<\/div>\n\t\t<\/div>\n\t\t\t\t\t<\/div>\n\t\t<\/section>\n\t\t\t\t<section class=\"elementor-section elementor-inner-section elementor-element elementor-element-12f9f50 elementor-section-boxed elementor-section-height-default elementor-section-height-default\" data-id=\"12f9f50\" data-element_type=\"section\" data-e-type=\"section\">\n\t\t\t\t\t\t<div class=\"elementor-container elementor-column-gap-default\">\n\t\t\t\t\t<div class=\"elementor-column elementor-col-33 elementor-inner-column elementor-element elementor-element-0be8db2\" data-id=\"0be8db2\" data-element_type=\"column\" data-e-type=\"column\">\n\t\t\t<div class=\"elementor-widget-wrap elementor-element-populated\">\n\t\t\t\t\t\t<div class=\"elementor-element elementor-element-2775d07 elementor-widget elementor-widget-text-editor\" data-id=\"2775d07\" data-element_type=\"widget\" data-e-type=\"widget\" data-widget_type=\"text-editor.default\">\n\t\t\t\t<div class=\"elementor-widget-container\">\n\t\t\t\t\t\t\t\t\t<ul><li><span style=\"color: #000000;\">4 Eier<\/span><\/li><li><span style=\"color: #000000;\">180 g Zucker<\/span><\/li><li><span style=\"color: #000000;\">180 ml Raps\u00f6l<\/span><\/li><li><span style=\"color: #000000;\">200 g Mehl<\/span><\/li><li><span style=\"color: #000000;\">100 g Mandelgrie\u00df<\/span><\/li><li><span style=\"color: #000000;\">1\/2 Paket Natron<\/span><\/li><li><span style=\"color: #000000;\">15 g Pappelknospen, fein gehackt<\/span><\/li><li><span style=\"color: #000000;\">150 g wei\u00dfe Schokoladenkuvert\u00fcre<\/span><\/li><\/ul><p><span style=\"color: #000000;\">Glasur<\/span><\/p><ul><li><span style=\"color: #000000;\">80 g rosa Schokoladen-Kuvert\u00fcre Ruby (von Callebaut)<\/span><\/li><li><span style=\"color: #000000;\">20 ml Raps\u00f6l<\/span><\/li><\/ul>\t\t\t\t\t\t\t\t<\/div>\n\t\t\t\t<\/div>\n\t\t\t\t\t<\/div>\n\t\t<\/div>\n\t\t\t\t<div class=\"elementor-column elementor-col-33 elementor-inner-column elementor-element elementor-element-f2fd25b\" data-id=\"f2fd25b\" data-element_type=\"column\" data-e-type=\"column\">\n\t\t\t<div class=\"elementor-widget-wrap\">\n\t\t\t\t\t\t\t<\/div>\n\t\t<\/div>\n\t\t\t\t<div class=\"elementor-column elementor-col-33 elementor-inner-column elementor-element elementor-element-a4dc90c\" data-id=\"a4dc90c\" data-element_type=\"column\" data-e-type=\"column\">\n\t\t\t<div class=\"elementor-widget-wrap elementor-element-populated\">\n\t\t\t\t\t\t\t<\/div>\n\t\t<\/div>\n\t\t\t\t\t<\/div>\n\t\t<\/section>\n\t\t\t\t<section class=\"elementor-section elementor-inner-section elementor-element elementor-element-b056ae6 elementor-section-boxed elementor-section-height-default elementor-section-height-default\" data-id=\"b056ae6\" data-element_type=\"section\" data-e-type=\"section\">\n\t\t\t\t\t\t<div class=\"elementor-container elementor-column-gap-default\">\n\t\t\t\t\t<div class=\"elementor-column elementor-col-100 elementor-inner-column elementor-element elementor-element-3469434\" data-id=\"3469434\" data-element_type=\"column\" data-e-type=\"column\">\n\t\t\t<div class=\"elementor-widget-wrap elementor-element-populated\">\n\t\t\t\t\t\t<div class=\"elementor-element elementor-element-ab1a125 elementor-widget elementor-widget-text-editor\" data-id=\"ab1a125\" data-element_type=\"widget\" data-e-type=\"widget\" data-widget_type=\"text-editor.default\">\n\t\t\t\t<div class=\"elementor-widget-container\">\n\t\t\t\t\t\t\t\t\t<p>Zubereitung des Rezeptes<\/p>\t\t\t\t\t\t\t\t<\/div>\n\t\t\t\t<\/div>\n\t\t\t\t\t<\/div>\n\t\t<\/div>\n\t\t\t\t\t<\/div>\n\t\t<\/section>\n\t\t\t\t<section class=\"elementor-section elementor-inner-section elementor-element elementor-element-c513bcb elementor-section-boxed elementor-section-height-default elementor-section-height-default\" data-id=\"c513bcb\" data-element_type=\"section\" data-e-type=\"section\">\n\t\t\t\t\t\t<div class=\"elementor-container elementor-column-gap-default\">\n\t\t\t\t\t<div class=\"elementor-column elementor-col-100 elementor-inner-column elementor-element elementor-element-032406d\" data-id=\"032406d\" data-element_type=\"column\" data-e-type=\"column\">\n\t\t\t<div class=\"elementor-widget-wrap elementor-element-populated\">\n\t\t\t\t\t\t<div class=\"elementor-element elementor-element-3b48f9f elementor-widget elementor-widget-text-editor\" data-id=\"3b48f9f\" data-element_type=\"widget\" data-e-type=\"widget\" data-widget_type=\"text-editor.default\">\n\t\t\t\t<div class=\"elementor-widget-container\">\n\t\t\t\t\t\t\t\t\t<p><span style=\"color: #000000;\">Den Backofen bei 150 \u00b0C Ober-\/Unterhitze vorheizen.<\/span><\/p><p><span style=\"color: #000000;\">F\u00fcr den Kuchen die wei\u00dfe Kuvert\u00fcre in einen Sch\u00fcssel geben und auf dem Wasserbad schmelzen lassen. Eier und Zucker schaumig aufschlagen, das Raps\u00f6l nach und nach dazugeben. Mehl, Mandelgrie\u00df, Natron und gehackte Pappelknospen unterheben. Die geschmolzene Kuvert\u00fcre dazugeben und glatt r\u00fchren. Den Kuchenteig in eine Backform von 28 cm Durchmesser f\u00fcllen. Im Backofen ca 45 min backen.<\/span><\/p><p><span style=\"color: #000000;\">F\u00fcr die Glasur die Ruby Kuvert\u00fcre und das Raps\u00f6l in einem Sch\u00fcssel auf dem Wasserbad schmelzen lassen. Den Kuchen aus der Form holen und die Glasur gleichm\u00e4ssig dar\u00fcber verteilen.<\/span><\/p>\t\t\t\t\t\t\t\t<\/div>\n\t\t\t\t<\/div>\n\t\t\t\t\t<\/div>\n\t\t<\/div>\n\t\t\t\t\t<\/div>\n\t\t<\/section>\n\t\t\t\t\t<\/div>\n\t\t<\/div>\n\t\t\t\t\t<\/div>\n\t\t<\/section>\n\t\t\t\t<\/div>","protected":false},"excerpt":{"rendered":"<p>G\u00e2teau aux bourgeons de peuplier Recette de Jaspreet Dhaliwal et Yoann Hue au restaurant &#8220;Der Vierte K\u00f6nig&#8221; \u00e0 Cologne (Allemagne) Photo de Yoann Hue Ingr\u00e9dients pour 12 personnes 4 \u0153ufs 180 g de sucre 180 ml d&#8217;huile de colza 200 g de farine 100 g de poudre d&#8217;amande 1\/2 paquet de bicarbonate de soude 15 [&hellip;]<\/p>\n","protected":false},"author":1,"featured_media":0,"parent":0,"menu_order":0,"comment_status":"closed","ping_status":"closed","template":"","meta":{"nf_dc_page":"","ocean_post_layout":"full-screen","ocean_both_sidebars_style":"","ocean_both_sidebars_content_width":0,"ocean_both_sidebars_sidebars_width":0,"ocean_sidebar":"","ocean_second_sidebar":"","ocean_disable_margins":"on","ocean_add_body_class":"","ocean_shortcode_before_top_bar":"","ocean_shortcode_after_top_bar":"","ocean_shortcode_before_header":"","ocean_shortcode_after_header":"","ocean_has_shortcode":"","ocean_shortcode_after_title":"","ocean_shortcode_before_footer_widgets":"","ocean_shortcode_after_footer_widgets":"","ocean_shortcode_before_footer_bottom":"","ocean_shortcode_after_footer_bottom":"","ocean_display_top_bar":"off","ocean_display_header":"default","ocean_header_style":"","ocean_center_header_left_menu":"","ocean_custom_header_template":"","ocean_custom_logo":0,"ocean_custom_retina_logo":0,"ocean_custom_logo_max_width":0,"ocean_custom_logo_tablet_max_width":0,"ocean_custom_logo_mobile_max_width":0,"ocean_custom_logo_max_height":0,"ocean_custom_logo_tablet_max_height":0,"ocean_custom_logo_mobile_max_height":0,"ocean_header_custom_menu":"","ocean_menu_typo_font_family":"","ocean_menu_typo_font_subset":"","ocean_menu_typo_font_size":0,"ocean_menu_typo_font_size_tablet":0,"ocean_menu_typo_font_size_mobile":0,"ocean_menu_typo_font_size_unit":"px","ocean_menu_typo_font_weight":"","ocean_menu_typo_font_weight_tablet":"","ocean_menu_typo_font_weight_mobile":"","ocean_menu_typo_transform":"","ocean_menu_typo_transform_tablet":"","ocean_menu_typo_transform_mobile":"","ocean_menu_typo_line_height":0,"ocean_menu_typo_line_height_tablet":0,"ocean_menu_typo_line_height_mobile":0,"ocean_menu_typo_line_height_unit":"","ocean_menu_typo_spacing":0,"ocean_menu_typo_spacing_tablet":0,"ocean_menu_typo_spacing_mobile":0,"ocean_menu_typo_spacing_unit":"","ocean_menu_link_color":"","ocean_menu_link_color_hover":"","ocean_menu_link_color_active":"","ocean_menu_link_background":"","ocean_menu_link_hover_background":"","ocean_menu_link_active_background":"","ocean_menu_social_links_bg":"","ocean_menu_social_hover_links_bg":"","ocean_menu_social_links_color":"","ocean_menu_social_hover_links_color":"","ocean_disable_title":"on","ocean_disable_heading":"default","ocean_post_title":"","ocean_post_subheading":"","ocean_post_title_style":"","ocean_post_title_background_color":"","ocean_post_title_background":0,"ocean_post_title_bg_image_position":"","ocean_post_title_bg_image_attachment":"","ocean_post_title_bg_image_repeat":"","ocean_post_title_bg_image_size":"","ocean_post_title_height":0,"ocean_post_title_bg_overlay":0.5,"ocean_post_title_bg_overlay_color":"","ocean_disable_breadcrumbs":"default","ocean_breadcrumbs_color":"","ocean_breadcrumbs_separator_color":"","ocean_breadcrumbs_links_color":"","ocean_breadcrumbs_links_hover_color":"","ocean_display_footer_widgets":"default","ocean_display_footer_bottom":"default","ocean_custom_footer_template":"","iawp_total_views":48,"footnotes":""},"class_list":["post-3746","page","type-page","status-publish","hentry","entry"],"yoast_head":"<!-- This site is optimized with the Yoast SEO plugin v27.4 - https:\/\/yoast.com\/product\/yoast-seo-wordpress\/ -->\n<title>Recette de G\u00e2teau aux bourgeons de peuplier - Cuisine la Nature<\/title>\n<meta name=\"description\" content=\"Une recette au peuplier du restaurant &quot;Der Vierte K\u00f6nig&quot; excellente : G\u00e2teau aux bourgeons de peuplier. \u00c0 essayer absolument !\" \/>\n<meta name=\"robots\" content=\"index, follow, max-snippet:-1, max-image-preview:large, max-video-preview:-1\" \/>\n<link rel=\"canonical\" href=\"https:\/\/cuisine-la-nature.com\/de\/recette-de-gateau-aux-bourgeons-de-peuplier\/\" \/>\n<meta property=\"og:locale\" content=\"de_DE\" \/>\n<meta property=\"og:type\" content=\"article\" \/>\n<meta property=\"og:title\" content=\"Recette de G\u00e2teau aux bourgeons de peuplier - Cuisine la Nature\" \/>\n<meta property=\"og:description\" content=\"Une recette au peuplier du restaurant &quot;Der Vierte K\u00f6nig&quot; excellente : G\u00e2teau aux bourgeons de peuplier. \u00c0 essayer absolument !\" \/>\n<meta property=\"og:url\" content=\"https:\/\/cuisine-la-nature.com\/de\/recette-de-gateau-aux-bourgeons-de-peuplier\/\" \/>\n<meta property=\"og:site_name\" content=\"Cuisine la Nature\" \/>\n<meta property=\"article:modified_time\" content=\"2024-01-10T08:49:58+00:00\" \/>\n<meta property=\"og:image\" content=\"https:\/\/cuisine-la-nature.com\/wp-content\/uploads\/2024\/01\/Peupliernoirrecette.jpg\" \/>\n<meta name=\"twitter:card\" content=\"summary_large_image\" \/>\n<meta name=\"twitter:label1\" content=\"Gesch\u00e4tzte Lesezeit\" \/>\n\t<meta name=\"twitter:data1\" content=\"2\u00a0Minuten\" \/>\n<script type=\"application\/ld+json\" class=\"yoast-schema-graph\">{\"@context\":\"https:\\\/\\\/schema.org\",\"@graph\":[{\"@type\":\"WebPage\",\"@id\":\"https:\\\/\\\/cuisine-la-nature.com\\\/fr_fr\\\/recette-de-gateau-aux-bourgeons-de-peuplier\",\"url\":\"https:\\\/\\\/cuisine-la-nature.com\\\/fr_fr\\\/recette-de-gateau-aux-bourgeons-de-peuplier\",\"name\":\"Recette de G\u00e2teau aux bourgeons de peuplier - Cuisine la Nature\",\"isPartOf\":{\"@id\":\"https:\\\/\\\/cuisine-la-nature.com\\\/#website\"},\"primaryImageOfPage\":{\"@id\":\"https:\\\/\\\/cuisine-la-nature.com\\\/fr_fr\\\/recette-de-gateau-aux-bourgeons-de-peuplier#primaryimage\"},\"image\":{\"@id\":\"https:\\\/\\\/cuisine-la-nature.com\\\/fr_fr\\\/recette-de-gateau-aux-bourgeons-de-peuplier#primaryimage\"},\"thumbnailUrl\":\"https:\\\/\\\/cuisine-la-nature.com\\\/wp-content\\\/uploads\\\/2024\\\/01\\\/Peupliernoirrecette.jpg\",\"datePublished\":\"2024-01-10T08:19:27+00:00\",\"dateModified\":\"2024-01-10T08:49:58+00:00\",\"description\":\"Une recette au peuplier du restaurant \\\"Der Vierte K\u00f6nig\\\" excellente : G\u00e2teau aux bourgeons de peuplier. \u00c0 essayer absolument !\",\"breadcrumb\":{\"@id\":\"https:\\\/\\\/cuisine-la-nature.com\\\/fr_fr\\\/recette-de-gateau-aux-bourgeons-de-peuplier#breadcrumb\"},\"inLanguage\":\"de\",\"potentialAction\":[{\"@type\":\"ReadAction\",\"target\":[\"https:\\\/\\\/cuisine-la-nature.com\\\/fr_fr\\\/recette-de-gateau-aux-bourgeons-de-peuplier\"]}]},{\"@type\":\"ImageObject\",\"inLanguage\":\"de\",\"@id\":\"https:\\\/\\\/cuisine-la-nature.com\\\/fr_fr\\\/recette-de-gateau-aux-bourgeons-de-peuplier#primaryimage\",\"url\":\"https:\\\/\\\/cuisine-la-nature.com\\\/wp-content\\\/uploads\\\/2024\\\/01\\\/Peupliernoirrecette.jpg\",\"contentUrl\":\"https:\\\/\\\/cuisine-la-nature.com\\\/wp-content\\\/uploads\\\/2024\\\/01\\\/Peupliernoirrecette.jpg\"},{\"@type\":\"BreadcrumbList\",\"@id\":\"https:\\\/\\\/cuisine-la-nature.com\\\/fr_fr\\\/recette-de-gateau-aux-bourgeons-de-peuplier#breadcrumb\",\"itemListElement\":[{\"@type\":\"ListItem\",\"position\":1,\"name\":\"Home\",\"item\":\"https:\\\/\\\/cuisine-la-nature.com\\\/\"},{\"@type\":\"ListItem\",\"position\":2,\"name\":\"Recette de G\u00e2teau aux bourgeons de peuplier\"}]},{\"@type\":\"WebSite\",\"@id\":\"https:\\\/\\\/cuisine-la-nature.com\\\/#website\",\"url\":\"https:\\\/\\\/cuisine-la-nature.com\\\/\",\"name\":\"Cuisine la Nature\",\"description\":\"Inspirez-vous de ce que vous offre la nature au fil des saisons et r\u00e9galez-vous !\",\"publisher\":{\"@id\":\"https:\\\/\\\/cuisine-la-nature.com\\\/#organization\"},\"potentialAction\":[{\"@type\":\"SearchAction\",\"target\":{\"@type\":\"EntryPoint\",\"urlTemplate\":\"https:\\\/\\\/cuisine-la-nature.com\\\/?s={search_term_string}\"},\"query-input\":{\"@type\":\"PropertyValueSpecification\",\"valueRequired\":true,\"valueName\":\"search_term_string\"}}],\"inLanguage\":\"de\"},{\"@type\":\"Organization\",\"@id\":\"https:\\\/\\\/cuisine-la-nature.com\\\/#organization\",\"name\":\"Cuisine la Nature\",\"url\":\"https:\\\/\\\/cuisine-la-nature.com\\\/\",\"logo\":{\"@type\":\"ImageObject\",\"inLanguage\":\"de\",\"@id\":\"https:\\\/\\\/cuisine-la-nature.com\\\/#\\\/schema\\\/logo\\\/image\\\/\",\"url\":\"https:\\\/\\\/i0.wp.com\\\/cuisine-la-nature.com\\\/wp-content\\\/uploads\\\/2022\\\/11\\\/cropped-Logo11.jpg?fit=937%2C200&ssl=1\",\"contentUrl\":\"https:\\\/\\\/i0.wp.com\\\/cuisine-la-nature.com\\\/wp-content\\\/uploads\\\/2022\\\/11\\\/cropped-Logo11.jpg?fit=937%2C200&ssl=1\",\"width\":937,\"height\":200,\"caption\":\"Cuisine la Nature\"},\"image\":{\"@id\":\"https:\\\/\\\/cuisine-la-nature.com\\\/#\\\/schema\\\/logo\\\/image\\\/\"}}]}<\/script>\n<!-- \/ Yoast SEO plugin. -->","yoast_head_json":{"title":"Recette de G\u00e2teau aux bourgeons de peuplier - Cuisine la Nature","description":"Une recette au peuplier du restaurant \"Der Vierte K\u00f6nig\" excellente : G\u00e2teau aux bourgeons de peuplier. \u00c0 essayer absolument !","robots":{"index":"index","follow":"follow","max-snippet":"max-snippet:-1","max-image-preview":"max-image-preview:large","max-video-preview":"max-video-preview:-1"},"canonical":"https:\/\/cuisine-la-nature.com\/de\/recette-de-gateau-aux-bourgeons-de-peuplier\/","og_locale":"de_DE","og_type":"article","og_title":"Recette de G\u00e2teau aux bourgeons de peuplier - Cuisine la Nature","og_description":"Une recette au peuplier du restaurant \"Der Vierte K\u00f6nig\" excellente : G\u00e2teau aux bourgeons de peuplier. \u00c0 essayer absolument !","og_url":"https:\/\/cuisine-la-nature.com\/de\/recette-de-gateau-aux-bourgeons-de-peuplier\/","og_site_name":"Cuisine la Nature","article_modified_time":"2024-01-10T08:49:58+00:00","og_image":[{"url":"https:\/\/cuisine-la-nature.com\/wp-content\/uploads\/2024\/01\/Peupliernoirrecette.jpg","type":"","width":"","height":""}],"twitter_card":"summary_large_image","twitter_misc":{"Gesch\u00e4tzte Lesezeit":"2\u00a0Minuten"},"schema":{"@context":"https:\/\/schema.org","@graph":[{"@type":"WebPage","@id":"https:\/\/cuisine-la-nature.com\/fr_fr\/recette-de-gateau-aux-bourgeons-de-peuplier","url":"https:\/\/cuisine-la-nature.com\/fr_fr\/recette-de-gateau-aux-bourgeons-de-peuplier","name":"Recette de G\u00e2teau aux bourgeons de peuplier - Cuisine la Nature","isPartOf":{"@id":"https:\/\/cuisine-la-nature.com\/#website"},"primaryImageOfPage":{"@id":"https:\/\/cuisine-la-nature.com\/fr_fr\/recette-de-gateau-aux-bourgeons-de-peuplier#primaryimage"},"image":{"@id":"https:\/\/cuisine-la-nature.com\/fr_fr\/recette-de-gateau-aux-bourgeons-de-peuplier#primaryimage"},"thumbnailUrl":"https:\/\/cuisine-la-nature.com\/wp-content\/uploads\/2024\/01\/Peupliernoirrecette.jpg","datePublished":"2024-01-10T08:19:27+00:00","dateModified":"2024-01-10T08:49:58+00:00","description":"Une recette au peuplier du restaurant \"Der Vierte K\u00f6nig\" excellente : G\u00e2teau aux bourgeons de peuplier. \u00c0 essayer absolument !","breadcrumb":{"@id":"https:\/\/cuisine-la-nature.com\/fr_fr\/recette-de-gateau-aux-bourgeons-de-peuplier#breadcrumb"},"inLanguage":"de","potentialAction":[{"@type":"ReadAction","target":["https:\/\/cuisine-la-nature.com\/fr_fr\/recette-de-gateau-aux-bourgeons-de-peuplier"]}]},{"@type":"ImageObject","inLanguage":"de","@id":"https:\/\/cuisine-la-nature.com\/fr_fr\/recette-de-gateau-aux-bourgeons-de-peuplier#primaryimage","url":"https:\/\/cuisine-la-nature.com\/wp-content\/uploads\/2024\/01\/Peupliernoirrecette.jpg","contentUrl":"https:\/\/cuisine-la-nature.com\/wp-content\/uploads\/2024\/01\/Peupliernoirrecette.jpg"},{"@type":"BreadcrumbList","@id":"https:\/\/cuisine-la-nature.com\/fr_fr\/recette-de-gateau-aux-bourgeons-de-peuplier#breadcrumb","itemListElement":[{"@type":"ListItem","position":1,"name":"Home","item":"https:\/\/cuisine-la-nature.com\/"},{"@type":"ListItem","position":2,"name":"Recette de G\u00e2teau aux bourgeons de peuplier"}]},{"@type":"WebSite","@id":"https:\/\/cuisine-la-nature.com\/#website","url":"https:\/\/cuisine-la-nature.com\/","name":"Cuisine la Nature","description":"Inspirez-vous de ce que vous offre la nature au fil des saisons et r\u00e9galez-vous !","publisher":{"@id":"https:\/\/cuisine-la-nature.com\/#organization"},"potentialAction":[{"@type":"SearchAction","target":{"@type":"EntryPoint","urlTemplate":"https:\/\/cuisine-la-nature.com\/?s={search_term_string}"},"query-input":{"@type":"PropertyValueSpecification","valueRequired":true,"valueName":"search_term_string"}}],"inLanguage":"de"},{"@type":"Organization","@id":"https:\/\/cuisine-la-nature.com\/#organization","name":"Cuisine la Nature","url":"https:\/\/cuisine-la-nature.com\/","logo":{"@type":"ImageObject","inLanguage":"de","@id":"https:\/\/cuisine-la-nature.com\/#\/schema\/logo\/image\/","url":"https:\/\/i0.wp.com\/cuisine-la-nature.com\/wp-content\/uploads\/2022\/11\/cropped-Logo11.jpg?fit=937%2C200&ssl=1","contentUrl":"https:\/\/i0.wp.com\/cuisine-la-nature.com\/wp-content\/uploads\/2022\/11\/cropped-Logo11.jpg?fit=937%2C200&ssl=1","width":937,"height":200,"caption":"Cuisine la Nature"},"image":{"@id":"https:\/\/cuisine-la-nature.com\/#\/schema\/logo\/image\/"}}]}},"jetpack_sharing_enabled":true,"jetpack-related-posts":[],"_links":{"self":[{"href":"https:\/\/cuisine-la-nature.com\/de\/wp-json\/wp\/v2\/pages\/3746","targetHints":{"allow":["GET"]}}],"collection":[{"href":"https:\/\/cuisine-la-nature.com\/de\/wp-json\/wp\/v2\/pages"}],"about":[{"href":"https:\/\/cuisine-la-nature.com\/de\/wp-json\/wp\/v2\/types\/page"}],"author":[{"embeddable":true,"href":"https:\/\/cuisine-la-nature.com\/de\/wp-json\/wp\/v2\/users\/1"}],"replies":[{"embeddable":true,"href":"https:\/\/cuisine-la-nature.com\/de\/wp-json\/wp\/v2\/comments?post=3746"}],"version-history":[{"count":5,"href":"https:\/\/cuisine-la-nature.com\/de\/wp-json\/wp\/v2\/pages\/3746\/revisions"}],"predecessor-version":[{"id":3754,"href":"https:\/\/cuisine-la-nature.com\/de\/wp-json\/wp\/v2\/pages\/3746\/revisions\/3754"}],"wp:attachment":[{"href":"https:\/\/cuisine-la-nature.com\/de\/wp-json\/wp\/v2\/media?parent=3746"}],"curies":[{"name":"wp","href":"https:\/\/api.w.org\/{rel}","templated":true}]}}