{"id":3259,"date":"2023-11-05T18:12:42","date_gmt":"2023-11-05T18:12:42","guid":{"rendered":"https:\/\/cuisine-la-nature.com\/?page_id=3259"},"modified":"2023-11-20T15:10:57","modified_gmt":"2023-11-20T15:10:57","slug":"recette-de-tuiles-aux-faines","status":"publish","type":"page","link":"https:\/\/cuisine-la-nature.com\/de\/recette-de-tuiles-aux-faines","title":{"rendered":"Recette de tuiles aux fa\u00eenes"},"content":{"rendered":"<div data-elementor-type=\"wp-page\" data-elementor-id=\"3259\" class=\"elementor elementor-3259\">\n\t\t\t\t\t\t<section class=\"elementor-section elementor-top-section elementor-element elementor-element-aefb472 elementor-section-boxed elementor-section-height-default elementor-section-height-default\" data-id=\"aefb472\" data-element_type=\"section\" data-e-type=\"section\" data-settings=\"{&quot;background_background&quot;:&quot;classic&quot;}\">\n\t\t\t\t\t\t<div class=\"elementor-container elementor-column-gap-default\">\n\t\t\t\t\t<div class=\"elementor-column elementor-col-100 elementor-top-column elementor-element elementor-element-9f7adf3\" data-id=\"9f7adf3\" data-element_type=\"column\" data-e-type=\"column\" data-settings=\"{&quot;background_background&quot;:&quot;classic&quot;}\">\n\t\t\t<div class=\"elementor-widget-wrap elementor-element-populated\">\n\t\t\t\t\t\t<div class=\"elementor-element elementor-element-2ff3303 elementor-widget elementor-widget-heading\" data-id=\"2ff3303\" data-element_type=\"widget\" data-e-type=\"widget\" data-widget_type=\"heading.default\">\n\t\t\t\t<div class=\"elementor-widget-container\">\n\t\t\t\t\t<h2 class=\"elementor-heading-title elementor-size-default\">Bucheckern-Cracker mit Selleriemousse<\/h2>\t\t\t\t<\/div>\n\t\t\t\t<\/div>\n\t\t\t\t\t<\/div>\n\t\t<\/div>\n\t\t\t\t\t<\/div>\n\t\t<\/section>\n\t\t\t\t<section class=\"elementor-section elementor-top-section elementor-element elementor-element-e313816 elementor-section-boxed elementor-section-height-default elementor-section-height-default\" data-id=\"e313816\" data-element_type=\"section\" data-e-type=\"section\" data-settings=\"{&quot;background_background&quot;:&quot;classic&quot;}\">\n\t\t\t\t\t\t<div class=\"elementor-container elementor-column-gap-default\">\n\t\t\t\t\t<div class=\"elementor-column elementor-col-100 elementor-top-column elementor-element elementor-element-bd79927\" data-id=\"bd79927\" data-element_type=\"column\" data-e-type=\"column\" data-settings=\"{&quot;background_background&quot;:&quot;classic&quot;}\">\n\t\t\t<div class=\"elementor-widget-wrap elementor-element-populated\">\n\t\t\t\t\t\t<div class=\"elementor-element elementor-element-58b7800 elementor-widget elementor-widget-heading\" data-id=\"58b7800\" data-element_type=\"widget\" data-e-type=\"widget\" data-widget_type=\"heading.default\">\n\t\t\t\t<div class=\"elementor-widget-container\">\n\t\t\t\t\t<h2 class=\"elementor-heading-title elementor-size-default\">Rezept von Jean-Marie Dumaine aus dem Buch \"Meine Wildpflanzenk\u00fcche\"<\/h2>\t\t\t\t<\/div>\n\t\t\t\t<\/div>\n\t\t\t\t\t<\/div>\n\t\t<\/div>\n\t\t\t\t\t<\/div>\n\t\t<\/section>\n\t\t\t\t<section class=\"elementor-section elementor-top-section elementor-element elementor-element-82b3e53 elementor-section-boxed elementor-section-height-default elementor-section-height-default\" data-id=\"82b3e53\" data-element_type=\"section\" data-e-type=\"section\" data-settings=\"{&quot;background_background&quot;:&quot;gradient&quot;}\">\n\t\t\t\t\t\t<div class=\"elementor-container elementor-column-gap-default\">\n\t\t\t\t\t<div class=\"elementor-column elementor-col-100 elementor-top-column elementor-element elementor-element-2314c5c\" data-id=\"2314c5c\" data-element_type=\"column\" data-e-type=\"column\">\n\t\t\t<div class=\"elementor-widget-wrap elementor-element-populated\">\n\t\t\t\t\t\t<section class=\"elementor-section elementor-inner-section elementor-element elementor-element-165f4b6 elementor-section-boxed elementor-section-height-default elementor-section-height-default\" data-id=\"165f4b6\" data-element_type=\"section\" data-e-type=\"section\">\n\t\t\t\t\t\t<div class=\"elementor-container elementor-column-gap-default\">\n\t\t\t\t\t<div class=\"elementor-column elementor-col-100 elementor-inner-column elementor-element elementor-element-da9e23d\" data-id=\"da9e23d\" data-element_type=\"column\" data-e-type=\"column\">\n\t\t\t<div class=\"elementor-widget-wrap elementor-element-populated\">\n\t\t\t\t\t\t<div class=\"elementor-element elementor-element-01aabf9 elementor-widget elementor-widget-image\" data-id=\"01aabf9\" data-element_type=\"widget\" data-e-type=\"widget\" data-widget_type=\"image.default\">\n\t\t\t\t<div class=\"elementor-widget-container\">\n\t\t\t\t\t\t\t\t\t\t\t\t\t\t\t<img data-recalc-dims=\"1\" decoding=\"async\" src=\"https:\/\/i0.wp.com\/cuisine-la-nature.com\/wp-content\/uploads\/elementor\/thumbs\/Hetrerecette-qexc3jbo5zu3c6pfiyqw3jk2hk5mhnwnckni2busqo.jpg?w=1200&#038;ssl=1\" title=\"Hetrerecette\" alt=\"Recette de tuiles aux fa\u00eenes\" loading=\"lazy\" \/>\t\t\t\t\t\t\t\t\t\t\t\t\t\t\t<\/div>\n\t\t\t\t<\/div>\n\t\t\t\t\t<\/div>\n\t\t<\/div>\n\t\t\t\t\t<\/div>\n\t\t<\/section>\n\t\t\t\t<div class=\"elementor-element elementor-element-7384575 elementor-widget elementor-widget-text-editor\" data-id=\"7384575\" data-element_type=\"widget\" data-e-type=\"widget\" data-widget_type=\"text-editor.default\">\n\t\t\t\t<div class=\"elementor-widget-container\">\n\t\t\t\t\t\t\t\t\t<p style=\"text-align: center;\"><span style=\"color: #000000;\"><em>Foto von Andreas Thumm<\/em><\/span><\/p>\t\t\t\t\t\t\t\t<\/div>\n\t\t\t\t<\/div>\n\t\t\t\t<section class=\"elementor-section elementor-inner-section elementor-element elementor-element-198dbcd elementor-section-boxed elementor-section-height-default elementor-section-height-default\" data-id=\"198dbcd\" data-element_type=\"section\" data-e-type=\"section\">\n\t\t\t\t\t\t<div class=\"elementor-container elementor-column-gap-default\">\n\t\t\t\t\t<div class=\"elementor-column elementor-col-100 elementor-inner-column elementor-element elementor-element-bce403a\" data-id=\"bce403a\" data-element_type=\"column\" data-e-type=\"column\">\n\t\t\t<div class=\"elementor-widget-wrap elementor-element-populated\">\n\t\t\t\t\t\t<div class=\"elementor-element elementor-element-5a4ba5f elementor-widget elementor-widget-text-editor\" data-id=\"5a4ba5f\" data-element_type=\"widget\" data-e-type=\"widget\" data-widget_type=\"text-editor.default\">\n\t\t\t\t<div class=\"elementor-widget-container\">\n\t\t\t\t\t\t\t\t\t<p>F\u00fcr ca. 20 kleine Cracker<\/p>\t\t\t\t\t\t\t\t<\/div>\n\t\t\t\t<\/div>\n\t\t\t\t\t<\/div>\n\t\t<\/div>\n\t\t\t\t\t<\/div>\n\t\t<\/section>\n\t\t\t\t<section class=\"elementor-section elementor-inner-section elementor-element elementor-element-f7e2702 elementor-section-boxed elementor-section-height-default elementor-section-height-default\" data-id=\"f7e2702\" data-element_type=\"section\" data-e-type=\"section\">\n\t\t\t\t\t\t<div class=\"elementor-container elementor-column-gap-default\">\n\t\t\t\t\t<div class=\"elementor-column elementor-col-33 elementor-inner-column elementor-element elementor-element-1e1ded6\" data-id=\"1e1ded6\" data-element_type=\"column\" data-e-type=\"column\">\n\t\t\t<div class=\"elementor-widget-wrap elementor-element-populated\">\n\t\t\t\t\t\t<div class=\"elementor-element elementor-element-e036301 elementor-widget elementor-widget-text-editor\" data-id=\"e036301\" data-element_type=\"widget\" data-e-type=\"widget\" data-widget_type=\"text-editor.default\">\n\t\t\t\t<div class=\"elementor-widget-container\">\n\t\t\t\t\t\t\t\t\t<p>Cracker:<\/p><ul><li>100 g Eiwei\u00df<\/li><li>50 g Honig<\/li><li>50 g fl\u00fcssige Butter<\/li><li>1 Prise feine Salz<\/li><li>100 g Mehl, gesiebt<\/li><\/ul><p>Zum Bestreuen:<\/p><ul><li>50 g gegrillte Bucheckern<\/li><li>Grobes Meersalz<\/li><li>Gesto\u00dfener Pfeffer<\/li><\/ul>\t\t\t\t\t\t\t\t<\/div>\n\t\t\t\t<\/div>\n\t\t\t\t\t<\/div>\n\t\t<\/div>\n\t\t\t\t<div class=\"elementor-column elementor-col-33 elementor-inner-column elementor-element elementor-element-093645e\" data-id=\"093645e\" data-element_type=\"column\" data-e-type=\"column\">\n\t\t\t<div class=\"elementor-widget-wrap elementor-element-populated\">\n\t\t\t\t\t\t<div class=\"elementor-element elementor-element-f83ca82 elementor-widget elementor-widget-text-editor\" data-id=\"f83ca82\" data-element_type=\"widget\" data-e-type=\"widget\" data-widget_type=\"text-editor.default\">\n\t\t\t\t<div class=\"elementor-widget-container\">\n\t\t\t\t\t\t\t\t\t<p>Selleriebl\u00e4tterchips:<\/p><ul><li>12 gr\u00fcne Selleriebl\u00e4tter<\/li><li>1 EL Sonnenblumen\u00f6l<\/li><li>Feine Salz<\/li><\/ul><p>Selleriemousse:<\/p><ul><li>1 Sellerieknolle (750 g)<\/li><li>150 g Butter<\/li><li>1 EL Honig<\/li><li>1 TL Salz<\/li><\/ul>\t\t\t\t\t\t\t\t<\/div>\n\t\t\t\t<\/div>\n\t\t\t\t\t<\/div>\n\t\t<\/div>\n\t\t\t\t<div class=\"elementor-column elementor-col-33 elementor-inner-column elementor-element elementor-element-5d0f135\" data-id=\"5d0f135\" data-element_type=\"column\" data-e-type=\"column\">\n\t\t\t<div class=\"elementor-widget-wrap\">\n\t\t\t\t\t\t\t<\/div>\n\t\t<\/div>\n\t\t\t\t\t<\/div>\n\t\t<\/section>\n\t\t\t\t<section class=\"elementor-section elementor-inner-section elementor-element elementor-element-38962e5 elementor-section-boxed elementor-section-height-default elementor-section-height-default\" data-id=\"38962e5\" data-element_type=\"section\" data-e-type=\"section\">\n\t\t\t\t\t\t<div class=\"elementor-container elementor-column-gap-default\">\n\t\t\t\t\t<div class=\"elementor-column elementor-col-100 elementor-inner-column elementor-element elementor-element-94c383c\" data-id=\"94c383c\" data-element_type=\"column\" data-e-type=\"column\">\n\t\t\t<div class=\"elementor-widget-wrap elementor-element-populated\">\n\t\t\t\t\t\t<div class=\"elementor-element elementor-element-f74cceb elementor-widget elementor-widget-text-editor\" data-id=\"f74cceb\" data-element_type=\"widget\" data-e-type=\"widget\" data-widget_type=\"text-editor.default\">\n\t\t\t\t<div class=\"elementor-widget-container\">\n\t\t\t\t\t\t\t\t\t<p>Zubereitung des Rezeptes<\/p>\t\t\t\t\t\t\t\t<\/div>\n\t\t\t\t<\/div>\n\t\t\t\t\t<\/div>\n\t\t<\/div>\n\t\t\t\t\t<\/div>\n\t\t<\/section>\n\t\t\t\t<section class=\"elementor-section elementor-inner-section elementor-element elementor-element-c74b3d4 elementor-section-boxed elementor-section-height-default elementor-section-height-default\" data-id=\"c74b3d4\" data-element_type=\"section\" data-e-type=\"section\">\n\t\t\t\t\t\t<div class=\"elementor-container elementor-column-gap-default\">\n\t\t\t\t\t<div class=\"elementor-column elementor-col-100 elementor-inner-column elementor-element elementor-element-c1510be\" data-id=\"c1510be\" data-element_type=\"column\" data-e-type=\"column\">\n\t\t\t<div class=\"elementor-widget-wrap elementor-element-populated\">\n\t\t\t\t\t\t<div class=\"elementor-element elementor-element-4c6fd09 elementor-widget elementor-widget-text-editor\" data-id=\"4c6fd09\" data-element_type=\"widget\" data-e-type=\"widget\" data-widget_type=\"text-editor.default\">\n\t\t\t\t<div class=\"elementor-widget-container\">\n\t\t\t\t\t\t\t\t\t<p><span style=\"color: #000000;\"><span style=\"font-size: medium;\">F\u00fcr die Cracker alle Zutaten zu einem Teig vermischen und 1 Stunde ruhen lassen. Ein Backblech mit Silikonmatte belegen. Den Teig in Streifen (3 x 10 cm) auf die Silikonmatte streichen. Mit Bucheckern, Meersalz und gesto\u00dfenem Pfeffer bestreuen. Im auf 140 Grad vorgeheizten Backofen etwa 8 Minuten backen. Hei\u00df zu R\u00f6hrchen mit 2 cm Durchmesser formen. Sobald sie abgek\u00fchlt und hart sind, vorsichtig herausnehmen. <\/span><\/span><span style=\"color: #000000;\"><span style=\"font-size: medium;\">Hippen auf die gleiche Weise backen.<\/span><\/span><\/p><p><span style=\"color: #000000; font-size: medium;\">F\u00fcr die Selleriemousse die Sellerieknolle sch\u00e4len, in Alufolie wickeln und 2 Stunden im Backofen bei 180 Grad garen. Auspacken und mit Butter, Honig und Salz p\u00fcrieren. Abschmecken. F\u00fcllen Sie die Buchecker-R\u00f6hrchen mithilfe eines Spritzbeutels. Verzieren Sie die Hippen auf die gleiche Weise.<\/span><\/p><p><span style=\"color: #000000;\"><span style=\"font-size: medium;\">F\u00fcr die Selleriebl\u00e4tterchips diese 1 Minute blanchieren. In kaltem Wasser abschrecken. Trocknen Sie sie gut ab. Legen Sie sie auf ein ge\u00f6ltes, antihaftbeschichtetes Backblech. Mit Salz bestreuen und bei 80\u00b0C ca. 45 Minuten bei leicht ge\u00f6ffneter Backofent\u00fcr trocknen.<\/span><\/span>.<\/p>\t\t\t\t\t\t\t\t<\/div>\n\t\t\t\t<\/div>\n\t\t\t\t\t<\/div>\n\t\t<\/div>\n\t\t\t\t\t<\/div>\n\t\t<\/section>\n\t\t\t\t\t<\/div>\n\t\t<\/div>\n\t\t\t\t\t<\/div>\n\t\t<\/section>\n\t\t\t\t<\/div>","protected":false},"excerpt":{"rendered":"<p>Pur\u00e9e de c\u00e9leri-rave et tuiles croquantes aux fa\u00eenes Recette de Jean-Marie Dumaine tir\u00e9e du livre &#8220;Meine Wildpflanzenk\u00fcche&#8221; Photo d&#8217;Andreas Thumm Ingr\u00e9dients pour env. 20 petits crackers Tuiles sal\u00e9es\u00a0: 100 g de blancs d&#8217;\u0153ufs 50 g de miel 50 g de beurre fondu 1 prise de sel fin 100 g de farine tamis\u00e9e \u00c0 parsemer : [&hellip;]<\/p>\n","protected":false},"author":1,"featured_media":0,"parent":0,"menu_order":0,"comment_status":"closed","ping_status":"closed","template":"","meta":{"nf_dc_page":"","ocean_post_layout":"full-screen","ocean_both_sidebars_style":"","ocean_both_sidebars_content_width":0,"ocean_both_sidebars_sidebars_width":0,"ocean_sidebar":"","ocean_second_sidebar":"","ocean_disable_margins":"on","ocean_add_body_class":"","ocean_shortcode_before_top_bar":"","ocean_shortcode_after_top_bar":"","ocean_shortcode_before_header":"","ocean_shortcode_after_header":"","ocean_has_shortcode":"","ocean_shortcode_after_title":"","ocean_shortcode_before_footer_widgets":"","ocean_shortcode_after_footer_widgets":"","ocean_shortcode_before_footer_bottom":"","ocean_shortcode_after_footer_bottom":"","ocean_display_top_bar":"off","ocean_display_header":"default","ocean_header_style":"","ocean_center_header_left_menu":"","ocean_custom_header_template":"","ocean_custom_logo":0,"ocean_custom_retina_logo":0,"ocean_custom_logo_max_width":0,"ocean_custom_logo_tablet_max_width":0,"ocean_custom_logo_mobile_max_width":0,"ocean_custom_logo_max_height":0,"ocean_custom_logo_tablet_max_height":0,"ocean_custom_logo_mobile_max_height":0,"ocean_header_custom_menu":"","ocean_menu_typo_font_family":"","ocean_menu_typo_font_subset":"","ocean_menu_typo_font_size":0,"ocean_menu_typo_font_size_tablet":0,"ocean_menu_typo_font_size_mobile":0,"ocean_menu_typo_font_size_unit":"px","ocean_menu_typo_font_weight":"","ocean_menu_typo_font_weight_tablet":"","ocean_menu_typo_font_weight_mobile":"","ocean_menu_typo_transform":"","ocean_menu_typo_transform_tablet":"","ocean_menu_typo_transform_mobile":"","ocean_menu_typo_line_height":0,"ocean_menu_typo_line_height_tablet":0,"ocean_menu_typo_line_height_mobile":0,"ocean_menu_typo_line_height_unit":"","ocean_menu_typo_spacing":0,"ocean_menu_typo_spacing_tablet":0,"ocean_menu_typo_spacing_mobile":0,"ocean_menu_typo_spacing_unit":"","ocean_menu_link_color":"","ocean_menu_link_color_hover":"","ocean_menu_link_color_active":"","ocean_menu_link_background":"","ocean_menu_link_hover_background":"","ocean_menu_link_active_background":"","ocean_menu_social_links_bg":"","ocean_menu_social_hover_links_bg":"","ocean_menu_social_links_color":"","ocean_menu_social_hover_links_color":"","ocean_disable_title":"on","ocean_disable_heading":"default","ocean_post_title":"","ocean_post_subheading":"","ocean_post_title_style":"","ocean_post_title_background_color":"","ocean_post_title_background":0,"ocean_post_title_bg_image_position":"","ocean_post_title_bg_image_attachment":"","ocean_post_title_bg_image_repeat":"","ocean_post_title_bg_image_size":"","ocean_post_title_height":0,"ocean_post_title_bg_overlay":0.5,"ocean_post_title_bg_overlay_color":"","ocean_disable_breadcrumbs":"default","ocean_breadcrumbs_color":"","ocean_breadcrumbs_separator_color":"","ocean_breadcrumbs_links_color":"","ocean_breadcrumbs_links_hover_color":"","ocean_display_footer_widgets":"default","ocean_display_footer_bottom":"default","ocean_custom_footer_template":"","iawp_total_views":11,"footnotes":""},"class_list":["post-3259","page","type-page","status-publish","hentry","entry"],"yoast_head":"<!-- This site is optimized with the Yoast SEO plugin v27.4 - https:\/\/yoast.com\/product\/yoast-seo-wordpress\/ -->\n<title>Recette de tuiles aux fa\u00eenes - Cuisine la Nature<\/title>\n<meta name=\"description\" content=\"Une recette de pur\u00e9e de c\u00e9leri-rave et tuiles croquantes aux fa\u00eenes de Jean-Marie Dumaine . \u00c0 essayer absolument !\" \/>\n<meta name=\"robots\" content=\"index, follow, max-snippet:-1, max-image-preview:large, max-video-preview:-1\" \/>\n<link rel=\"canonical\" href=\"https:\/\/cuisine-la-nature.com\/de\/recette-de-tuiles-aux-faines\/\" \/>\n<meta property=\"og:locale\" content=\"de_DE\" \/>\n<meta property=\"og:type\" content=\"article\" \/>\n<meta property=\"og:title\" content=\"Recette de tuiles aux fa\u00eenes - Cuisine la Nature\" \/>\n<meta property=\"og:description\" content=\"Une recette de pur\u00e9e de c\u00e9leri-rave et tuiles croquantes aux fa\u00eenes de Jean-Marie Dumaine . \u00c0 essayer absolument !\" \/>\n<meta property=\"og:url\" content=\"https:\/\/cuisine-la-nature.com\/de\/recette-de-tuiles-aux-faines\/\" \/>\n<meta property=\"og:site_name\" content=\"Cuisine la Nature\" \/>\n<meta property=\"article:modified_time\" content=\"2023-11-20T15:10:57+00:00\" \/>\n<meta property=\"og:image\" content=\"https:\/\/cuisine-la-nature.com\/wp-content\/uploads\/elementor\/thumbs\/Hetrerecette-qexc3jbo5zu3c6pfiyqw3jk2hk5mhnwnckni2busqo.jpg\" \/>\n<meta name=\"twitter:card\" content=\"summary_large_image\" \/>\n<meta name=\"twitter:label1\" content=\"Gesch\u00e4tzte Lesezeit\" \/>\n\t<meta name=\"twitter:data1\" content=\"2\u00a0Minuten\" \/>\n<script type=\"application\/ld+json\" class=\"yoast-schema-graph\">{\"@context\":\"https:\\\/\\\/schema.org\",\"@graph\":[{\"@type\":\"WebPage\",\"@id\":\"https:\\\/\\\/cuisine-la-nature.com\\\/recette-de-tuiles-aux-faines\",\"url\":\"https:\\\/\\\/cuisine-la-nature.com\\\/recette-de-tuiles-aux-faines\",\"name\":\"Recette de tuiles aux fa\u00eenes - Cuisine la Nature\",\"isPartOf\":{\"@id\":\"https:\\\/\\\/cuisine-la-nature.com\\\/#website\"},\"primaryImageOfPage\":{\"@id\":\"https:\\\/\\\/cuisine-la-nature.com\\\/recette-de-tuiles-aux-faines#primaryimage\"},\"image\":{\"@id\":\"https:\\\/\\\/cuisine-la-nature.com\\\/recette-de-tuiles-aux-faines#primaryimage\"},\"thumbnailUrl\":\"https:\\\/\\\/cuisine-la-nature.com\\\/wp-content\\\/uploads\\\/elementor\\\/thumbs\\\/Hetrerecette-qexc3jbo5zu3c6pfiyqw3jk2hk5mhnwnckni2busqo.jpg\",\"datePublished\":\"2023-11-05T18:12:42+00:00\",\"dateModified\":\"2023-11-20T15:10:57+00:00\",\"description\":\"Une recette de pur\u00e9e de c\u00e9leri-rave et tuiles croquantes aux fa\u00eenes de Jean-Marie Dumaine . \u00c0 essayer absolument !\",\"breadcrumb\":{\"@id\":\"https:\\\/\\\/cuisine-la-nature.com\\\/recette-de-tuiles-aux-faines#breadcrumb\"},\"inLanguage\":\"de\",\"potentialAction\":[{\"@type\":\"ReadAction\",\"target\":[\"https:\\\/\\\/cuisine-la-nature.com\\\/recette-de-tuiles-aux-faines\"]}]},{\"@type\":\"ImageObject\",\"inLanguage\":\"de\",\"@id\":\"https:\\\/\\\/cuisine-la-nature.com\\\/recette-de-tuiles-aux-faines#primaryimage\",\"url\":\"https:\\\/\\\/cuisine-la-nature.com\\\/wp-content\\\/uploads\\\/elementor\\\/thumbs\\\/Hetrerecette-qexc3jbo5zu3c6pfiyqw3jk2hk5mhnwnckni2busqo.jpg\",\"contentUrl\":\"https:\\\/\\\/cuisine-la-nature.com\\\/wp-content\\\/uploads\\\/elementor\\\/thumbs\\\/Hetrerecette-qexc3jbo5zu3c6pfiyqw3jk2hk5mhnwnckni2busqo.jpg\"},{\"@type\":\"BreadcrumbList\",\"@id\":\"https:\\\/\\\/cuisine-la-nature.com\\\/recette-de-tuiles-aux-faines#breadcrumb\",\"itemListElement\":[{\"@type\":\"ListItem\",\"position\":1,\"name\":\"Home\",\"item\":\"https:\\\/\\\/cuisine-la-nature.com\\\/\"},{\"@type\":\"ListItem\",\"position\":2,\"name\":\"Recette de tuiles aux fa\u00eenes\"}]},{\"@type\":\"WebSite\",\"@id\":\"https:\\\/\\\/cuisine-la-nature.com\\\/#website\",\"url\":\"https:\\\/\\\/cuisine-la-nature.com\\\/\",\"name\":\"Cuisine la Nature\",\"description\":\"Inspirez-vous de ce que vous offre la nature au fil des saisons et r\u00e9galez-vous !\",\"publisher\":{\"@id\":\"https:\\\/\\\/cuisine-la-nature.com\\\/#organization\"},\"potentialAction\":[{\"@type\":\"SearchAction\",\"target\":{\"@type\":\"EntryPoint\",\"urlTemplate\":\"https:\\\/\\\/cuisine-la-nature.com\\\/?s={search_term_string}\"},\"query-input\":{\"@type\":\"PropertyValueSpecification\",\"valueRequired\":true,\"valueName\":\"search_term_string\"}}],\"inLanguage\":\"de\"},{\"@type\":\"Organization\",\"@id\":\"https:\\\/\\\/cuisine-la-nature.com\\\/#organization\",\"name\":\"Cuisine la Nature\",\"url\":\"https:\\\/\\\/cuisine-la-nature.com\\\/\",\"logo\":{\"@type\":\"ImageObject\",\"inLanguage\":\"de\",\"@id\":\"https:\\\/\\\/cuisine-la-nature.com\\\/#\\\/schema\\\/logo\\\/image\\\/\",\"url\":\"https:\\\/\\\/i0.wp.com\\\/cuisine-la-nature.com\\\/wp-content\\\/uploads\\\/2022\\\/11\\\/cropped-Logo11.jpg?fit=937%2C200&ssl=1\",\"contentUrl\":\"https:\\\/\\\/i0.wp.com\\\/cuisine-la-nature.com\\\/wp-content\\\/uploads\\\/2022\\\/11\\\/cropped-Logo11.jpg?fit=937%2C200&ssl=1\",\"width\":937,\"height\":200,\"caption\":\"Cuisine la Nature\"},\"image\":{\"@id\":\"https:\\\/\\\/cuisine-la-nature.com\\\/#\\\/schema\\\/logo\\\/image\\\/\"}}]}<\/script>\n<!-- \/ Yoast SEO plugin. -->","yoast_head_json":{"title":"Recette de tuiles aux fa\u00eenes - Cuisine la Nature","description":"Une recette de pur\u00e9e de c\u00e9leri-rave et tuiles croquantes aux fa\u00eenes de Jean-Marie Dumaine . \u00c0 essayer absolument !","robots":{"index":"index","follow":"follow","max-snippet":"max-snippet:-1","max-image-preview":"max-image-preview:large","max-video-preview":"max-video-preview:-1"},"canonical":"https:\/\/cuisine-la-nature.com\/de\/recette-de-tuiles-aux-faines\/","og_locale":"de_DE","og_type":"article","og_title":"Recette de tuiles aux fa\u00eenes - Cuisine la Nature","og_description":"Une recette de pur\u00e9e de c\u00e9leri-rave et tuiles croquantes aux fa\u00eenes de Jean-Marie Dumaine . \u00c0 essayer absolument !","og_url":"https:\/\/cuisine-la-nature.com\/de\/recette-de-tuiles-aux-faines\/","og_site_name":"Cuisine la Nature","article_modified_time":"2023-11-20T15:10:57+00:00","og_image":[{"url":"https:\/\/cuisine-la-nature.com\/wp-content\/uploads\/elementor\/thumbs\/Hetrerecette-qexc3jbo5zu3c6pfiyqw3jk2hk5mhnwnckni2busqo.jpg","type":"","width":"","height":""}],"twitter_card":"summary_large_image","twitter_misc":{"Gesch\u00e4tzte Lesezeit":"2\u00a0Minuten"},"schema":{"@context":"https:\/\/schema.org","@graph":[{"@type":"WebPage","@id":"https:\/\/cuisine-la-nature.com\/recette-de-tuiles-aux-faines","url":"https:\/\/cuisine-la-nature.com\/recette-de-tuiles-aux-faines","name":"Recette de tuiles aux fa\u00eenes - Cuisine la Nature","isPartOf":{"@id":"https:\/\/cuisine-la-nature.com\/#website"},"primaryImageOfPage":{"@id":"https:\/\/cuisine-la-nature.com\/recette-de-tuiles-aux-faines#primaryimage"},"image":{"@id":"https:\/\/cuisine-la-nature.com\/recette-de-tuiles-aux-faines#primaryimage"},"thumbnailUrl":"https:\/\/cuisine-la-nature.com\/wp-content\/uploads\/elementor\/thumbs\/Hetrerecette-qexc3jbo5zu3c6pfiyqw3jk2hk5mhnwnckni2busqo.jpg","datePublished":"2023-11-05T18:12:42+00:00","dateModified":"2023-11-20T15:10:57+00:00","description":"Une recette de pur\u00e9e de c\u00e9leri-rave et tuiles croquantes aux fa\u00eenes de Jean-Marie Dumaine . \u00c0 essayer absolument !","breadcrumb":{"@id":"https:\/\/cuisine-la-nature.com\/recette-de-tuiles-aux-faines#breadcrumb"},"inLanguage":"de","potentialAction":[{"@type":"ReadAction","target":["https:\/\/cuisine-la-nature.com\/recette-de-tuiles-aux-faines"]}]},{"@type":"ImageObject","inLanguage":"de","@id":"https:\/\/cuisine-la-nature.com\/recette-de-tuiles-aux-faines#primaryimage","url":"https:\/\/cuisine-la-nature.com\/wp-content\/uploads\/elementor\/thumbs\/Hetrerecette-qexc3jbo5zu3c6pfiyqw3jk2hk5mhnwnckni2busqo.jpg","contentUrl":"https:\/\/cuisine-la-nature.com\/wp-content\/uploads\/elementor\/thumbs\/Hetrerecette-qexc3jbo5zu3c6pfiyqw3jk2hk5mhnwnckni2busqo.jpg"},{"@type":"BreadcrumbList","@id":"https:\/\/cuisine-la-nature.com\/recette-de-tuiles-aux-faines#breadcrumb","itemListElement":[{"@type":"ListItem","position":1,"name":"Home","item":"https:\/\/cuisine-la-nature.com\/"},{"@type":"ListItem","position":2,"name":"Recette de tuiles aux fa\u00eenes"}]},{"@type":"WebSite","@id":"https:\/\/cuisine-la-nature.com\/#website","url":"https:\/\/cuisine-la-nature.com\/","name":"Cuisine la Nature","description":"Inspirez-vous de ce que vous offre la nature au fil des saisons et r\u00e9galez-vous !","publisher":{"@id":"https:\/\/cuisine-la-nature.com\/#organization"},"potentialAction":[{"@type":"SearchAction","target":{"@type":"EntryPoint","urlTemplate":"https:\/\/cuisine-la-nature.com\/?s={search_term_string}"},"query-input":{"@type":"PropertyValueSpecification","valueRequired":true,"valueName":"search_term_string"}}],"inLanguage":"de"},{"@type":"Organization","@id":"https:\/\/cuisine-la-nature.com\/#organization","name":"Cuisine la Nature","url":"https:\/\/cuisine-la-nature.com\/","logo":{"@type":"ImageObject","inLanguage":"de","@id":"https:\/\/cuisine-la-nature.com\/#\/schema\/logo\/image\/","url":"https:\/\/i0.wp.com\/cuisine-la-nature.com\/wp-content\/uploads\/2022\/11\/cropped-Logo11.jpg?fit=937%2C200&ssl=1","contentUrl":"https:\/\/i0.wp.com\/cuisine-la-nature.com\/wp-content\/uploads\/2022\/11\/cropped-Logo11.jpg?fit=937%2C200&ssl=1","width":937,"height":200,"caption":"Cuisine la Nature"},"image":{"@id":"https:\/\/cuisine-la-nature.com\/#\/schema\/logo\/image\/"}}]}},"jetpack_sharing_enabled":true,"jetpack-related-posts":[],"_links":{"self":[{"href":"https:\/\/cuisine-la-nature.com\/de\/wp-json\/wp\/v2\/pages\/3259","targetHints":{"allow":["GET"]}}],"collection":[{"href":"https:\/\/cuisine-la-nature.com\/de\/wp-json\/wp\/v2\/pages"}],"about":[{"href":"https:\/\/cuisine-la-nature.com\/de\/wp-json\/wp\/v2\/types\/page"}],"author":[{"embeddable":true,"href":"https:\/\/cuisine-la-nature.com\/de\/wp-json\/wp\/v2\/users\/1"}],"replies":[{"embeddable":true,"href":"https:\/\/cuisine-la-nature.com\/de\/wp-json\/wp\/v2\/comments?post=3259"}],"version-history":[{"count":5,"href":"https:\/\/cuisine-la-nature.com\/de\/wp-json\/wp\/v2\/pages\/3259\/revisions"}],"predecessor-version":[{"id":3427,"href":"https:\/\/cuisine-la-nature.com\/de\/wp-json\/wp\/v2\/pages\/3259\/revisions\/3427"}],"wp:attachment":[{"href":"https:\/\/cuisine-la-nature.com\/de\/wp-json\/wp\/v2\/media?parent=3259"}],"curies":[{"name":"wp","href":"https:\/\/api.w.org\/{rel}","templated":true}]}}