{"id":3234,"date":"2023-11-05T16:29:33","date_gmt":"2023-11-05T16:29:33","guid":{"rendered":"https:\/\/cuisine-la-nature.com\/?page_id=3234"},"modified":"2024-02-04T09:30:41","modified_gmt":"2024-02-04T09:30:41","slug":"hetre-diaporama","status":"publish","type":"page","link":"https:\/\/cuisine-la-nature.com\/de\/hetre-diaporama","title":{"rendered":"H\u00eatre Diaporama"},"content":{"rendered":"<div data-elementor-type=\"wp-page\" data-elementor-id=\"3234\" class=\"elementor elementor-3234\">\n\t\t\t\t\t\t<section class=\"elementor-section elementor-top-section elementor-element elementor-element-89c7ea7 elementor-section-boxed elementor-section-height-default elementor-section-height-default\" data-id=\"89c7ea7\" data-element_type=\"section\" data-e-type=\"section\" data-settings=\"{&quot;background_background&quot;:&quot;classic&quot;}\">\n\t\t\t\t\t\t<div class=\"elementor-container elementor-column-gap-default\">\n\t\t\t\t\t<div class=\"elementor-column elementor-col-100 elementor-top-column elementor-element elementor-element-6986b49\" data-id=\"6986b49\" data-element_type=\"column\" data-e-type=\"column\" data-settings=\"{&quot;background_background&quot;:&quot;classic&quot;}\">\n\t\t\t<div class=\"elementor-widget-wrap elementor-element-populated\">\n\t\t\t\t\t\t<div class=\"elementor-element elementor-element-48650f5 elementor-widget elementor-widget-text-editor\" data-id=\"48650f5\" data-element_type=\"widget\" data-e-type=\"widget\" data-widget_type=\"text-editor.default\">\n\t\t\t\t<div class=\"elementor-widget-container\">\n\t\t\t\t\t\t\t\t\t<h1 style=\"text-align: center;\"><span style=\"color: #000000;\">Rotbuche<\/span><\/h1>\t\t\t\t\t\t\t\t<\/div>\n\t\t\t\t<\/div>\n\t\t\t\t\t<\/div>\n\t\t<\/div>\n\t\t\t\t\t<\/div>\n\t\t<\/section>\n\t\t\t\t<section class=\"elementor-section elementor-top-section elementor-element elementor-element-7c8a65b elementor-section-boxed elementor-section-height-default elementor-section-height-default\" data-id=\"7c8a65b\" data-element_type=\"section\" data-e-type=\"section\">\n\t\t\t\t\t\t<div class=\"elementor-container elementor-column-gap-default\">\n\t\t\t\t\t<div class=\"elementor-column elementor-col-100 elementor-top-column elementor-element elementor-element-062f1eb\" data-id=\"062f1eb\" data-element_type=\"column\" data-e-type=\"column\">\n\t\t\t<div class=\"elementor-widget-wrap elementor-element-populated\">\n\t\t\t\t\t\t<div class=\"elementor-element elementor-element-4ce2846 elementor-arrows-position-inside elementor-pagination-position-outside elementor-widget elementor-widget-image-carousel\" data-id=\"4ce2846\" data-element_type=\"widget\" data-e-type=\"widget\" data-settings=\"{&quot;slides_to_show&quot;:&quot;1&quot;,&quot;navigation&quot;:&quot;both&quot;,&quot;autoplay&quot;:&quot;yes&quot;,&quot;pause_on_hover&quot;:&quot;yes&quot;,&quot;pause_on_interaction&quot;:&quot;yes&quot;,&quot;autoplay_speed&quot;:5000,&quot;infinite&quot;:&quot;yes&quot;,&quot;effect&quot;:&quot;slide&quot;,&quot;speed&quot;:500}\" data-widget_type=\"image-carousel.default\">\n\t\t\t\t<div class=\"elementor-widget-container\">\n\t\t\t\t\t\t\t<div class=\"elementor-image-carousel-wrapper swiper\" role=\"region\" aria-roledescription=\"carousel\" aria-label=\"Bild Karussell\" dir=\"ltr\">\n\t\t\t<div class=\"elementor-image-carousel swiper-wrapper\" aria-live=\"off\">\n\t\t\t\t\t\t\t\t<div class=\"swiper-slide\" role=\"group\" aria-roledescription=\"slide\" aria-label=\"1 von 12\" data-no-translation-aria-label=\"\"><figure class=\"swiper-slide-inner\"><img data-recalc-dims=\"1\" decoding=\"async\" class=\"swiper-slide-image\" src=\"https:\/\/i0.wp.com\/cuisine-la-nature.com\/wp-content\/uploads\/elementor\/thumbs\/hetre7-qex7c7aqf5a8uowotv8sc84c87exsvqf5t0dw4mps0.jpg?w=1200&#038;ssl=1\" alt=\"H\u00eatre Arbre entier\" \/><figcaption class=\"elementor-image-carousel-caption\">ganzer Baum<\/figcaption><\/figure><\/div><div class=\"swiper-slide\" role=\"group\" aria-roledescription=\"slide\" aria-label=\"2 von 12\" data-no-translation-aria-label=\"\"><figure class=\"swiper-slide-inner\"><img data-recalc-dims=\"1\" decoding=\"async\" class=\"swiper-slide-image\" src=\"https:\/\/i0.wp.com\/cuisine-la-nature.com\/wp-content\/uploads\/elementor\/thumbs\/hetre1-qex72ryzvydqfglkvakgu3qxs3vfm5bbj5i3n8lu68.jpg?w=1200&#038;ssl=1\" alt=\"H\u00eatre Tronc\" \/><figcaption class=\"elementor-image-carousel-caption\">Stamm<\/figcaption><\/figure><\/div><div class=\"swiper-slide\" role=\"group\" aria-roledescription=\"slide\" aria-label=\"3 von 12\" data-no-translation-aria-label=\"\"><figure class=\"swiper-slide-inner\"><img data-recalc-dims=\"1\" decoding=\"async\" class=\"swiper-slide-image\" src=\"https:\/\/i0.wp.com\/cuisine-la-nature.com\/wp-content\/uploads\/elementor\/thumbs\/hetre2-qex75kjq787exqjhk01jqwd9cc3phrelkzb1zugpog.jpg?w=1200&#038;ssl=1\" alt=\"H\u00eatre Jeune pousse\" \/><figcaption class=\"elementor-image-carousel-caption\">Junge Triebe<\/figcaption><\/figure><\/div><div class=\"swiper-slide\" role=\"group\" aria-roledescription=\"slide\" aria-label=\"4 von 12\" data-no-translation-aria-label=\"\"><figure class=\"swiper-slide-inner\"><img data-recalc-dims=\"1\" decoding=\"async\" class=\"swiper-slide-image\" src=\"https:\/\/i0.wp.com\/cuisine-la-nature.com\/wp-content\/uploads\/elementor\/thumbs\/hetre3-qex76oysd3qqsywrzzii8462vwkhoqv22jcxmqss8w.jpg?w=1200&#038;ssl=1\" alt=\"H\u00eatre Bourgeons\" \/><figcaption class=\"elementor-image-carousel-caption\">Knospen<\/figcaption><\/figure><\/div><div class=\"swiper-slide\" role=\"group\" aria-roledescription=\"slide\" aria-label=\"5 von 12\" data-no-translation-aria-label=\"\"><figure class=\"swiper-slide-inner\"><img data-recalc-dims=\"1\" decoding=\"async\" class=\"swiper-slide-image\" src=\"https:\/\/i0.wp.com\/cuisine-la-nature.com\/wp-content\/uploads\/elementor\/thumbs\/hetre4-qex783q2m5o87wv1rlgcyrcyypmb8egk9il5jopiww.jpg?w=1200&#038;ssl=1\" alt=\"H\u00eatre Bourgeon et fa\u00eene\" \/><figcaption class=\"elementor-image-carousel-caption\">Knospe und Buchecker<\/figcaption><\/figure><\/div><div class=\"swiper-slide\" role=\"group\" aria-roledescription=\"slide\" aria-label=\"6 von 12\" data-no-translation-aria-label=\"\"><figure class=\"swiper-slide-inner\"><img data-recalc-dims=\"1\" decoding=\"async\" class=\"swiper-slide-image\" src=\"https:\/\/i0.wp.com\/cuisine-la-nature.com\/wp-content\/uploads\/elementor\/thumbs\/hetre5-qex79zega88vfu4qsephyaa5qgcqmlx8itk43lx6gw.jpg?w=1200&#038;ssl=1\" alt=\"H\u00eatre Jeunes feuilles et fleurs\" \/><figcaption class=\"elementor-image-carousel-caption\">Junge Bl\u00e4tter und Bl\u00fcten<\/figcaption><\/figure><\/div><div class=\"swiper-slide\" role=\"group\" aria-roledescription=\"slide\" aria-label=\"7 von 12\" data-no-translation-aria-label=\"\"><figure class=\"swiper-slide-inner\"><img data-recalc-dims=\"1\" decoding=\"async\" class=\"swiper-slide-image\" src=\"https:\/\/i0.wp.com\/cuisine-la-nature.com\/wp-content\/uploads\/elementor\/thumbs\/hetre6-qex7b1xu2fpmnukrjdd7aik2392se768c4b0ryc1ds.jpg?w=1200&#038;ssl=1\" alt=\"H\u00eatre Feuilles\" \/><figcaption class=\"elementor-image-carousel-caption\">Bl\u00e4tter<\/figcaption><\/figure><\/div><div class=\"swiper-slide\" role=\"group\" aria-roledescription=\"slide\" aria-label=\"8 von 12\" data-no-translation-aria-label=\"\"><figure class=\"swiper-slide-inner\"><img data-recalc-dims=\"1\" decoding=\"async\" class=\"swiper-slide-image\" src=\"https:\/\/i0.wp.com\/cuisine-la-nature.com\/wp-content\/uploads\/elementor\/thumbs\/hetre8-qex7dhctq11anl1scx5i8ehxc33xa1t9o4z6eoqfb4.jpg?w=1200&#038;ssl=1\" alt=\"H\u00eatre Fa\u00eene et fleurs fan\u00e9es\" \/><figcaption class=\"elementor-image-carousel-caption\">Bucheckern und verwelkte Blumen<\/figcaption><\/figure><\/div><div class=\"swiper-slide\" role=\"group\" aria-roledescription=\"slide\" aria-label=\"9 von 12\" data-no-translation-aria-label=\"\"><figure class=\"swiper-slide-inner\"><img data-recalc-dims=\"1\" decoding=\"async\" class=\"swiper-slide-image\" src=\"https:\/\/i0.wp.com\/cuisine-la-nature.com\/wp-content\/uploads\/elementor\/thumbs\/hetre9-qex7flhr3lxirzz70c2acda9gaonlj7iyltia3ljb4.jpg?w=1200&#038;ssl=1\" alt=\"H\u00eatre Fa\u00eenes\" \/><figcaption class=\"elementor-image-carousel-caption\">Bucheckern<\/figcaption><\/figure><\/div><div class=\"swiper-slide\" role=\"group\" aria-roledescription=\"slide\" aria-label=\"10 von 12\" data-no-translation-aria-label=\"\"><figure class=\"swiper-slide-inner\"><img data-recalc-dims=\"1\" decoding=\"async\" class=\"swiper-slide-image\" src=\"https:\/\/i0.wp.com\/cuisine-la-nature.com\/wp-content\/uploads\/elementor\/thumbs\/hetreherbier1-qjb329nagqiitrk8ef8ltkua8uqc6de0zee0xtbeo0.jpg?w=1200&#038;ssl=1\" alt=\"h\u00eatre herbier\" \/><figcaption class=\"elementor-image-carousel-caption\">Herbarium junge Sprosse<\/figcaption><\/figure><\/div><div class=\"swiper-slide\" role=\"group\" aria-roledescription=\"slide\" aria-label=\"11 von 12\" data-no-translation-aria-label=\"\"><figure class=\"swiper-slide-inner\"><img data-recalc-dims=\"1\" decoding=\"async\" class=\"swiper-slide-image\" src=\"https:\/\/i0.wp.com\/cuisine-la-nature.com\/wp-content\/uploads\/elementor\/thumbs\/hetreherbier2-qjb356x7q6imy3bbboqtku9ws0bg4gzypvgeoszbb4.jpg?w=1200&#038;ssl=1\" alt=\"h\u00eatre herbier\" \/><figcaption class=\"elementor-image-carousel-caption\">Herbarium Bl\u00e4tter<\/figcaption><\/figure><\/div><div class=\"swiper-slide\" role=\"group\" aria-roledescription=\"slide\" aria-label=\"12 von 12\" data-no-translation-aria-label=\"\"><figure class=\"swiper-slide-inner\"><img data-recalc-dims=\"1\" decoding=\"async\" class=\"swiper-slide-image\" src=\"https:\/\/i0.wp.com\/cuisine-la-nature.com\/wp-content\/uploads\/elementor\/thumbs\/hetreherbier3-qjb36101svnt9m3mg1qvsmonsc76ysbdi0by1nqps0.jpg?w=1200&#038;ssl=1\" alt=\"h\u00eatre herbier\" \/><figcaption class=\"elementor-image-carousel-caption\">Herbarium Bl\u00e4tter und Bl\u00fcten<\/figcaption><\/figure><\/div>\t\t\t<\/div>\n\t\t\t\t\t\t\t\t\t\t\t\t<div class=\"elementor-swiper-button elementor-swiper-button-prev\" role=\"button\" tabindex=\"0\">\n\t\t\t\t\t\t<i aria-hidden=\"true\" class=\"eicon-chevron-left\"><\/i>\t\t\t\t\t<\/div>\n\t\t\t\t\t<div class=\"elementor-swiper-button elementor-swiper-button-next\" role=\"button\" tabindex=\"0\">\n\t\t\t\t\t\t<i aria-hidden=\"true\" class=\"eicon-chevron-right\"><\/i>\t\t\t\t\t<\/div>\n\t\t\t\t\n\t\t\t\t\t\t\t\t\t<div class=\"swiper-pagination\"><\/div>\n\t\t\t\t\t\t\t\t\t<\/div>\n\t\t\t\t\t\t<\/div>\n\t\t\t\t<\/div>\n\t\t\t\t\t<\/div>\n\t\t<\/div>\n\t\t\t\t\t<\/div>\n\t\t<\/section>\n\t\t\t\t<\/div>","protected":false},"excerpt":{"rendered":"<p>H\u00eatre Arbre entier Tronc Jeune pousse Bourgeons Bourgeon et fa\u00eene Jeunes feuilles et fleurs Feuilles Fa\u00eene et fleurs fan\u00e9es Fa\u00eenes Herbier jeune pousse Herbier feuille Herbier feuilles et fleurs<\/p>","protected":false},"author":1,"featured_media":0,"parent":0,"menu_order":0,"comment_status":"closed","ping_status":"closed","template":"","meta":{"nf_dc_page":"","ocean_post_layout":"full-screen","ocean_both_sidebars_style":"","ocean_both_sidebars_content_width":0,"ocean_both_sidebars_sidebars_width":0,"ocean_sidebar":"","ocean_second_sidebar":"","ocean_disable_margins":"on","ocean_add_body_class":"","ocean_shortcode_before_top_bar":"","ocean_shortcode_after_top_bar":"","ocean_shortcode_before_header":"","ocean_shortcode_after_header":"","ocean_has_shortcode":"","ocean_shortcode_after_title":"","ocean_shortcode_before_footer_widgets":"","ocean_shortcode_after_footer_widgets":"","ocean_shortcode_before_footer_bottom":"","ocean_shortcode_after_footer_bottom":"","ocean_display_top_bar":"off","ocean_display_header":"default","ocean_header_style":"","ocean_center_header_left_menu":"","ocean_custom_header_template":"","ocean_custom_logo":0,"ocean_custom_retina_logo":0,"ocean_custom_logo_max_width":0,"ocean_custom_logo_tablet_max_width":0,"ocean_custom_logo_mobile_max_width":0,"ocean_custom_logo_max_height":0,"ocean_custom_logo_tablet_max_height":0,"ocean_custom_logo_mobile_max_height":0,"ocean_header_custom_menu":"","ocean_menu_typo_font_family":"","ocean_menu_typo_font_subset":"","ocean_menu_typo_font_size":0,"ocean_menu_typo_font_size_tablet":0,"ocean_menu_typo_font_size_mobile":0,"ocean_menu_typo_font_size_unit":"px","ocean_menu_typo_font_weight":"","ocean_menu_typo_font_weight_tablet":"","ocean_menu_typo_font_weight_mobile":"","ocean_menu_typo_transform":"","ocean_menu_typo_transform_tablet":"","ocean_menu_typo_transform_mobile":"","ocean_menu_typo_line_height":0,"ocean_menu_typo_line_height_tablet":0,"ocean_menu_typo_line_height_mobile":0,"ocean_menu_typo_line_height_unit":"","ocean_menu_typo_spacing":0,"ocean_menu_typo_spacing_tablet":0,"ocean_menu_typo_spacing_mobile":0,"ocean_menu_typo_spacing_unit":"","ocean_menu_link_color":"","ocean_menu_link_color_hover":"","ocean_menu_link_color_active":"","ocean_menu_link_background":"","ocean_menu_link_hover_background":"","ocean_menu_link_active_background":"","ocean_menu_social_links_bg":"","ocean_menu_social_hover_links_bg":"","ocean_menu_social_links_color":"","ocean_menu_social_hover_links_color":"","ocean_disable_title":"on","ocean_disable_heading":"default","ocean_post_title":"","ocean_post_subheading":"","ocean_post_title_style":"","ocean_post_title_background_color":"","ocean_post_title_background":0,"ocean_post_title_bg_image_position":"","ocean_post_title_bg_image_attachment":"","ocean_post_title_bg_image_repeat":"","ocean_post_title_bg_image_size":"","ocean_post_title_height":0,"ocean_post_title_bg_overlay":0.5,"ocean_post_title_bg_overlay_color":"","ocean_disable_breadcrumbs":"default","ocean_breadcrumbs_color":"","ocean_breadcrumbs_separator_color":"","ocean_breadcrumbs_links_color":"","ocean_breadcrumbs_links_hover_color":"","ocean_display_footer_widgets":"default","ocean_display_footer_bottom":"default","ocean_custom_footer_template":"","iawp_total_views":6,"footnotes":""},"class_list":["post-3234","page","type-page","status-publish","hentry","entry"],"yoast_head":"<!-- This site is optimized with the Yoast SEO plugin v27.4 - https:\/\/yoast.com\/product\/yoast-seo-wordpress\/ -->\n<title>H\u00eatre Diaporama - Cuisine la Nature<\/title>\n<meta name=\"description\" content=\"H\u00eatre (Fagus sylvatica) : le diaporama montrant toutes les parties de la plante ou de l&#039;arbre.\" \/>\n<meta name=\"robots\" content=\"index, follow, max-snippet:-1, max-image-preview:large, max-video-preview:-1\" \/>\n<link rel=\"canonical\" href=\"https:\/\/cuisine-la-nature.com\/de\/hetre-diaporama\/\" \/>\n<meta property=\"og:locale\" content=\"de_DE\" \/>\n<meta property=\"og:type\" content=\"article\" \/>\n<meta property=\"og:title\" content=\"H\u00eatre Diaporama - Cuisine la Nature\" \/>\n<meta property=\"og:description\" content=\"H\u00eatre (Fagus sylvatica) : le diaporama montrant toutes les parties de la plante ou de l&#039;arbre.\" \/>\n<meta property=\"og:url\" content=\"https:\/\/cuisine-la-nature.com\/de\/hetre-diaporama\/\" \/>\n<meta property=\"og:site_name\" content=\"Cuisine la Nature\" \/>\n<meta property=\"article:modified_time\" content=\"2024-02-04T09:30:41+00:00\" \/>\n<meta property=\"og:image\" content=\"https:\/\/cuisine-la-nature.com\/wp-content\/uploads\/elementor\/thumbs\/hetre7-qex7c7aqf5a8uowotv8sc84c87exsvqf5t0dw4mps0.jpg\" \/>\n<meta name=\"twitter:card\" content=\"summary_large_image\" \/>\n<meta name=\"twitter:label1\" content=\"Gesch\u00e4tzte Lesezeit\" \/>\n\t<meta name=\"twitter:data1\" content=\"3\u00a0Minuten\" \/>\n<script type=\"application\/ld+json\" class=\"yoast-schema-graph\">{\"@context\":\"https:\\\/\\\/schema.org\",\"@graph\":[{\"@type\":\"WebPage\",\"@id\":\"https:\\\/\\\/cuisine-la-nature.com\\\/fr_fr\\\/hetre-diaporama\",\"url\":\"https:\\\/\\\/cuisine-la-nature.com\\\/fr_fr\\\/hetre-diaporama\",\"name\":\"H\u00eatre Diaporama - Cuisine la Nature\",\"isPartOf\":{\"@id\":\"https:\\\/\\\/cuisine-la-nature.com\\\/#website\"},\"primaryImageOfPage\":{\"@id\":\"https:\\\/\\\/cuisine-la-nature.com\\\/fr_fr\\\/hetre-diaporama#primaryimage\"},\"image\":{\"@id\":\"https:\\\/\\\/cuisine-la-nature.com\\\/fr_fr\\\/hetre-diaporama#primaryimage\"},\"thumbnailUrl\":\"https:\\\/\\\/cuisine-la-nature.com\\\/wp-content\\\/uploads\\\/elementor\\\/thumbs\\\/hetre7-qex7c7aqf5a8uowotv8sc84c87exsvqf5t0dw4mps0.jpg\",\"datePublished\":\"2023-11-05T16:29:33+00:00\",\"dateModified\":\"2024-02-04T09:30:41+00:00\",\"description\":\"H\u00eatre (Fagus sylvatica) : le diaporama montrant toutes les parties de la plante ou de l'arbre.\",\"breadcrumb\":{\"@id\":\"https:\\\/\\\/cuisine-la-nature.com\\\/fr_fr\\\/hetre-diaporama#breadcrumb\"},\"inLanguage\":\"de\",\"potentialAction\":[{\"@type\":\"ReadAction\",\"target\":[\"https:\\\/\\\/cuisine-la-nature.com\\\/fr_fr\\\/hetre-diaporama\"]}]},{\"@type\":\"ImageObject\",\"inLanguage\":\"de\",\"@id\":\"https:\\\/\\\/cuisine-la-nature.com\\\/fr_fr\\\/hetre-diaporama#primaryimage\",\"url\":\"https:\\\/\\\/cuisine-la-nature.com\\\/wp-content\\\/uploads\\\/elementor\\\/thumbs\\\/hetre7-qex7c7aqf5a8uowotv8sc84c87exsvqf5t0dw4mps0.jpg\",\"contentUrl\":\"https:\\\/\\\/cuisine-la-nature.com\\\/wp-content\\\/uploads\\\/elementor\\\/thumbs\\\/hetre7-qex7c7aqf5a8uowotv8sc84c87exsvqf5t0dw4mps0.jpg\"},{\"@type\":\"BreadcrumbList\",\"@id\":\"https:\\\/\\\/cuisine-la-nature.com\\\/fr_fr\\\/hetre-diaporama#breadcrumb\",\"itemListElement\":[{\"@type\":\"ListItem\",\"position\":1,\"name\":\"Home\",\"item\":\"https:\\\/\\\/cuisine-la-nature.com\\\/\"},{\"@type\":\"ListItem\",\"position\":2,\"name\":\"H\u00eatre Diaporama\"}]},{\"@type\":\"WebSite\",\"@id\":\"https:\\\/\\\/cuisine-la-nature.com\\\/#website\",\"url\":\"https:\\\/\\\/cuisine-la-nature.com\\\/\",\"name\":\"Cuisine la Nature\",\"description\":\"Inspirez-vous de ce que vous offre la nature au fil des saisons et r\u00e9galez-vous !\",\"publisher\":{\"@id\":\"https:\\\/\\\/cuisine-la-nature.com\\\/#organization\"},\"potentialAction\":[{\"@type\":\"SearchAction\",\"target\":{\"@type\":\"EntryPoint\",\"urlTemplate\":\"https:\\\/\\\/cuisine-la-nature.com\\\/?s={search_term_string}\"},\"query-input\":{\"@type\":\"PropertyValueSpecification\",\"valueRequired\":true,\"valueName\":\"search_term_string\"}}],\"inLanguage\":\"de\"},{\"@type\":\"Organization\",\"@id\":\"https:\\\/\\\/cuisine-la-nature.com\\\/#organization\",\"name\":\"Cuisine la Nature\",\"url\":\"https:\\\/\\\/cuisine-la-nature.com\\\/\",\"logo\":{\"@type\":\"ImageObject\",\"inLanguage\":\"de\",\"@id\":\"https:\\\/\\\/cuisine-la-nature.com\\\/#\\\/schema\\\/logo\\\/image\\\/\",\"url\":\"https:\\\/\\\/i0.wp.com\\\/cuisine-la-nature.com\\\/wp-content\\\/uploads\\\/2022\\\/11\\\/cropped-Logo11.jpg?fit=937%2C200&ssl=1\",\"contentUrl\":\"https:\\\/\\\/i0.wp.com\\\/cuisine-la-nature.com\\\/wp-content\\\/uploads\\\/2022\\\/11\\\/cropped-Logo11.jpg?fit=937%2C200&ssl=1\",\"width\":937,\"height\":200,\"caption\":\"Cuisine la Nature\"},\"image\":{\"@id\":\"https:\\\/\\\/cuisine-la-nature.com\\\/#\\\/schema\\\/logo\\\/image\\\/\"}}]}<\/script>\n<!-- \/ Yoast SEO plugin. -->","yoast_head_json":{"title":"H\u00eatre Diaporama - Cuisine la Nature","description":"H\u00eatre (Fagus sylvatica) : le diaporama montrant toutes les parties de la plante ou de l'arbre.","robots":{"index":"index","follow":"follow","max-snippet":"max-snippet:-1","max-image-preview":"max-image-preview:large","max-video-preview":"max-video-preview:-1"},"canonical":"https:\/\/cuisine-la-nature.com\/de\/hetre-diaporama\/","og_locale":"de_DE","og_type":"article","og_title":"H\u00eatre Diaporama - Cuisine la Nature","og_description":"H\u00eatre (Fagus sylvatica) : le diaporama montrant toutes les parties de la plante ou de l'arbre.","og_url":"https:\/\/cuisine-la-nature.com\/de\/hetre-diaporama\/","og_site_name":"Cuisine la Nature","article_modified_time":"2024-02-04T09:30:41+00:00","og_image":[{"url":"https:\/\/cuisine-la-nature.com\/wp-content\/uploads\/elementor\/thumbs\/hetre7-qex7c7aqf5a8uowotv8sc84c87exsvqf5t0dw4mps0.jpg","type":"","width":"","height":""}],"twitter_card":"summary_large_image","twitter_misc":{"Gesch\u00e4tzte Lesezeit":"3\u00a0Minuten"},"schema":{"@context":"https:\/\/schema.org","@graph":[{"@type":"WebPage","@id":"https:\/\/cuisine-la-nature.com\/fr_fr\/hetre-diaporama","url":"https:\/\/cuisine-la-nature.com\/fr_fr\/hetre-diaporama","name":"H\u00eatre Diaporama - Cuisine la Nature","isPartOf":{"@id":"https:\/\/cuisine-la-nature.com\/#website"},"primaryImageOfPage":{"@id":"https:\/\/cuisine-la-nature.com\/fr_fr\/hetre-diaporama#primaryimage"},"image":{"@id":"https:\/\/cuisine-la-nature.com\/fr_fr\/hetre-diaporama#primaryimage"},"thumbnailUrl":"https:\/\/cuisine-la-nature.com\/wp-content\/uploads\/elementor\/thumbs\/hetre7-qex7c7aqf5a8uowotv8sc84c87exsvqf5t0dw4mps0.jpg","datePublished":"2023-11-05T16:29:33+00:00","dateModified":"2024-02-04T09:30:41+00:00","description":"H\u00eatre (Fagus sylvatica) : le diaporama montrant toutes les parties de la plante ou de l'arbre.","breadcrumb":{"@id":"https:\/\/cuisine-la-nature.com\/fr_fr\/hetre-diaporama#breadcrumb"},"inLanguage":"de","potentialAction":[{"@type":"ReadAction","target":["https:\/\/cuisine-la-nature.com\/fr_fr\/hetre-diaporama"]}]},{"@type":"ImageObject","inLanguage":"de","@id":"https:\/\/cuisine-la-nature.com\/fr_fr\/hetre-diaporama#primaryimage","url":"https:\/\/cuisine-la-nature.com\/wp-content\/uploads\/elementor\/thumbs\/hetre7-qex7c7aqf5a8uowotv8sc84c87exsvqf5t0dw4mps0.jpg","contentUrl":"https:\/\/cuisine-la-nature.com\/wp-content\/uploads\/elementor\/thumbs\/hetre7-qex7c7aqf5a8uowotv8sc84c87exsvqf5t0dw4mps0.jpg"},{"@type":"BreadcrumbList","@id":"https:\/\/cuisine-la-nature.com\/fr_fr\/hetre-diaporama#breadcrumb","itemListElement":[{"@type":"ListItem","position":1,"name":"Home","item":"https:\/\/cuisine-la-nature.com\/"},{"@type":"ListItem","position":2,"name":"H\u00eatre Diaporama"}]},{"@type":"WebSite","@id":"https:\/\/cuisine-la-nature.com\/#website","url":"https:\/\/cuisine-la-nature.com\/","name":"Cuisine la Nature","description":"Inspirez-vous de ce que vous offre la nature au fil des saisons et r\u00e9galez-vous !","publisher":{"@id":"https:\/\/cuisine-la-nature.com\/#organization"},"potentialAction":[{"@type":"SearchAction","target":{"@type":"EntryPoint","urlTemplate":"https:\/\/cuisine-la-nature.com\/?s={search_term_string}"},"query-input":{"@type":"PropertyValueSpecification","valueRequired":true,"valueName":"search_term_string"}}],"inLanguage":"de"},{"@type":"Organization","@id":"https:\/\/cuisine-la-nature.com\/#organization","name":"Cuisine la Nature","url":"https:\/\/cuisine-la-nature.com\/","logo":{"@type":"ImageObject","inLanguage":"de","@id":"https:\/\/cuisine-la-nature.com\/#\/schema\/logo\/image\/","url":"https:\/\/i0.wp.com\/cuisine-la-nature.com\/wp-content\/uploads\/2022\/11\/cropped-Logo11.jpg?fit=937%2C200&ssl=1","contentUrl":"https:\/\/i0.wp.com\/cuisine-la-nature.com\/wp-content\/uploads\/2022\/11\/cropped-Logo11.jpg?fit=937%2C200&ssl=1","width":937,"height":200,"caption":"Cuisine la Nature"},"image":{"@id":"https:\/\/cuisine-la-nature.com\/#\/schema\/logo\/image\/"}}]}},"jetpack_sharing_enabled":true,"jetpack-related-posts":[],"_links":{"self":[{"href":"https:\/\/cuisine-la-nature.com\/de\/wp-json\/wp\/v2\/pages\/3234","targetHints":{"allow":["GET"]}}],"collection":[{"href":"https:\/\/cuisine-la-nature.com\/de\/wp-json\/wp\/v2\/pages"}],"about":[{"href":"https:\/\/cuisine-la-nature.com\/de\/wp-json\/wp\/v2\/types\/page"}],"author":[{"embeddable":true,"href":"https:\/\/cuisine-la-nature.com\/de\/wp-json\/wp\/v2\/users\/1"}],"replies":[{"embeddable":true,"href":"https:\/\/cuisine-la-nature.com\/de\/wp-json\/wp\/v2\/comments?post=3234"}],"version-history":[{"count":5,"href":"https:\/\/cuisine-la-nature.com\/de\/wp-json\/wp\/v2\/pages\/3234\/revisions"}],"predecessor-version":[{"id":4302,"href":"https:\/\/cuisine-la-nature.com\/de\/wp-json\/wp\/v2\/pages\/3234\/revisions\/4302"}],"wp:attachment":[{"href":"https:\/\/cuisine-la-nature.com\/de\/wp-json\/wp\/v2\/media?parent=3234"}],"curies":[{"name":"wp","href":"https:\/\/api.w.org\/{rel}","templated":true}]}}