{"id":2688,"date":"2023-10-09T09:49:07","date_gmt":"2023-10-09T09:49:07","guid":{"rendered":"https:\/\/cuisine-la-nature.com\/?page_id=2688"},"modified":"2023-10-09T09:54:00","modified_gmt":"2023-10-09T09:54:00","slug":"recette-de-sauce-a-lamarante","status":"publish","type":"page","link":"https:\/\/cuisine-la-nature.com\/de\/recette-de-sauce-a-lamarante","title":{"rendered":"Recette de sauce \u00e0 l&#8217;amarante"},"content":{"rendered":"<div data-elementor-type=\"wp-page\" data-elementor-id=\"2688\" class=\"elementor elementor-2688\">\n\t\t\t\t\t\t<section class=\"elementor-section elementor-top-section elementor-element elementor-element-ca9d927 elementor-section-boxed elementor-section-height-default elementor-section-height-default\" data-id=\"ca9d927\" data-element_type=\"section\" data-e-type=\"section\" data-settings=\"{&quot;background_background&quot;:&quot;classic&quot;}\">\n\t\t\t\t\t\t<div class=\"elementor-container elementor-column-gap-default\">\n\t\t\t\t\t<div class=\"elementor-column elementor-col-100 elementor-top-column elementor-element elementor-element-cb2619c\" data-id=\"cb2619c\" data-element_type=\"column\" data-e-type=\"column\" data-settings=\"{&quot;background_background&quot;:&quot;classic&quot;}\">\n\t\t\t<div class=\"elementor-widget-wrap elementor-element-populated\">\n\t\t\t\t\t\t<div class=\"elementor-element elementor-element-0c6ffc1 elementor-widget elementor-widget-heading\" data-id=\"0c6ffc1\" data-element_type=\"widget\" data-e-type=\"widget\" data-widget_type=\"heading.default\">\n\t\t\t\t<div class=\"elementor-widget-container\">\n\t\t\t\t\t<h2 class=\"elementor-heading-title elementor-size-default\">Amaranth-Sauce<\/h2>\t\t\t\t<\/div>\n\t\t\t\t<\/div>\n\t\t\t\t\t<\/div>\n\t\t<\/div>\n\t\t\t\t\t<\/div>\n\t\t<\/section>\n\t\t\t\t<section class=\"elementor-section elementor-top-section elementor-element elementor-element-b43a382 elementor-section-boxed elementor-section-height-default elementor-section-height-default\" data-id=\"b43a382\" data-element_type=\"section\" data-e-type=\"section\" data-settings=\"{&quot;background_background&quot;:&quot;classic&quot;}\">\n\t\t\t\t\t\t<div class=\"elementor-container elementor-column-gap-default\">\n\t\t\t\t\t<div class=\"elementor-column elementor-col-100 elementor-top-column elementor-element elementor-element-7a5470b\" data-id=\"7a5470b\" data-element_type=\"column\" data-e-type=\"column\" data-settings=\"{&quot;background_background&quot;:&quot;classic&quot;}\">\n\t\t\t<div class=\"elementor-widget-wrap elementor-element-populated\">\n\t\t\t\t\t\t<div class=\"elementor-element elementor-element-6da9994 elementor-widget elementor-widget-heading\" data-id=\"6da9994\" data-element_type=\"widget\" data-e-type=\"widget\" data-widget_type=\"heading.default\">\n\t\t\t\t<div class=\"elementor-widget-container\">\n\t\t\t\t\t<h2 class=\"elementor-heading-title elementor-size-default\">Rezept von Fran\u00e7ois Couplan aus dem Buch \"Wildpflanzen f\u00fcr die K\u00fcche \"<\/h2>\t\t\t\t<\/div>\n\t\t\t\t<\/div>\n\t\t\t\t\t<\/div>\n\t\t<\/div>\n\t\t\t\t\t<\/div>\n\t\t<\/section>\n\t\t\t\t<section class=\"elementor-section elementor-top-section elementor-element elementor-element-222b4e8 elementor-section-boxed elementor-section-height-default elementor-section-height-default\" data-id=\"222b4e8\" data-element_type=\"section\" data-e-type=\"section\" data-settings=\"{&quot;background_background&quot;:&quot;gradient&quot;}\">\n\t\t\t\t\t\t<div class=\"elementor-container elementor-column-gap-default\">\n\t\t\t\t\t<div class=\"elementor-column elementor-col-100 elementor-top-column elementor-element elementor-element-1bcf906\" data-id=\"1bcf906\" data-element_type=\"column\" data-e-type=\"column\">\n\t\t\t<div class=\"elementor-widget-wrap elementor-element-populated\">\n\t\t\t\t\t\t<section class=\"elementor-section elementor-inner-section elementor-element elementor-element-481898e elementor-section-boxed elementor-section-height-default elementor-section-height-default\" data-id=\"481898e\" data-element_type=\"section\" data-e-type=\"section\">\n\t\t\t\t\t\t<div class=\"elementor-container elementor-column-gap-default\">\n\t\t\t\t\t<div class=\"elementor-column elementor-col-100 elementor-inner-column elementor-element elementor-element-cf17cf3\" data-id=\"cf17cf3\" data-element_type=\"column\" data-e-type=\"column\">\n\t\t\t<div class=\"elementor-widget-wrap elementor-element-populated\">\n\t\t\t\t\t\t<div class=\"elementor-element elementor-element-df7ac2b elementor-widget elementor-widget-text-editor\" data-id=\"df7ac2b\" data-element_type=\"widget\" data-e-type=\"widget\" data-widget_type=\"text-editor.default\">\n\t\t\t\t<div class=\"elementor-widget-container\">\n\t\t\t\t\t\t\t\t\t<p>Zutaten f\u00fcr 4 Personen<\/p>\t\t\t\t\t\t\t\t<\/div>\n\t\t\t\t<\/div>\n\t\t\t\t\t<\/div>\n\t\t<\/div>\n\t\t\t\t\t<\/div>\n\t\t<\/section>\n\t\t\t\t<section class=\"elementor-section elementor-inner-section elementor-element elementor-element-b126874 elementor-section-boxed elementor-section-height-default elementor-section-height-default\" data-id=\"b126874\" data-element_type=\"section\" data-e-type=\"section\">\n\t\t\t\t\t\t<div class=\"elementor-container elementor-column-gap-default\">\n\t\t\t\t\t<div class=\"elementor-column elementor-col-33 elementor-inner-column elementor-element elementor-element-69c30a0\" data-id=\"69c30a0\" data-element_type=\"column\" data-e-type=\"column\">\n\t\t\t<div class=\"elementor-widget-wrap elementor-element-populated\">\n\t\t\t\t\t\t<div class=\"elementor-element elementor-element-557fb31 elementor-widget elementor-widget-text-editor\" data-id=\"557fb31\" data-element_type=\"widget\" data-e-type=\"widget\" data-widget_type=\"text-editor.default\">\n\t\t\t\t<div class=\"elementor-widget-container\">\n\t\t\t\t\t\t\t\t\t<ul><li><span style=\"color: #000000;\">150 g Zwiebeln<\/span><\/li><li><span style=\"color: #000000;\">50 ml Oliven\u00f6l<\/span><\/li><li><span style=\"color: #000000;\">600 g zarte Amaranthbl\u00e4tter<\/span><\/li><li><span style=\"color: #000000;\">250 g Tomaten<\/span><\/li><li><span style=\"color: #000000;\">5 Knoblauchzehen, gehackt<\/span><\/li><li><span style=\"color: #000000;\">30 g frische Ingwer, gerieben<\/span><\/li><li><span style=\"color: #000000;\">Schale einer unbehandelten Zitrone (oder Limone)<\/span><\/li><li><span style=\"color: #000000;\">1 TL Salz<\/span><\/li><li><span style=\"color: #000000;\">frischer Nelkenpfeffer nach Geschmack<\/span><\/li><\/ul>\t\t\t\t\t\t\t\t<\/div>\n\t\t\t\t<\/div>\n\t\t\t\t\t<\/div>\n\t\t<\/div>\n\t\t\t\t<div class=\"elementor-column elementor-col-33 elementor-inner-column elementor-element elementor-element-22d9ec3\" data-id=\"22d9ec3\" data-element_type=\"column\" data-e-type=\"column\">\n\t\t\t<div class=\"elementor-widget-wrap\">\n\t\t\t\t\t\t\t<\/div>\n\t\t<\/div>\n\t\t\t\t<div class=\"elementor-column elementor-col-33 elementor-inner-column elementor-element elementor-element-ebf9ff3\" data-id=\"ebf9ff3\" data-element_type=\"column\" data-e-type=\"column\">\n\t\t\t<div class=\"elementor-widget-wrap elementor-element-populated\">\n\t\t\t\t\t\t\t<\/div>\n\t\t<\/div>\n\t\t\t\t\t<\/div>\n\t\t<\/section>\n\t\t\t\t<section class=\"elementor-section elementor-inner-section elementor-element elementor-element-0d33b51 elementor-section-boxed elementor-section-height-default elementor-section-height-default\" data-id=\"0d33b51\" data-element_type=\"section\" data-e-type=\"section\">\n\t\t\t\t\t\t<div class=\"elementor-container elementor-column-gap-default\">\n\t\t\t\t\t<div class=\"elementor-column elementor-col-100 elementor-inner-column elementor-element elementor-element-aca8419\" data-id=\"aca8419\" data-element_type=\"column\" data-e-type=\"column\">\n\t\t\t<div class=\"elementor-widget-wrap elementor-element-populated\">\n\t\t\t\t\t\t<div class=\"elementor-element elementor-element-6c68fb9 elementor-widget elementor-widget-text-editor\" data-id=\"6c68fb9\" data-element_type=\"widget\" data-e-type=\"widget\" data-widget_type=\"text-editor.default\">\n\t\t\t\t<div class=\"elementor-widget-container\">\n\t\t\t\t\t\t\t\t\t<p>Zubereitung des Rezeptes<\/p>\t\t\t\t\t\t\t\t<\/div>\n\t\t\t\t<\/div>\n\t\t\t\t\t<\/div>\n\t\t<\/div>\n\t\t\t\t\t<\/div>\n\t\t<\/section>\n\t\t\t\t<section class=\"elementor-section elementor-inner-section elementor-element elementor-element-6683b34 elementor-section-boxed elementor-section-height-default elementor-section-height-default\" data-id=\"6683b34\" data-element_type=\"section\" data-e-type=\"section\">\n\t\t\t\t\t\t<div class=\"elementor-container elementor-column-gap-default\">\n\t\t\t\t\t<div class=\"elementor-column elementor-col-100 elementor-inner-column elementor-element elementor-element-e96323c\" data-id=\"e96323c\" data-element_type=\"column\" data-e-type=\"column\">\n\t\t\t<div class=\"elementor-widget-wrap elementor-element-populated\">\n\t\t\t\t\t\t<div class=\"elementor-element elementor-element-8632e41 elementor-widget elementor-widget-text-editor\" data-id=\"8632e41\" data-element_type=\"widget\" data-e-type=\"widget\" data-widget_type=\"text-editor.default\">\n\t\t\t\t<div class=\"elementor-widget-container\">\n\t\t\t\t\t\t\t\t\t<p><span style=\"color: #000000;\">Die Zwiebeln klein schneiden und im Oliven\u00f6l glasig d\u00fcnsten, anschliessend die gewaschenen und grob geschnittenen Amaranthbl\u00e4tter dazugeben. Die Tomaten in St\u00fccke schneiden und ebenfalls zum Gem\u00fcse geben. Mit dem gehackten Knoblauch, dem geriebenen Ingwer und der abgeriebenen Zitronenschale, Salz und Nelkenpfeffer - sofern Sie exotische Gew\u00fcrze m\u00f6gen - abschmecken.<\/span><br \/><span style=\"color: #000000;\">Die Sauce unbedeckt k\u00f6cheln lassen, bis die Tomaten und Amaranthbl\u00e4tter gar sind.<\/span><br \/><br \/><span style=\"color: #000000;\">\u00a0=&gt; Die Sauce wird traditionell zu weissem, k\u00f6rnigem Reis, Linsen oder gut gegarten Bohnen gereicht. Auf der Insel R\u00e9union verwendet man statt der Zitrone oder Limone eine kleine Zitrusfrucht mit runzeliger Haut (Citrus hystrix), die man dort Combava nennt und die ein ausgesprochen intensives Aroma hat.<\/span><\/p>\t\t\t\t\t\t\t\t<\/div>\n\t\t\t\t<\/div>\n\t\t\t\t\t<\/div>\n\t\t<\/div>\n\t\t\t\t\t<\/div>\n\t\t<\/section>\n\t\t\t\t\t<\/div>\n\t\t<\/div>\n\t\t\t\t\t<\/div>\n\t\t<\/section>\n\t\t\t\t<\/div>","protected":false},"excerpt":{"rendered":"<p>Sauce \u00e0 l&#8217;amarante Recette tir\u00e9e de &#8220;Wildpflanzen f\u00fcr die K\u00fcche&#8221; de Fran\u00e7ois Couplan Ingr\u00e9dients pour 4 personnes 150 g d&#8217;oignons 50 ml d&#8217;huile d&#8217;olive 600 g de feuilles tendres d&#8217;amaranthe 250 g de tomates 5 gousses d&#8217;ail hach\u00e9es 30 g de gingembre hach\u00e9 fin Zeste d&#8217;un citron non trait\u00e9 (ou de citron vert) 1 c [&hellip;]<\/p>\n","protected":false},"author":1,"featured_media":0,"parent":0,"menu_order":0,"comment_status":"closed","ping_status":"closed","template":"","meta":{"nf_dc_page":"","ocean_post_layout":"full-screen","ocean_both_sidebars_style":"","ocean_both_sidebars_content_width":0,"ocean_both_sidebars_sidebars_width":0,"ocean_sidebar":"","ocean_second_sidebar":"","ocean_disable_margins":"on","ocean_add_body_class":"","ocean_shortcode_before_top_bar":"","ocean_shortcode_after_top_bar":"","ocean_shortcode_before_header":"","ocean_shortcode_after_header":"","ocean_has_shortcode":"","ocean_shortcode_after_title":"","ocean_shortcode_before_footer_widgets":"","ocean_shortcode_after_footer_widgets":"","ocean_shortcode_before_footer_bottom":"","ocean_shortcode_after_footer_bottom":"","ocean_display_top_bar":"off","ocean_display_header":"default","ocean_header_style":"","ocean_center_header_left_menu":"","ocean_custom_header_template":"","ocean_custom_logo":0,"ocean_custom_retina_logo":0,"ocean_custom_logo_max_width":0,"ocean_custom_logo_tablet_max_width":0,"ocean_custom_logo_mobile_max_width":0,"ocean_custom_logo_max_height":0,"ocean_custom_logo_tablet_max_height":0,"ocean_custom_logo_mobile_max_height":0,"ocean_header_custom_menu":"","ocean_menu_typo_font_family":"","ocean_menu_typo_font_subset":"","ocean_menu_typo_font_size":0,"ocean_menu_typo_font_size_tablet":0,"ocean_menu_typo_font_size_mobile":0,"ocean_menu_typo_font_size_unit":"px","ocean_menu_typo_font_weight":"","ocean_menu_typo_font_weight_tablet":"","ocean_menu_typo_font_weight_mobile":"","ocean_menu_typo_transform":"","ocean_menu_typo_transform_tablet":"","ocean_menu_typo_transform_mobile":"","ocean_menu_typo_line_height":0,"ocean_menu_typo_line_height_tablet":0,"ocean_menu_typo_line_height_mobile":0,"ocean_menu_typo_line_height_unit":"","ocean_menu_typo_spacing":0,"ocean_menu_typo_spacing_tablet":0,"ocean_menu_typo_spacing_mobile":0,"ocean_menu_typo_spacing_unit":"","ocean_menu_link_color":"","ocean_menu_link_color_hover":"","ocean_menu_link_color_active":"","ocean_menu_link_background":"","ocean_menu_link_hover_background":"","ocean_menu_link_active_background":"","ocean_menu_social_links_bg":"","ocean_menu_social_hover_links_bg":"","ocean_menu_social_links_color":"","ocean_menu_social_hover_links_color":"","ocean_disable_title":"on","ocean_disable_heading":"default","ocean_post_title":"","ocean_post_subheading":"","ocean_post_title_style":"","ocean_post_title_background_color":"","ocean_post_title_background":0,"ocean_post_title_bg_image_position":"","ocean_post_title_bg_image_attachment":"","ocean_post_title_bg_image_repeat":"","ocean_post_title_bg_image_size":"","ocean_post_title_height":0,"ocean_post_title_bg_overlay":0.5,"ocean_post_title_bg_overlay_color":"","ocean_disable_breadcrumbs":"default","ocean_breadcrumbs_color":"","ocean_breadcrumbs_separator_color":"","ocean_breadcrumbs_links_color":"","ocean_breadcrumbs_links_hover_color":"","ocean_display_footer_widgets":"default","ocean_display_footer_bottom":"default","ocean_custom_footer_template":"","iawp_total_views":13,"footnotes":""},"class_list":["post-2688","page","type-page","status-publish","hentry","entry"],"yoast_head":"<!-- This site is optimized with the Yoast SEO plugin v27.4 - https:\/\/yoast.com\/product\/yoast-seo-wordpress\/ -->\n<title>Recette de sauce \u00e0 l&#039;amarante - Cuisine la Nature<\/title>\n<meta name=\"description\" content=\"Une recette mettant en sc\u00e8ne l&#039;amarante de Fran\u00e7ois Couplan, excellente \u00e0 essayer absolument : &quot;Sauce \u00e0 l&#039;amarante&quot;\" \/>\n<meta name=\"robots\" content=\"index, follow, max-snippet:-1, max-image-preview:large, max-video-preview:-1\" \/>\n<link rel=\"canonical\" href=\"https:\/\/cuisine-la-nature.com\/de\/recette-de-sauce-a-lamarante\/\" \/>\n<meta property=\"og:locale\" content=\"de_DE\" \/>\n<meta property=\"og:type\" content=\"article\" \/>\n<meta property=\"og:title\" content=\"Recette de sauce \u00e0 l&#039;amarante - Cuisine la Nature\" \/>\n<meta property=\"og:description\" content=\"Une recette mettant en sc\u00e8ne l&#039;amarante de Fran\u00e7ois Couplan, excellente \u00e0 essayer absolument : &quot;Sauce \u00e0 l&#039;amarante&quot;\" \/>\n<meta property=\"og:url\" content=\"https:\/\/cuisine-la-nature.com\/de\/recette-de-sauce-a-lamarante\/\" \/>\n<meta property=\"og:site_name\" content=\"Cuisine la Nature\" \/>\n<meta property=\"article:modified_time\" content=\"2023-10-09T09:54:00+00:00\" \/>\n<meta name=\"twitter:card\" content=\"summary_large_image\" \/>\n<meta name=\"twitter:label1\" content=\"Gesch\u00e4tzte Lesezeit\" \/>\n\t<meta name=\"twitter:data1\" content=\"1\u00a0Minute\" \/>\n<script type=\"application\/ld+json\" class=\"yoast-schema-graph\">{\"@context\":\"https:\\\/\\\/schema.org\",\"@graph\":[{\"@type\":\"WebPage\",\"@id\":\"https:\\\/\\\/cuisine-la-nature.com\\\/fr_fr\\\/recette-de-sauce-a-lamarante\",\"url\":\"https:\\\/\\\/cuisine-la-nature.com\\\/fr_fr\\\/recette-de-sauce-a-lamarante\",\"name\":\"Recette de sauce \u00e0 l'amarante - Cuisine la Nature\",\"isPartOf\":{\"@id\":\"https:\\\/\\\/cuisine-la-nature.com\\\/#website\"},\"datePublished\":\"2023-10-09T09:49:07+00:00\",\"dateModified\":\"2023-10-09T09:54:00+00:00\",\"description\":\"Une recette mettant en sc\u00e8ne l'amarante de Fran\u00e7ois Couplan, excellente \u00e0 essayer absolument : \\\"Sauce \u00e0 l'amarante\\\"\",\"breadcrumb\":{\"@id\":\"https:\\\/\\\/cuisine-la-nature.com\\\/fr_fr\\\/recette-de-sauce-a-lamarante#breadcrumb\"},\"inLanguage\":\"de\",\"potentialAction\":[{\"@type\":\"ReadAction\",\"target\":[\"https:\\\/\\\/cuisine-la-nature.com\\\/fr_fr\\\/recette-de-sauce-a-lamarante\"]}]},{\"@type\":\"BreadcrumbList\",\"@id\":\"https:\\\/\\\/cuisine-la-nature.com\\\/fr_fr\\\/recette-de-sauce-a-lamarante#breadcrumb\",\"itemListElement\":[{\"@type\":\"ListItem\",\"position\":1,\"name\":\"Home\",\"item\":\"https:\\\/\\\/cuisine-la-nature.com\\\/\"},{\"@type\":\"ListItem\",\"position\":2,\"name\":\"Recette de sauce \u00e0 l&#8217;amarante\"}]},{\"@type\":\"WebSite\",\"@id\":\"https:\\\/\\\/cuisine-la-nature.com\\\/#website\",\"url\":\"https:\\\/\\\/cuisine-la-nature.com\\\/\",\"name\":\"Cuisine la Nature\",\"description\":\"Inspirez-vous de ce que vous offre la nature au fil des saisons et r\u00e9galez-vous !\",\"publisher\":{\"@id\":\"https:\\\/\\\/cuisine-la-nature.com\\\/#organization\"},\"potentialAction\":[{\"@type\":\"SearchAction\",\"target\":{\"@type\":\"EntryPoint\",\"urlTemplate\":\"https:\\\/\\\/cuisine-la-nature.com\\\/?s={search_term_string}\"},\"query-input\":{\"@type\":\"PropertyValueSpecification\",\"valueRequired\":true,\"valueName\":\"search_term_string\"}}],\"inLanguage\":\"de\"},{\"@type\":\"Organization\",\"@id\":\"https:\\\/\\\/cuisine-la-nature.com\\\/#organization\",\"name\":\"Cuisine la Nature\",\"url\":\"https:\\\/\\\/cuisine-la-nature.com\\\/\",\"logo\":{\"@type\":\"ImageObject\",\"inLanguage\":\"de\",\"@id\":\"https:\\\/\\\/cuisine-la-nature.com\\\/#\\\/schema\\\/logo\\\/image\\\/\",\"url\":\"https:\\\/\\\/i0.wp.com\\\/cuisine-la-nature.com\\\/wp-content\\\/uploads\\\/2022\\\/11\\\/cropped-Logo11.jpg?fit=937%2C200&ssl=1\",\"contentUrl\":\"https:\\\/\\\/i0.wp.com\\\/cuisine-la-nature.com\\\/wp-content\\\/uploads\\\/2022\\\/11\\\/cropped-Logo11.jpg?fit=937%2C200&ssl=1\",\"width\":937,\"height\":200,\"caption\":\"Cuisine la Nature\"},\"image\":{\"@id\":\"https:\\\/\\\/cuisine-la-nature.com\\\/#\\\/schema\\\/logo\\\/image\\\/\"}}]}<\/script>\n<!-- \/ Yoast SEO plugin. -->","yoast_head_json":{"title":"Recette de sauce \u00e0 l'amarante - Cuisine la Nature","description":"Une recette mettant en sc\u00e8ne l'amarante de Fran\u00e7ois Couplan, excellente \u00e0 essayer absolument : \"Sauce \u00e0 l'amarante\"","robots":{"index":"index","follow":"follow","max-snippet":"max-snippet:-1","max-image-preview":"max-image-preview:large","max-video-preview":"max-video-preview:-1"},"canonical":"https:\/\/cuisine-la-nature.com\/de\/recette-de-sauce-a-lamarante\/","og_locale":"de_DE","og_type":"article","og_title":"Recette de sauce \u00e0 l'amarante - Cuisine la Nature","og_description":"Une recette mettant en sc\u00e8ne l'amarante de Fran\u00e7ois Couplan, excellente \u00e0 essayer absolument : \"Sauce \u00e0 l'amarante\"","og_url":"https:\/\/cuisine-la-nature.com\/de\/recette-de-sauce-a-lamarante\/","og_site_name":"Cuisine la Nature","article_modified_time":"2023-10-09T09:54:00+00:00","twitter_card":"summary_large_image","twitter_misc":{"Gesch\u00e4tzte Lesezeit":"1\u00a0Minute"},"schema":{"@context":"https:\/\/schema.org","@graph":[{"@type":"WebPage","@id":"https:\/\/cuisine-la-nature.com\/fr_fr\/recette-de-sauce-a-lamarante","url":"https:\/\/cuisine-la-nature.com\/fr_fr\/recette-de-sauce-a-lamarante","name":"Recette de sauce \u00e0 l'amarante - Cuisine la Nature","isPartOf":{"@id":"https:\/\/cuisine-la-nature.com\/#website"},"datePublished":"2023-10-09T09:49:07+00:00","dateModified":"2023-10-09T09:54:00+00:00","description":"Une recette mettant en sc\u00e8ne l'amarante de Fran\u00e7ois Couplan, excellente \u00e0 essayer absolument : \"Sauce \u00e0 l'amarante\"","breadcrumb":{"@id":"https:\/\/cuisine-la-nature.com\/fr_fr\/recette-de-sauce-a-lamarante#breadcrumb"},"inLanguage":"de","potentialAction":[{"@type":"ReadAction","target":["https:\/\/cuisine-la-nature.com\/fr_fr\/recette-de-sauce-a-lamarante"]}]},{"@type":"BreadcrumbList","@id":"https:\/\/cuisine-la-nature.com\/fr_fr\/recette-de-sauce-a-lamarante#breadcrumb","itemListElement":[{"@type":"ListItem","position":1,"name":"Home","item":"https:\/\/cuisine-la-nature.com\/"},{"@type":"ListItem","position":2,"name":"Recette de sauce \u00e0 l&#8217;amarante"}]},{"@type":"WebSite","@id":"https:\/\/cuisine-la-nature.com\/#website","url":"https:\/\/cuisine-la-nature.com\/","name":"Cuisine la Nature","description":"Inspirez-vous de ce que vous offre la nature au fil des saisons et r\u00e9galez-vous !","publisher":{"@id":"https:\/\/cuisine-la-nature.com\/#organization"},"potentialAction":[{"@type":"SearchAction","target":{"@type":"EntryPoint","urlTemplate":"https:\/\/cuisine-la-nature.com\/?s={search_term_string}"},"query-input":{"@type":"PropertyValueSpecification","valueRequired":true,"valueName":"search_term_string"}}],"inLanguage":"de"},{"@type":"Organization","@id":"https:\/\/cuisine-la-nature.com\/#organization","name":"Cuisine la Nature","url":"https:\/\/cuisine-la-nature.com\/","logo":{"@type":"ImageObject","inLanguage":"de","@id":"https:\/\/cuisine-la-nature.com\/#\/schema\/logo\/image\/","url":"https:\/\/i0.wp.com\/cuisine-la-nature.com\/wp-content\/uploads\/2022\/11\/cropped-Logo11.jpg?fit=937%2C200&ssl=1","contentUrl":"https:\/\/i0.wp.com\/cuisine-la-nature.com\/wp-content\/uploads\/2022\/11\/cropped-Logo11.jpg?fit=937%2C200&ssl=1","width":937,"height":200,"caption":"Cuisine la Nature"},"image":{"@id":"https:\/\/cuisine-la-nature.com\/#\/schema\/logo\/image\/"}}]}},"jetpack_sharing_enabled":true,"jetpack-related-posts":[],"_links":{"self":[{"href":"https:\/\/cuisine-la-nature.com\/de\/wp-json\/wp\/v2\/pages\/2688","targetHints":{"allow":["GET"]}}],"collection":[{"href":"https:\/\/cuisine-la-nature.com\/de\/wp-json\/wp\/v2\/pages"}],"about":[{"href":"https:\/\/cuisine-la-nature.com\/de\/wp-json\/wp\/v2\/types\/page"}],"author":[{"embeddable":true,"href":"https:\/\/cuisine-la-nature.com\/de\/wp-json\/wp\/v2\/users\/1"}],"replies":[{"embeddable":true,"href":"https:\/\/cuisine-la-nature.com\/de\/wp-json\/wp\/v2\/comments?post=2688"}],"version-history":[{"count":4,"href":"https:\/\/cuisine-la-nature.com\/de\/wp-json\/wp\/v2\/pages\/2688\/revisions"}],"predecessor-version":[{"id":2692,"href":"https:\/\/cuisine-la-nature.com\/de\/wp-json\/wp\/v2\/pages\/2688\/revisions\/2692"}],"wp:attachment":[{"href":"https:\/\/cuisine-la-nature.com\/de\/wp-json\/wp\/v2\/media?parent=2688"}],"curies":[{"name":"wp","href":"https:\/\/api.w.org\/{rel}","templated":true}]}}