{"id":2166,"date":"2023-07-11T08:36:18","date_gmt":"2023-07-11T08:36:18","guid":{"rendered":"https:\/\/cuisine-la-nature.com\/?page_id=2166"},"modified":"2023-07-11T19:31:40","modified_gmt":"2023-07-11T19:31:40","slug":"recette-soupe-aux-chataignes","status":"publish","type":"page","link":"https:\/\/cuisine-la-nature.com\/de\/recette-soupe-aux-chataignes","title":{"rendered":"Recette soupe aux ch\u00e2taignes"},"content":{"rendered":"<div data-elementor-type=\"wp-page\" data-elementor-id=\"2166\" class=\"elementor elementor-2166\">\n\t\t\t\t\t\t<section class=\"elementor-section elementor-top-section elementor-element elementor-element-9f8248a elementor-section-boxed elementor-section-height-default elementor-section-height-default\" data-id=\"9f8248a\" data-element_type=\"section\" data-e-type=\"section\" data-settings=\"{&quot;background_background&quot;:&quot;classic&quot;}\">\n\t\t\t\t\t\t<div class=\"elementor-container elementor-column-gap-default\">\n\t\t\t\t\t<div class=\"elementor-column elementor-col-100 elementor-top-column elementor-element elementor-element-8c9598c\" data-id=\"8c9598c\" data-element_type=\"column\" data-e-type=\"column\" data-settings=\"{&quot;background_background&quot;:&quot;classic&quot;}\">\n\t\t\t<div class=\"elementor-widget-wrap elementor-element-populated\">\n\t\t\t\t\t\t<div class=\"elementor-element elementor-element-0fc3f43 elementor-widget elementor-widget-heading\" data-id=\"0fc3f43\" data-element_type=\"widget\" data-e-type=\"widget\" data-widget_type=\"heading.default\">\n\t\t\t\t<div class=\"elementor-widget-container\">\n\t\t\t\t\t<h2 class=\"elementor-heading-title elementor-size-default\">Sch\u00e4umende Maronensuppe, Tr\u00fcffelcreme und geraspelte Maronen<\/h2>\t\t\t\t<\/div>\n\t\t\t\t<\/div>\n\t\t\t\t\t<\/div>\n\t\t<\/div>\n\t\t\t\t\t<\/div>\n\t\t<\/section>\n\t\t\t\t<section class=\"elementor-section elementor-top-section elementor-element elementor-element-d6fcef8 elementor-section-boxed elementor-section-height-default elementor-section-height-default\" data-id=\"d6fcef8\" data-element_type=\"section\" data-e-type=\"section\" data-settings=\"{&quot;background_background&quot;:&quot;classic&quot;}\">\n\t\t\t\t\t\t<div class=\"elementor-container elementor-column-gap-default\">\n\t\t\t\t\t<div class=\"elementor-column elementor-col-100 elementor-top-column elementor-element elementor-element-83fa9bc\" data-id=\"83fa9bc\" data-element_type=\"column\" data-e-type=\"column\" data-settings=\"{&quot;background_background&quot;:&quot;classic&quot;}\">\n\t\t\t<div class=\"elementor-widget-wrap elementor-element-populated\">\n\t\t\t\t\t\t<div class=\"elementor-element elementor-element-7706a64 elementor-widget elementor-widget-heading\" data-id=\"7706a64\" data-element_type=\"widget\" data-e-type=\"widget\" data-widget_type=\"heading.default\">\n\t\t\t\t<div class=\"elementor-widget-container\">\n\t\t\t\t\t<h2 class=\"elementor-heading-title elementor-size-default\">Rezept von Michel Bras<\/h2>\t\t\t\t<\/div>\n\t\t\t\t<\/div>\n\t\t\t\t\t<\/div>\n\t\t<\/div>\n\t\t\t\t\t<\/div>\n\t\t<\/section>\n\t\t\t\t<section class=\"elementor-section elementor-top-section elementor-element elementor-element-a708a8e elementor-section-boxed elementor-section-height-default elementor-section-height-default\" data-id=\"a708a8e\" data-element_type=\"section\" data-e-type=\"section\" data-settings=\"{&quot;background_background&quot;:&quot;gradient&quot;}\">\n\t\t\t\t\t\t<div class=\"elementor-container elementor-column-gap-default\">\n\t\t\t\t\t<div class=\"elementor-column elementor-col-100 elementor-top-column elementor-element elementor-element-9131d92\" data-id=\"9131d92\" data-element_type=\"column\" data-e-type=\"column\">\n\t\t\t<div class=\"elementor-widget-wrap elementor-element-populated\">\n\t\t\t\t\t\t<section class=\"elementor-section elementor-inner-section elementor-element elementor-element-fe11fb9 elementor-section-boxed elementor-section-height-default elementor-section-height-default\" data-id=\"fe11fb9\" data-element_type=\"section\" data-e-type=\"section\">\n\t\t\t\t\t\t<div class=\"elementor-container elementor-column-gap-default\">\n\t\t\t\t\t<div class=\"elementor-column elementor-col-100 elementor-inner-column elementor-element elementor-element-fc36912\" data-id=\"fc36912\" data-element_type=\"column\" data-e-type=\"column\">\n\t\t\t<div class=\"elementor-widget-wrap elementor-element-populated\">\n\t\t\t\t\t\t<div class=\"elementor-element elementor-element-280d8a5 elementor-widget elementor-widget-text-editor\" data-id=\"280d8a5\" data-element_type=\"widget\" data-e-type=\"widget\" data-widget_type=\"text-editor.default\">\n\t\t\t\t<div class=\"elementor-widget-container\">\n\t\t\t\t\t\t\t\t\t<p>Zutaten f\u00fcr 4 Personen<\/p>\t\t\t\t\t\t\t\t<\/div>\n\t\t\t\t<\/div>\n\t\t\t\t\t<\/div>\n\t\t<\/div>\n\t\t\t\t\t<\/div>\n\t\t<\/section>\n\t\t\t\t<section class=\"elementor-section elementor-inner-section elementor-element elementor-element-83757ca elementor-section-boxed elementor-section-height-default elementor-section-height-default\" data-id=\"83757ca\" data-element_type=\"section\" data-e-type=\"section\">\n\t\t\t\t\t\t<div class=\"elementor-container elementor-column-gap-default\">\n\t\t\t\t\t<div class=\"elementor-column elementor-col-33 elementor-inner-column elementor-element elementor-element-18f2396\" data-id=\"18f2396\" data-element_type=\"column\" data-e-type=\"column\">\n\t\t\t<div class=\"elementor-widget-wrap elementor-element-populated\">\n\t\t\t\t\t\t<div class=\"elementor-element elementor-element-68dddbe elementor-widget elementor-widget-text-editor\" data-id=\"68dddbe\" data-element_type=\"widget\" data-e-type=\"widget\" data-widget_type=\"text-editor.default\">\n\t\t\t\t<div class=\"elementor-widget-container\">\n\t\t\t\t\t\t\t\t\t<p>Tr\u00fcffel-Basis:<\/p><ul><li>1\/2 Schalotte<\/li><li>4 cl Oliven\u00f6l<\/li><li>30 g Madeira<\/li><li>30 g Armagnac<\/li><li>40 g schwarze Tr\u00fcffel Melanosporum<\/li><li>200 g Gefl\u00fcgelfond<\/li><li>40 g Tr\u00fcffelsud<\/li><li>1\/2 Blatt Gelatine (1 g)<\/li><\/ul><p>Tr\u00fcffelcreme:<\/p><ul><li>75 g Sahne<\/li><li>25 g Cr\u00e8me Fra\u00eeche<\/li><li>40 g Tr\u00fcffel-Basis<\/li><li>Salz<\/li><\/ul>\t\t\t\t\t\t\t\t<\/div>\n\t\t\t\t<\/div>\n\t\t\t\t\t<\/div>\n\t\t<\/div>\n\t\t\t\t<div class=\"elementor-column elementor-col-33 elementor-inner-column elementor-element elementor-element-f2c78b0\" data-id=\"f2c78b0\" data-element_type=\"column\" data-e-type=\"column\">\n\t\t\t<div class=\"elementor-widget-wrap elementor-element-populated\">\n\t\t\t\t\t\t<div class=\"elementor-element elementor-element-a9fcda6 elementor-widget elementor-widget-text-editor\" data-id=\"a9fcda6\" data-element_type=\"widget\" data-e-type=\"widget\" data-widget_type=\"text-editor.default\">\n\t\t\t\t<div class=\"elementor-widget-container\">\n\t\t\t\t\t\t\t\t\t<p>Basis-Br\u00fche:<\/p><ul><li>700 g Wasser<\/li><li>250 g Kartoffeln \"Institut de Beauvais\"<\/li><li>1 Schinken-St\u00fccke<\/li><li>1 Zwiebel<\/li><li>1 Bouquet garni (Lauch, Thymian, Lorbeer)<\/li><\/ul><p>Maronensuppe:<\/p><ul><li>75 g Maronen<\/li><li>\u00d6l zum Fritieren<\/li><li>75 g Butter<\/li><li>150 g Kastanienmehl<\/li><li>600 g Basis-Br\u00fche<\/li><li>75 g Sahne<\/li><li>Salz<\/li><\/ul>\t\t\t\t\t\t\t\t<\/div>\n\t\t\t\t<\/div>\n\t\t\t\t\t<\/div>\n\t\t<\/div>\n\t\t\t\t<div class=\"elementor-column elementor-col-33 elementor-inner-column elementor-element elementor-element-327944d\" data-id=\"327944d\" data-element_type=\"column\" data-e-type=\"column\">\n\t\t\t<div class=\"elementor-widget-wrap elementor-element-populated\">\n\t\t\t\t\t\t<div class=\"elementor-element elementor-element-0baa9af elementor-widget elementor-widget-text-editor\" data-id=\"0baa9af\" data-element_type=\"widget\" data-e-type=\"widget\" data-widget_type=\"text-editor.default\">\n\t\t\t\t<div class=\"elementor-widget-container\">\n\t\t\t\t\t\t\t\t\t<p>Geraspelte Maronen:<\/p><ul><li>Salz<\/li><li>12 ganze Maronen<\/li><li>Butter<\/li><\/ul>\t\t\t\t\t\t\t\t<\/div>\n\t\t\t\t<\/div>\n\t\t\t\t\t<\/div>\n\t\t<\/div>\n\t\t\t\t\t<\/div>\n\t\t<\/section>\n\t\t\t\t<section class=\"elementor-section elementor-inner-section elementor-element elementor-element-e07a940 elementor-section-boxed elementor-section-height-default elementor-section-height-default\" data-id=\"e07a940\" data-element_type=\"section\" data-e-type=\"section\">\n\t\t\t\t\t\t<div class=\"elementor-container elementor-column-gap-default\">\n\t\t\t\t\t<div class=\"elementor-column elementor-col-100 elementor-inner-column elementor-element elementor-element-d28c69c\" data-id=\"d28c69c\" data-element_type=\"column\" data-e-type=\"column\">\n\t\t\t<div class=\"elementor-widget-wrap elementor-element-populated\">\n\t\t\t\t\t\t<div class=\"elementor-element elementor-element-264d8e2 elementor-widget elementor-widget-text-editor\" data-id=\"264d8e2\" data-element_type=\"widget\" data-e-type=\"widget\" data-widget_type=\"text-editor.default\">\n\t\t\t\t<div class=\"elementor-widget-container\">\n\t\t\t\t\t\t\t\t\t<p>Zubereitung des Rezeptes<\/p>\t\t\t\t\t\t\t\t<\/div>\n\t\t\t\t<\/div>\n\t\t\t\t\t<\/div>\n\t\t<\/div>\n\t\t\t\t\t<\/div>\n\t\t<\/section>\n\t\t\t\t<section class=\"elementor-section elementor-inner-section elementor-element elementor-element-961898c elementor-section-boxed elementor-section-height-default elementor-section-height-default\" data-id=\"961898c\" data-element_type=\"section\" data-e-type=\"section\">\n\t\t\t\t\t\t<div class=\"elementor-container elementor-column-gap-default\">\n\t\t\t\t\t<div class=\"elementor-column elementor-col-100 elementor-inner-column elementor-element elementor-element-c7064ae\" data-id=\"c7064ae\" data-element_type=\"column\" data-e-type=\"column\">\n\t\t\t<div class=\"elementor-widget-wrap elementor-element-populated\">\n\t\t\t\t\t\t<div class=\"elementor-element elementor-element-a37717e elementor-widget elementor-widget-text-editor\" data-id=\"a37717e\" data-element_type=\"widget\" data-e-type=\"widget\" data-widget_type=\"text-editor.default\">\n\t\t\t\t<div class=\"elementor-widget-container\">\n\t\t\t\t\t\t\t\t\t<p><strong>Tr\u00fcffel-Basis<\/strong><br \/>1\/2 Schalotte in 4 cl Oliven\u00f6l anschwitzen. Madeira und Armagnac hinzuf\u00fcgen. Auf ca. 5 cl reduzieren und die Schalotte entfernen. Den Tr\u00fcffel reiben und hinzuf\u00fcgen. Bei sehr schwacher Hitze einige Augenblicke anschwitzen lassen und den Gefl\u00fcgelsaft dazugeben. Etwa 10 Minuten leicht k\u00f6cheln lassen. Den Tr\u00fcffelsaft dazugeben, w\u00fcrzen. Die Gelatine mit kaltem Wasser einweichen und zur warmen So\u00dfe geben. Kalt stellen.<br \/><br \/><strong>Tr\u00fcffelcr\u00e8me<\/strong><br \/>Die Sahnemischung schaumig schlagen. F\u00fcgen Sie die Tr\u00fcffelbasis im angegebenen Verh\u00e4ltnis hinzu. W\u00fcrzen und zum Abk\u00fchlen beiseite stellen.<br \/><br \/><strong>Basis-Br\u00fche<\/strong><br \/>Bereiten Sie eine Grundbr\u00fche mit Wasser, \u201eInstitut de Beauvais\u201c-Kartoffeln, das Schinkenst\u00fcck, Zwiebeln und das Bouquet Garni zu. Eine Stunde lang k\u00f6cheln lassen. Br\u00fche und Kartoffeln filtern und aufbewahren.<br \/><br \/><strong>Maronensuppe<\/strong><br \/>Die Kastanien mit einem kleinen Messer sch\u00e4len . Um die letzte d\u00fcnne Haut zu entfernen, tauchen Sie sie einige Sekunden lang in eine auf 170 \u00b0C eingestellte Friteuse. Die ger\u00f6stete Haut l\u00e4sst sich leicht entfernen. Die Kastanien reinigen und bei Seite stellen.<br \/>Die Butter in einen Topf geben. Wenn die Butter zu sch\u00e4umen beginnt, geben Sie die Kastanien hinein und br\u00e4unen Sie sie unter h\u00e4ufigem R\u00fchren. Unter st\u00e4ndigem R\u00fchren das Kastanienmehl hinzuf\u00fcgen, bis es ganz leicht ger\u00f6stet ist.An diesem Punkt die Basisbr\u00fche einf\u00fcllen. Bei schwacher Hitze kochen, bis die Kastanien weich sind. Zum Schluss die Sahne hinzuf\u00fcgen. Mixen. W\u00fcrzen. Korrigieren Sie ggf. die Bindung.<br \/><br \/><strong>Geraspelte Maronen<\/strong><br \/>Die Kastanien vorsichtig sch\u00e4len und reiben. Die Butter in einer Pfanne erhitzen und, sobald sie zu sch\u00e4umen beginnt, die geriebenen Kastanien dazugeben. Eine Prise feines Salz hinzugeben und sie mit einer Hin- und Herbewegung der Pfanne anbr\u00e4unen. Abgie\u00dfen und warm halten.<br \/><br \/><strong>Am letzte Moment<\/strong><br \/>Servieren Sie die kochende Suppe auf einem hei\u00dfen Teller und achten Sie darauf, sie mit dem Mixer zu verr\u00fchren, damit sie schaumig wird. Zum Schluss eine sch\u00f6ne Portion Tr\u00fcffelcreme unter die geriebenen Kastanien legen.<\/p>\t\t\t\t\t\t\t\t<\/div>\n\t\t\t\t<\/div>\n\t\t\t\t\t<\/div>\n\t\t<\/div>\n\t\t\t\t\t<\/div>\n\t\t<\/section>\n\t\t\t\t\t<\/div>\n\t\t<\/div>\n\t\t\t\t\t<\/div>\n\t\t<\/section>\n\t\t\t\t<\/div>","protected":false},"excerpt":{"rendered":"<p>La soupe mousseuse aux ch\u00e2taignes marie goule, cr\u00e8me de truffes et r\u00e2p\u00e9e de ch\u00e2taignes Recette de Michel Bras Ingr\u00e9dients pour 4 personnes Base de truffes\u00a0: 1\/2 \u00e9chalote 4 cl d&#8217;huile d&#8217;olive 30 g de mad\u00e8re 30 g d&#8217;armagnac 40 g de truffes noires Melanosporum 200 g de jus long de volaille 40 g de jus [&hellip;]<\/p>\n","protected":false},"author":1,"featured_media":0,"parent":0,"menu_order":0,"comment_status":"closed","ping_status":"closed","template":"","meta":{"nf_dc_page":"","ocean_post_layout":"full-screen","ocean_both_sidebars_style":"","ocean_both_sidebars_content_width":0,"ocean_both_sidebars_sidebars_width":0,"ocean_sidebar":"0","ocean_second_sidebar":"0","ocean_disable_margins":"on","ocean_add_body_class":"","ocean_shortcode_before_top_bar":"","ocean_shortcode_after_top_bar":"","ocean_shortcode_before_header":"","ocean_shortcode_after_header":"","ocean_has_shortcode":"","ocean_shortcode_after_title":"","ocean_shortcode_before_footer_widgets":"","ocean_shortcode_after_footer_widgets":"","ocean_shortcode_before_footer_bottom":"","ocean_shortcode_after_footer_bottom":"","ocean_display_top_bar":"off","ocean_display_header":"default","ocean_header_style":"","ocean_center_header_left_menu":"0","ocean_custom_header_template":"0","ocean_custom_logo":0,"ocean_custom_retina_logo":0,"ocean_custom_logo_max_width":0,"ocean_custom_logo_tablet_max_width":0,"ocean_custom_logo_mobile_max_width":0,"ocean_custom_logo_max_height":0,"ocean_custom_logo_tablet_max_height":0,"ocean_custom_logo_mobile_max_height":0,"ocean_header_custom_menu":"0","ocean_menu_typo_font_family":"0","ocean_menu_typo_font_subset":"","ocean_menu_typo_font_size":0,"ocean_menu_typo_font_size_tablet":0,"ocean_menu_typo_font_size_mobile":0,"ocean_menu_typo_font_size_unit":"px","ocean_menu_typo_font_weight":"","ocean_menu_typo_font_weight_tablet":"","ocean_menu_typo_font_weight_mobile":"","ocean_menu_typo_transform":"","ocean_menu_typo_transform_tablet":"","ocean_menu_typo_transform_mobile":"","ocean_menu_typo_line_height":0,"ocean_menu_typo_line_height_tablet":0,"ocean_menu_typo_line_height_mobile":0,"ocean_menu_typo_line_height_unit":"","ocean_menu_typo_spacing":0,"ocean_menu_typo_spacing_tablet":0,"ocean_menu_typo_spacing_mobile":0,"ocean_menu_typo_spacing_unit":"","ocean_menu_link_color":"","ocean_menu_link_color_hover":"","ocean_menu_link_color_active":"","ocean_menu_link_background":"","ocean_menu_link_hover_background":"","ocean_menu_link_active_background":"","ocean_menu_social_links_bg":"","ocean_menu_social_hover_links_bg":"","ocean_menu_social_links_color":"","ocean_menu_social_hover_links_color":"","ocean_disable_title":"on","ocean_disable_heading":"default","ocean_post_title":"","ocean_post_subheading":"","ocean_post_title_style":"","ocean_post_title_background_color":"","ocean_post_title_background":0,"ocean_post_title_bg_image_position":"","ocean_post_title_bg_image_attachment":"","ocean_post_title_bg_image_repeat":"","ocean_post_title_bg_image_size":"","ocean_post_title_height":0,"ocean_post_title_bg_overlay":0.5,"ocean_post_title_bg_overlay_color":"","ocean_disable_breadcrumbs":"default","ocean_breadcrumbs_color":"","ocean_breadcrumbs_separator_color":"","ocean_breadcrumbs_links_color":"","ocean_breadcrumbs_links_hover_color":"","ocean_display_footer_widgets":"default","ocean_display_footer_bottom":"default","ocean_custom_footer_template":"0","iawp_total_views":11,"footnotes":""},"class_list":["post-2166","page","type-page","status-publish","hentry","entry"],"yoast_head":"<!-- This site is optimized with the Yoast SEO plugin v27.4 - https:\/\/yoast.com\/product\/yoast-seo-wordpress\/ -->\n<title>Recette soupe aux ch\u00e2taignes - Cuisine la Nature<\/title>\n<meta name=\"description\" content=\"Une recette de soupe aux ch\u00e2taignes aux truffes de Michel Bras : une recette mettant en sc\u00e8ne la ch\u00e2taigne. \u00c0 essayer absolument !\" \/>\n<meta name=\"robots\" content=\"index, follow, max-snippet:-1, max-image-preview:large, max-video-preview:-1\" \/>\n<link rel=\"canonical\" href=\"https:\/\/cuisine-la-nature.com\/de\/recette-soupe-aux-chataignes\/\" \/>\n<meta property=\"og:locale\" content=\"de_DE\" \/>\n<meta property=\"og:type\" content=\"article\" \/>\n<meta property=\"og:title\" content=\"Recette soupe aux ch\u00e2taignes - Cuisine la Nature\" \/>\n<meta property=\"og:description\" content=\"Une recette de soupe aux ch\u00e2taignes aux truffes de Michel Bras : une recette mettant en sc\u00e8ne la ch\u00e2taigne. \u00c0 essayer absolument !\" \/>\n<meta property=\"og:url\" content=\"https:\/\/cuisine-la-nature.com\/de\/recette-soupe-aux-chataignes\/\" \/>\n<meta property=\"og:site_name\" content=\"Cuisine la Nature\" \/>\n<meta property=\"article:modified_time\" content=\"2023-07-11T19:31:40+00:00\" \/>\n<meta name=\"twitter:card\" content=\"summary_large_image\" \/>\n<meta name=\"twitter:label1\" content=\"Gesch\u00e4tzte Lesezeit\" \/>\n\t<meta name=\"twitter:data1\" content=\"3\u00a0Minuten\" \/>\n<script type=\"application\/ld+json\" class=\"yoast-schema-graph\">{\"@context\":\"https:\\\/\\\/schema.org\",\"@graph\":[{\"@type\":\"WebPage\",\"@id\":\"https:\\\/\\\/cuisine-la-nature.com\\\/recette-soupe-aux-chataignes\",\"url\":\"https:\\\/\\\/cuisine-la-nature.com\\\/recette-soupe-aux-chataignes\",\"name\":\"Recette soupe aux ch\u00e2taignes - Cuisine la Nature\",\"isPartOf\":{\"@id\":\"https:\\\/\\\/cuisine-la-nature.com\\\/#website\"},\"datePublished\":\"2023-07-11T08:36:18+00:00\",\"dateModified\":\"2023-07-11T19:31:40+00:00\",\"description\":\"Une recette de soupe aux ch\u00e2taignes aux truffes de Michel Bras : une recette mettant en sc\u00e8ne la ch\u00e2taigne. \u00c0 essayer absolument !\",\"breadcrumb\":{\"@id\":\"https:\\\/\\\/cuisine-la-nature.com\\\/recette-soupe-aux-chataignes#breadcrumb\"},\"inLanguage\":\"de\",\"potentialAction\":[{\"@type\":\"ReadAction\",\"target\":[\"https:\\\/\\\/cuisine-la-nature.com\\\/recette-soupe-aux-chataignes\"]}]},{\"@type\":\"BreadcrumbList\",\"@id\":\"https:\\\/\\\/cuisine-la-nature.com\\\/recette-soupe-aux-chataignes#breadcrumb\",\"itemListElement\":[{\"@type\":\"ListItem\",\"position\":1,\"name\":\"Home\",\"item\":\"https:\\\/\\\/cuisine-la-nature.com\\\/\"},{\"@type\":\"ListItem\",\"position\":2,\"name\":\"Recette soupe aux ch\u00e2taignes\"}]},{\"@type\":\"WebSite\",\"@id\":\"https:\\\/\\\/cuisine-la-nature.com\\\/#website\",\"url\":\"https:\\\/\\\/cuisine-la-nature.com\\\/\",\"name\":\"Cuisine la Nature\",\"description\":\"Inspirez-vous de ce que vous offre la nature au fil des saisons et r\u00e9galez-vous !\",\"publisher\":{\"@id\":\"https:\\\/\\\/cuisine-la-nature.com\\\/#organization\"},\"potentialAction\":[{\"@type\":\"SearchAction\",\"target\":{\"@type\":\"EntryPoint\",\"urlTemplate\":\"https:\\\/\\\/cuisine-la-nature.com\\\/?s={search_term_string}\"},\"query-input\":{\"@type\":\"PropertyValueSpecification\",\"valueRequired\":true,\"valueName\":\"search_term_string\"}}],\"inLanguage\":\"de\"},{\"@type\":\"Organization\",\"@id\":\"https:\\\/\\\/cuisine-la-nature.com\\\/#organization\",\"name\":\"Cuisine la Nature\",\"url\":\"https:\\\/\\\/cuisine-la-nature.com\\\/\",\"logo\":{\"@type\":\"ImageObject\",\"inLanguage\":\"de\",\"@id\":\"https:\\\/\\\/cuisine-la-nature.com\\\/#\\\/schema\\\/logo\\\/image\\\/\",\"url\":\"https:\\\/\\\/i0.wp.com\\\/cuisine-la-nature.com\\\/wp-content\\\/uploads\\\/2022\\\/11\\\/cropped-Logo11.jpg?fit=937%2C200&ssl=1\",\"contentUrl\":\"https:\\\/\\\/i0.wp.com\\\/cuisine-la-nature.com\\\/wp-content\\\/uploads\\\/2022\\\/11\\\/cropped-Logo11.jpg?fit=937%2C200&ssl=1\",\"width\":937,\"height\":200,\"caption\":\"Cuisine la Nature\"},\"image\":{\"@id\":\"https:\\\/\\\/cuisine-la-nature.com\\\/#\\\/schema\\\/logo\\\/image\\\/\"}}]}<\/script>\n<!-- \/ Yoast SEO plugin. -->","yoast_head_json":{"title":"Recette soupe aux ch\u00e2taignes - Cuisine la Nature","description":"Une recette de soupe aux ch\u00e2taignes aux truffes de Michel Bras : une recette mettant en sc\u00e8ne la ch\u00e2taigne. \u00c0 essayer absolument !","robots":{"index":"index","follow":"follow","max-snippet":"max-snippet:-1","max-image-preview":"max-image-preview:large","max-video-preview":"max-video-preview:-1"},"canonical":"https:\/\/cuisine-la-nature.com\/de\/recette-soupe-aux-chataignes\/","og_locale":"de_DE","og_type":"article","og_title":"Recette soupe aux ch\u00e2taignes - Cuisine la Nature","og_description":"Une recette de soupe aux ch\u00e2taignes aux truffes de Michel Bras : une recette mettant en sc\u00e8ne la ch\u00e2taigne. \u00c0 essayer absolument !","og_url":"https:\/\/cuisine-la-nature.com\/de\/recette-soupe-aux-chataignes\/","og_site_name":"Cuisine la Nature","article_modified_time":"2023-07-11T19:31:40+00:00","twitter_card":"summary_large_image","twitter_misc":{"Gesch\u00e4tzte Lesezeit":"3\u00a0Minuten"},"schema":{"@context":"https:\/\/schema.org","@graph":[{"@type":"WebPage","@id":"https:\/\/cuisine-la-nature.com\/recette-soupe-aux-chataignes","url":"https:\/\/cuisine-la-nature.com\/recette-soupe-aux-chataignes","name":"Recette soupe aux ch\u00e2taignes - Cuisine la Nature","isPartOf":{"@id":"https:\/\/cuisine-la-nature.com\/#website"},"datePublished":"2023-07-11T08:36:18+00:00","dateModified":"2023-07-11T19:31:40+00:00","description":"Une recette de soupe aux ch\u00e2taignes aux truffes de Michel Bras : une recette mettant en sc\u00e8ne la ch\u00e2taigne. \u00c0 essayer absolument !","breadcrumb":{"@id":"https:\/\/cuisine-la-nature.com\/recette-soupe-aux-chataignes#breadcrumb"},"inLanguage":"de","potentialAction":[{"@type":"ReadAction","target":["https:\/\/cuisine-la-nature.com\/recette-soupe-aux-chataignes"]}]},{"@type":"BreadcrumbList","@id":"https:\/\/cuisine-la-nature.com\/recette-soupe-aux-chataignes#breadcrumb","itemListElement":[{"@type":"ListItem","position":1,"name":"Home","item":"https:\/\/cuisine-la-nature.com\/"},{"@type":"ListItem","position":2,"name":"Recette soupe aux ch\u00e2taignes"}]},{"@type":"WebSite","@id":"https:\/\/cuisine-la-nature.com\/#website","url":"https:\/\/cuisine-la-nature.com\/","name":"Cuisine la Nature","description":"Inspirez-vous de ce que vous offre la nature au fil des saisons et r\u00e9galez-vous !","publisher":{"@id":"https:\/\/cuisine-la-nature.com\/#organization"},"potentialAction":[{"@type":"SearchAction","target":{"@type":"EntryPoint","urlTemplate":"https:\/\/cuisine-la-nature.com\/?s={search_term_string}"},"query-input":{"@type":"PropertyValueSpecification","valueRequired":true,"valueName":"search_term_string"}}],"inLanguage":"de"},{"@type":"Organization","@id":"https:\/\/cuisine-la-nature.com\/#organization","name":"Cuisine la Nature","url":"https:\/\/cuisine-la-nature.com\/","logo":{"@type":"ImageObject","inLanguage":"de","@id":"https:\/\/cuisine-la-nature.com\/#\/schema\/logo\/image\/","url":"https:\/\/i0.wp.com\/cuisine-la-nature.com\/wp-content\/uploads\/2022\/11\/cropped-Logo11.jpg?fit=937%2C200&ssl=1","contentUrl":"https:\/\/i0.wp.com\/cuisine-la-nature.com\/wp-content\/uploads\/2022\/11\/cropped-Logo11.jpg?fit=937%2C200&ssl=1","width":937,"height":200,"caption":"Cuisine la Nature"},"image":{"@id":"https:\/\/cuisine-la-nature.com\/#\/schema\/logo\/image\/"}}]}},"jetpack_sharing_enabled":true,"jetpack-related-posts":[],"_links":{"self":[{"href":"https:\/\/cuisine-la-nature.com\/de\/wp-json\/wp\/v2\/pages\/2166","targetHints":{"allow":["GET"]}}],"collection":[{"href":"https:\/\/cuisine-la-nature.com\/de\/wp-json\/wp\/v2\/pages"}],"about":[{"href":"https:\/\/cuisine-la-nature.com\/de\/wp-json\/wp\/v2\/types\/page"}],"author":[{"embeddable":true,"href":"https:\/\/cuisine-la-nature.com\/de\/wp-json\/wp\/v2\/users\/1"}],"replies":[{"embeddable":true,"href":"https:\/\/cuisine-la-nature.com\/de\/wp-json\/wp\/v2\/comments?post=2166"}],"version-history":[{"count":5,"href":"https:\/\/cuisine-la-nature.com\/de\/wp-json\/wp\/v2\/pages\/2166\/revisions"}],"predecessor-version":[{"id":2179,"href":"https:\/\/cuisine-la-nature.com\/de\/wp-json\/wp\/v2\/pages\/2166\/revisions\/2179"}],"wp:attachment":[{"href":"https:\/\/cuisine-la-nature.com\/de\/wp-json\/wp\/v2\/media?parent=2166"}],"curies":[{"name":"wp","href":"https:\/\/api.w.org\/{rel}","templated":true}]}}